{"id":4651,"date":"2024-01-12T17:04:08","date_gmt":"2024-01-12T17:04:08","guid":{"rendered":"https:\/\/www.affiliabet.com\/?page_id=4651"},"modified":"2024-01-12T17:04:08","modified_gmt":"2024-01-12T17:04:08","slug":"codere-colombia-und-seine-mitgliedskampagnen","status":"publish","type":"page","link":"https:\/\/www.affiliabet.com\/de\/codere-colombia-und-seine-mitgliedskampagnen\/","title":{"rendered":"Codere Colombia und seine Mitgliedskampagnen"},"content":{"rendered":"\t\t<div data-elementor-type=\"wp-page\" data-elementor-id=\"4651\" class=\"elementor elementor-4651 elementor-4650\" data-elementor-settings=\"[]\">\n\t\t\t\t\t\t<div class=\"elementor-inner\">\n\t\t\t\t\t\t\t<div class=\"elementor-section-wrap\">\n\t\t\t\t\t\t\t<section class=\"elementor-section elementor-top-section elementor-element elementor-element-c185c06 elementor-section-boxed elementor-section-height-default elementor-section-height-default\" data-id=\"c185c06\" data-element_type=\"section\" data-settings=\"{&quot;background_background&quot;:&quot;classic&quot;}\">\n\t\t\t\t\t\t<div class=\"elementor-container elementor-column-gap-no\">\n\t\t\t\t\t\t\t<div class=\"elementor-row\">\n\t\t\t\t\t<div class=\"elementor-column elementor-col-100 elementor-top-column elementor-element elementor-element-6e910c6\" data-id=\"6e910c6\" data-element_type=\"column\">\n\t\t\t<div class=\"elementor-column-wrap elementor-element-populated\">\n\t\t\t\t\t\t\t<div class=\"elementor-widget-wrap\">\n\t\t\t\t\t\t<div class=\"elementor-element elementor-element-da8716e elementor-widget elementor-widget-heading\" data-id=\"da8716e\" data-element_type=\"widget\" data-widget_type=\"heading.default\">\n\t\t\t\t<div class=\"elementor-widget-container\">\n\t\t\t<h1 class=\"elementor-heading-title elementor-size-large\">Codere Colombia und seine Partnerkampagnen<\/h1>\t\t<\/div>\n\t\t\t\t<\/div>\n\t\t\t\t<div class=\"elementor-element elementor-element-ca9dab7 elementor-widget elementor-widget-heading\" data-id=\"ca9dab7\" data-element_type=\"widget\" data-widget_type=\"heading.default\">\n\t\t\t\t<div class=\"elementor-widget-container\">\n\t\t\t<h2 class=\"elementor-heading-title elementor-size-medium\">Pr\u00e4sentation von Codere Kolumbien<\/h2>\t\t<\/div>\n\t\t\t\t<\/div>\n\t\t\t\t<div class=\"elementor-element elementor-element-4d471db elementor-widget elementor-widget-spacer\" data-id=\"4d471db\" data-element_type=\"widget\" data-widget_type=\"spacer.default\">\n\t\t\t\t<div class=\"elementor-widget-container\">\n\t\t\t\t\t<div class=\"elementor-spacer\">\n\t\t\t<div class=\"elementor-spacer-inner\"><\/div>\n\t\t<\/div>\n\t\t\t\t<\/div>\n\t\t\t\t<\/div>\n\t\t\t\t\t\t<\/div>\n\t\t\t\t\t<\/div>\n\t\t<\/div>\n\t\t\t\t\t\t\t\t<\/div>\n\t\t\t\t\t<\/div>\n\t\t<\/section>\n\t\t\t\t<section class=\"elementor-section elementor-top-section elementor-element elementor-element-d1b552e elementor-section-boxed elementor-section-height-default elementor-section-height-default\" data-id=\"d1b552e\" data-element_type=\"section\">\n\t\t\t\t\t\t<div class=\"elementor-container elementor-column-gap-no\">\n\t\t\t\t\t\t\t<div class=\"elementor-row\">\n\t\t\t\t\t<div class=\"elementor-column elementor-col-100 elementor-top-column elementor-element elementor-element-3858219\" data-id=\"3858219\" data-element_type=\"column\">\n\t\t\t<div class=\"elementor-column-wrap elementor-element-populated\">\n\t\t\t\t\t\t\t<div class=\"elementor-widget-wrap\">\n\t\t\t\t\t\t<div class=\"elementor-element elementor-element-51f4f27 elementor-widget elementor-widget-image\" data-id=\"51f4f27\" data-element_type=\"widget\" data-widget_type=\"image.default\">\n\t\t\t\t<div class=\"elementor-widget-container\">\n\t\t\t\t\t<div class=\"elementor-image\">\n\t\t\t\t\t\t\t\t\t\t<img width=\"300\" height=\"130\" src=\"https:\/\/www.affiliabet.com\/wp-content\/uploads\/2023\/12\/Logo-gris-sobre-blanco-300x130.jpg\" class=\"attachment-medium size-medium\" alt=\"\" loading=\"lazy\" srcset=\"https:\/\/www.affiliabet.com\/wp-content\/uploads\/2023\/12\/Logo-gris-sobre-blanco-300x130.jpg 300w, https:\/\/www.affiliabet.com\/wp-content\/uploads\/2023\/12\/Logo-gris-sobre-blanco-1024x445.jpg 1024w, https:\/\/www.affiliabet.com\/wp-content\/uploads\/2023\/12\/Logo-gris-sobre-blanco-768x334.jpg 768w, https:\/\/www.affiliabet.com\/wp-content\/uploads\/2023\/12\/Logo-gris-sobre-blanco.jpg 1349w\" sizes=\"(max-width: 300px) 100vw, 300px\" \/>\t\t\t\t\t\t\t\t\t\t\t<\/div>\n\t\t\t\t<\/div>\n\t\t\t\t<\/div>\n\t\t\t\t<div class=\"elementor-element elementor-element-f047e63 elementor-widget elementor-widget-heading\" data-id=\"f047e63\" data-element_type=\"widget\" data-widget_type=\"heading.default\">\n\t\t\t\t<div class=\"elementor-widget-container\">\n\t\t\t<h3 class=\"elementor-heading-title elementor-size-default\"><b>Codere Colombia Affiliate-Kampagnen<\/b><\/h3>\t\t<\/div>\n\t\t\t\t<\/div>\n\t\t\t\t<div class=\"elementor-element elementor-element-14ade18 elementor-widget elementor-widget-spacer\" data-id=\"14ade18\" data-element_type=\"widget\" data-widget_type=\"spacer.default\">\n\t\t\t\t<div class=\"elementor-widget-container\">\n\t\t\t\t\t<div class=\"elementor-spacer\">\n\t\t\t<div class=\"elementor-spacer-inner\"><\/div>\n\t\t<\/div>\n\t\t\t\t<\/div>\n\t\t\t\t<\/div>\n\t\t\t\t<div class=\"elementor-element elementor-element-e2d0188 elementor-widget elementor-widget-text-editor\" data-id=\"e2d0188\" data-element_type=\"widget\" data-widget_type=\"text-editor.default\">\n\t\t\t\t<div class=\"elementor-widget-container\">\n\t\t\t\t\t<div class=\"elementor-text-editor elementor-clearfix\"><p>In den letzten Jahren hat die Zahl der Online-Casinos und <strong>Sportwetten-Websites<\/strong> in der ganzen Welt zugenommen. <strong>Kolumbien<\/strong> ist eines der L\u00e4nder, das die gr\u00f6\u00dfte Anpassungsf\u00e4higkeit gezeigt hat. Derzeit gibt es eine gro\u00dfe Anzahl von Buchmachern, die sich auf verschiedene Bereiche spezialisiert haben. Codere Colombia ist einer der wichtigsten davon. Eines der gro\u00dfen Geheimnisse ist die gro\u00dfe Vielfalt des Angebots, das alle Arten von Sportwetten und Tischspielen umfasst. Dazu kommt ein hervorragender Willkommensbonus, mit dem Sie das Beste aus jedem investierten Euro machen k\u00f6nnen.<\/p>\n<p>Wie Sie wissen, sind wir bei <strong>Affiliabet<\/strong> Spezialisten im <a href=\"https:\/\/www.affiliabet.com\/de\/\"><span style=\"color: #000080;\">Affiliate-Marketing.<\/span><\/a> Unser professionelles Team ist st\u00e4ndig auf der Suche nach neuen Marken, mit denen wir die Aufmerksamkeit potenzieller Kunden auf uns lenken k\u00f6nnen, die diese Art von Zentren aufsuchen, um ein zus\u00e4tzliches Einkommen zu erzielen. Aus diesem Grund haben wir von Anfang an Codere Colombia als eine der besten Plattformen, die wir derzeit im Netz finden k\u00f6nnen, unser Vertrauen geschenkt. Dank der hervorragenden Anzahl an Spielen und der wettbewerbsf\u00e4higen Quoten. In diesem Artikel erz\u00e4hlen wir Ihnen alles, was Sie dar\u00fcber wissen m\u00fcssen.<\/p>\n<\/div>\n\t\t\t\t<\/div>\n\t\t\t\t<\/div>\n\t\t\t\t<div class=\"elementor-element elementor-element-ca351b2 elementor-align-center animated-slow elementor-invisible elementor-widget elementor-widget-button\" data-id=\"ca351b2\" data-element_type=\"widget\" data-settings=\"{&quot;_animation&quot;:&quot;slideInLeft&quot;}\" data-widget_type=\"button.default\">\n\t\t\t\t<div class=\"elementor-widget-container\">\n\t\t\t\t\t<div class=\"elementor-button-wrapper\">\n\t\t\t<a href=\"https:\/\/app.affiliabet.com\/register\" class=\"elementor-button-link elementor-button elementor-size-sm elementor-animation-wobble-to-bottom-right\" role=\"button\">\n\t\t\t\t\t\t<span class=\"elementor-button-content-wrapper\">\n\t\t\t\t\t\t<span class=\"elementor-button-text\">ICH M\u00d6CHTE ZUGANG ZU DEN KAMPAGNEN!<\/span>\n\t\t<\/span>\n\t\t\t\t\t<\/a>\n\t\t<\/div>\n\t\t\t\t<\/div>\n\t\t\t\t<\/div>\n\t\t\t\t<div class=\"elementor-element elementor-element-98c2fde elementor-widget elementor-widget-spacer\" data-id=\"98c2fde\" data-element_type=\"widget\" data-widget_type=\"spacer.default\">\n\t\t\t\t<div class=\"elementor-widget-container\">\n\t\t\t\t\t<div class=\"elementor-spacer\">\n\t\t\t<div class=\"elementor-spacer-inner\"><\/div>\n\t\t<\/div>\n\t\t\t\t<\/div>\n\t\t\t\t<\/div>\n\t\t\t\t\t\t<\/div>\n\t\t\t\t\t<\/div>\n\t\t<\/div>\n\t\t\t\t\t\t\t\t<\/div>\n\t\t\t\t\t<\/div>\n\t\t<\/section>\n\t\t\t\t<section class=\"elementor-section elementor-top-section elementor-element elementor-element-9aa7dfb elementor-section-boxed elementor-section-height-default elementor-section-height-default\" data-id=\"9aa7dfb\" data-element_type=\"section\">\n\t\t\t\t\t\t<div class=\"elementor-container elementor-column-gap-default\">\n\t\t\t\t\t\t\t<div class=\"elementor-row\">\n\t\t\t\t\t<div class=\"elementor-column elementor-col-100 elementor-top-column elementor-element elementor-element-977e205\" data-id=\"977e205\" data-element_type=\"column\">\n\t\t\t<div class=\"elementor-column-wrap\">\n\t\t\t\t\t\t\t<div class=\"elementor-widget-wrap\">\n\t\t\t\t\t\t\t\t<\/div>\n\t\t\t\t\t<\/div>\n\t\t<\/div>\n\t\t\t\t\t\t\t\t<\/div>\n\t\t\t\t\t<\/div>\n\t\t<\/section>\n\t\t\t\t<section class=\"elementor-section elementor-top-section elementor-element elementor-element-2864f8e elementor-section-boxed elementor-section-height-default elementor-section-height-default\" data-id=\"2864f8e\" data-element_type=\"section\">\n\t\t\t\t\t\t<div class=\"elementor-container elementor-column-gap-no\">\n\t\t\t\t\t\t\t<div class=\"elementor-row\">\n\t\t\t\t\t<div class=\"elementor-column elementor-col-100 elementor-top-column elementor-element elementor-element-f882aaf\" data-id=\"f882aaf\" data-element_type=\"column\">\n\t\t\t<div class=\"elementor-column-wrap elementor-element-populated\">\n\t\t\t\t\t\t\t<div class=\"elementor-widget-wrap\">\n\t\t\t\t\t\t<div class=\"elementor-element elementor-element-8251d4a elementor-widget elementor-widget-heading\" data-id=\"8251d4a\" data-element_type=\"widget\" data-widget_type=\"heading.default\">\n\t\t\t\t<div class=\"elementor-widget-container\">\n\t\t\t<h4 class=\"elementor-heading-title elementor-size-default\"><b>Was ist Codere Kolumbien?<\/h4>\t\t<\/div>\n\t\t\t\t<\/div>\n\t\t\t\t<div class=\"elementor-element elementor-element-a15f4c5 elementor-widget elementor-widget-text-editor\" data-id=\"a15f4c5\" data-element_type=\"widget\" data-widget_type=\"text-editor.default\">\n\t\t\t\t<div class=\"elementor-widget-container\">\n\t\t\t\t\t<div class=\"elementor-text-editor elementor-clearfix\"><p>Codere <strong>Colombia<\/strong> erm\u00f6glicht es uns, unsere Wetten sowohl im sportlichen Bereich als auch in allen Bereichen, die mit Casino und Poker zu tun haben, zu platzieren. Casinoliebhaber k\u00f6nnen eine Vielzahl von Turnieren finden, die es ihnen erm\u00f6glichen, das Beste aus ihren Investitionen zu machen. Wir sind eines der Zentren, die sich auf diese Art von Aktionen spezialisiert haben. Au\u00dferdem ist jedes Spiel wichtig. Denn durch unser t\u00e4gliches Spiel erhalten wir die notwendigen Punkte, um an dieser Art von Turnieren teilnehmen zu k\u00f6nnen. Dadurch entsteht ein Wettbewerbscharakter, der den Spielern bei allem hilft, was mit Kundenbindung zu tun hat.<\/p>\n<p>Die Sportwetten sind ein weiteres <strong>Markenzeichen des Unternehmens.<\/strong> Es gibt eine gro\u00dfe Anzahl von Disziplinen, von den popul\u00e4rsten wie Fu\u00dfball oder Tennis bis hin zu den Nischenm\u00e4rkten. Ziel ist es, ein Szenario zusammenzustellen, das alle notwendigen Zutaten enth\u00e4lt, um alle Bed\u00fcrfnisse der Nutzer zu erf\u00fcllen. Zu jeder Zeit gibt es Optionen, um ihre Bed\u00fcrfnisse zu befriedigen.<\/p>\n<p>Hervorzuheben ist auch die Funktion der Livewetten. Wir k\u00f6nnen den Beginn des Spiels abwarten und je nach Spielverlauf unsere Wetten platzieren. Auf diese Weise k\u00f6nnen wir eventuelle Verluste abfedern und unsere Gewinne maximieren. Dies garantiert ein viel g\u00fcnstigeres Szenario auf dieser Art von Plattform.<\/p>\n<p><span style=\"color: #ff9900;\"><strong>Fu\u00dfball, ihre gro\u00dfe Spezialit\u00e4t<\/strong><\/span><\/p>\n<p>Wenn wir einen Markt hervorheben m\u00fcssen, auf dem sie immer wichtiger geworden ist, dann ist es zweifellos der <strong>Fu\u00dfball.<\/strong> Bei dieser Art von Aktionen k\u00f6nnen wir alle unsere Bed\u00fcrfnisse befriedigen. Vom Ergebnis des Spiels bis zur Anzahl der Tore. Bezahlen f\u00fcr B\u00e4lle oder Fouls. Eine gro\u00dfe Anzahl von Optionen, die es uns erlauben, das Spiel bis auf den Millimeter genau zu studieren und nur auf die Szenarien zu setzen, die wir beherrschen.<\/p>\n<p>Wie ich sehen kann, ist Codere Colombia einer der komplexesten Buchmacher, die wir derzeit auf dem Markt finden k\u00f6nnen. Das Adoptionsgebet erm\u00f6glicht es uns, alle unsere Bed\u00fcrfnisse zu erf\u00fcllen.<\/p>\n<\/div>\n\t\t\t\t<\/div>\n\t\t\t\t<\/div>\n\t\t\t\t<div class=\"elementor-element elementor-element-de57975 elementor-hidden-desktop elementor-hidden-tablet elementor-hidden-phone elementor-skin-carousel elementor-pagination-type-bullets elementor-pagination-position-outside elementor-widget elementor-widget-media-carousel\" data-id=\"de57975\" data-element_type=\"widget\" data-settings=\"{&quot;slides_per_view&quot;:&quot;6&quot;,&quot;space_between&quot;:{&quot;unit&quot;:&quot;px&quot;,&quot;size&quot;:29,&quot;sizes&quot;:[]},&quot;skin&quot;:&quot;carousel&quot;,&quot;effect&quot;:&quot;slide&quot;,&quot;pagination&quot;:&quot;bullets&quot;,&quot;speed&quot;:500,&quot;space_between_tablet&quot;:{&quot;unit&quot;:&quot;px&quot;,&quot;size&quot;:10,&quot;sizes&quot;:[]},&quot;space_between_mobile&quot;:{&quot;unit&quot;:&quot;px&quot;,&quot;size&quot;:10,&quot;sizes&quot;:[]}}\" data-widget_type=\"media-carousel.default\">\n\t\t\t\t<div class=\"elementor-widget-container\">\n\t\t\t\t\t<div class=\"elementor-swiper\">\n\t\t\t<div class=\"elementor-main-swiper swiper-container\">\n\t\t\t\t<div class=\"swiper-wrapper\">\n\t\t\t\t\t\t\t\t\t\t\t<div class=\"swiper-slide\">\n\t\t\t\t\t\t\t\t\t<div class=\"elementor-carousel-image\" style=\"background-image: url(https:\/\/www.affiliabet.com\/wp-content\/uploads\/2020\/08\/sportium-affiliabet-marketing-de-afiliacion-online-de-casinos.jpg)\">\n\t\t\t\t\t<\/div>\n\t\t\t\t\t\t\t\t<\/div>\n\t\t\t\t\t\t\t\t\t\t\t<div class=\"swiper-slide\">\n\t\t\t\t\t\t\t\t\t<div class=\"elementor-carousel-image\" style=\"background-image: url(https:\/\/www.affiliabet.com\/wp-content\/uploads\/2021\/10\/Party-Casino-Logo.jpg)\">\n\t\t\t\t\t<\/div>\n\t\t\t\t\t\t\t\t<\/div>\n\t\t\t\t\t\t\t\t\t\t\t<div class=\"swiper-slide\">\n\t\t\t\t\t\t\t\t\t<div class=\"elementor-carousel-image\" style=\"background-image: url(https:\/\/www.affiliabet.com\/wp-content\/uploads\/2020\/08\/luckia-affiliabet-marketing-de-afiliacion-online-de-casinos.jpg)\">\n\t\t\t\t\t<\/div>\n\t\t\t\t\t\t\t\t<\/div>\n\t\t\t\t\t\t\t\t\t\t\t<div class=\"swiper-slide\">\n\t\t\t\t\t\t\t\t\t<div class=\"elementor-carousel-image\" style=\"background-image: url(https:\/\/www.affiliabet.com\/wp-content\/uploads\/2020\/08\/codere-affiliabet-marketing-de-afiliacion-online-de-casinos.jpg)\">\n\t\t\t\t\t<\/div>\n\t\t\t\t\t\t\t\t<\/div>\n\t\t\t\t\t\t\t\t\t\t\t<div class=\"swiper-slide\">\n\t\t\t\t\t\t\t\t\t<div class=\"elementor-carousel-image\" style=\"background-image: url(https:\/\/www.affiliabet.com\/wp-content\/uploads\/2020\/08\/888-casino-affiliabet-marketing-de-afiliacion-online-de-casinos-y-juegos-de-azar.jpg)\">\n\t\t\t\t\t<\/div>\n\t\t\t\t\t\t\t\t<\/div>\n\t\t\t\t\t\t\t\t\t\t\t<div class=\"swiper-slide\">\n\t\t\t\t\t\t\t\t\t<div class=\"elementor-carousel-image\" style=\"background-image: url(https:\/\/www.affiliabet.com\/wp-content\/uploads\/2020\/08\/777-casino-affiliabet-marketing-de-afiliacion-online-de-casinos-y-juegos-de-azar.jpg)\">\n\t\t\t\t\t<\/div>\n\t\t\t\t\t\t\t\t<\/div>\n\t\t\t\t\t\t\t\t\t\t\t<div class=\"swiper-slide\">\n\t\t\t\t\t\t\t\t\t<div class=\"elementor-carousel-image\" style=\"background-image: url(https:\/\/www.affiliabet.com\/wp-content\/uploads\/2020\/08\/winamax-poker-affiliabet-marketing-de-afiliacion-online-de-casinos.jpg)\">\n\t\t\t\t\t<\/div>\n\t\t\t\t\t\t\t\t<\/div>\n\t\t\t\t\t\t\t\t\t\t\t<div class=\"swiper-slide\">\n\t\t\t\t\t\t\t\t\t<div class=\"elementor-carousel-image\" style=\"background-image: url(https:\/\/www.affiliabet.com\/wp-content\/uploads\/2020\/08\/888-poker-affiliabet-marketing-de-afiliacion-online-de-casinos.jpg)\">\n\t\t\t\t\t<\/div>\n\t\t\t\t\t\t\t\t<\/div>\n\t\t\t\t\t\t\t\t\t\t\t<div class=\"swiper-slide\">\n\t\t\t\t\t\t\t\t\t<div class=\"elementor-carousel-image\" style=\"background-image: url(https:\/\/www.affiliabet.com\/wp-content\/uploads\/2020\/08\/casino-barcelona-affiliabet-marketing-de-afiliacion-online-de-apuestas-deportivas-1.jpg)\">\n\t\t\t\t\t<\/div>\n\t\t\t\t\t\t\t\t<\/div>\n\t\t\t\t\t\t\t\t\t<\/div>\n\t\t\t\t\t\t\t\t\t\t\t\t\t\t\t<div class=\"swiper-pagination\"><\/div>\n\t\t\t\t\t\t\t\t\t\t\t\t\t\t\t\t\t<\/div>\n\t\t<\/div>\n\t\t\t\t<\/div>\n\t\t\t\t<\/div>\n\t\t\t\t\t\t<\/div>\n\t\t\t\t\t<\/div>\n\t\t<\/div>\n\t\t\t\t\t\t\t\t<\/div>\n\t\t\t\t\t<\/div>\n\t\t<\/section>\n\t\t\t\t<section class=\"elementor-section elementor-top-section elementor-element elementor-element-260a026 elementor-section-boxed elementor-section-height-default elementor-section-height-default\" data-id=\"260a026\" data-element_type=\"section\" data-settings=\"{&quot;background_background&quot;:&quot;classic&quot;}\">\n\t\t\t\t\t\t<div class=\"elementor-container elementor-column-gap-default\">\n\t\t\t\t\t\t\t<div class=\"elementor-row\">\n\t\t\t\t\t<div class=\"elementor-column elementor-col-100 elementor-top-column elementor-element elementor-element-8d6a713\" data-id=\"8d6a713\" data-element_type=\"column\">\n\t\t\t<div class=\"elementor-column-wrap elementor-element-populated\">\n\t\t\t\t\t\t\t<div class=\"elementor-widget-wrap\">\n\t\t\t\t\t\t<div class=\"elementor-element elementor-element-537095f elementor-widget elementor-widget-heading\" data-id=\"537095f\" data-element_type=\"widget\" data-widget_type=\"heading.default\">\n\t\t\t\t<div class=\"elementor-widget-container\">\n\t\t\t<h3 class=\"elementor-heading-title elementor-size-default\">REGISTRIEREN SIE SICH UND ERHALTEN SIE<br><strong>10\u20ac DE BONO DE BIENVENIDA<\/strong><\/h3>\t\t<\/div>\n\t\t\t\t<\/div>\n\t\t\t\t<div class=\"elementor-element elementor-element-b5cefad elementor-align-center elementor-widget elementor-widget-button\" data-id=\"b5cefad\" data-element_type=\"widget\" data-widget_type=\"button.default\">\n\t\t\t\t<div class=\"elementor-widget-container\">\n\t\t\t\t\t<div class=\"elementor-button-wrapper\">\n\t\t\t<a href=\"https:\/\/app.affiliabet.com\/register\" class=\"elementor-button-link elementor-button elementor-size-md elementor-animation-bounce-in\" role=\"button\">\n\t\t\t\t\t\t<span class=\"elementor-button-content-wrapper\">\n\t\t\t\t\t\t<span class=\"elementor-button-text\">KOSTENLOS registrieren<\/span>\n\t\t<\/span>\n\t\t\t\t\t<\/a>\n\t\t<\/div>\n\t\t\t\t<\/div>\n\t\t\t\t<\/div>\n\t\t\t\t\t\t<\/div>\n\t\t\t\t\t<\/div>\n\t\t<\/div>\n\t\t\t\t\t\t\t\t<\/div>\n\t\t\t\t\t<\/div>\n\t\t<\/section>\n\t\t\t\t\t\t<\/div>\n\t\t\t\t\t\t<\/div>\n\t\t\t\t\t<\/div>\n\t\t","protected":false},"excerpt":{"rendered":"<p>Codere Colombia und seine Partnerkampagnen Pr\u00e4sentation von Codere Kolumbien Codere Colombia Affiliate-Kampagnen In den letzten Jahren hat die Zahl der Online-Casinos und Sportwetten-Websites in der ganzen Welt zugenommen. Kolumbien ist eines der L\u00e4nder, das die gr\u00f6\u00dfte Anpassungsf\u00e4higkeit gezeigt hat. Derzeit gibt es eine gro\u00dfe Anzahl von Buchmachern, die sich auf verschiedene Bereiche spezialisiert haben. Codere [&hellip;]<\/p>\n","protected":false},"author":1,"featured_media":0,"parent":0,"menu_order":0,"comment_status":"closed","ping_status":"closed","template":"","meta":[],"yoast_head":"<!-- This site is optimized with the Yoast SEO plugin v15.6.2 - https:\/\/yoast.com\/wordpress\/plugins\/seo\/ -->\n<title>Codere Colombia und seine Partnerschaftskampagnen - Affiliabet<\/title>\n<meta name=\"description\" content=\"Codere Colombia und seine Partnerkampagnen Pr\u00e4sentation von Codere Kolumbien Codere Colombia Affiliate-Kampagnen In den letzten Jahren hat die Zahl der\" \/>\n<meta name=\"robots\" content=\"index, follow, max-snippet:-1, max-image-preview:large, max-video-preview:-1\" \/>\n<link rel=\"canonical\" href=\"https:\/\/www.affiliabet.com\/de\/codere-colombia\/\" \/>\n<meta property=\"og:locale\" content=\"de_DE\" \/>\n<meta property=\"og:type\" content=\"article\" \/>\n<meta property=\"og:title\" content=\"Codere Colombia und seine Partnerschaftskampagnen - Affiliabet\" \/>\n<meta property=\"og:description\" content=\"Codere Colombia und seine Partnerkampagnen Pr\u00e4sentation von Codere Kolumbien Codere Colombia Affiliate-Kampagnen In den letzten Jahren hat die Zahl der\" \/>\n<meta property=\"og:url\" content=\"https:\/\/www.affiliabet.com\/codere-colombia\/\" \/>\n<meta property=\"og:site_name\" content=\"Affiliabet\" \/>\n<meta property=\"og:image\" content=\"https:\/\/www.affiliabet.com\/wp-content\/uploads\/2023\/12\/Logo-gris-sobre-blanco-300x130.jpg\" \/>\n<meta name=\"twitter:card\" content=\"summary_large_image\" \/>\n<meta name=\"twitter:label1\" content=\"Gesch\u00e4tzte Lesezeit\">\n\t<meta name=\"twitter:data1\" content=\"3\u00a0Minuten\">\n<script type=\"application\/ld+json\" class=\"yoast-schema-graph\">{\"@context\":\"https:\/\/schema.org\",\"@graph\":[{\"@type\":\"Organization\",\"@id\":\"https:\/\/www.affiliabet.com\/#organization\",\"name\":\"Affiliabet\",\"url\":\"https:\/\/www.affiliabet.com\/\",\"sameAs\":[],\"logo\":{\"@type\":\"ImageObject\",\"@id\":\"https:\/\/www.affiliabet.com\/#logo\",\"inLanguage\":\"de\",\"url\":\"https:\/\/www.affiliabet.com\/wp-content\/uploads\/2021\/01\/logo.jpg\",\"width\":387,\"height\":101,\"caption\":\"Affiliabet\"},\"image\":{\"@id\":\"https:\/\/www.affiliabet.com\/#logo\"}},{\"@type\":\"WebSite\",\"@id\":\"https:\/\/www.affiliabet.com\/#website\",\"url\":\"https:\/\/www.affiliabet.com\/\",\"name\":\"Affiliabet\",\"description\":\"Gestor N\\u00ba1 en campa\\u00f1as de afiliaci\\u00f3n de apuestas deportivas y juego online\",\"publisher\":{\"@id\":\"https:\/\/www.affiliabet.com\/#organization\"},\"potentialAction\":[{\"@type\":\"SearchAction\",\"target\":\"https:\/\/www.affiliabet.com\/?s={search_term_string}\",\"query-input\":\"required name=search_term_string\"}],\"inLanguage\":\"de\"},{\"@type\":\"ImageObject\",\"@id\":\"https:\/\/www.affiliabet.com\/codere-colombia\/#primaryimage\",\"inLanguage\":\"de\",\"url\":\"https:\/\/www.affiliabet.com\/wp-content\/uploads\/2023\/12\/Logo-gris-sobre-blanco.jpg\",\"width\":1349,\"height\":586},{\"@type\":\"WebPage\",\"@id\":\"https:\/\/www.affiliabet.com\/codere-colombia\/#webpage\",\"url\":\"https:\/\/www.affiliabet.com\/codere-colombia\/\",\"name\":\"Codere Colombia und seine Partnerschaftskampagnen - Affiliabet\",\"isPartOf\":{\"@id\":\"https:\/\/www.affiliabet.com\/#website\"},\"primaryImageOfPage\":{\"@id\":\"https:\/\/www.affiliabet.com\/codere-colombia\/#primaryimage\"},\"datePublished\":\"2024-01-12T17:04:08+00:00\",\"dateModified\":\"2024-01-12T17:04:08+00:00\",\"description\":\"Codere Colombia und seine Partnerkampagnen Pr\\u00e4sentation von Codere Kolumbien Codere Colombia Affiliate-Kampagnen In den letzten Jahren hat die Zahl der\",\"inLanguage\":\"de\",\"potentialAction\":[{\"@type\":\"ReadAction\",\"target\":[\"https:\/\/www.affiliabet.com\/codere-colombia\/\"]}]}]}<\/script>\n<!-- \/ Yoast SEO plugin. -->","_links":{"self":[{"href":"https:\/\/www.affiliabet.com\/de\/wp-json\/wp\/v2\/pages\/4651"}],"collection":[{"href":"https:\/\/www.affiliabet.com\/de\/wp-json\/wp\/v2\/pages"}],"about":[{"href":"https:\/\/www.affiliabet.com\/de\/wp-json\/wp\/v2\/types\/page"}],"author":[{"embeddable":true,"href":"https:\/\/www.affiliabet.com\/de\/wp-json\/wp\/v2\/users\/1"}],"replies":[{"embeddable":true,"href":"https:\/\/www.affiliabet.com\/de\/wp-json\/wp\/v2\/comments?post=4651"}],"version-history":[{"count":2,"href":"https:\/\/www.affiliabet.com\/de\/wp-json\/wp\/v2\/pages\/4651\/revisions"}],"predecessor-version":[{"id":7809,"href":"https:\/\/www.affiliabet.com\/de\/wp-json\/wp\/v2\/pages\/4651\/revisions\/7809"}],"wp:attachment":[{"href":"https:\/\/www.affiliabet.com\/de\/wp-json\/wp\/v2\/media?parent=4651"}],"curies":[{"name":"wp","href":"https:\/\/api.w.org\/{rel}","templated":true}]}}