{"id":4688,"date":"2024-01-17T10:03:17","date_gmt":"2024-01-17T10:03:17","guid":{"rendered":"https:\/\/www.affiliabet.com\/?page_id=4688"},"modified":"2024-01-17T10:46:18","modified_gmt":"2024-01-17T10:46:18","slug":"leovegas-spanien-und-die-angeschlossenen-kampagnen","status":"publish","type":"page","link":"https:\/\/www.affiliabet.com\/de\/leovegas-spanien-und-die-angeschlossenen-kampagnen\/","title":{"rendered":"Leovegas Spanien und die angeschlossenen Kampagnen"},"content":{"rendered":"\t\t<div data-elementor-type=\"wp-page\" data-elementor-id=\"4688\" class=\"elementor elementor-4688 elementor-4687\" data-elementor-settings=\"[]\">\n\t\t\t\t\t\t<div class=\"elementor-inner\">\n\t\t\t\t\t\t\t<div class=\"elementor-section-wrap\">\n\t\t\t\t\t\t\t<section class=\"elementor-section elementor-top-section elementor-element elementor-element-c185c06 elementor-section-boxed elementor-section-height-default elementor-section-height-default\" data-id=\"c185c06\" data-element_type=\"section\" data-settings=\"{&quot;background_background&quot;:&quot;classic&quot;}\">\n\t\t\t\t\t\t<div class=\"elementor-container elementor-column-gap-no\">\n\t\t\t\t\t\t\t<div class=\"elementor-row\">\n\t\t\t\t\t<div class=\"elementor-column elementor-col-100 elementor-top-column elementor-element elementor-element-6e910c6\" data-id=\"6e910c6\" data-element_type=\"column\">\n\t\t\t<div class=\"elementor-column-wrap elementor-element-populated\">\n\t\t\t\t\t\t\t<div class=\"elementor-widget-wrap\">\n\t\t\t\t\t\t<div class=\"elementor-element elementor-element-da8716e elementor-widget elementor-widget-heading\" data-id=\"da8716e\" data-element_type=\"widget\" data-widget_type=\"heading.default\">\n\t\t\t\t<div class=\"elementor-widget-container\">\n\t\t\t<h1 class=\"elementor-heading-title elementor-size-large\">Leovegas Spanien und die Kampagnen seiner Tochtergesellschaften<\/h1>\t\t<\/div>\n\t\t\t\t<\/div>\n\t\t\t\t<div class=\"elementor-element elementor-element-ca9dab7 elementor-widget elementor-widget-heading\" data-id=\"ca9dab7\" data-element_type=\"widget\" data-widget_type=\"heading.default\">\n\t\t\t\t<div class=\"elementor-widget-container\">\n\t\t\t<h2 class=\"elementor-heading-title elementor-size-medium\">Vorstellung von Leovegas Spanien<\/h2>\t\t<\/div>\n\t\t\t\t<\/div>\n\t\t\t\t<div class=\"elementor-element elementor-element-4d471db elementor-widget elementor-widget-spacer\" data-id=\"4d471db\" data-element_type=\"widget\" data-widget_type=\"spacer.default\">\n\t\t\t\t<div class=\"elementor-widget-container\">\n\t\t\t\t\t<div class=\"elementor-spacer\">\n\t\t\t<div class=\"elementor-spacer-inner\"><\/div>\n\t\t<\/div>\n\t\t\t\t<\/div>\n\t\t\t\t<\/div>\n\t\t\t\t\t\t<\/div>\n\t\t\t\t\t<\/div>\n\t\t<\/div>\n\t\t\t\t\t\t\t\t<\/div>\n\t\t\t\t\t<\/div>\n\t\t<\/section>\n\t\t\t\t<section class=\"elementor-section elementor-top-section elementor-element elementor-element-d1b552e elementor-section-boxed elementor-section-height-default elementor-section-height-default\" data-id=\"d1b552e\" data-element_type=\"section\">\n\t\t\t\t\t\t<div class=\"elementor-container elementor-column-gap-no\">\n\t\t\t\t\t\t\t<div class=\"elementor-row\">\n\t\t\t\t\t<div class=\"elementor-column elementor-col-100 elementor-top-column elementor-element elementor-element-3858219\" data-id=\"3858219\" data-element_type=\"column\">\n\t\t\t<div class=\"elementor-column-wrap elementor-element-populated\">\n\t\t\t\t\t\t\t<div class=\"elementor-widget-wrap\">\n\t\t\t\t\t\t<div class=\"elementor-element elementor-element-3fd55ad elementor-widget elementor-widget-image\" data-id=\"3fd55ad\" data-element_type=\"widget\" data-widget_type=\"image.default\">\n\t\t\t\t<div class=\"elementor-widget-container\">\n\t\t\t\t\t<div class=\"elementor-image\">\n\t\t\t\t\t\t\t\t\t\t<img width=\"300\" height=\"81\" src=\"https:\/\/www.affiliabet.com\/wp-content\/uploads\/2022\/01\/LEOVEGAS-300x81.png\" class=\"attachment-medium size-medium\" alt=\"LEOVEGAS\" loading=\"lazy\" srcset=\"https:\/\/www.affiliabet.com\/wp-content\/uploads\/2022\/01\/LEOVEGAS-300x81.png 300w, https:\/\/www.affiliabet.com\/wp-content\/uploads\/2022\/01\/LEOVEGAS.png 520w\" sizes=\"(max-width: 300px) 100vw, 300px\" \/>\t\t\t\t\t\t\t\t\t\t\t<\/div>\n\t\t\t\t<\/div>\n\t\t\t\t<\/div>\n\t\t\t\t<div class=\"elementor-element elementor-element-f047e63 elementor-widget elementor-widget-heading\" data-id=\"f047e63\" data-element_type=\"widget\" data-widget_type=\"heading.default\">\n\t\t\t\t<div class=\"elementor-widget-container\">\n\t\t\t<h3 class=\"elementor-heading-title elementor-size-default\"><b>Leovegas Spanien Affiliate-Kampagnen<\/b><\/h3>\t\t<\/div>\n\t\t\t\t<\/div>\n\t\t\t\t<div class=\"elementor-element elementor-element-14ade18 elementor-widget elementor-widget-spacer\" data-id=\"14ade18\" data-element_type=\"widget\" data-widget_type=\"spacer.default\">\n\t\t\t\t<div class=\"elementor-widget-container\">\n\t\t\t\t\t<div class=\"elementor-spacer\">\n\t\t\t<div class=\"elementor-spacer-inner\"><\/div>\n\t\t<\/div>\n\t\t\t\t<\/div>\n\t\t\t\t<\/div>\n\t\t\t\t<div class=\"elementor-element elementor-element-e2d0188 elementor-widget elementor-widget-text-editor\" data-id=\"e2d0188\" data-element_type=\"widget\" data-widget_type=\"text-editor.default\">\n\t\t\t\t<div class=\"elementor-widget-container\">\n\t\t\t\t\t<div class=\"elementor-text-editor elementor-clearfix\"><p>Wenn es einen Sektor gibt, der in den letzten Jahren ein beispielloses Wachstum erlebt hat, dann ist es zweifellos der Bereich der<a href=\"https:\/\/www.affiliabet.com\/de\/casino-mitglieder\/\"><span style=\"color: #333399;\"><strong> Online-Casinos.<\/strong><\/span><\/a> Es gibt immer mehr Online-Casinos auf dem Markt, die speziell darauf ausgerichtet sind, den Nutzern die Erfahrung zu bieten, die sie brauchen.<\/p>\n<p>Wie Sie wissen, verwenden wir bei <strong>Affiliabet<\/strong> nur <a href=\"https:\/\/www.affiliabet.com\/de\/\"><span style=\"color: #333399;\">Affiliate Marketing<\/span><\/a> von den besten Marken der Branche, um unseren Nutzern ein Erlebnis zu bieten, das ihnen hilft, das Beste aus ihrer Investition herauszuholen. Wir sind die Nummer 1 der Sportwettenanbieter in unserem Land. Wir konsolidieren uns als eine der besten Plattformen, denen man vertrauen kann. Wir sind uns dieser Situation bewusst und erz\u00e4hlen Ihnen im Folgenden alles, was Sie \u00fcber eine der bekanntesten Marken wissen m\u00fcssen: <strong>Leovegas Spanien.<\/strong><\/p>\n<p>Es handelt sich um ein Online-Casino, das allen Spielern in Spanien zur Verf\u00fcgung steht. Sein Hauptaspekt ist, dass es eine breite Palette von Tools in Bezug auf Spa\u00df und Spiel bietet. Aus diesem Grund finden Sie in Carlos eine Vielzahl von Optionen, um ein Spiel zu genie\u00dfen, das Sie in keinem anderen Casino erreichen k\u00f6nnen.<\/p>\n<p>Dar\u00fcber hinaus und dank der Entwicklung der letzten Jahre ist es wichtig f\u00fcr Sie zu wissen, dass Sie in der Lage sein werden, von jedem Ihrer Ger\u00e4te zu spielen, von Android oder Apple-Handys. Dar\u00fcber hinaus k\u00f6nnen Sie auch von Ihrem Computer aus spielen. Und dann das Ziel, den Unterst\u00fctzern eine breite Palette von M\u00f6glichkeiten und Bed\u00fcrfnissen zu bieten.<\/p>\n<\/div>\n\t\t\t\t<\/div>\n\t\t\t\t<\/div>\n\t\t\t\t<div class=\"elementor-element elementor-element-ca351b2 elementor-align-center animated-slow elementor-invisible elementor-widget elementor-widget-button\" data-id=\"ca351b2\" data-element_type=\"widget\" data-settings=\"{&quot;_animation&quot;:&quot;slideInLeft&quot;}\" data-widget_type=\"button.default\">\n\t\t\t\t<div class=\"elementor-widget-container\">\n\t\t\t\t\t<div class=\"elementor-button-wrapper\">\n\t\t\t<a href=\"https:\/\/app.affiliabet.com\/register\" class=\"elementor-button-link elementor-button elementor-size-sm elementor-animation-wobble-to-bottom-right\" role=\"button\">\n\t\t\t\t\t\t<span class=\"elementor-button-content-wrapper\">\n\t\t\t\t\t\t<span class=\"elementor-button-text\">ICH M\u00d6CHTE ZUGANG ZU DEN KAMPAGNEN!<\/span>\n\t\t<\/span>\n\t\t\t\t\t<\/a>\n\t\t<\/div>\n\t\t\t\t<\/div>\n\t\t\t\t<\/div>\n\t\t\t\t<div class=\"elementor-element elementor-element-98c2fde elementor-widget elementor-widget-spacer\" data-id=\"98c2fde\" data-element_type=\"widget\" data-widget_type=\"spacer.default\">\n\t\t\t\t<div class=\"elementor-widget-container\">\n\t\t\t\t\t<div class=\"elementor-spacer\">\n\t\t\t<div class=\"elementor-spacer-inner\"><\/div>\n\t\t<\/div>\n\t\t\t\t<\/div>\n\t\t\t\t<\/div>\n\t\t\t\t\t\t<\/div>\n\t\t\t\t\t<\/div>\n\t\t<\/div>\n\t\t\t\t\t\t\t\t<\/div>\n\t\t\t\t\t<\/div>\n\t\t<\/section>\n\t\t\t\t<section class=\"elementor-section elementor-top-section elementor-element elementor-element-2864f8e elementor-section-boxed elementor-section-height-default elementor-section-height-default\" data-id=\"2864f8e\" data-element_type=\"section\">\n\t\t\t\t\t\t<div class=\"elementor-container elementor-column-gap-no\">\n\t\t\t\t\t\t\t<div class=\"elementor-row\">\n\t\t\t\t\t<div class=\"elementor-column elementor-col-100 elementor-top-column elementor-element elementor-element-f882aaf\" data-id=\"f882aaf\" data-element_type=\"column\">\n\t\t\t<div class=\"elementor-column-wrap elementor-element-populated\">\n\t\t\t\t\t\t\t<div class=\"elementor-widget-wrap\">\n\t\t\t\t\t\t<div class=\"elementor-element elementor-element-8251d4a elementor-widget elementor-widget-heading\" data-id=\"8251d4a\" data-element_type=\"widget\" data-widget_type=\"heading.default\">\n\t\t\t\t<div class=\"elementor-widget-container\">\n\t\t\t<h4 class=\"elementor-heading-title elementor-size-default\"><b>Das Online-Casino, das Sie brauchen<\/b>.<\/h4>\t\t<\/div>\n\t\t\t\t<\/div>\n\t\t\t\t<div class=\"elementor-element elementor-element-a15f4c5 elementor-widget elementor-widget-text-editor\" data-id=\"a15f4c5\" data-element_type=\"widget\" data-widget_type=\"text-editor.default\">\n\t\t\t\t<div class=\"elementor-widget-container\">\n\t\t\t\t\t<div class=\"elementor-text-editor elementor-clearfix\"><p>Leovegas Spain hat sich als eines der besten Online-Casinos etabliert, die wir derzeit auf dem Markt finden k\u00f6nnen. Eines der Geheimnisse, die es ihm erm\u00f6glicht haben, seine F\u00fchrungsposition zu konsolidieren, h\u00e4ngt mit dem breiten Katalog an Titeln zusammen, den es besitzt. Er bietet uns eine interessante Menge an M\u00f6glichkeiten, die uns helfen, den Spa\u00df und die Leistung zu gew\u00e4hrleisten, die wir brauchen.<\/p>\n<p>Wenn Sie mit dem Gedanken spielen, sich LeoVegas anzuschlie\u00dfen, finden Sie auf unserer Website alles, was Sie brauchen, um alle Spiele zu genie\u00dfen. Sowohl live als auch offline. Und wenn <strong>LeoVegas<\/strong> sich durch etwas auszeichnet, dann ist es die Menge an Optionen, die es dem Benutzer in Bezug auf das Spielen bietet. Es zeigt zu jeder Zeit die Abdeckung der Bed\u00fcrfnisse, die es hat.<\/p>\n<p>Im Laufe der letzten Jahre wurde der Katalog um viele neue Angebote erweitert, bis er zu dem Online-Casino wurde, das jeder Spieler braucht.<\/p>\n<p><span style=\"color: #ff9900;\"><strong>Eine atemberaubende Welt von Spielen zu Ihrer Verf\u00fcgung<\/strong><\/span><\/p>\n<p>LeoVegas hebt sich vom Rest der auf dem Markt verf\u00fcgbaren Optionen durch sein hervorragendes Spielverh\u00e4ltnis ab. Es hat eine der breitesten Reihen, die wir derzeit in unserem Alltag finden k\u00f6nnen. Holen Sie das Meiste aus den Ihnen zur Verf\u00fcgung stehenden Optionen heraus.<\/p>\n<p>Wie wir sehen k\u00f6nnen, gibt es viele Gr\u00fcnde, die uns erlauben, LeoVegas zu genie\u00dfen und das Beste aus seinen Ergebnissen zu machen. Die gro\u00dfe Anzahl von Optionen, die in seinem Katalog verf\u00fcgbar sind, zusammen mit dem ausgezeichneten Gameplay, sind zwei der Zutaten, die die Konsolidierung seiner t\u00e4glichen Operationen auf dem Markt erm\u00f6glicht haben. Eine Reihe von Optionen, die es uns erm\u00f6glichen, jeden Bedarf aller Arten von Spielern zu decken.<\/p>\n<p>Dar\u00fcber hinaus sind wir bei Affiliabet, wie Sie wissen, die Nummer 1 unter den Sportwettenmanagern auf dem Markt. Auf unserer Website finden Sie alles, was Sie brauchen, um Ihr Spiel in eine neue Dimension zu bringen. Worauf warten Sie noch, um sich bei uns zu registrieren?<\/p>\n<\/div>\n\t\t\t\t<\/div>\n\t\t\t\t<\/div>\n\t\t\t\t<div class=\"elementor-element elementor-element-de57975 elementor-hidden-desktop elementor-hidden-tablet elementor-hidden-phone elementor-skin-carousel elementor-pagination-type-bullets elementor-pagination-position-outside elementor-widget elementor-widget-media-carousel\" data-id=\"de57975\" data-element_type=\"widget\" data-settings=\"{&quot;slides_per_view&quot;:&quot;6&quot;,&quot;space_between&quot;:{&quot;unit&quot;:&quot;px&quot;,&quot;size&quot;:29,&quot;sizes&quot;:[]},&quot;skin&quot;:&quot;carousel&quot;,&quot;effect&quot;:&quot;slide&quot;,&quot;pagination&quot;:&quot;bullets&quot;,&quot;speed&quot;:500,&quot;space_between_tablet&quot;:{&quot;unit&quot;:&quot;px&quot;,&quot;size&quot;:10,&quot;sizes&quot;:[]},&quot;space_between_mobile&quot;:{&quot;unit&quot;:&quot;px&quot;,&quot;size&quot;:10,&quot;sizes&quot;:[]}}\" data-widget_type=\"media-carousel.default\">\n\t\t\t\t<div class=\"elementor-widget-container\">\n\t\t\t\t\t<div class=\"elementor-swiper\">\n\t\t\t<div class=\"elementor-main-swiper swiper-container\">\n\t\t\t\t<div class=\"swiper-wrapper\">\n\t\t\t\t\t\t\t\t\t\t\t<div class=\"swiper-slide\">\n\t\t\t\t\t\t\t\t\t<div class=\"elementor-carousel-image\" style=\"background-image: url(https:\/\/www.affiliabet.com\/wp-content\/uploads\/2020\/08\/sportium-affiliabet-marketing-de-afiliacion-online-de-casinos.jpg)\">\n\t\t\t\t\t<\/div>\n\t\t\t\t\t\t\t\t<\/div>\n\t\t\t\t\t\t\t\t\t\t\t<div class=\"swiper-slide\">\n\t\t\t\t\t\t\t\t\t<div class=\"elementor-carousel-image\" style=\"background-image: url(https:\/\/www.affiliabet.com\/wp-content\/uploads\/2021\/10\/Party-Casino-Logo.jpg)\">\n\t\t\t\t\t<\/div>\n\t\t\t\t\t\t\t\t<\/div>\n\t\t\t\t\t\t\t\t\t\t\t<div class=\"swiper-slide\">\n\t\t\t\t\t\t\t\t\t<div class=\"elementor-carousel-image\" style=\"background-image: url(https:\/\/www.affiliabet.com\/wp-content\/uploads\/2020\/08\/luckia-affiliabet-marketing-de-afiliacion-online-de-casinos.jpg)\">\n\t\t\t\t\t<\/div>\n\t\t\t\t\t\t\t\t<\/div>\n\t\t\t\t\t\t\t\t\t\t\t<div class=\"swiper-slide\">\n\t\t\t\t\t\t\t\t\t<div class=\"elementor-carousel-image\" style=\"background-image: url(https:\/\/www.affiliabet.com\/wp-content\/uploads\/2020\/08\/codere-affiliabet-marketing-de-afiliacion-online-de-casinos.jpg)\">\n\t\t\t\t\t<\/div>\n\t\t\t\t\t\t\t\t<\/div>\n\t\t\t\t\t\t\t\t\t\t\t<div class=\"swiper-slide\">\n\t\t\t\t\t\t\t\t\t<div class=\"elementor-carousel-image\" style=\"background-image: url(https:\/\/www.affiliabet.com\/wp-content\/uploads\/2020\/08\/888-casino-affiliabet-marketing-de-afiliacion-online-de-casinos-y-juegos-de-azar.jpg)\">\n\t\t\t\t\t<\/div>\n\t\t\t\t\t\t\t\t<\/div>\n\t\t\t\t\t\t\t\t\t\t\t<div class=\"swiper-slide\">\n\t\t\t\t\t\t\t\t\t<div class=\"elementor-carousel-image\" style=\"background-image: url(https:\/\/www.affiliabet.com\/wp-content\/uploads\/2020\/08\/777-casino-affiliabet-marketing-de-afiliacion-online-de-casinos-y-juegos-de-azar.jpg)\">\n\t\t\t\t\t<\/div>\n\t\t\t\t\t\t\t\t<\/div>\n\t\t\t\t\t\t\t\t\t\t\t<div class=\"swiper-slide\">\n\t\t\t\t\t\t\t\t\t<div class=\"elementor-carousel-image\" style=\"background-image: url(https:\/\/www.affiliabet.com\/wp-content\/uploads\/2020\/08\/winamax-poker-affiliabet-marketing-de-afiliacion-online-de-casinos.jpg)\">\n\t\t\t\t\t<\/div>\n\t\t\t\t\t\t\t\t<\/div>\n\t\t\t\t\t\t\t\t\t\t\t<div class=\"swiper-slide\">\n\t\t\t\t\t\t\t\t\t<div class=\"elementor-carousel-image\" style=\"background-image: url(https:\/\/www.affiliabet.com\/wp-content\/uploads\/2020\/08\/888-poker-affiliabet-marketing-de-afiliacion-online-de-casinos.jpg)\">\n\t\t\t\t\t<\/div>\n\t\t\t\t\t\t\t\t<\/div>\n\t\t\t\t\t\t\t\t\t\t\t<div class=\"swiper-slide\">\n\t\t\t\t\t\t\t\t\t<div class=\"elementor-carousel-image\" style=\"background-image: url(https:\/\/www.affiliabet.com\/wp-content\/uploads\/2020\/08\/casino-barcelona-affiliabet-marketing-de-afiliacion-online-de-apuestas-deportivas-1.jpg)\">\n\t\t\t\t\t<\/div>\n\t\t\t\t\t\t\t\t<\/div>\n\t\t\t\t\t\t\t\t\t<\/div>\n\t\t\t\t\t\t\t\t\t\t\t\t\t\t\t<div class=\"swiper-pagination\"><\/div>\n\t\t\t\t\t\t\t\t\t\t\t\t\t\t\t\t\t<\/div>\n\t\t<\/div>\n\t\t\t\t<\/div>\n\t\t\t\t<\/div>\n\t\t\t\t\t\t<\/div>\n\t\t\t\t\t<\/div>\n\t\t<\/div>\n\t\t\t\t\t\t\t\t<\/div>\n\t\t\t\t\t<\/div>\n\t\t<\/section>\n\t\t\t\t<section class=\"elementor-section elementor-top-section elementor-element elementor-element-260a026 elementor-section-boxed elementor-section-height-default elementor-section-height-default\" data-id=\"260a026\" data-element_type=\"section\" data-settings=\"{&quot;background_background&quot;:&quot;classic&quot;}\">\n\t\t\t\t\t\t<div class=\"elementor-container elementor-column-gap-default\">\n\t\t\t\t\t\t\t<div class=\"elementor-row\">\n\t\t\t\t\t<div class=\"elementor-column elementor-col-100 elementor-top-column elementor-element elementor-element-8d6a713\" data-id=\"8d6a713\" data-element_type=\"column\">\n\t\t\t<div class=\"elementor-column-wrap elementor-element-populated\">\n\t\t\t\t\t\t\t<div class=\"elementor-widget-wrap\">\n\t\t\t\t\t\t<div class=\"elementor-element elementor-element-537095f elementor-widget elementor-widget-heading\" data-id=\"537095f\" data-element_type=\"widget\" data-widget_type=\"heading.default\">\n\t\t\t\t<div class=\"elementor-widget-container\">\n\t\t\t<h3 class=\"elementor-heading-title elementor-size-default\">REG\u00cdSTRATE HOY Y RECIBE<br><strong>10\u20ac DE BONO DE BIENVENIDA<\/strong><\/h3>\t\t<\/div>\n\t\t\t\t<\/div>\n\t\t\t\t<div class=\"elementor-element elementor-element-b5cefad elementor-align-center elementor-widget elementor-widget-button\" data-id=\"b5cefad\" data-element_type=\"widget\" data-widget_type=\"button.default\">\n\t\t\t\t<div class=\"elementor-widget-container\">\n\t\t\t\t\t<div class=\"elementor-button-wrapper\">\n\t\t\t<a href=\"https:\/\/app.affiliabet.com\/register\" class=\"elementor-button-link elementor-button elementor-size-md elementor-animation-bounce-in\" role=\"button\">\n\t\t\t\t\t\t<span class=\"elementor-button-content-wrapper\">\n\t\t\t\t\t\t<span class=\"elementor-button-text\">KOSTENLOS registrieren<\/span>\n\t\t<\/span>\n\t\t\t\t\t<\/a>\n\t\t<\/div>\n\t\t\t\t<\/div>\n\t\t\t\t<\/div>\n\t\t\t\t\t\t<\/div>\n\t\t\t\t\t<\/div>\n\t\t<\/div>\n\t\t\t\t\t\t\t\t<\/div>\n\t\t\t\t\t<\/div>\n\t\t<\/section>\n\t\t\t\t\t\t<\/div>\n\t\t\t\t\t\t<\/div>\n\t\t\t\t\t<\/div>\n\t\t","protected":false},"excerpt":{"rendered":"<p>Leovegas Spanien und die Kampagnen seiner Tochtergesellschaften Vorstellung von Leovegas Spanien Leovegas Spanien Affiliate-Kampagnen Wenn es einen Sektor gibt, der in den letzten Jahren ein beispielloses Wachstum erlebt hat, dann ist es zweifellos der Bereich der Online-Casinos. Es gibt immer mehr Online-Casinos auf dem Markt, die speziell darauf ausgerichtet sind, den Nutzern die Erfahrung zu [&hellip;]<\/p>\n","protected":false},"author":1,"featured_media":0,"parent":0,"menu_order":0,"comment_status":"closed","ping_status":"closed","template":"","meta":[],"yoast_head":"<!-- This site is optimized with the Yoast SEO plugin v15.6.2 - https:\/\/yoast.com\/wordpress\/plugins\/seo\/ -->\n<title>Leovegas Spanien und seine Partnerkampagnen - Affiliabet<\/title>\n<meta name=\"description\" content=\"Leovegas Spanien und die Kampagnen seiner Tochtergesellschaften Vorstellung von Leovegas Spanien Leovegas Spanien Affiliate-Kampagnen Wenn es einen Sektor\" \/>\n<meta name=\"robots\" content=\"index, follow, max-snippet:-1, max-image-preview:large, max-video-preview:-1\" \/>\n<link rel=\"canonical\" href=\"https:\/\/www.affiliabet.com\/de\/leovegas-espana\/\" \/>\n<meta property=\"og:locale\" content=\"de_DE\" \/>\n<meta property=\"og:type\" content=\"article\" \/>\n<meta property=\"og:title\" content=\"Leovegas Spanien und seine Partnerkampagnen - Affiliabet\" \/>\n<meta property=\"og:description\" content=\"Leovegas Spanien und die Kampagnen seiner Tochtergesellschaften Vorstellung von Leovegas Spanien Leovegas Spanien Affiliate-Kampagnen Wenn es einen Sektor\" \/>\n<meta property=\"og:url\" content=\"https:\/\/www.affiliabet.com\/leovegas-espana\/\" \/>\n<meta property=\"og:site_name\" content=\"Affiliabet\" \/>\n<meta property=\"article:modified_time\" content=\"2024-01-17T10:46:18+00:00\" \/>\n<meta property=\"og:image\" content=\"https:\/\/www.affiliabet.com\/wp-content\/uploads\/2022\/01\/LEOVEGAS-300x81.png\" \/>\n<meta name=\"twitter:card\" content=\"summary_large_image\" \/>\n<meta name=\"twitter:label1\" content=\"Gesch\u00e4tzte Lesezeit\">\n\t<meta name=\"twitter:data1\" content=\"3\u00a0Minuten\">\n<script type=\"application\/ld+json\" class=\"yoast-schema-graph\">{\"@context\":\"https:\/\/schema.org\",\"@graph\":[{\"@type\":\"Organization\",\"@id\":\"https:\/\/www.affiliabet.com\/#organization\",\"name\":\"Affiliabet\",\"url\":\"https:\/\/www.affiliabet.com\/\",\"sameAs\":[],\"logo\":{\"@type\":\"ImageObject\",\"@id\":\"https:\/\/www.affiliabet.com\/#logo\",\"inLanguage\":\"de\",\"url\":\"https:\/\/www.affiliabet.com\/wp-content\/uploads\/2021\/01\/logo.jpg\",\"width\":387,\"height\":101,\"caption\":\"Affiliabet\"},\"image\":{\"@id\":\"https:\/\/www.affiliabet.com\/#logo\"}},{\"@type\":\"WebSite\",\"@id\":\"https:\/\/www.affiliabet.com\/#website\",\"url\":\"https:\/\/www.affiliabet.com\/\",\"name\":\"Affiliabet\",\"description\":\"Gestor N\\u00ba1 en campa\\u00f1as de afiliaci\\u00f3n de apuestas deportivas y juego online\",\"publisher\":{\"@id\":\"https:\/\/www.affiliabet.com\/#organization\"},\"potentialAction\":[{\"@type\":\"SearchAction\",\"target\":\"https:\/\/www.affiliabet.com\/?s={search_term_string}\",\"query-input\":\"required name=search_term_string\"}],\"inLanguage\":\"de\"},{\"@type\":\"ImageObject\",\"@id\":\"https:\/\/www.affiliabet.com\/leovegas-espana\/#primaryimage\",\"inLanguage\":\"de\",\"url\":\"https:\/\/www.affiliabet.com\/wp-content\/uploads\/2022\/01\/LEOVEGAS.png\",\"width\":520,\"height\":140,\"caption\":\"LEOVEGAS\"},{\"@type\":\"WebPage\",\"@id\":\"https:\/\/www.affiliabet.com\/leovegas-espana\/#webpage\",\"url\":\"https:\/\/www.affiliabet.com\/leovegas-espana\/\",\"name\":\"Leovegas Spanien und seine Partnerkampagnen - Affiliabet\",\"isPartOf\":{\"@id\":\"https:\/\/www.affiliabet.com\/#website\"},\"primaryImageOfPage\":{\"@id\":\"https:\/\/www.affiliabet.com\/leovegas-espana\/#primaryimage\"},\"datePublished\":\"2024-01-17T10:03:17+00:00\",\"dateModified\":\"2024-01-17T10:46:18+00:00\",\"description\":\"Leovegas Spanien und die Kampagnen seiner Tochtergesellschaften Vorstellung von Leovegas Spanien Leovegas Spanien Affiliate-Kampagnen Wenn es einen Sektor\",\"inLanguage\":\"de\",\"potentialAction\":[{\"@type\":\"ReadAction\",\"target\":[\"https:\/\/www.affiliabet.com\/leovegas-espana\/\"]}]}]}<\/script>\n<!-- \/ Yoast SEO plugin. -->","_links":{"self":[{"href":"https:\/\/www.affiliabet.com\/de\/wp-json\/wp\/v2\/pages\/4688"}],"collection":[{"href":"https:\/\/www.affiliabet.com\/de\/wp-json\/wp\/v2\/pages"}],"about":[{"href":"https:\/\/www.affiliabet.com\/de\/wp-json\/wp\/v2\/types\/page"}],"author":[{"embeddable":true,"href":"https:\/\/www.affiliabet.com\/de\/wp-json\/wp\/v2\/users\/1"}],"replies":[{"embeddable":true,"href":"https:\/\/www.affiliabet.com\/de\/wp-json\/wp\/v2\/comments?post=4688"}],"version-history":[{"count":4,"href":"https:\/\/www.affiliabet.com\/de\/wp-json\/wp\/v2\/pages\/4688\/revisions"}],"predecessor-version":[{"id":7898,"href":"https:\/\/www.affiliabet.com\/de\/wp-json\/wp\/v2\/pages\/4688\/revisions\/7898"}],"wp:attachment":[{"href":"https:\/\/www.affiliabet.com\/de\/wp-json\/wp\/v2\/media?parent=4688"}],"curies":[{"name":"wp","href":"https:\/\/api.w.org\/{rel}","templated":true}]}}