{"id":4698,"date":"2024-01-16T17:26:44","date_gmt":"2024-01-16T17:26:44","guid":{"rendered":"https:\/\/www.affiliabet.com\/?page_id=4698"},"modified":"2024-01-16T17:28:51","modified_gmt":"2024-01-16T17:28:51","slug":"leovegas-chile-und-peru-und-ihre-zugehoerigkeitskampagnen","status":"publish","type":"page","link":"https:\/\/www.affiliabet.com\/de\/leovegas-chile-und-peru-und-ihre-zugehoerigkeitskampagnen\/","title":{"rendered":"Leovegas Chil\u00e9 und Peru und ihre Zugeh\u00f6rigkeitskampagnen"},"content":{"rendered":"\t\t<div data-elementor-type=\"wp-page\" data-elementor-id=\"4698\" class=\"elementor elementor-4698 elementor-4697\" data-elementor-settings=\"[]\">\n\t\t\t\t\t\t<div class=\"elementor-inner\">\n\t\t\t\t\t\t\t<div class=\"elementor-section-wrap\">\n\t\t\t\t\t\t\t<section class=\"elementor-section elementor-top-section elementor-element elementor-element-c185c06 elementor-section-boxed elementor-section-height-default elementor-section-height-default\" data-id=\"c185c06\" data-element_type=\"section\" data-settings=\"{&quot;background_background&quot;:&quot;classic&quot;}\">\n\t\t\t\t\t\t<div class=\"elementor-container elementor-column-gap-no\">\n\t\t\t\t\t\t\t<div class=\"elementor-row\">\n\t\t\t\t\t<div class=\"elementor-column elementor-col-100 elementor-top-column elementor-element elementor-element-6e910c6\" data-id=\"6e910c6\" data-element_type=\"column\">\n\t\t\t<div class=\"elementor-column-wrap elementor-element-populated\">\n\t\t\t\t\t\t\t<div class=\"elementor-widget-wrap\">\n\t\t\t\t\t\t<div class=\"elementor-element elementor-element-da8716e elementor-widget elementor-widget-heading\" data-id=\"da8716e\" data-element_type=\"widget\" data-widget_type=\"heading.default\">\n\t\t\t\t<div class=\"elementor-widget-container\">\n\t\t\t<h1 class=\"elementor-heading-title elementor-size-large\">Leovegas Chil\u00e9 und Peru und ihre Partnerkampagnen<\/h1>\t\t<\/div>\n\t\t\t\t<\/div>\n\t\t\t\t<div class=\"elementor-element elementor-element-ca9dab7 elementor-widget elementor-widget-heading\" data-id=\"ca9dab7\" data-element_type=\"widget\" data-widget_type=\"heading.default\">\n\t\t\t\t<div class=\"elementor-widget-container\">\n\t\t\t<h2 class=\"elementor-heading-title elementor-size-medium\">Vorstellung von Leovegas Chil\u00e9 und Peru<\/h2>\t\t<\/div>\n\t\t\t\t<\/div>\n\t\t\t\t<div class=\"elementor-element elementor-element-4d471db elementor-widget elementor-widget-spacer\" data-id=\"4d471db\" data-element_type=\"widget\" data-widget_type=\"spacer.default\">\n\t\t\t\t<div class=\"elementor-widget-container\">\n\t\t\t\t\t<div class=\"elementor-spacer\">\n\t\t\t<div class=\"elementor-spacer-inner\"><\/div>\n\t\t<\/div>\n\t\t\t\t<\/div>\n\t\t\t\t<\/div>\n\t\t\t\t\t\t<\/div>\n\t\t\t\t\t<\/div>\n\t\t<\/div>\n\t\t\t\t\t\t\t\t<\/div>\n\t\t\t\t\t<\/div>\n\t\t<\/section>\n\t\t\t\t<section class=\"elementor-section elementor-top-section elementor-element elementor-element-d1b552e elementor-section-boxed elementor-section-height-default elementor-section-height-default\" data-id=\"d1b552e\" data-element_type=\"section\">\n\t\t\t\t\t\t<div class=\"elementor-container elementor-column-gap-no\">\n\t\t\t\t\t\t\t<div class=\"elementor-row\">\n\t\t\t\t\t<div class=\"elementor-column elementor-col-100 elementor-top-column elementor-element elementor-element-3858219\" data-id=\"3858219\" data-element_type=\"column\">\n\t\t\t<div class=\"elementor-column-wrap elementor-element-populated\">\n\t\t\t\t\t\t\t<div class=\"elementor-widget-wrap\">\n\t\t\t\t\t\t<div class=\"elementor-element elementor-element-d640c48 elementor-widget elementor-widget-image\" data-id=\"d640c48\" data-element_type=\"widget\" data-widget_type=\"image.default\">\n\t\t\t\t<div class=\"elementor-widget-container\">\n\t\t\t\t\t<div class=\"elementor-image\">\n\t\t\t\t\t\t\t\t\t\t<img width=\"300\" height=\"81\" src=\"https:\/\/www.affiliabet.com\/wp-content\/uploads\/2022\/01\/LEOVEGAS-300x81.png\" class=\"attachment-medium size-medium\" alt=\"LEOVEGAS\" loading=\"lazy\" srcset=\"https:\/\/www.affiliabet.com\/wp-content\/uploads\/2022\/01\/LEOVEGAS-300x81.png 300w, https:\/\/www.affiliabet.com\/wp-content\/uploads\/2022\/01\/LEOVEGAS.png 520w\" sizes=\"(max-width: 300px) 100vw, 300px\" \/>\t\t\t\t\t\t\t\t\t\t\t<\/div>\n\t\t\t\t<\/div>\n\t\t\t\t<\/div>\n\t\t\t\t<div class=\"elementor-element elementor-element-f047e63 elementor-widget elementor-widget-heading\" data-id=\"f047e63\" data-element_type=\"widget\" data-widget_type=\"heading.default\">\n\t\t\t\t<div class=\"elementor-widget-container\">\n\t\t\t<h3 class=\"elementor-heading-title elementor-size-default\"><b>Leovegas Chil\u00e9 und Peru Partnerschaftskampagnen<\/b><\/h3>\t\t<\/div>\n\t\t\t\t<\/div>\n\t\t\t\t<div class=\"elementor-element elementor-element-14ade18 elementor-widget elementor-widget-spacer\" data-id=\"14ade18\" data-element_type=\"widget\" data-widget_type=\"spacer.default\">\n\t\t\t\t<div class=\"elementor-widget-container\">\n\t\t\t\t\t<div class=\"elementor-spacer\">\n\t\t\t<div class=\"elementor-spacer-inner\"><\/div>\n\t\t<\/div>\n\t\t\t\t<\/div>\n\t\t\t\t<\/div>\n\t\t\t\t<div class=\"elementor-element elementor-element-e2d0188 elementor-widget elementor-widget-text-editor\" data-id=\"e2d0188\" data-element_type=\"widget\" data-widget_type=\"text-editor.default\">\n\t\t\t\t<div class=\"elementor-widget-container\">\n\t\t\t\t\t<div class=\"elementor-text-editor elementor-clearfix\"><p>Leovegas Chile und Peru ist einer der j\u00fcngsten Buchmacher, die im Bereich der Sportwetten und Online-Casinos Fu\u00df fassen. Nachdem er mehrere Jahre lang in anderen L\u00e4ndern t\u00e4tig war, begann er erst vor wenigen Jahren, in Spanien und anschlie\u00dfend in verschiedenen spanischsprachigen L\u00e4ndern zu landen. Es <strong>wurde 2012<\/strong> gegr\u00fcndet und gilt derzeit als einer der international anerkanntesten Buchmacher. Zu den verschiedenen Zutaten, die wir finden, um die breite Abdeckung aller seiner Bed\u00fcrfnisse zu sch\u00e4tzen, finden wir die ausgezeichnete Spielbarkeit, die die Plattform pr\u00e4sentiert. Zusammen mit den Sicherheitsma\u00dfnahmen, die wir genie\u00dfen k\u00f6nnen, wenn wir irgendeine Art von wirtschaftlicher Transaktion durchf\u00fchren und die Leichtigkeit, die sich ergibt, wenn wir unsere Gelder abheben m\u00fcssen. Das Ergebnis ist ein <strong>Zentrum,<\/strong> das sich auf Online-Wetten und Sportwetten <strong>spezialisiert<\/strong> hat und uns hilft, das Beste aus unserem Spa\u00df herauszuholen.<\/p>\n<p>Bei <strong>Affiliabet<\/strong> setzen wir, wie Sie wissen, auf Qualit\u00e4t. Aus diesem Grund vertrauen wir nur den f<strong>\u00fchrenden Marken der Branche,<\/strong> die unserem Publikum ein Erlebnis bieten, das in keinem anderen Szenario zu erreichen ist. Da wir wissen, dass <a href=\"https:\/\/www.affiliabet.com\/de\/\"><span style=\"color: #333399;\"><strong>Affiliate-Marketing<\/strong><\/span><\/a> derzeit international auf dem Vormarsch ist, sind unsere Marken alles, was Sie brauchen, um Ihre Einnahmen mit der <strong>Qualit\u00e4t und Sicherheit,<\/strong> die wir bieten, auf ein neues Niveau zu heben.<\/p>\n<\/div>\n\t\t\t\t<\/div>\n\t\t\t\t<\/div>\n\t\t\t\t<div class=\"elementor-element elementor-element-ca351b2 elementor-align-center animated-slow elementor-invisible elementor-widget elementor-widget-button\" data-id=\"ca351b2\" data-element_type=\"widget\" data-settings=\"{&quot;_animation&quot;:&quot;slideInLeft&quot;}\" data-widget_type=\"button.default\">\n\t\t\t\t<div class=\"elementor-widget-container\">\n\t\t\t\t\t<div class=\"elementor-button-wrapper\">\n\t\t\t<a href=\"https:\/\/app.affiliabet.com\/register\" class=\"elementor-button-link elementor-button elementor-size-sm elementor-animation-wobble-to-bottom-right\" role=\"button\">\n\t\t\t\t\t\t<span class=\"elementor-button-content-wrapper\">\n\t\t\t\t\t\t<span class=\"elementor-button-text\">ICH M\u00d6CHTE ZUGANG ZU DEN KAMPAGNEN!<\/span>\n\t\t<\/span>\n\t\t\t\t\t<\/a>\n\t\t<\/div>\n\t\t\t\t<\/div>\n\t\t\t\t<\/div>\n\t\t\t\t<div class=\"elementor-element elementor-element-98c2fde elementor-widget elementor-widget-spacer\" data-id=\"98c2fde\" data-element_type=\"widget\" data-widget_type=\"spacer.default\">\n\t\t\t\t<div class=\"elementor-widget-container\">\n\t\t\t\t\t<div class=\"elementor-spacer\">\n\t\t\t<div class=\"elementor-spacer-inner\"><\/div>\n\t\t<\/div>\n\t\t\t\t<\/div>\n\t\t\t\t<\/div>\n\t\t\t\t\t\t<\/div>\n\t\t\t\t\t<\/div>\n\t\t<\/div>\n\t\t\t\t\t\t\t\t<\/div>\n\t\t\t\t\t<\/div>\n\t\t<\/section>\n\t\t\t\t<section class=\"elementor-section elementor-top-section elementor-element elementor-element-2864f8e elementor-section-boxed elementor-section-height-default elementor-section-height-default\" data-id=\"2864f8e\" data-element_type=\"section\">\n\t\t\t\t\t\t<div class=\"elementor-container elementor-column-gap-no\">\n\t\t\t\t\t\t\t<div class=\"elementor-row\">\n\t\t\t\t\t<div class=\"elementor-column elementor-col-100 elementor-top-column elementor-element elementor-element-f882aaf\" data-id=\"f882aaf\" data-element_type=\"column\">\n\t\t\t<div class=\"elementor-column-wrap elementor-element-populated\">\n\t\t\t\t\t\t\t<div class=\"elementor-widget-wrap\">\n\t\t\t\t\t\t<div class=\"elementor-element elementor-element-8251d4a elementor-widget elementor-widget-heading\" data-id=\"8251d4a\" data-element_type=\"widget\" data-widget_type=\"heading.default\">\n\t\t\t\t<div class=\"elementor-widget-container\">\n\t\t\t<h4 class=\"elementor-heading-title elementor-size-default\"><b>Eine breite Palette von M\u00e4rkten<\/b>.<\/h4>\t\t<\/div>\n\t\t\t\t<\/div>\n\t\t\t\t<div class=\"elementor-element elementor-element-a15f4c5 elementor-widget elementor-widget-text-editor\" data-id=\"a15f4c5\" data-element_type=\"widget\" data-widget_type=\"text-editor.default\">\n\t\t\t\t<div class=\"elementor-widget-container\">\n\t\t\t\t\t<div class=\"elementor-text-editor elementor-clearfix\"><p>Derzeit sind wir mit einer der <strong>Plattformen<\/strong> mit der gr\u00f6\u00dften Anzahl von M\u00e4rkten konfrontiert, auf denen wir alle unsere Transaktionen durchf\u00fchren k\u00f6nnen. Das Team, das hinter der Entwicklung und der Suche nach neuen M\u00e4rkten steht, erforscht st\u00e4ndig neue <strong>Formeln,<\/strong> die es beiden Spielern erm\u00f6glichen, alle Vorteile einer f\u00fchrenden Plattform in diesem Sektor zu genie\u00dfen. Daher k\u00f6nnen wir immer sicher sein, dass wir eine Abdeckung haben, die ein<strong> hervorragendes Spiel bietet,<\/strong> ohne dass wir auf irgendwelche Funktionen verzichten m\u00fcssen.<\/p>\n<p>Im Gegensatz zu anderen A<strong>rten von M\u00e4rkten k\u00f6nnen<\/strong> wir derzeit eine Vielzahl von Optionen genie\u00dfen. Dar\u00fcber hinaus finden wir in jedem dieser M\u00e4rkte verschiedene Optionen, auf die wir wetten k\u00f6nnen. Neben dem klassischen Endergebnis k\u00f6nnen wir auch auf ein bestimmtes Ergebnis, auf eine bestimmte Anzahl von Toren oder auf die Anzahl von Fouls wetten, die <strong>unsere Lieblingsmannschaft<\/strong> kassiert. Auf diese Weise k\u00f6nnen wir nicht nur Geld aus unseren Wetten herausholen, sondern uns dank der Vielzahl der verf\u00fcgbaren Optionen auch einen zus\u00e4tzlichen Wettbewerbsvorteil verschaffen.<\/p>\n<p><span style=\"color: #ff9900;\"><strong>\u00dcberdurchschnittliche Quoten<\/strong><\/span><\/p>\n<p>Im <a href=\"https:\/\/www.affiliabet.com\/de\/\"><span style=\"color: #333399;\"><strong>Affiliate-Marketing<\/strong> <\/span><\/a>sind die von uns gew\u00e4hlten Quoten wichtig, um unsere Gewinne zu maximieren. Aus diesem Grund sollten wir nur solchen Boxen vertrauen, die uns alle notwendigen Informationen zu den Geb\u00fchren liefern. Im Fall von Leovegas Chile und Peru haben wir Quoten, die \u00fcber dem Durchschnitt liegen. So k\u00f6nnen sie uns eine ausgezeichnete Rendite im Vergleich zum Rest der bestehenden Optionen bieten.<\/p>\n<p>Wie wir gesehen haben, ist Leovegas Chile and Peru eines der wichtigsten Casinos, die wir derzeit auf dem Markt finden k\u00f6nnen. Dank der gro\u00dfen Vielfalt an verf\u00fcgbaren Optionen ist es einfacher denn je, die maximale Rendite zu erzielen.<\/p>\n<\/div>\n\t\t\t\t<\/div>\n\t\t\t\t<\/div>\n\t\t\t\t<div class=\"elementor-element elementor-element-de57975 elementor-hidden-desktop elementor-hidden-tablet elementor-hidden-phone elementor-skin-carousel elementor-pagination-type-bullets elementor-pagination-position-outside elementor-widget elementor-widget-media-carousel\" data-id=\"de57975\" data-element_type=\"widget\" data-settings=\"{&quot;slides_per_view&quot;:&quot;6&quot;,&quot;space_between&quot;:{&quot;unit&quot;:&quot;px&quot;,&quot;size&quot;:29,&quot;sizes&quot;:[]},&quot;skin&quot;:&quot;carousel&quot;,&quot;effect&quot;:&quot;slide&quot;,&quot;pagination&quot;:&quot;bullets&quot;,&quot;speed&quot;:500,&quot;space_between_tablet&quot;:{&quot;unit&quot;:&quot;px&quot;,&quot;size&quot;:10,&quot;sizes&quot;:[]},&quot;space_between_mobile&quot;:{&quot;unit&quot;:&quot;px&quot;,&quot;size&quot;:10,&quot;sizes&quot;:[]}}\" data-widget_type=\"media-carousel.default\">\n\t\t\t\t<div class=\"elementor-widget-container\">\n\t\t\t\t\t<div class=\"elementor-swiper\">\n\t\t\t<div class=\"elementor-main-swiper swiper-container\">\n\t\t\t\t<div class=\"swiper-wrapper\">\n\t\t\t\t\t\t\t\t\t\t\t<div class=\"swiper-slide\">\n\t\t\t\t\t\t\t\t\t<div class=\"elementor-carousel-image\" style=\"background-image: url(https:\/\/www.affiliabet.com\/wp-content\/uploads\/2020\/08\/sportium-affiliabet-marketing-de-afiliacion-online-de-casinos.jpg)\">\n\t\t\t\t\t<\/div>\n\t\t\t\t\t\t\t\t<\/div>\n\t\t\t\t\t\t\t\t\t\t\t<div class=\"swiper-slide\">\n\t\t\t\t\t\t\t\t\t<div class=\"elementor-carousel-image\" style=\"background-image: url(https:\/\/www.affiliabet.com\/wp-content\/uploads\/2021\/10\/Party-Casino-Logo.jpg)\">\n\t\t\t\t\t<\/div>\n\t\t\t\t\t\t\t\t<\/div>\n\t\t\t\t\t\t\t\t\t\t\t<div class=\"swiper-slide\">\n\t\t\t\t\t\t\t\t\t<div class=\"elementor-carousel-image\" style=\"background-image: url(https:\/\/www.affiliabet.com\/wp-content\/uploads\/2020\/08\/luckia-affiliabet-marketing-de-afiliacion-online-de-casinos.jpg)\">\n\t\t\t\t\t<\/div>\n\t\t\t\t\t\t\t\t<\/div>\n\t\t\t\t\t\t\t\t\t\t\t<div class=\"swiper-slide\">\n\t\t\t\t\t\t\t\t\t<div class=\"elementor-carousel-image\" style=\"background-image: url(https:\/\/www.affiliabet.com\/wp-content\/uploads\/2020\/08\/codere-affiliabet-marketing-de-afiliacion-online-de-casinos.jpg)\">\n\t\t\t\t\t<\/div>\n\t\t\t\t\t\t\t\t<\/div>\n\t\t\t\t\t\t\t\t\t\t\t<div class=\"swiper-slide\">\n\t\t\t\t\t\t\t\t\t<div class=\"elementor-carousel-image\" style=\"background-image: url(https:\/\/www.affiliabet.com\/wp-content\/uploads\/2020\/08\/888-casino-affiliabet-marketing-de-afiliacion-online-de-casinos-y-juegos-de-azar.jpg)\">\n\t\t\t\t\t<\/div>\n\t\t\t\t\t\t\t\t<\/div>\n\t\t\t\t\t\t\t\t\t\t\t<div class=\"swiper-slide\">\n\t\t\t\t\t\t\t\t\t<div class=\"elementor-carousel-image\" style=\"background-image: url(https:\/\/www.affiliabet.com\/wp-content\/uploads\/2020\/08\/777-casino-affiliabet-marketing-de-afiliacion-online-de-casinos-y-juegos-de-azar.jpg)\">\n\t\t\t\t\t<\/div>\n\t\t\t\t\t\t\t\t<\/div>\n\t\t\t\t\t\t\t\t\t\t\t<div class=\"swiper-slide\">\n\t\t\t\t\t\t\t\t\t<div class=\"elementor-carousel-image\" style=\"background-image: url(https:\/\/www.affiliabet.com\/wp-content\/uploads\/2020\/08\/winamax-poker-affiliabet-marketing-de-afiliacion-online-de-casinos.jpg)\">\n\t\t\t\t\t<\/div>\n\t\t\t\t\t\t\t\t<\/div>\n\t\t\t\t\t\t\t\t\t\t\t<div class=\"swiper-slide\">\n\t\t\t\t\t\t\t\t\t<div class=\"elementor-carousel-image\" style=\"background-image: url(https:\/\/www.affiliabet.com\/wp-content\/uploads\/2020\/08\/888-poker-affiliabet-marketing-de-afiliacion-online-de-casinos.jpg)\">\n\t\t\t\t\t<\/div>\n\t\t\t\t\t\t\t\t<\/div>\n\t\t\t\t\t\t\t\t\t\t\t<div class=\"swiper-slide\">\n\t\t\t\t\t\t\t\t\t<div class=\"elementor-carousel-image\" style=\"background-image: url(https:\/\/www.affiliabet.com\/wp-content\/uploads\/2020\/08\/casino-barcelona-affiliabet-marketing-de-afiliacion-online-de-apuestas-deportivas-1.jpg)\">\n\t\t\t\t\t<\/div>\n\t\t\t\t\t\t\t\t<\/div>\n\t\t\t\t\t\t\t\t\t<\/div>\n\t\t\t\t\t\t\t\t\t\t\t\t\t\t\t<div class=\"swiper-pagination\"><\/div>\n\t\t\t\t\t\t\t\t\t\t\t\t\t\t\t\t\t<\/div>\n\t\t<\/div>\n\t\t\t\t<\/div>\n\t\t\t\t<\/div>\n\t\t\t\t\t\t<\/div>\n\t\t\t\t\t<\/div>\n\t\t<\/div>\n\t\t\t\t\t\t\t\t<\/div>\n\t\t\t\t\t<\/div>\n\t\t<\/section>\n\t\t\t\t<section class=\"elementor-section elementor-top-section elementor-element elementor-element-260a026 elementor-section-boxed elementor-section-height-default elementor-section-height-default\" data-id=\"260a026\" data-element_type=\"section\" data-settings=\"{&quot;background_background&quot;:&quot;classic&quot;}\">\n\t\t\t\t\t\t<div class=\"elementor-container elementor-column-gap-default\">\n\t\t\t\t\t\t\t<div class=\"elementor-row\">\n\t\t\t\t\t<div class=\"elementor-column elementor-col-100 elementor-top-column elementor-element elementor-element-8d6a713\" data-id=\"8d6a713\" data-element_type=\"column\">\n\t\t\t<div class=\"elementor-column-wrap elementor-element-populated\">\n\t\t\t\t\t\t\t<div class=\"elementor-widget-wrap\">\n\t\t\t\t\t\t<div class=\"elementor-element elementor-element-537095f elementor-widget elementor-widget-heading\" data-id=\"537095f\" data-element_type=\"widget\" data-widget_type=\"heading.default\">\n\t\t\t\t<div class=\"elementor-widget-container\">\n\t\t\t<h3 class=\"elementor-heading-title elementor-size-default\">REGISTRIEREN SIE SICH UND ERHALTEN SIE<br><strong>10\u20ac DE BONO DE BIENVENIDA<\/strong><\/h3>\t\t<\/div>\n\t\t\t\t<\/div>\n\t\t\t\t<div class=\"elementor-element elementor-element-b5cefad elementor-align-center elementor-widget elementor-widget-button\" data-id=\"b5cefad\" data-element_type=\"widget\" data-widget_type=\"button.default\">\n\t\t\t\t<div class=\"elementor-widget-container\">\n\t\t\t\t\t<div class=\"elementor-button-wrapper\">\n\t\t\t<a href=\"https:\/\/app.affiliabet.com\/register\" class=\"elementor-button-link elementor-button elementor-size-md elementor-animation-bounce-in\" role=\"button\">\n\t\t\t\t\t\t<span class=\"elementor-button-content-wrapper\">\n\t\t\t\t\t\t<span class=\"elementor-button-text\">KOSTENLOS registrieren<\/span>\n\t\t<\/span>\n\t\t\t\t\t<\/a>\n\t\t<\/div>\n\t\t\t\t<\/div>\n\t\t\t\t<\/div>\n\t\t\t\t\t\t<\/div>\n\t\t\t\t\t<\/div>\n\t\t<\/div>\n\t\t\t\t\t\t\t\t<\/div>\n\t\t\t\t\t<\/div>\n\t\t<\/section>\n\t\t\t\t\t\t<\/div>\n\t\t\t\t\t\t<\/div>\n\t\t\t\t\t<\/div>\n\t\t","protected":false},"excerpt":{"rendered":"<p>Leovegas Chil\u00e9 und Peru und ihre Partnerkampagnen Vorstellung von Leovegas Chil\u00e9 und Peru Leovegas Chil\u00e9 und Peru Partnerschaftskampagnen Leovegas Chile und Peru ist einer der j\u00fcngsten Buchmacher, die im Bereich der Sportwetten und Online-Casinos Fu\u00df fassen. Nachdem er mehrere Jahre lang in anderen L\u00e4ndern t\u00e4tig war, begann er erst vor wenigen Jahren, in Spanien und [&hellip;]<\/p>\n","protected":false},"author":1,"featured_media":0,"parent":0,"menu_order":0,"comment_status":"closed","ping_status":"closed","template":"","meta":[],"yoast_head":"<!-- This site is optimized with the Yoast SEO plugin v15.6.2 - https:\/\/yoast.com\/wordpress\/plugins\/seo\/ -->\n<title>Leovegas Chile und Peru und ihre Partnerkampagnen - Affiliabet<\/title>\n<meta name=\"description\" content=\"Leovegas Chil\u00e9 und Peru und ihre Partnerkampagnen Vorstellung von Leovegas Chil\u00e9 und Peru Leovegas Chil\u00e9 und Peru Partnerschaftskampagnen Leovegas Chile\" \/>\n<meta name=\"robots\" content=\"index, follow, max-snippet:-1, max-image-preview:large, max-video-preview:-1\" \/>\n<link rel=\"canonical\" href=\"https:\/\/www.affiliabet.com\/de\/leovegas-chile-y-peru\/\" \/>\n<meta property=\"og:locale\" content=\"de_DE\" \/>\n<meta property=\"og:type\" content=\"article\" \/>\n<meta property=\"og:title\" content=\"Leovegas Chile und Peru und ihre Partnerkampagnen - Affiliabet\" \/>\n<meta property=\"og:description\" content=\"Leovegas Chil\u00e9 und Peru und ihre Partnerkampagnen Vorstellung von Leovegas Chil\u00e9 und Peru Leovegas Chil\u00e9 und Peru Partnerschaftskampagnen Leovegas Chile\" \/>\n<meta property=\"og:url\" content=\"https:\/\/www.affiliabet.com\/leovegas-chile-y-peru\/\" \/>\n<meta property=\"og:site_name\" content=\"Affiliabet\" \/>\n<meta property=\"article:modified_time\" content=\"2024-01-16T17:28:51+00:00\" \/>\n<meta property=\"og:image\" content=\"https:\/\/www.affiliabet.com\/wp-content\/uploads\/2022\/01\/LEOVEGAS-300x81.png\" \/>\n<meta name=\"twitter:card\" content=\"summary_large_image\" \/>\n<meta name=\"twitter:label1\" content=\"Gesch\u00e4tzte Lesezeit\">\n\t<meta name=\"twitter:data1\" content=\"3\u00a0Minuten\">\n<script type=\"application\/ld+json\" class=\"yoast-schema-graph\">{\"@context\":\"https:\/\/schema.org\",\"@graph\":[{\"@type\":\"Organization\",\"@id\":\"https:\/\/www.affiliabet.com\/#organization\",\"name\":\"Affiliabet\",\"url\":\"https:\/\/www.affiliabet.com\/\",\"sameAs\":[],\"logo\":{\"@type\":\"ImageObject\",\"@id\":\"https:\/\/www.affiliabet.com\/#logo\",\"inLanguage\":\"de\",\"url\":\"https:\/\/www.affiliabet.com\/wp-content\/uploads\/2021\/01\/logo.jpg\",\"width\":387,\"height\":101,\"caption\":\"Affiliabet\"},\"image\":{\"@id\":\"https:\/\/www.affiliabet.com\/#logo\"}},{\"@type\":\"WebSite\",\"@id\":\"https:\/\/www.affiliabet.com\/#website\",\"url\":\"https:\/\/www.affiliabet.com\/\",\"name\":\"Affiliabet\",\"description\":\"Gestor N\\u00ba1 en campa\\u00f1as de afiliaci\\u00f3n de apuestas deportivas y juego online\",\"publisher\":{\"@id\":\"https:\/\/www.affiliabet.com\/#organization\"},\"potentialAction\":[{\"@type\":\"SearchAction\",\"target\":\"https:\/\/www.affiliabet.com\/?s={search_term_string}\",\"query-input\":\"required name=search_term_string\"}],\"inLanguage\":\"de\"},{\"@type\":\"ImageObject\",\"@id\":\"https:\/\/www.affiliabet.com\/leovegas-chile-y-peru\/#primaryimage\",\"inLanguage\":\"de\",\"url\":\"https:\/\/www.affiliabet.com\/wp-content\/uploads\/2022\/01\/LEOVEGAS.png\",\"width\":520,\"height\":140,\"caption\":\"LEOVEGAS\"},{\"@type\":\"WebPage\",\"@id\":\"https:\/\/www.affiliabet.com\/leovegas-chile-y-peru\/#webpage\",\"url\":\"https:\/\/www.affiliabet.com\/leovegas-chile-y-peru\/\",\"name\":\"Leovegas Chile und Peru und ihre Partnerkampagnen - Affiliabet\",\"isPartOf\":{\"@id\":\"https:\/\/www.affiliabet.com\/#website\"},\"primaryImageOfPage\":{\"@id\":\"https:\/\/www.affiliabet.com\/leovegas-chile-y-peru\/#primaryimage\"},\"datePublished\":\"2024-01-16T17:26:44+00:00\",\"dateModified\":\"2024-01-16T17:28:51+00:00\",\"description\":\"Leovegas Chil\\u00e9 und Peru und ihre Partnerkampagnen Vorstellung von Leovegas Chil\\u00e9 und Peru Leovegas Chil\\u00e9 und Peru Partnerschaftskampagnen Leovegas Chile\",\"inLanguage\":\"de\",\"potentialAction\":[{\"@type\":\"ReadAction\",\"target\":[\"https:\/\/www.affiliabet.com\/leovegas-chile-y-peru\/\"]}]}]}<\/script>\n<!-- \/ Yoast SEO plugin. -->","_links":{"self":[{"href":"https:\/\/www.affiliabet.com\/de\/wp-json\/wp\/v2\/pages\/4698"}],"collection":[{"href":"https:\/\/www.affiliabet.com\/de\/wp-json\/wp\/v2\/pages"}],"about":[{"href":"https:\/\/www.affiliabet.com\/de\/wp-json\/wp\/v2\/types\/page"}],"author":[{"embeddable":true,"href":"https:\/\/www.affiliabet.com\/de\/wp-json\/wp\/v2\/users\/1"}],"replies":[{"embeddable":true,"href":"https:\/\/www.affiliabet.com\/de\/wp-json\/wp\/v2\/comments?post=4698"}],"version-history":[{"count":4,"href":"https:\/\/www.affiliabet.com\/de\/wp-json\/wp\/v2\/pages\/4698\/revisions"}],"predecessor-version":[{"id":7874,"href":"https:\/\/www.affiliabet.com\/de\/wp-json\/wp\/v2\/pages\/4698\/revisions\/7874"}],"wp:attachment":[{"href":"https:\/\/www.affiliabet.com\/de\/wp-json\/wp\/v2\/media?parent=4698"}],"curies":[{"name":"wp","href":"https:\/\/api.w.org\/{rel}","templated":true}]}}