{"id":4717,"date":"2023-04-08T03:09:53","date_gmt":"2023-04-08T03:09:53","guid":{"rendered":"https:\/\/www.affiliabet.com\/?page_id=4717"},"modified":"2024-01-17T12:14:45","modified_gmt":"2024-01-17T12:14:45","slug":"pokerstars-und-seine-partnerkampagnen","status":"publish","type":"page","link":"https:\/\/www.affiliabet.com\/de\/pokerstars-und-seine-partnerkampagnen\/","title":{"rendered":"Pokerstars und seine Partnerkampagnen"},"content":{"rendered":"\t\t<div data-elementor-type=\"wp-page\" data-elementor-id=\"4717\" class=\"elementor elementor-4717 elementor-4716\" data-elementor-settings=\"[]\">\n\t\t\t\t\t\t<div class=\"elementor-inner\">\n\t\t\t\t\t\t\t<div class=\"elementor-section-wrap\">\n\t\t\t\t\t\t\t<section class=\"elementor-section elementor-top-section elementor-element elementor-element-c185c06 elementor-section-boxed elementor-section-height-default elementor-section-height-default\" data-id=\"c185c06\" data-element_type=\"section\" data-settings=\"{&quot;background_background&quot;:&quot;classic&quot;}\">\n\t\t\t\t\t\t<div class=\"elementor-container elementor-column-gap-no\">\n\t\t\t\t\t\t\t<div class=\"elementor-row\">\n\t\t\t\t\t<div class=\"elementor-column elementor-col-100 elementor-top-column elementor-element elementor-element-6e910c6\" data-id=\"6e910c6\" data-element_type=\"column\">\n\t\t\t<div class=\"elementor-column-wrap elementor-element-populated\">\n\t\t\t\t\t\t\t<div class=\"elementor-widget-wrap\">\n\t\t\t\t\t\t<div class=\"elementor-element elementor-element-da8716e elementor-widget elementor-widget-heading\" data-id=\"da8716e\" data-element_type=\"widget\" data-widget_type=\"heading.default\">\n\t\t\t\t<div class=\"elementor-widget-container\">\n\t\t\t<h1 class=\"elementor-heading-title elementor-size-large\">Pokerstars Spain Affiliates: Geld verdienen mit Pokerstars Affiliates<\/h1>\t\t<\/div>\n\t\t\t\t<\/div>\n\t\t\t\t<div class=\"elementor-element elementor-element-ca9dab7 elementor-widget elementor-widget-heading\" data-id=\"ca9dab7\" data-element_type=\"widget\" data-widget_type=\"heading.default\">\n\t\t\t\t<div class=\"elementor-widget-container\">\n\t\t\t<h2 class=\"elementor-heading-title elementor-size-medium\">Pokerstars-Affiliate-Kampagnen: Mit Pokerstars online Geld verdienen<\/h2>\t\t<\/div>\n\t\t\t\t<\/div>\n\t\t\t\t<div class=\"elementor-element elementor-element-4d471db elementor-widget elementor-widget-spacer\" data-id=\"4d471db\" data-element_type=\"widget\" data-widget_type=\"spacer.default\">\n\t\t\t\t<div class=\"elementor-widget-container\">\n\t\t\t\t\t<div class=\"elementor-spacer\">\n\t\t\t<div class=\"elementor-spacer-inner\"><\/div>\n\t\t<\/div>\n\t\t\t\t<\/div>\n\t\t\t\t<\/div>\n\t\t\t\t\t\t<\/div>\n\t\t\t\t\t<\/div>\n\t\t<\/div>\n\t\t\t\t\t\t\t\t<\/div>\n\t\t\t\t\t<\/div>\n\t\t<\/section>\n\t\t\t\t<section class=\"elementor-section elementor-top-section elementor-element elementor-element-d1b552e elementor-section-boxed elementor-section-height-default elementor-section-height-default\" data-id=\"d1b552e\" data-element_type=\"section\">\n\t\t\t\t\t\t<div class=\"elementor-container elementor-column-gap-no\">\n\t\t\t\t\t\t\t<div class=\"elementor-row\">\n\t\t\t\t\t<div class=\"elementor-column elementor-col-100 elementor-top-column elementor-element elementor-element-3858219\" data-id=\"3858219\" data-element_type=\"column\">\n\t\t\t<div class=\"elementor-column-wrap elementor-element-populated\">\n\t\t\t\t\t\t\t<div class=\"elementor-widget-wrap\">\n\t\t\t\t\t\t<div class=\"elementor-element elementor-element-130fa1d elementor-widget elementor-widget-image\" data-id=\"130fa1d\" data-element_type=\"widget\" data-widget_type=\"image.default\">\n\t\t\t\t<div class=\"elementor-widget-container\">\n\t\t\t\t\t<div class=\"elementor-image\">\n\t\t\t\t\t\t\t\t\t\t<img width=\"300\" height=\"200\" src=\"https:\/\/www.affiliabet.com\/wp-content\/uploads\/2023\/06\/afiliados-pokerstars-300x200.jpg\" class=\"attachment-medium size-medium\" alt=\"afiliados pokerstars\" loading=\"lazy\" srcset=\"https:\/\/www.affiliabet.com\/wp-content\/uploads\/2023\/06\/afiliados-pokerstars-300x200.jpg 300w, https:\/\/www.affiliabet.com\/wp-content\/uploads\/2023\/06\/afiliados-pokerstars.jpg 750w\" sizes=\"(max-width: 300px) 100vw, 300px\" \/>\t\t\t\t\t\t\t\t\t\t\t<\/div>\n\t\t\t\t<\/div>\n\t\t\t\t<\/div>\n\t\t\t\t<div class=\"elementor-element elementor-element-f047e63 elementor-widget elementor-widget-heading\" data-id=\"f047e63\" data-element_type=\"widget\" data-widget_type=\"heading.default\">\n\t\t\t\t<div class=\"elementor-widget-container\">\n\t\t\t<h2 class=\"elementor-heading-title elementor-size-default\"><b>Was ist Pokerstars Spanien?<\/b><\/h2>\t\t<\/div>\n\t\t\t\t<\/div>\n\t\t\t\t<div class=\"elementor-element elementor-element-14ade18 elementor-widget elementor-widget-spacer\" data-id=\"14ade18\" data-element_type=\"widget\" data-widget_type=\"spacer.default\">\n\t\t\t\t<div class=\"elementor-widget-container\">\n\t\t\t\t\t<div class=\"elementor-spacer\">\n\t\t\t<div class=\"elementor-spacer-inner\"><\/div>\n\t\t<\/div>\n\t\t\t\t<\/div>\n\t\t\t\t<\/div>\n\t\t\t\t<div class=\"elementor-element elementor-element-e2d0188 elementor-widget elementor-widget-text-editor\" data-id=\"e2d0188\" data-element_type=\"widget\" data-widget_type=\"text-editor.default\">\n\t\t\t\t<div class=\"elementor-widget-container\">\n\t\t\t\t\t<div class=\"elementor-text-editor elementor-clearfix\"><p>PokerStars ist eine der gr\u00f6\u00dften und beliebtesten Online-Pokerplattformen der Welt. Sie wurde 2001 gegr\u00fcndet und hat sich schnell zu einer der meistbesuchten Online-Pokerseiten <strong>von Spielern aus aller Welt entwickelt.<\/strong><\/p>\n<p>PokerStars bietet eine gro\u00dfe Auswahl an Online-Pokerspielen, darunter <strong>Texas Hold&#8217;em, Omaha, Seven Card Stud, Razz und viele mehr.<\/strong> Au\u00dferdem bietet PokerStars Online-Pokerturniere in verschiedenen Formaten und mit unterschiedlichen Buy-ins an, von kostenlosen Turnieren bis hin zu Events mit hohen Buy-ins und gro\u00dfen Geldpreisen.<\/p>\n<\/div>\n\t\t\t\t<\/div>\n\t\t\t\t<\/div>\n\t\t\t\t<div class=\"elementor-element elementor-element-ca351b2 elementor-align-center animated-slow elementor-invisible elementor-widget elementor-widget-button\" data-id=\"ca351b2\" data-element_type=\"widget\" data-settings=\"{&quot;_animation&quot;:&quot;slideInLeft&quot;}\" data-widget_type=\"button.default\">\n\t\t\t\t<div class=\"elementor-widget-container\">\n\t\t\t\t\t<div class=\"elementor-button-wrapper\">\n\t\t\t<a href=\"https:\/\/app.affiliabet.com\/register\" class=\"elementor-button-link elementor-button elementor-size-sm elementor-animation-wobble-to-bottom-right\" role=\"button\">\n\t\t\t\t\t\t<span class=\"elementor-button-content-wrapper\">\n\t\t\t\t\t\t<span class=\"elementor-button-text\">ICH M\u00d6CHTE MIT POKERSTARS AFFILIATES GELD VERDIENEN!<\/span>\n\t\t<\/span>\n\t\t\t\t\t<\/a>\n\t\t<\/div>\n\t\t\t\t<\/div>\n\t\t\t\t<\/div>\n\t\t\t\t<div class=\"elementor-element elementor-element-98c2fde elementor-widget elementor-widget-spacer\" data-id=\"98c2fde\" data-element_type=\"widget\" data-widget_type=\"spacer.default\">\n\t\t\t\t<div class=\"elementor-widget-container\">\n\t\t\t\t\t<div class=\"elementor-spacer\">\n\t\t\t<div class=\"elementor-spacer-inner\"><\/div>\n\t\t<\/div>\n\t\t\t\t<\/div>\n\t\t\t\t<\/div>\n\t\t\t\t\t\t<\/div>\n\t\t\t\t\t<\/div>\n\t\t<\/div>\n\t\t\t\t\t\t\t\t<\/div>\n\t\t\t\t\t<\/div>\n\t\t<\/section>\n\t\t\t\t<section class=\"elementor-section elementor-top-section elementor-element elementor-element-2864f8e elementor-section-boxed elementor-section-height-default elementor-section-height-default\" data-id=\"2864f8e\" data-element_type=\"section\">\n\t\t\t\t\t\t<div class=\"elementor-container elementor-column-gap-no\">\n\t\t\t\t\t\t\t<div class=\"elementor-row\">\n\t\t\t\t\t<div class=\"elementor-column elementor-col-100 elementor-top-column elementor-element elementor-element-f882aaf\" data-id=\"f882aaf\" data-element_type=\"column\">\n\t\t\t<div class=\"elementor-column-wrap elementor-element-populated\">\n\t\t\t\t\t\t\t<div class=\"elementor-widget-wrap\">\n\t\t\t\t\t\t<div class=\"elementor-element elementor-element-8251d4a elementor-widget elementor-widget-heading\" data-id=\"8251d4a\" data-element_type=\"widget\" data-widget_type=\"heading.default\">\n\t\t\t\t<div class=\"elementor-widget-container\">\n\t\t\t<h2 class=\"elementor-heading-title elementor-size-default\"><b>Was ist das Partnerprogramm von Pokerstars Spanien?<\/b><\/h2>\t\t<\/div>\n\t\t\t\t<\/div>\n\t\t\t\t<div class=\"elementor-element elementor-element-a15f4c5 elementor-widget elementor-widget-text-editor\" data-id=\"a15f4c5\" data-element_type=\"widget\" data-widget_type=\"text-editor.default\">\n\t\t\t\t<div class=\"elementor-widget-container\">\n\t\t\t\t\t<div class=\"elementor-text-editor elementor-clearfix\"><p>Das PokerStars-Partnerprogramm ist eine M\u00f6glichkeit f\u00fcr Partner, f\u00fcr die Online-Pokerplattform zu <strong>werben und Provisionen f\u00fcr die Vermittlung von Spielern an die Plattform<\/strong> zu verdienen. Das Partnerprogramm steht Websites und Medieninhabern zur Verf\u00fcgung, die PokerStars durch Banner, Links und andere Marketingmaterialien bewerben m\u00f6chten.<\/p>\n<p>Affiliates, die am PokerStars-Partnerprogramm teilnehmen, haben Zugang zu Marketing-Tools und Ressourcen, mit denen sie die Online-Pokerplattform bei ihrem Publikum bewerben k\u00f6nnen. Zu diesen Ressourcen geh\u00f6ren <strong>Banner, Textlinks und individuelles, kreatives Material,<\/strong> das auf die Bed\u00fcrfnisse jedes einzelnen Affiliates zugeschnitten ist.<\/p>\n<h3>Wie kann ich mit Pokerstars UK und seinem Empfehlungsprogramm Geld verdienen?<\/h3>\n<p>Wenn sich Spieler \u00fcber einen Affiliate-Link bei PokerStars anmelden und eine Einzahlung t\u00e4tigen, erh\u00e4lt der Affiliate eine Provision, die sich nach dem gew\u00e4hlten Zahlungsmodell richtet.<\/p>\n<p>PokerStars bietet verschiedene Auszahlungsmodelle f\u00fcr seine Affiliates an, darunter <strong>Revenue Share und CPA (Cost per Acquisition),<\/strong> je nach den Bed\u00fcrfnissen und Pr\u00e4ferenzen des jeweiligen Affiliates.<\/p>\n<p>Das PokerStars-Partnerprogramm ist daf\u00fcr bekannt, dass es hohe Provisionen und einen guten Partner-Support bietet. Affiliates haben au\u00dferdem Zugang zu Echtzeit-Berichten und Statistiken, um die Leistung ihrer Marketing-Kampagne zu \u00fcberwachen und ihre Werbema\u00dfnahmen zu optimieren.<\/p>\n<\/div>\n\t\t\t\t<\/div>\n\t\t\t\t<\/div>\n\t\t\t\t\t\t<\/div>\n\t\t\t\t\t<\/div>\n\t\t<\/div>\n\t\t\t\t\t\t\t\t<\/div>\n\t\t\t\t\t<\/div>\n\t\t<\/section>\n\t\t\t\t<section class=\"elementor-section elementor-top-section elementor-element elementor-element-260a026 elementor-section-boxed elementor-section-height-default elementor-section-height-default\" data-id=\"260a026\" data-element_type=\"section\" data-settings=\"{&quot;background_background&quot;:&quot;classic&quot;}\">\n\t\t\t\t\t\t<div class=\"elementor-container elementor-column-gap-default\">\n\t\t\t\t\t\t\t<div class=\"elementor-row\">\n\t\t\t\t\t<div class=\"elementor-column elementor-col-100 elementor-top-column elementor-element elementor-element-8d6a713\" data-id=\"8d6a713\" data-element_type=\"column\">\n\t\t\t<div class=\"elementor-column-wrap elementor-element-populated\">\n\t\t\t\t\t\t\t<div class=\"elementor-widget-wrap\">\n\t\t\t\t\t\t<div class=\"elementor-element elementor-element-537095f elementor-widget elementor-widget-heading\" data-id=\"537095f\" data-element_type=\"widget\" data-widget_type=\"heading.default\">\n\t\t\t\t<div class=\"elementor-widget-container\">\n\t\t\t<h3 class=\"elementor-heading-title elementor-size-default\">REGISTRIEREN SIE SICH BEI POKERSTARS<br><strong>RECOVER \u20ac10 WELCOME<\/strong>.<\/h3>\t\t<\/div>\n\t\t\t\t<\/div>\n\t\t\t\t<div class=\"elementor-element elementor-element-b5cefad elementor-align-center elementor-widget elementor-widget-button\" data-id=\"b5cefad\" data-element_type=\"widget\" data-widget_type=\"button.default\">\n\t\t\t\t<div class=\"elementor-widget-container\">\n\t\t\t\t\t<div class=\"elementor-button-wrapper\">\n\t\t\t<a href=\"https:\/\/app.affiliabet.com\/register\" class=\"elementor-button-link elementor-button elementor-size-md elementor-animation-bounce-in\" role=\"button\">\n\t\t\t\t\t\t<span class=\"elementor-button-content-wrapper\">\n\t\t\t\t\t\t<span class=\"elementor-button-text\">KOSTENLOS REGISTRIEREN<\/span>\n\t\t<\/span>\n\t\t\t\t\t<\/a>\n\t\t<\/div>\n\t\t\t\t<\/div>\n\t\t\t\t<\/div>\n\t\t\t\t\t\t<\/div>\n\t\t\t\t\t<\/div>\n\t\t<\/div>\n\t\t\t\t\t\t\t\t<\/div>\n\t\t\t\t\t<\/div>\n\t\t<\/section>\n\t\t\t\t<section class=\"elementor-section elementor-top-section elementor-element elementor-element-a5e2dea elementor-section-boxed elementor-section-height-default elementor-section-height-default\" data-id=\"a5e2dea\" data-element_type=\"section\">\n\t\t\t\t\t\t<div class=\"elementor-container elementor-column-gap-default\">\n\t\t\t\t\t\t\t<div class=\"elementor-row\">\n\t\t\t\t\t<div class=\"elementor-column elementor-col-100 elementor-top-column elementor-element elementor-element-342a89d\" data-id=\"342a89d\" data-element_type=\"column\">\n\t\t\t<div class=\"elementor-column-wrap elementor-element-populated\">\n\t\t\t\t\t\t\t<div class=\"elementor-widget-wrap\">\n\t\t\t\t\t\t<div class=\"elementor-element elementor-element-66f28fe elementor-widget elementor-widget-heading\" data-id=\"66f28fe\" data-element_type=\"widget\" data-widget_type=\"heading.default\">\n\t\t\t\t<div class=\"elementor-widget-container\">\n\t\t\t<h2 class=\"elementor-heading-title elementor-size-default\"><br><b><\/b><b>Wie k\u00f6nnen Sie Ihren Verdienst als PokerStars-Affiliate mit Affiliabet steigern?<\/b><\/h2>\t\t<\/div>\n\t\t\t\t<\/div>\n\t\t\t\t\t\t<\/div>\n\t\t\t\t\t<\/div>\n\t\t<\/div>\n\t\t\t\t\t\t\t\t<\/div>\n\t\t\t\t\t<\/div>\n\t\t<\/section>\n\t\t\t\t<section class=\"elementor-section elementor-top-section elementor-element elementor-element-4fa4d43 elementor-section-boxed elementor-section-height-default elementor-section-height-default\" data-id=\"4fa4d43\" data-element_type=\"section\">\n\t\t\t\t\t\t<div class=\"elementor-container elementor-column-gap-default\">\n\t\t\t\t\t\t\t<div class=\"elementor-row\">\n\t\t\t\t\t<div class=\"elementor-column elementor-col-100 elementor-top-column elementor-element elementor-element-d2ac25f\" data-id=\"d2ac25f\" data-element_type=\"column\">\n\t\t\t<div class=\"elementor-column-wrap elementor-element-populated\">\n\t\t\t\t\t\t\t<div class=\"elementor-widget-wrap\">\n\t\t\t\t\t\t<div class=\"elementor-element elementor-element-36d8355 elementor-widget elementor-widget-text-editor\" data-id=\"36d8355\" data-element_type=\"widget\" data-widget_type=\"text-editor.default\">\n\t\t\t\t<div class=\"elementor-widget-container\">\n\t\t\t\t\t<div class=\"elementor-text-editor elementor-clearfix\"><p><a href=\"https:\/\/www.affiliabet.com\/de\/\"><span style=\"color: #333399;\">Affiliabet<\/span><\/a> ist eine Affiliate-Marketing-Plattform, die Ihnen helfen kann, Ihre Einnahmen als PokerStars-Affiliate zu maximieren. Im Folgenden finden Sie einige der M\u00f6glichkeiten, wie Affiliabet Ihnen helfen kann:<\/p>\n<ul>\n<li><strong>Zugang zu Berichten und Statistiken:<\/strong> Affiliabet stellt Ihnen detaillierte Berichte und Echtzeit-Statistiken zur Verf\u00fcgung, damit Sie die Leistung Ihres Kontos verfolgen und analysieren k\u00f6nnen, welche Marketing-Taktiken am besten funktionieren. Nutzen Sie diese Informationen, um Ihre Marketingstrategie zu optimieren und Ihren Umsatz zu steigern.<\/li>\n<li><strong>Ma\u00dfgeschneiderte Marketing-Tools:<\/strong> Affiliabet bietet Ihnen ma\u00dfgeschneiderte Marketing-Tools, wie z. B. Banner, Textlinks und andere Werbematerialien, die Ihnen helfen k\u00f6nnen, Ihre Empfehlungsrate zu erh\u00f6hen. Diese Tools k\u00f6nnen individuell an Ihre Website und Ihre Zielgruppe angepasst werden.<\/li>\n<li><strong>Marketing und technischer Support:<\/strong> Affiliabet verf\u00fcgt \u00fcber ein Team von Marketing- und Techniksupport-Experten, die Ihnen bei der Optimierung Ihrer Marketingstrategie und der L\u00f6sung technischer Probleme helfen k\u00f6nnen.<\/li>\n<li><strong>Pr\u00e4mienprogramm:<\/strong> Affiliabet bietet ein Pr\u00e4mienprogramm, mit dem Sie f\u00fcr jeden Kunden, der sich \u00fcber Ihren Affiliate-Link anmeldet und Wetten abschlie\u00dft, Punkte sammeln k\u00f6nnen. Diese Punkte k\u00f6nnen gegen zus\u00e4tzliche Preise und Pr\u00e4mien eingel\u00f6st werden, was Ihre Affiliate-Eink\u00fcnfte weiter steigern kann.<\/li>\n<\/ul>\n<p>Mit Affiliabet haben Sie unbegrenzte M\u00f6glichkeiten, Kampagnen f\u00fcr Ihre Online-Kan\u00e4le zu erstellen und anzupassen. Au\u00dferdem haben Sie Zugang zu unserem Team von erfahrenen Managern, die Sie mit allen Ressourcen versorgen, die Sie ben\u00f6tigen, einschlie\u00dflich t\u00e4glich aktualisierter Auszahlungszahlen und analytischer Berichte.<\/p>\n<p style=\"padding-left: 40px;\"><em><strong>Z\u00f6gern Sie nicht und steigen Sie bei Affiliabet ein, um Ihre Affiliate-Marketing-Einnahmen zu steigern! <a href=\"https:\/\/app.affiliabet.com\/register\"><span style=\"color: #00ff00;\">Sch\u00f6pfen Sie Ihr volles Marketing-Potenzial mit Affiliabet<\/span> <\/a>aus und verdienen Sie noch heute mehr als PokerStars-Affiliate.<\/strong><\/em><\/p>\n<\/div>\n\t\t\t\t<\/div>\n\t\t\t\t<\/div>\n\t\t\t\t\t\t<\/div>\n\t\t\t\t\t<\/div>\n\t\t<\/div>\n\t\t\t\t\t\t\t\t<\/div>\n\t\t\t\t\t<\/div>\n\t\t<\/section>\n\t\t\t\t<section class=\"elementor-section elementor-top-section elementor-element elementor-element-28b6163 elementor-section-boxed elementor-section-height-default elementor-section-height-default\" data-id=\"28b6163\" data-element_type=\"section\" data-settings=\"{&quot;background_background&quot;:&quot;classic&quot;}\">\n\t\t\t\t\t\t<div class=\"elementor-container elementor-column-gap-default\">\n\t\t\t\t\t\t\t<div class=\"elementor-row\">\n\t\t\t\t\t<div class=\"elementor-column elementor-col-100 elementor-top-column elementor-element elementor-element-21c6b73\" data-id=\"21c6b73\" data-element_type=\"column\">\n\t\t\t<div class=\"elementor-column-wrap elementor-element-populated\">\n\t\t\t\t\t\t\t<div class=\"elementor-widget-wrap\">\n\t\t\t\t\t\t<div class=\"elementor-element elementor-element-ec54eeb elementor-widget elementor-widget-text-editor\" data-id=\"ec54eeb\" data-element_type=\"widget\" data-widget_type=\"text-editor.default\">\n\t\t\t\t<div class=\"elementor-widget-container\">\n\t\t\t\t\t<div class=\"elementor-text-editor elementor-clearfix\"><p>Wenn Sie neu in der Welt des Online-Pokers und des Affiliate-Marketings sind, erfahren Sie hier, wie Sie PokerStars nutzen k\u00f6nnen, um beides miteinander zu verbinden:<\/p>\n<ol>\n<li><strong>Machen Sie sich mit PokerStars vertraut:<\/strong> Bevor Sie als Affiliate f\u00fcr PokerStars werben, ist es wichtig, dass Sie sich mit der Plattform vertraut machen. Melden Sie sich bei PokerStars als Spieler an und erkunden Sie die verschiedenen Funktionen der Seite, wie z.B. Spieltypen, Pokertische, Turniere und Promotionen. Wenn Sie wissen, wie die Plattform funktioniert, k\u00f6nnen Sie besser verstehen, wof\u00fcr Sie werben.<\/li>\n<li><strong>Melden Sie sich f\u00fcr das PokerStars-Partnerprogramm an:<\/strong> <a href=\"https:\/\/app.affiliabet.com\/register\"><span style=\"color: #333399;\"><strong>Besuchen Sie Affiliabet und suchen Sie den Partnerbereich.<\/strong> <\/span><\/a>Dort finden Sie Informationen \u00fcber das Partnerprogramm und k\u00f6nnen sich anmelden. Vervollst\u00e4ndigen Sie die Anmeldung und warten Sie, bis Ihr Antrag genehmigt wird.<\/li>\n<li><strong>Holen Sie sich Ihren Affiliate-Link:<\/strong> Sobald Sie als PokerStars-Affiliate zugelassen sind, erhalten Sie einen eindeutigen Affiliate-Link. Dieser Link wird verwendet, um Spieler zu verfolgen, die sich \u00fcber Ihre Empfehlung bei PokerStars anmelden.<\/li>\n<li><strong>Erstellen Sie relevante Online-Poker-Inhalte:<\/strong> Als Affiliate ist es Ihr prim\u00e4res Ziel, Spieler zu gewinnen, die sich f\u00fcr Online-Poker interessieren. Um dies zu erreichen, erstellen Sie relevante und wertvolle Inhalte \u00fcber das Spiel, wie z. B. Strategieanleitungen, Tipps f\u00fcr Anf\u00e4nger, Turnierberichte, Handanalysen und vieles mehr. Ver\u00f6ffentlichen Sie diese Inhalte auf Ihrer Website, in Ihrem Blog oder in den sozialen Medien, um die Aufmerksamkeit Ihrer Zielgruppe zu gewinnen.<\/li>\n<li><strong>Werben Sie f\u00fcr Ihren Partner-Link:<\/strong> F\u00fcgen Sie Ihren Partner-Link unbedingt in alle Inhalte ein, die Sie \u00fcber PokerStars ver\u00f6ffentlichen. So k\u00f6nnen interessierte Spieler auf Ihren Link klicken und sich \u00fcber ihn bei PokerStars anmelden.<\/li>\n<li><strong>Bieten Sie exklusive Boni und Promotionen an:<\/strong> Eine effektive Methode, um Spieler \u00fcber Ihren Partnerlink anzulocken, ist das Anbieten von exklusiven Boni und Promotionen. Sie k\u00f6nnen mit PokerStars spezielle Bonuscodes aushandeln, die Ihre Empfehlungen bei der Anmeldung verwenden k\u00f6nnen. Diese exklusiven Angebote erh\u00f6hen die Attraktivit\u00e4t einer Anmeldung bei PokerStars \u00fcber Ihren Link.<\/li>\n<li><strong>\u00dcberwachen Sie Ihre Leistung und passen Sie Ihre Strategie an:<\/strong> Nutzen Sie die Tracking- und Analyse-Tools des PokerStars-Partnerprogramms, um die Leistung Ihrer Referrals zu \u00fcberwachen. Analysieren Sie, welche Werbema\u00dfnahmen am besten funktionieren und welche Arten von Inhalten die meisten Conversions generieren. Anhand dieser Informationen k\u00f6nnen Sie Ihre Strategie anpassen, um Ihre Gewinne zu maximieren.<\/li>\n<\/ol>\n<p>Denken Sie daran, dass Online-Poker und Affiliate-Marketing Zeit, M\u00fche und Geduld erfordern. Mit zunehmender Erfahrung k\u00f6nnen Sie Ihre Strategien verfeinern und Ihr Einkommen als PokerStars-Affiliate steigern.<\/p>\n<\/div>\n\t\t\t\t<\/div>\n\t\t\t\t<\/div>\n\t\t\t\t\t\t<\/div>\n\t\t\t\t\t<\/div>\n\t\t<\/div>\n\t\t\t\t\t\t\t\t<\/div>\n\t\t\t\t\t<\/div>\n\t\t<\/section>\n\t\t\t\t\t\t<\/div>\n\t\t\t\t\t\t<\/div>\n\t\t\t\t\t<\/div>\n\t\t","protected":false},"excerpt":{"rendered":"<p>Pokerstars Spain Affiliates: Geld verdienen mit Pokerstars Affiliates Pokerstars-Affiliate-Kampagnen: Mit Pokerstars online Geld verdienen Was ist Pokerstars Spanien? PokerStars ist eine der gr\u00f6\u00dften und beliebtesten Online-Pokerplattformen der Welt. Sie wurde 2001 gegr\u00fcndet und hat sich schnell zu einer der meistbesuchten Online-Pokerseiten von Spielern aus aller Welt entwickelt. PokerStars bietet eine gro\u00dfe Auswahl an Online-Pokerspielen, darunter [&hellip;]<\/p>\n","protected":false},"author":1,"featured_media":0,"parent":0,"menu_order":0,"comment_status":"closed","ping_status":"closed","template":"","meta":[],"yoast_head":"<!-- This site is optimized with the Yoast SEO plugin v15.6.2 - https:\/\/yoast.com\/wordpress\/plugins\/seo\/ -->\n<title>Pokerstars Affiliates: Verdienen Sie Geld mit Pokerstars Affiliates<\/title>\n<meta name=\"description\" content=\"Pokerstars Affiliate-Kampagnen: Erfahren Sie, wie Sie mit Poker und Pokerstars.com Affiliate-\/Referral-Kampagnen online Geld verdienen k\u00f6nnen.\" \/>\n<meta name=\"robots\" content=\"index, follow, max-snippet:-1, max-image-preview:large, max-video-preview:-1\" \/>\n<link rel=\"canonical\" href=\"https:\/\/www.affiliabet.com\/de\/pokerstars\/\" \/>\n<meta property=\"og:locale\" content=\"de_DE\" \/>\n<meta property=\"og:type\" content=\"article\" \/>\n<meta property=\"og:title\" content=\"Pokerstars Affiliates: Verdienen Sie Geld mit Pokerstars Affiliates\" \/>\n<meta property=\"og:description\" content=\"Pokerstars Affiliate-Kampagnen: Erfahren Sie, wie Sie mit Poker und Pokerstars.com Affiliate-\/Referral-Kampagnen online Geld verdienen k\u00f6nnen.\" \/>\n<meta property=\"og:url\" content=\"https:\/\/www.affiliabet.com\/pokerstars\/\" \/>\n<meta property=\"og:site_name\" content=\"Affiliabet\" \/>\n<meta property=\"article:modified_time\" content=\"2024-01-17T12:14:45+00:00\" \/>\n<meta property=\"og:image\" content=\"https:\/\/www.affiliabet.com\/wp-content\/uploads\/2023\/06\/afiliados-pokerstars-300x200.jpg\" \/>\n<meta name=\"twitter:card\" content=\"summary_large_image\" \/>\n<meta name=\"twitter:label1\" content=\"Gesch\u00e4tzte Lesezeit\">\n\t<meta name=\"twitter:data1\" content=\"5\u00a0Minuten\">\n<script type=\"application\/ld+json\" class=\"yoast-schema-graph\">{\"@context\":\"https:\/\/schema.org\",\"@graph\":[{\"@type\":\"Organization\",\"@id\":\"https:\/\/www.affiliabet.com\/#organization\",\"name\":\"Affiliabet\",\"url\":\"https:\/\/www.affiliabet.com\/\",\"sameAs\":[],\"logo\":{\"@type\":\"ImageObject\",\"@id\":\"https:\/\/www.affiliabet.com\/#logo\",\"inLanguage\":\"de\",\"url\":\"https:\/\/www.affiliabet.com\/wp-content\/uploads\/2021\/01\/logo.jpg\",\"width\":387,\"height\":101,\"caption\":\"Affiliabet\"},\"image\":{\"@id\":\"https:\/\/www.affiliabet.com\/#logo\"}},{\"@type\":\"WebSite\",\"@id\":\"https:\/\/www.affiliabet.com\/#website\",\"url\":\"https:\/\/www.affiliabet.com\/\",\"name\":\"Affiliabet\",\"description\":\"Gestor N\\u00ba1 en campa\\u00f1as de afiliaci\\u00f3n de apuestas deportivas y juego online\",\"publisher\":{\"@id\":\"https:\/\/www.affiliabet.com\/#organization\"},\"potentialAction\":[{\"@type\":\"SearchAction\",\"target\":\"https:\/\/www.affiliabet.com\/?s={search_term_string}\",\"query-input\":\"required name=search_term_string\"}],\"inLanguage\":\"de\"},{\"@type\":\"ImageObject\",\"@id\":\"https:\/\/www.affiliabet.com\/pokerstars\/#primaryimage\",\"inLanguage\":\"de\",\"url\":\"https:\/\/www.affiliabet.com\/wp-content\/uploads\/2023\/06\/afiliados-pokerstars.jpg\",\"width\":750,\"height\":500,\"caption\":\"afiliados pokerstars\"},{\"@type\":\"WebPage\",\"@id\":\"https:\/\/www.affiliabet.com\/pokerstars\/#webpage\",\"url\":\"https:\/\/www.affiliabet.com\/pokerstars\/\",\"name\":\"Pokerstars Affiliates: Verdienen Sie Geld mit Pokerstars Affiliates\",\"isPartOf\":{\"@id\":\"https:\/\/www.affiliabet.com\/#website\"},\"primaryImageOfPage\":{\"@id\":\"https:\/\/www.affiliabet.com\/pokerstars\/#primaryimage\"},\"datePublished\":\"2023-04-08T03:09:53+00:00\",\"dateModified\":\"2024-01-17T12:14:45+00:00\",\"description\":\"Pokerstars Affiliate-Kampagnen: Erfahren Sie, wie Sie mit Poker und Pokerstars.com Affiliate-\/Referral-Kampagnen online Geld verdienen k\\u00f6nnen.\",\"inLanguage\":\"de\",\"potentialAction\":[{\"@type\":\"ReadAction\",\"target\":[\"https:\/\/www.affiliabet.com\/pokerstars\/\"]}]}]}<\/script>\n<!-- \/ Yoast SEO plugin. -->","_links":{"self":[{"href":"https:\/\/www.affiliabet.com\/de\/wp-json\/wp\/v2\/pages\/4717"}],"collection":[{"href":"https:\/\/www.affiliabet.com\/de\/wp-json\/wp\/v2\/pages"}],"about":[{"href":"https:\/\/www.affiliabet.com\/de\/wp-json\/wp\/v2\/types\/page"}],"author":[{"embeddable":true,"href":"https:\/\/www.affiliabet.com\/de\/wp-json\/wp\/v2\/users\/1"}],"replies":[{"embeddable":true,"href":"https:\/\/www.affiliabet.com\/de\/wp-json\/wp\/v2\/comments?post=4717"}],"version-history":[{"count":3,"href":"https:\/\/www.affiliabet.com\/de\/wp-json\/wp\/v2\/pages\/4717\/revisions"}],"predecessor-version":[{"id":7914,"href":"https:\/\/www.affiliabet.com\/de\/wp-json\/wp\/v2\/pages\/4717\/revisions\/7914"}],"wp:attachment":[{"href":"https:\/\/www.affiliabet.com\/de\/wp-json\/wp\/v2\/media?parent=4717"}],"curies":[{"name":"wp","href":"https:\/\/api.w.org\/{rel}","templated":true}]}}