{"id":4735,"date":"2024-01-18T09:02:13","date_gmt":"2024-01-18T09:02:13","guid":{"rendered":"https:\/\/www.affiliabet.com\/?page_id=4735"},"modified":"2024-01-18T09:02:14","modified_gmt":"2024-01-18T09:02:14","slug":"versus-und-seine-angeschlossenen-kampagnen","status":"publish","type":"page","link":"https:\/\/www.affiliabet.com\/de\/versus-und-seine-angeschlossenen-kampagnen\/","title":{"rendered":"Versus und seine angeschlossenen Kampagnen"},"content":{"rendered":"\t\t<div data-elementor-type=\"wp-page\" data-elementor-id=\"4735\" class=\"elementor elementor-4735 elementor-4734\" data-elementor-settings=\"[]\">\n\t\t\t\t\t\t<div class=\"elementor-inner\">\n\t\t\t\t\t\t\t<div class=\"elementor-section-wrap\">\n\t\t\t\t\t\t\t<section class=\"elementor-section elementor-top-section elementor-element elementor-element-c185c06 elementor-section-boxed elementor-section-height-default elementor-section-height-default\" data-id=\"c185c06\" data-element_type=\"section\" data-settings=\"{&quot;background_background&quot;:&quot;classic&quot;}\">\n\t\t\t\t\t\t<div class=\"elementor-container elementor-column-gap-no\">\n\t\t\t\t\t\t\t<div class=\"elementor-row\">\n\t\t\t\t\t<div class=\"elementor-column elementor-col-100 elementor-top-column elementor-element elementor-element-6e910c6\" data-id=\"6e910c6\" data-element_type=\"column\">\n\t\t\t<div class=\"elementor-column-wrap elementor-element-populated\">\n\t\t\t\t\t\t\t<div class=\"elementor-widget-wrap\">\n\t\t\t\t\t\t<div class=\"elementor-element elementor-element-da8716e elementor-widget elementor-widget-heading\" data-id=\"da8716e\" data-element_type=\"widget\" data-widget_type=\"heading.default\">\n\t\t\t\t<div class=\"elementor-widget-container\">\n\t\t\t<h1 class=\"elementor-heading-title elementor-size-large\">Versus Spain und die angeschlossenen Kampagnen<\/h1>\t\t<\/div>\n\t\t\t\t<\/div>\n\t\t\t\t<div class=\"elementor-element elementor-element-ca9dab7 elementor-widget elementor-widget-heading\" data-id=\"ca9dab7\" data-element_type=\"widget\" data-widget_type=\"heading.default\">\n\t\t\t\t<div class=\"elementor-widget-container\">\n\t\t\t<h2 class=\"elementor-heading-title elementor-size-medium\">Pr\u00e4sentation von Versus<\/h2>\t\t<\/div>\n\t\t\t\t<\/div>\n\t\t\t\t<div class=\"elementor-element elementor-element-4d471db elementor-widget elementor-widget-spacer\" data-id=\"4d471db\" data-element_type=\"widget\" data-widget_type=\"spacer.default\">\n\t\t\t\t<div class=\"elementor-widget-container\">\n\t\t\t\t\t<div class=\"elementor-spacer\">\n\t\t\t<div class=\"elementor-spacer-inner\"><\/div>\n\t\t<\/div>\n\t\t\t\t<\/div>\n\t\t\t\t<\/div>\n\t\t\t\t\t\t<\/div>\n\t\t\t\t\t<\/div>\n\t\t<\/div>\n\t\t\t\t\t\t\t\t<\/div>\n\t\t\t\t\t<\/div>\n\t\t<\/section>\n\t\t\t\t<section class=\"elementor-section elementor-top-section elementor-element elementor-element-d1b552e elementor-section-boxed elementor-section-height-default elementor-section-height-default\" data-id=\"d1b552e\" data-element_type=\"section\">\n\t\t\t\t\t\t<div class=\"elementor-container elementor-column-gap-no\">\n\t\t\t\t\t\t\t<div class=\"elementor-row\">\n\t\t\t\t\t<div class=\"elementor-column elementor-col-100 elementor-top-column elementor-element elementor-element-3858219\" data-id=\"3858219\" data-element_type=\"column\">\n\t\t\t<div class=\"elementor-column-wrap elementor-element-populated\">\n\t\t\t\t\t\t\t<div class=\"elementor-widget-wrap\">\n\t\t\t\t\t\t<div class=\"elementor-element elementor-element-db3b396 elementor-widget elementor-widget-image\" data-id=\"db3b396\" data-element_type=\"widget\" data-widget_type=\"image.default\">\n\t\t\t\t<div class=\"elementor-widget-container\">\n\t\t\t\t\t<div class=\"elementor-image\">\n\t\t\t\t\t\t\t\t\t\t<img width=\"300\" height=\"174\" src=\"https:\/\/www.affiliabet.com\/wp-content\/uploads\/2022\/01\/VERSUS-300x174.png\" class=\"attachment-medium size-medium\" alt=\"VERSUS\" loading=\"lazy\" srcset=\"https:\/\/www.affiliabet.com\/wp-content\/uploads\/2022\/01\/VERSUS-300x174.png 300w, https:\/\/www.affiliabet.com\/wp-content\/uploads\/2022\/01\/VERSUS.png 620w\" sizes=\"(max-width: 300px) 100vw, 300px\" \/>\t\t\t\t\t\t\t\t\t\t\t<\/div>\n\t\t\t\t<\/div>\n\t\t\t\t<\/div>\n\t\t\t\t<div class=\"elementor-element elementor-element-f047e63 elementor-widget elementor-widget-heading\" data-id=\"f047e63\" data-element_type=\"widget\" data-widget_type=\"heading.default\">\n\t\t\t\t<div class=\"elementor-widget-container\">\n\t\t\t<h3 class=\"elementor-heading-title elementor-size-default\"><b>Versus Spain Affiliate Campaigns<\/b><\/h3>\t\t<\/div>\n\t\t\t\t<\/div>\n\t\t\t\t<div class=\"elementor-element elementor-element-14ade18 elementor-widget elementor-widget-spacer\" data-id=\"14ade18\" data-element_type=\"widget\" data-widget_type=\"spacer.default\">\n\t\t\t\t<div class=\"elementor-widget-container\">\n\t\t\t\t\t<div class=\"elementor-spacer\">\n\t\t\t<div class=\"elementor-spacer-inner\"><\/div>\n\t\t<\/div>\n\t\t\t\t<\/div>\n\t\t\t\t<\/div>\n\t\t\t\t<div class=\"elementor-element elementor-element-e2d0188 elementor-widget elementor-widget-text-editor\" data-id=\"e2d0188\" data-element_type=\"widget\" data-widget_type=\"text-editor.default\">\n\t\t\t\t<div class=\"elementor-widget-container\">\n\t\t\t\t\t<div class=\"elementor-text-editor elementor-clearfix\"><p>Versus ist eine der<strong> historischen Marken im spanischen Gl\u00fccksspielsektor.<\/strong> Das Unternehmen blickt auf mehr als 50 Jahre Erfahrung zur\u00fcck und hat seinen Namen im Zuge der verschiedenen Gesch\u00e4ftsaktivit\u00e4ten mehrfach ge\u00e4ndert. Die Erfahrung in der Gesch\u00e4ftst\u00e4tigkeit ist jedoch immer gleich geblieben. Die Bed\u00fcrfnisse der Nutzer, die eine Plattform suchen, auf der sie absolut ortsunabh\u00e4ngig ihre <strong>Lieblingsspiele<\/strong> spielen k\u00f6nnen, werden jederzeit abgedeckt. Seit dem Beginn der Digitalisierung k\u00f6nnen wir nun jede Art von Bewegung von jedem Ort der Welt aus durchf\u00fchren. Unabh\u00e4ngig von der geografischen Lage, in der wir uns befinden.<\/p>\n<p><strong>Seit 2012 verf\u00fcgt Versus<\/strong> \u00fcber die entsprechenden Lizenzen der <strong>Generaldirektion f\u00fcr die Regulierung von Gl\u00fccksspielen.<\/strong> Daher kann es online operieren und den Spielern alle Sicherheitsbedingungen bieten, die sie ben\u00f6tigen, um alle ihre Bed\u00fcrfnisse zu erf\u00fcllen. Im Jahr 2019 hat dieser Betreiber eine komplette Image-Rekonstruktion vorgenommen, um sich an die neuen Energien des Marktes anzupassen. Er er\u00f6ffnete einen Markt, der es ihm erm\u00f6glichen w\u00fcrde, eine gr\u00f6\u00dfere Anzahl von Nutzern zu gewinnen, dank einer Menge, die sich auf die ausgezeichnete Benutzerfreundlichkeit seiner Plattform konzentriert.<\/p>\n<\/div>\n\t\t\t\t<\/div>\n\t\t\t\t<\/div>\n\t\t\t\t<div class=\"elementor-element elementor-element-ca351b2 elementor-align-center animated-slow elementor-invisible elementor-widget elementor-widget-button\" data-id=\"ca351b2\" data-element_type=\"widget\" data-settings=\"{&quot;_animation&quot;:&quot;slideInLeft&quot;}\" data-widget_type=\"button.default\">\n\t\t\t\t<div class=\"elementor-widget-container\">\n\t\t\t\t\t<div class=\"elementor-button-wrapper\">\n\t\t\t<a href=\"https:\/\/app.affiliabet.com\/register\" class=\"elementor-button-link elementor-button elementor-size-sm elementor-animation-wobble-to-bottom-right\" role=\"button\">\n\t\t\t\t\t\t<span class=\"elementor-button-content-wrapper\">\n\t\t\t\t\t\t<span class=\"elementor-button-text\">ICH M\u00d6CHTE ZUGANG ZU DEN KAMPAGNEN!<\/span>\n\t\t<\/span>\n\t\t\t\t\t<\/a>\n\t\t<\/div>\n\t\t\t\t<\/div>\n\t\t\t\t<\/div>\n\t\t\t\t<div class=\"elementor-element elementor-element-98c2fde elementor-widget elementor-widget-spacer\" data-id=\"98c2fde\" data-element_type=\"widget\" data-widget_type=\"spacer.default\">\n\t\t\t\t<div class=\"elementor-widget-container\">\n\t\t\t\t\t<div class=\"elementor-spacer\">\n\t\t\t<div class=\"elementor-spacer-inner\"><\/div>\n\t\t<\/div>\n\t\t\t\t<\/div>\n\t\t\t\t<\/div>\n\t\t\t\t\t\t<\/div>\n\t\t\t\t\t<\/div>\n\t\t<\/div>\n\t\t\t\t\t\t\t\t<\/div>\n\t\t\t\t\t<\/div>\n\t\t<\/section>\n\t\t\t\t<section class=\"elementor-section elementor-top-section elementor-element elementor-element-2864f8e elementor-section-boxed elementor-section-height-default elementor-section-height-default\" data-id=\"2864f8e\" data-element_type=\"section\">\n\t\t\t\t\t\t<div class=\"elementor-container elementor-column-gap-no\">\n\t\t\t\t\t\t\t<div class=\"elementor-row\">\n\t\t\t\t\t<div class=\"elementor-column elementor-col-100 elementor-top-column elementor-element elementor-element-f882aaf\" data-id=\"f882aaf\" data-element_type=\"column\">\n\t\t\t<div class=\"elementor-column-wrap elementor-element-populated\">\n\t\t\t\t\t\t\t<div class=\"elementor-widget-wrap\">\n\t\t\t\t\t\t<div class=\"elementor-element elementor-element-8251d4a elementor-widget elementor-widget-heading\" data-id=\"8251d4a\" data-element_type=\"widget\" data-widget_type=\"heading.default\">\n\t\t\t\t<div class=\"elementor-widget-container\">\n\t\t\t<h4 class=\"elementor-heading-title elementor-size-default\"><b>Ein sehr intuitives Casino<\/b>.<\/h4>\t\t<\/div>\n\t\t\t\t<\/div>\n\t\t\t\t<div class=\"elementor-element elementor-element-a15f4c5 elementor-widget elementor-widget-text-editor\" data-id=\"a15f4c5\" data-element_type=\"widget\" data-widget_type=\"text-editor.default\">\n\t\t\t\t<div class=\"elementor-widget-container\">\n\t\t\t\t\t<div class=\"elementor-text-editor elementor-clearfix\"><p>Derzeit gilt <strong>Versus<\/strong> als eines der Top-Casinos mit der gr\u00f6\u00dften Relevanz unter allen Marken, die unseren Katalog bilden. Es ist eine sehr intuitive Plattform, wenn es um den Zugriff auf jede Art von Spiel geht. Dar\u00fcber hinaus bietet es eine gro\u00dfe Auswahl an Spielen, wenn wir mit dem Spielen beginnen wollen. Ein Element, das wir ber\u00fccksichtigen m\u00fcssen, wenn wir unsere Reise im Affiliate-Marketing mit gro\u00dfer Effizienz beginnen wollen.<\/p>\n<p>Das Entwicklungsteam hinter der Anwendung hat alle <strong>Arten von Promotionen<\/strong> und Marketingaktionen gefunden, die es uns erm\u00f6glichen, die Aufmerksamkeit potenzieller Kunden zu gewinnen. Wenn Sie also auf der Suche nach einer Plattform sind, die es Ihnen erm\u00f6glicht, das Beste aus jedem investierten Euro herauszuholen, ist Versus genau das Richtige f\u00fcr Sie, um Ihre Verluste zu minimieren und Ihre Gewinne zu maximieren. Dank der seltsamen Abdeckung aller Optionen, die es w\u00e4hrend des gesamten Spielverlaufs bietet.<\/p>\n<p>Dar\u00fcber hinaus gibt es die M\u00f6glichkeit,<strong> Gewinne einzuzahlen oder abzuheben<\/strong>, und wir haben in einigen der verschiedenen St\u00e4dte, in denen Versus physisch vertreten ist, Niederlassungen. Daher gibt es eine zus\u00e4tzliche Transparenz in den gesamten Prozess.<\/p>\n<p><span style=\"color: #ff9900;\"><strong>Zahlungsm\u00f6glichkeiten<\/strong><\/span><\/p>\n<p>In der <strong>Online-Casino<\/strong>-Sektor, wie Sie wissen, zus\u00e4tzlich zu den Zahlungen, die sie bieten, um ihre Spieler wird eine der wichtigsten Garantien f\u00fcr jeden Spieler. Daher ist es wichtig, dass wir den hervorragenden Service hervorheben, den Versus in dieser Angelegenheit bietet. Sie bieten den Spielern eine Vielzahl von Optionen, die es ihnen erm\u00f6glichen, jeden Bedarf zu erf\u00fcllen. Unabh\u00e4ngig vom Szenario oder der Situation, in der sie sich befinden.<\/p>\n<p>Wie wir gesehen haben, ist <strong>Versus<\/strong> einer der besten Buchmacher, die wir derzeit im Netz finden k\u00f6nnen. Sich auf ihre Dienste \u00fcber unsere Plattform zu verlassen, ist die beste Investition, die wir machen k\u00f6nnen.<\/p>\n<\/div>\n\t\t\t\t<\/div>\n\t\t\t\t<\/div>\n\t\t\t\t<div class=\"elementor-element elementor-element-de57975 elementor-hidden-desktop elementor-hidden-tablet elementor-hidden-phone elementor-skin-carousel elementor-pagination-type-bullets elementor-pagination-position-outside elementor-widget elementor-widget-media-carousel\" data-id=\"de57975\" data-element_type=\"widget\" data-settings=\"{&quot;slides_per_view&quot;:&quot;6&quot;,&quot;space_between&quot;:{&quot;unit&quot;:&quot;px&quot;,&quot;size&quot;:29,&quot;sizes&quot;:[]},&quot;skin&quot;:&quot;carousel&quot;,&quot;effect&quot;:&quot;slide&quot;,&quot;pagination&quot;:&quot;bullets&quot;,&quot;speed&quot;:500,&quot;space_between_tablet&quot;:{&quot;unit&quot;:&quot;px&quot;,&quot;size&quot;:10,&quot;sizes&quot;:[]},&quot;space_between_mobile&quot;:{&quot;unit&quot;:&quot;px&quot;,&quot;size&quot;:10,&quot;sizes&quot;:[]}}\" data-widget_type=\"media-carousel.default\">\n\t\t\t\t<div class=\"elementor-widget-container\">\n\t\t\t\t\t<div class=\"elementor-swiper\">\n\t\t\t<div class=\"elementor-main-swiper swiper-container\">\n\t\t\t\t<div class=\"swiper-wrapper\">\n\t\t\t\t\t\t\t\t\t\t\t<div class=\"swiper-slide\">\n\t\t\t\t\t\t\t\t\t<div class=\"elementor-carousel-image\" style=\"background-image: url(https:\/\/www.affiliabet.com\/wp-content\/uploads\/2020\/08\/sportium-affiliabet-marketing-de-afiliacion-online-de-casinos.jpg)\">\n\t\t\t\t\t<\/div>\n\t\t\t\t\t\t\t\t<\/div>\n\t\t\t\t\t\t\t\t\t\t\t<div class=\"swiper-slide\">\n\t\t\t\t\t\t\t\t\t<div class=\"elementor-carousel-image\" style=\"background-image: url(https:\/\/www.affiliabet.com\/wp-content\/uploads\/2021\/10\/Party-Casino-Logo.jpg)\">\n\t\t\t\t\t<\/div>\n\t\t\t\t\t\t\t\t<\/div>\n\t\t\t\t\t\t\t\t\t\t\t<div class=\"swiper-slide\">\n\t\t\t\t\t\t\t\t\t<div class=\"elementor-carousel-image\" style=\"background-image: url(https:\/\/www.affiliabet.com\/wp-content\/uploads\/2020\/08\/luckia-affiliabet-marketing-de-afiliacion-online-de-casinos.jpg)\">\n\t\t\t\t\t<\/div>\n\t\t\t\t\t\t\t\t<\/div>\n\t\t\t\t\t\t\t\t\t\t\t<div class=\"swiper-slide\">\n\t\t\t\t\t\t\t\t\t<div class=\"elementor-carousel-image\" style=\"background-image: url(https:\/\/www.affiliabet.com\/wp-content\/uploads\/2020\/08\/codere-affiliabet-marketing-de-afiliacion-online-de-casinos.jpg)\">\n\t\t\t\t\t<\/div>\n\t\t\t\t\t\t\t\t<\/div>\n\t\t\t\t\t\t\t\t\t\t\t<div class=\"swiper-slide\">\n\t\t\t\t\t\t\t\t\t<div class=\"elementor-carousel-image\" style=\"background-image: url(https:\/\/www.affiliabet.com\/wp-content\/uploads\/2020\/08\/888-casino-affiliabet-marketing-de-afiliacion-online-de-casinos-y-juegos-de-azar.jpg)\">\n\t\t\t\t\t<\/div>\n\t\t\t\t\t\t\t\t<\/div>\n\t\t\t\t\t\t\t\t\t\t\t<div class=\"swiper-slide\">\n\t\t\t\t\t\t\t\t\t<div class=\"elementor-carousel-image\" style=\"background-image: url(https:\/\/www.affiliabet.com\/wp-content\/uploads\/2020\/08\/777-casino-affiliabet-marketing-de-afiliacion-online-de-casinos-y-juegos-de-azar.jpg)\">\n\t\t\t\t\t<\/div>\n\t\t\t\t\t\t\t\t<\/div>\n\t\t\t\t\t\t\t\t\t\t\t<div class=\"swiper-slide\">\n\t\t\t\t\t\t\t\t\t<div class=\"elementor-carousel-image\" style=\"background-image: url(https:\/\/www.affiliabet.com\/wp-content\/uploads\/2020\/08\/winamax-poker-affiliabet-marketing-de-afiliacion-online-de-casinos.jpg)\">\n\t\t\t\t\t<\/div>\n\t\t\t\t\t\t\t\t<\/div>\n\t\t\t\t\t\t\t\t\t\t\t<div class=\"swiper-slide\">\n\t\t\t\t\t\t\t\t\t<div class=\"elementor-carousel-image\" style=\"background-image: url(https:\/\/www.affiliabet.com\/wp-content\/uploads\/2020\/08\/888-poker-affiliabet-marketing-de-afiliacion-online-de-casinos.jpg)\">\n\t\t\t\t\t<\/div>\n\t\t\t\t\t\t\t\t<\/div>\n\t\t\t\t\t\t\t\t\t\t\t<div class=\"swiper-slide\">\n\t\t\t\t\t\t\t\t\t<div class=\"elementor-carousel-image\" style=\"background-image: url(https:\/\/www.affiliabet.com\/wp-content\/uploads\/2020\/08\/casino-barcelona-affiliabet-marketing-de-afiliacion-online-de-apuestas-deportivas-1.jpg)\">\n\t\t\t\t\t<\/div>\n\t\t\t\t\t\t\t\t<\/div>\n\t\t\t\t\t\t\t\t\t<\/div>\n\t\t\t\t\t\t\t\t\t\t\t\t\t\t\t<div class=\"swiper-pagination\"><\/div>\n\t\t\t\t\t\t\t\t\t\t\t\t\t\t\t\t\t<\/div>\n\t\t<\/div>\n\t\t\t\t<\/div>\n\t\t\t\t<\/div>\n\t\t\t\t\t\t<\/div>\n\t\t\t\t\t<\/div>\n\t\t<\/div>\n\t\t\t\t\t\t\t\t<\/div>\n\t\t\t\t\t<\/div>\n\t\t<\/section>\n\t\t\t\t<section class=\"elementor-section elementor-top-section elementor-element elementor-element-260a026 elementor-section-boxed elementor-section-height-default elementor-section-height-default\" data-id=\"260a026\" data-element_type=\"section\" data-settings=\"{&quot;background_background&quot;:&quot;classic&quot;}\">\n\t\t\t\t\t\t<div class=\"elementor-container elementor-column-gap-default\">\n\t\t\t\t\t\t\t<div class=\"elementor-row\">\n\t\t\t\t\t<div class=\"elementor-column elementor-col-100 elementor-top-column elementor-element elementor-element-8d6a713\" data-id=\"8d6a713\" data-element_type=\"column\">\n\t\t\t<div class=\"elementor-column-wrap elementor-element-populated\">\n\t\t\t\t\t\t\t<div class=\"elementor-widget-wrap\">\n\t\t\t\t\t\t<div class=\"elementor-element elementor-element-537095f elementor-widget elementor-widget-heading\" data-id=\"537095f\" data-element_type=\"widget\" data-widget_type=\"heading.default\">\n\t\t\t\t<div class=\"elementor-widget-container\">\n\t\t\t<h3 class=\"elementor-heading-title elementor-size-default\">REGISTRIEREN SIE SICH UND ERHALTEN SIE<br><strong>10\u20ac DE BONO DE BIENVENIDA<\/strong><\/h3>\t\t<\/div>\n\t\t\t\t<\/div>\n\t\t\t\t<div class=\"elementor-element elementor-element-b5cefad elementor-align-center elementor-widget elementor-widget-button\" data-id=\"b5cefad\" data-element_type=\"widget\" data-widget_type=\"button.default\">\n\t\t\t\t<div class=\"elementor-widget-container\">\n\t\t\t\t\t<div class=\"elementor-button-wrapper\">\n\t\t\t<a href=\"https:\/\/app.affiliabet.com\/register\" class=\"elementor-button-link elementor-button elementor-size-md elementor-animation-bounce-in\" role=\"button\">\n\t\t\t\t\t\t<span class=\"elementor-button-content-wrapper\">\n\t\t\t\t\t\t<span class=\"elementor-button-text\">KOSTENLOS registrieren<\/span>\n\t\t<\/span>\n\t\t\t\t\t<\/a>\n\t\t<\/div>\n\t\t\t\t<\/div>\n\t\t\t\t<\/div>\n\t\t\t\t\t\t<\/div>\n\t\t\t\t\t<\/div>\n\t\t<\/div>\n\t\t\t\t\t\t\t\t<\/div>\n\t\t\t\t\t<\/div>\n\t\t<\/section>\n\t\t\t\t\t\t<\/div>\n\t\t\t\t\t\t<\/div>\n\t\t\t\t\t<\/div>\n\t\t","protected":false},"excerpt":{"rendered":"<p>Versus Spain und die angeschlossenen Kampagnen Pr\u00e4sentation von Versus Versus Spain Affiliate Campaigns Versus ist eine der historischen Marken im spanischen Gl\u00fccksspielsektor. Das Unternehmen blickt auf mehr als 50 Jahre Erfahrung zur\u00fcck und hat seinen Namen im Zuge der verschiedenen Gesch\u00e4ftsaktivit\u00e4ten mehrfach ge\u00e4ndert. Die Erfahrung in der Gesch\u00e4ftst\u00e4tigkeit ist jedoch immer gleich geblieben. Die Bed\u00fcrfnisse [&hellip;]<\/p>\n","protected":false},"author":1,"featured_media":0,"parent":0,"menu_order":0,"comment_status":"closed","ping_status":"closed","template":"","meta":[],"yoast_head":"<!-- This site is optimized with the Yoast SEO plugin v15.6.2 - https:\/\/yoast.com\/wordpress\/plugins\/seo\/ -->\n<title>Versus und seine Partnerkampagnen - Affiliabet<\/title>\n<meta name=\"description\" content=\"Versus Spain und die angeschlossenen Kampagnen Pr\u00e4sentation von Versus Versus Spain Affiliate Campaigns Versus ist eine der historischen Marken im\" \/>\n<meta name=\"robots\" content=\"index, follow, max-snippet:-1, max-image-preview:large, max-video-preview:-1\" \/>\n<link rel=\"canonical\" href=\"https:\/\/www.affiliabet.com\/de\/versus\/\" \/>\n<meta property=\"og:locale\" content=\"de_DE\" \/>\n<meta property=\"og:type\" content=\"article\" \/>\n<meta property=\"og:title\" content=\"Versus und seine Partnerkampagnen - Affiliabet\" \/>\n<meta property=\"og:description\" content=\"Versus Spain und die angeschlossenen Kampagnen Pr\u00e4sentation von Versus Versus Spain Affiliate Campaigns Versus ist eine der historischen Marken im\" \/>\n<meta property=\"og:url\" content=\"https:\/\/www.affiliabet.com\/versus\/\" \/>\n<meta property=\"og:site_name\" content=\"Affiliabet\" \/>\n<meta property=\"article:modified_time\" content=\"2024-01-18T09:02:14+00:00\" \/>\n<meta property=\"og:image\" content=\"https:\/\/www.affiliabet.com\/wp-content\/uploads\/2022\/01\/VERSUS-300x174.png\" \/>\n<meta name=\"twitter:card\" content=\"summary_large_image\" \/>\n<meta name=\"twitter:label1\" content=\"Gesch\u00e4tzte Lesezeit\">\n\t<meta name=\"twitter:data1\" content=\"3\u00a0Minuten\">\n<script type=\"application\/ld+json\" class=\"yoast-schema-graph\">{\"@context\":\"https:\/\/schema.org\",\"@graph\":[{\"@type\":\"Organization\",\"@id\":\"https:\/\/www.affiliabet.com\/#organization\",\"name\":\"Affiliabet\",\"url\":\"https:\/\/www.affiliabet.com\/\",\"sameAs\":[],\"logo\":{\"@type\":\"ImageObject\",\"@id\":\"https:\/\/www.affiliabet.com\/#logo\",\"inLanguage\":\"de\",\"url\":\"https:\/\/www.affiliabet.com\/wp-content\/uploads\/2021\/01\/logo.jpg\",\"width\":387,\"height\":101,\"caption\":\"Affiliabet\"},\"image\":{\"@id\":\"https:\/\/www.affiliabet.com\/#logo\"}},{\"@type\":\"WebSite\",\"@id\":\"https:\/\/www.affiliabet.com\/#website\",\"url\":\"https:\/\/www.affiliabet.com\/\",\"name\":\"Affiliabet\",\"description\":\"Gestor N\\u00ba1 en campa\\u00f1as de afiliaci\\u00f3n de apuestas deportivas y juego online\",\"publisher\":{\"@id\":\"https:\/\/www.affiliabet.com\/#organization\"},\"potentialAction\":[{\"@type\":\"SearchAction\",\"target\":\"https:\/\/www.affiliabet.com\/?s={search_term_string}\",\"query-input\":\"required name=search_term_string\"}],\"inLanguage\":\"de\"},{\"@type\":\"ImageObject\",\"@id\":\"https:\/\/www.affiliabet.com\/versus\/#primaryimage\",\"inLanguage\":\"de\",\"url\":\"https:\/\/www.affiliabet.com\/wp-content\/uploads\/2022\/01\/VERSUS.png\",\"width\":620,\"height\":360,\"caption\":\"VERSUS\"},{\"@type\":\"WebPage\",\"@id\":\"https:\/\/www.affiliabet.com\/versus\/#webpage\",\"url\":\"https:\/\/www.affiliabet.com\/versus\/\",\"name\":\"Versus und seine Partnerkampagnen - Affiliabet\",\"isPartOf\":{\"@id\":\"https:\/\/www.affiliabet.com\/#website\"},\"primaryImageOfPage\":{\"@id\":\"https:\/\/www.affiliabet.com\/versus\/#primaryimage\"},\"datePublished\":\"2024-01-18T09:02:13+00:00\",\"dateModified\":\"2024-01-18T09:02:14+00:00\",\"description\":\"Versus Spain und die angeschlossenen Kampagnen Pr\\u00e4sentation von Versus Versus Spain Affiliate Campaigns Versus ist eine der historischen Marken im\",\"inLanguage\":\"de\",\"potentialAction\":[{\"@type\":\"ReadAction\",\"target\":[\"https:\/\/www.affiliabet.com\/versus\/\"]}]}]}<\/script>\n<!-- \/ Yoast SEO plugin. -->","_links":{"self":[{"href":"https:\/\/www.affiliabet.com\/de\/wp-json\/wp\/v2\/pages\/4735"}],"collection":[{"href":"https:\/\/www.affiliabet.com\/de\/wp-json\/wp\/v2\/pages"}],"about":[{"href":"https:\/\/www.affiliabet.com\/de\/wp-json\/wp\/v2\/types\/page"}],"author":[{"embeddable":true,"href":"https:\/\/www.affiliabet.com\/de\/wp-json\/wp\/v2\/users\/1"}],"replies":[{"embeddable":true,"href":"https:\/\/www.affiliabet.com\/de\/wp-json\/wp\/v2\/comments?post=4735"}],"version-history":[{"count":2,"href":"https:\/\/www.affiliabet.com\/de\/wp-json\/wp\/v2\/pages\/4735\/revisions"}],"predecessor-version":[{"id":7941,"href":"https:\/\/www.affiliabet.com\/de\/wp-json\/wp\/v2\/pages\/4735\/revisions\/7941"}],"wp:attachment":[{"href":"https:\/\/www.affiliabet.com\/de\/wp-json\/wp\/v2\/media?parent=4735"}],"curies":[{"name":"wp","href":"https:\/\/api.w.org\/{rel}","templated":true}]}}