{"id":7222,"date":"2024-01-03T18:06:37","date_gmt":"2024-01-03T18:06:37","guid":{"rendered":"https:\/\/www.affiliabet.com\/?page_id=7222"},"modified":"2024-01-18T11:31:46","modified_gmt":"2024-01-18T11:31:46","slug":"kasino-kolumbien-affiliates","status":"publish","type":"page","link":"https:\/\/www.affiliabet.com\/de\/kasino-kolumbien-affiliates\/","title":{"rendered":"Kasino Kolumbien Affiliates"},"content":{"rendered":"\t\t<div data-elementor-type=\"wp-page\" data-elementor-id=\"7222\" class=\"elementor elementor-7222 elementor-7221\" data-elementor-settings=\"[]\">\n\t\t\t\t\t\t<div class=\"elementor-inner\">\n\t\t\t\t\t\t\t<div class=\"elementor-section-wrap\">\n\t\t\t\t\t\t\t<section class=\"elementor-section elementor-top-section elementor-element elementor-element-c185c06 elementor-section-boxed elementor-section-height-default elementor-section-height-default\" data-id=\"c185c06\" data-element_type=\"section\" data-settings=\"{&quot;background_background&quot;:&quot;classic&quot;}\">\n\t\t\t\t\t\t<div class=\"elementor-container elementor-column-gap-no\">\n\t\t\t\t\t\t\t<div class=\"elementor-row\">\n\t\t\t\t\t<div class=\"elementor-column elementor-col-100 elementor-top-column elementor-element elementor-element-6e910c6\" data-id=\"6e910c6\" data-element_type=\"column\">\n\t\t\t<div class=\"elementor-column-wrap elementor-element-populated\">\n\t\t\t\t\t\t\t<div class=\"elementor-widget-wrap\">\n\t\t\t\t\t\t<div class=\"elementor-element elementor-element-da8716e elementor-widget elementor-widget-heading\" data-id=\"da8716e\" data-element_type=\"widget\" data-widget_type=\"heading.default\">\n\t\t\t\t<div class=\"elementor-widget-container\">\n\t\t\t<h1 class=\"elementor-heading-title elementor-size-large\"><b>Geld verdienen Affiliate\/Referral-Programm Poker, Casino, Online-Spiele<\/b><\/h1>\t\t<\/div>\n\t\t\t\t<\/div>\n\t\t\t\t<div class=\"elementor-element elementor-element-ca9dab7 elementor-widget elementor-widget-heading\" data-id=\"ca9dab7\" data-element_type=\"widget\" data-widget_type=\"heading.default\">\n\t\t\t\t<div class=\"elementor-widget-container\">\n\t\t\t<h2 class=\"elementor-heading-title elementor-size-medium\">Affiliabet - Verdienen Sie Geld mit den besten Affiliate-Marketing-Kampagnen und -Programmen f\u00fcr Online-Spiele (Poker, Casino).<\/h2>\t\t<\/div>\n\t\t\t\t<\/div>\n\t\t\t\t<div class=\"elementor-element elementor-element-4d471db elementor-widget elementor-widget-spacer\" data-id=\"4d471db\" data-element_type=\"widget\" data-widget_type=\"spacer.default\">\n\t\t\t\t<div class=\"elementor-widget-container\">\n\t\t\t\t\t<div class=\"elementor-spacer\">\n\t\t\t<div class=\"elementor-spacer-inner\"><\/div>\n\t\t<\/div>\n\t\t\t\t<\/div>\n\t\t\t\t<\/div>\n\t\t\t\t\t\t<\/div>\n\t\t\t\t\t<\/div>\n\t\t<\/div>\n\t\t\t\t\t\t\t\t<\/div>\n\t\t\t\t\t<\/div>\n\t\t<\/section>\n\t\t\t\t<section class=\"elementor-section elementor-top-section elementor-element elementor-element-d1b552e elementor-section-boxed elementor-section-height-default elementor-section-height-default\" data-id=\"d1b552e\" data-element_type=\"section\">\n\t\t\t\t\t\t<div class=\"elementor-container elementor-column-gap-no\">\n\t\t\t\t\t\t\t<div class=\"elementor-row\">\n\t\t\t\t\t<div class=\"elementor-column elementor-col-100 elementor-top-column elementor-element elementor-element-3858219\" data-id=\"3858219\" data-element_type=\"column\">\n\t\t\t<div class=\"elementor-column-wrap elementor-element-populated\">\n\t\t\t\t\t\t\t<div class=\"elementor-widget-wrap\">\n\t\t\t\t\t\t<div class=\"elementor-element elementor-element-f047e63 elementor-widget elementor-widget-heading\" data-id=\"f047e63\" data-element_type=\"widget\" data-widget_type=\"heading.default\">\n\t\t\t\t<div class=\"elementor-widget-container\">\n\t\t\t<h2 class=\"elementor-heading-title elementor-size-default\"><b>Was ist eine Affiliate-Marketing-Kampagne und wof\u00fcr ist sie gut?<\/h2>\t\t<\/div>\n\t\t\t\t<\/div>\n\t\t\t\t<div class=\"elementor-element elementor-element-14ade18 elementor-widget elementor-widget-spacer\" data-id=\"14ade18\" data-element_type=\"widget\" data-widget_type=\"spacer.default\">\n\t\t\t\t<div class=\"elementor-widget-container\">\n\t\t\t\t\t<div class=\"elementor-spacer\">\n\t\t\t<div class=\"elementor-spacer-inner\"><\/div>\n\t\t<\/div>\n\t\t\t\t<\/div>\n\t\t\t\t<\/div>\n\t\t\t\t<div class=\"elementor-element elementor-element-e2d0188 elementor-widget elementor-widget-text-editor\" data-id=\"e2d0188\" data-element_type=\"widget\" data-widget_type=\"text-editor.default\">\n\t\t\t\t<div class=\"elementor-widget-container\">\n\t\t\t\t\t<div class=\"elementor-text-editor elementor-clearfix\"><p>Affiliate-Marketing-Kampagnen sind eine Art der erfolgsabh\u00e4ngigen Werbung, bei der der Werbende <strong>einen Partner daf\u00fcr belohnt, dass er Besucher, Leads oder Verk\u00e4ufe auf seine Website bringt.<\/strong><\/p>\n<p>Es ist eine effektive M\u00f6glichkeit f\u00fcr Unternehmen, ihre <strong>Reichweite zu erh\u00f6hen und den Umsatz mit neuen Kunden zu steigern.<\/strong> Mit Affiliate-Marketing k\u00f6nnen Unternehmen ein breiteres Publikum erreichen und eine engere Beziehung zu potenziellen Kunden aufbauen.<\/p>\n<p>Es ist auch <strong>ein effektiver Weg, um Geld zu verdienen,<\/strong> da Werbetreibende nur f\u00fcr die Leads oder Verk\u00e4ufe zahlen, die von ihren Partnern generiert werden.<\/p>\n<\/div>\n\t\t\t\t<\/div>\n\t\t\t\t<\/div>\n\t\t\t\t<div class=\"elementor-element elementor-element-ca351b2 elementor-align-center animated-slow elementor-invisible elementor-widget elementor-widget-button\" data-id=\"ca351b2\" data-element_type=\"widget\" data-settings=\"{&quot;_animation&quot;:&quot;slideInLeft&quot;}\" data-widget_type=\"button.default\">\n\t\t\t\t<div class=\"elementor-widget-container\">\n\t\t\t\t\t<div class=\"elementor-button-wrapper\">\n\t\t\t<a href=\"https:\/\/app.affiliabet.com\/register\" class=\"elementor-button-link elementor-button elementor-size-sm elementor-animation-wobble-to-bottom-right\" role=\"button\">\n\t\t\t\t\t\t<span class=\"elementor-button-content-wrapper\">\n\t\t\t\t\t\t<span class=\"elementor-button-text\">ICH M\u00d6CHTE MIT AFFILIATES GELD VERDIENEN!<\/span>\n\t\t<\/span>\n\t\t\t\t\t<\/a>\n\t\t<\/div>\n\t\t\t\t<\/div>\n\t\t\t\t<\/div>\n\t\t\t\t<div class=\"elementor-element elementor-element-98c2fde elementor-widget elementor-widget-spacer\" data-id=\"98c2fde\" data-element_type=\"widget\" data-widget_type=\"spacer.default\">\n\t\t\t\t<div class=\"elementor-widget-container\">\n\t\t\t\t\t<div class=\"elementor-spacer\">\n\t\t\t<div class=\"elementor-spacer-inner\"><\/div>\n\t\t<\/div>\n\t\t\t\t<\/div>\n\t\t\t\t<\/div>\n\t\t\t\t\t\t<\/div>\n\t\t\t\t\t<\/div>\n\t\t<\/div>\n\t\t\t\t\t\t\t\t<\/div>\n\t\t\t\t\t<\/div>\n\t\t<\/section>\n\t\t\t\t<section class=\"elementor-section elementor-top-section elementor-element elementor-element-2864f8e elementor-section-boxed elementor-section-height-default elementor-section-height-default\" data-id=\"2864f8e\" data-element_type=\"section\">\n\t\t\t\t\t\t<div class=\"elementor-container elementor-column-gap-no\">\n\t\t\t\t\t\t\t<div class=\"elementor-row\">\n\t\t\t\t\t<div class=\"elementor-column elementor-col-100 elementor-top-column elementor-element elementor-element-f882aaf\" data-id=\"f882aaf\" data-element_type=\"column\">\n\t\t\t<div class=\"elementor-column-wrap elementor-element-populated\">\n\t\t\t\t\t\t\t<div class=\"elementor-widget-wrap\">\n\t\t\t\t\t\t<div class=\"elementor-element elementor-element-2483ea0 elementor-view-stacked elementor-shape-circle elementor-invisible elementor-widget elementor-widget-icon\" data-id=\"2483ea0\" data-element_type=\"widget\" data-settings=\"{&quot;_animation&quot;:&quot;zoomIn&quot;}\" data-widget_type=\"icon.default\">\n\t\t\t\t<div class=\"elementor-widget-container\">\n\t\t\t\t\t<div class=\"elementor-icon-wrapper\">\n\t\t\t<div class=\"elementor-icon\">\n\t\t\t<i aria-hidden=\"true\" class=\"fas fa-dice\"><\/i>\t\t\t<\/div>\n\t\t<\/div>\n\t\t\t\t<\/div>\n\t\t\t\t<\/div>\n\t\t\t\t<div class=\"elementor-element elementor-element-8251d4a elementor-widget elementor-widget-heading\" data-id=\"8251d4a\" data-element_type=\"widget\" data-widget_type=\"heading.default\">\n\t\t\t\t<div class=\"elementor-widget-container\">\n\t\t\t<h2 class=\"elementor-heading-title elementor-size-default\"><b>Wie kann man mit Empfehlungs- oder Partnerprogrammen in Online-Gl\u00fccksspielh\u00e4usern (Poker, Casino) Geld verdienen? CPA, Revenue Share<\/b><\/h2>\t\t<\/div>\n\t\t\t\t<\/div>\n\t\t\t\t<div class=\"elementor-element elementor-element-a15f4c5 elementor-widget elementor-widget-text-editor\" data-id=\"a15f4c5\" data-element_type=\"widget\" data-widget_type=\"text-editor.default\">\n\t\t\t\t<div class=\"elementor-widget-container\">\n\t\t\t\t\t<div class=\"elementor-text-editor elementor-clearfix\"><p>Um mit Empfehlungs- oder Partnerprogrammen bei Online-Gl\u00fccksspielanbietern Geld zu verdienen, haben Sie zwei Hauptoptionen f\u00fcr Zahlungsmodelle: <strong>Cost Per Acquisition (CPA) und Revenue Share.<\/strong><\/p>\n<ul>\n<li>CPA ist eine Art Pay-for-Performance-Modell, bei dem der <strong>Affiliate eine einmalige feste Provision erh\u00e4lt, wenn er einen neuen Spieler vermittelt, der sich anmeldet und eine Einzahlung t\u00e4tigt.<\/strong> Diese Methode ist ideal f\u00fcr Affiliates, die schnell belohnt werden wollen und sich nicht um die langfristige Leistung ihrer geworbenen Spieler k\u00fcmmern wollen.<\/li>\n<li>Revenue Share ist eine Art langfristiges Zahlungsmodell, bei dem der <strong>Partner einen Prozentsatz des durch die Aktivit\u00e4t des Spielers generierten Umsatzes erh\u00e4lt.<\/strong> Diese Methode ist ideal f\u00fcr Affiliates, die ein langfristiges Residualeinkommen anstreben. Sie ist auch f\u00fcr Pokerr\u00e4ume und Casinos von Vorteil, da sie ihnen die Sicherheit gibt, dass die geworbenen Spieler auf ihren Seiten aktiv bleiben.<\/li>\n<\/ul>\n<p>Um Ihre Einnahmen zu maximieren, sollten Sie eine <strong>Kombination beider Modelle<\/strong> in Erw\u00e4gung ziehen, da sie zusammen f\u00fcr einen stetigen Zahlungsstrom sorgen k\u00f6nnen. Sie k\u00f6nnen zum Beispiel einen CPA f\u00fcr die Erstregistrierung anbieten und dann zu einem Modell mit Umsatzbeteiligung \u00fcbergehen, sobald der Spieler aktiv spielt.<\/p>\n<\/div>\n\t\t\t\t<\/div>\n\t\t\t\t<\/div>\n\t\t\t\t\t\t<\/div>\n\t\t\t\t\t<\/div>\n\t\t<\/div>\n\t\t\t\t\t\t\t\t<\/div>\n\t\t\t\t\t<\/div>\n\t\t<\/section>\n\t\t\t\t<section class=\"elementor-section elementor-top-section elementor-element elementor-element-06b831f elementor-section-boxed elementor-section-height-default elementor-section-height-default\" data-id=\"06b831f\" data-element_type=\"section\">\n\t\t\t\t\t\t<div class=\"elementor-container elementor-column-gap-no\">\n\t\t\t\t\t\t\t<div class=\"elementor-row\">\n\t\t\t\t\t<div class=\"elementor-column elementor-col-100 elementor-top-column elementor-element elementor-element-72dd86a\" data-id=\"72dd86a\" data-element_type=\"column\">\n\t\t\t<div class=\"elementor-column-wrap elementor-element-populated\">\n\t\t\t\t\t\t\t<div class=\"elementor-widget-wrap\">\n\t\t\t\t\t\t<div class=\"elementor-element elementor-element-89111df elementor-widget elementor-widget-heading\" data-id=\"89111df\" data-element_type=\"widget\" data-widget_type=\"heading.default\">\n\t\t\t\t<div class=\"elementor-widget-container\">\n\t\t\t<h2 class=\"elementor-heading-title elementor-size-default\"><br><b>Die besten Online-Gl\u00fccksspielanbieter, die Affiliates und <\/b><b>Referral-System weltweit bezahlen (Sportium, Luckia, Codere, Wplay, Betplay, Zamba, Rushbet, William Hill, Rivalo, Yajuego, Bwin)<\/b>.<\/h2>\t\t<\/div>\n\t\t\t\t<\/div>\n\t\t\t\t<div class=\"elementor-element elementor-element-63acda1 elementor-widget elementor-widget-text-editor\" data-id=\"63acda1\" data-element_type=\"widget\" data-widget_type=\"text-editor.default\">\n\t\t\t\t<div class=\"elementor-widget-container\">\n\t\t\t\t\t<div class=\"elementor-text-editor elementor-clearfix\"><p>Diese Online-Gl\u00fccksspielanbieter bieten ihren Partnern weltweit Boni und Auszahlungen an.<\/p>\n<p>Durch dieses Empfehlungssystem k\u00f6nnen Spieler, Sponsoren und Partner <strong>Geld durch Provisionen verdienen<\/strong>, wenn sie andere Personen zum Spielen bei diesen Gl\u00fccksspielanbietern empfehlen.<\/p>\n<p>Dies ist sowohl f\u00fcr neue als auch f\u00fcr erfahrene Spieler eine gro\u00dfartige M\u00f6glichkeit, zus\u00e4tzliches Geld zu verdienen.<\/p>\n<ul>\n<li><a href=\"https:\/\/www.affiliabet.com\/de\/sportium-und-seine-angeschlossenen-kampagnen\/\"><span style=\"color: #0000ff;\"><strong>Sportium:<\/strong><\/span><\/a> Sportium ist eine der beliebtesten Online-Gl\u00fccksspielanbieter in Europa und Lateinamerika. Es gibt das Unternehmen seit 2004 und bietet den Spielern eine gro\u00dfe Auswahl an Spielen mit tollen Boni, Aktionen und Auszahlungen. Das Empfehlungssystem hilft Partnern, Geld zu verdienen, indem sie andere zum Spielen in diesem Casino anregen.<\/li>\n<li><strong>Luckia:<\/strong> Luckia ist ein spanischer Online-Gl\u00fccksspielanbieter mit einer starken Pr\u00e4senz in Lateinamerika. Spieler k\u00f6nnen sowohl in diesem Casino als auch auf seinen Partnerseiten fantastische Boni, Aktionen und Auszahlungen genie\u00dfen. Das Empfehlungssystem des Casinos bietet seinen Partnern zus\u00e4tzliches Geld, wenn sie andere Spieler zum Spielen in diesem Casino anwerben.<\/li>\n<li><a href=\"https:\/\/www.affiliabet.com\/de\/codere-spanien-und-die-mit-ihm-verbundenen-kampagnen\/\"><span style=\"color: #0000ff;\"><strong>Codere:<\/strong><\/span><\/a> Codere ist ein weiterer beliebter Online-Gl\u00fccksspielanbieter, der in Europa und Lateinamerika t\u00e4tig ist. Dieses Casino bietet Spielern gro\u00dfartige Boni, Aktionen und Auszahlungen zusammen mit seinem Partnerprogramm. Im Rahmen dieses Programms k\u00f6nnen Partner zus\u00e4tzliches Geld verdienen, wenn sie andere Spieler zum Spielen in diesem Casino anwerben.<\/li>\n<\/ul>\n<\/div>\n\t\t\t\t<\/div>\n\t\t\t\t<\/div>\n\t\t\t\t<div class=\"elementor-element elementor-element-9280a39 elementor-widget elementor-widget-spacer\" data-id=\"9280a39\" data-element_type=\"widget\" data-widget_type=\"spacer.default\">\n\t\t\t\t<div class=\"elementor-widget-container\">\n\t\t\t\t\t<div class=\"elementor-spacer\">\n\t\t\t<div class=\"elementor-spacer-inner\"><\/div>\n\t\t<\/div>\n\t\t\t\t<\/div>\n\t\t\t\t<\/div>\n\t\t\t\t\t\t<\/div>\n\t\t\t\t\t<\/div>\n\t\t<\/div>\n\t\t\t\t\t\t\t\t<\/div>\n\t\t\t\t\t<\/div>\n\t\t<\/section>\n\t\t\t\t<section class=\"elementor-section elementor-top-section elementor-element elementor-element-260a026 elementor-section-boxed elementor-section-height-default elementor-section-height-default\" data-id=\"260a026\" data-element_type=\"section\" data-settings=\"{&quot;background_background&quot;:&quot;classic&quot;}\">\n\t\t\t\t\t\t<div class=\"elementor-container elementor-column-gap-default\">\n\t\t\t\t\t\t\t<div class=\"elementor-row\">\n\t\t\t\t\t<div class=\"elementor-column elementor-col-100 elementor-top-column elementor-element elementor-element-8d6a713\" data-id=\"8d6a713\" data-element_type=\"column\">\n\t\t\t<div class=\"elementor-column-wrap elementor-element-populated\">\n\t\t\t\t\t\t\t<div class=\"elementor-widget-wrap\">\n\t\t\t\t\t\t<div class=\"elementor-element elementor-element-537095f elementor-widget elementor-widget-heading\" data-id=\"537095f\" data-element_type=\"widget\" data-widget_type=\"heading.default\">\n\t\t\t\t<div class=\"elementor-widget-container\">\n\t\t\t<h3 class=\"elementor-heading-title elementor-size-default\">START MAKING MONEY<br><br><b>Mit POKER AFFILIATES<\/b><\/h3>\t\t<\/div>\n\t\t\t\t<\/div>\n\t\t\t\t<div class=\"elementor-element elementor-element-b5cefad elementor-align-center elementor-widget elementor-widget-button\" data-id=\"b5cefad\" data-element_type=\"widget\" data-widget_type=\"button.default\">\n\t\t\t\t<div class=\"elementor-widget-container\">\n\t\t\t\t\t<div class=\"elementor-button-wrapper\">\n\t\t\t<a href=\"https:\/\/app.affiliabet.com\/register\" class=\"elementor-button-link elementor-button elementor-size-md elementor-animation-bounce-in\" role=\"button\">\n\t\t\t\t\t\t<span class=\"elementor-button-content-wrapper\">\n\t\t\t\t\t\t<span class=\"elementor-button-text\">KOSTELlOS registrieren<\/span>\n\t\t<\/span>\n\t\t\t\t\t<\/a>\n\t\t<\/div>\n\t\t\t\t<\/div>\n\t\t\t\t<\/div>\n\t\t\t\t\t\t<\/div>\n\t\t\t\t\t<\/div>\n\t\t<\/div>\n\t\t\t\t\t\t\t\t<\/div>\n\t\t\t\t\t<\/div>\n\t\t<\/section>\n\t\t\t\t<section class=\"elementor-section elementor-top-section elementor-element elementor-element-773f8b8 elementor-section-height-min-height elementor-section-boxed elementor-section-height-default elementor-section-items-middle\" data-id=\"773f8b8\" data-element_type=\"section\">\n\t\t\t\t\t\t<div class=\"elementor-container elementor-column-gap-default\">\n\t\t\t\t\t\t\t<div class=\"elementor-row\">\n\t\t\t\t\t<div class=\"elementor-column elementor-col-100 elementor-top-column elementor-element elementor-element-df5415b\" data-id=\"df5415b\" data-element_type=\"column\">\n\t\t\t<div class=\"elementor-column-wrap elementor-element-populated\">\n\t\t\t\t\t\t\t<div class=\"elementor-widget-wrap\">\n\t\t\t\t\t\t<div class=\"elementor-element elementor-element-7bc4aba elementor-widget elementor-widget-heading\" data-id=\"7bc4aba\" data-element_type=\"widget\" data-widget_type=\"heading.default\">\n\t\t\t\t<div class=\"elementor-widget-container\">\n\t\t\t<h2 class=\"elementor-heading-title elementor-size-default\"><b>Suchen Sie nach einer All-in-One-L\u00f6sung, um Ihre Einnahmen aus Online-Gl\u00fccksspiel-Empfehlungsmarketing-Kampagnen zu maximieren? Dann suchen Sie nicht weiter, denn Afiliabet hat die L\u00f6sung f\u00fcr Sie!<\/h2>\t\t<\/div>\n\t\t\t\t<\/div>\n\t\t\t\t\t\t<\/div>\n\t\t\t\t\t<\/div>\n\t\t<\/div>\n\t\t\t\t\t\t\t\t<\/div>\n\t\t\t\t\t<\/div>\n\t\t<\/section>\n\t\t\t\t<section class=\"elementor-section elementor-top-section elementor-element elementor-element-1dfb897 elementor-section-boxed elementor-section-height-default elementor-section-height-default\" data-id=\"1dfb897\" data-element_type=\"section\">\n\t\t\t\t\t\t<div class=\"elementor-container elementor-column-gap-default\">\n\t\t\t\t\t\t\t<div class=\"elementor-row\">\n\t\t\t\t\t<div class=\"elementor-column elementor-col-100 elementor-top-column elementor-element elementor-element-ea70971\" data-id=\"ea70971\" data-element_type=\"column\">\n\t\t\t<div class=\"elementor-column-wrap elementor-element-populated\">\n\t\t\t\t\t\t\t<div class=\"elementor-widget-wrap\">\n\t\t\t\t\t\t<div class=\"elementor-element elementor-element-1074b1c elementor-widget elementor-widget-text-editor\" data-id=\"1074b1c\" data-element_type=\"widget\" data-widget_type=\"text-editor.default\">\n\t\t\t\t<div class=\"elementor-widget-container\">\n\t\t\t\t\t<div class=\"elementor-text-editor elementor-clearfix\"><p>Afiliabet bietet Werbem\u00f6glichkeiten auf dem spanischen, italienischen, deutschen und lateinamerikanischen (LATAM) Markt durch verschiedene Affiliate-Kampagnen. Die Plattform ist Partnerschaften mit Sportwetten-, Poker-, Casino-, Bingo-, Forex- und Bin\u00e4roptionsanbietern eingegangen, um ihnen die volle Kontrolle \u00fcber ihre Vertriebskan\u00e4le zu bieten und so maximale Rentabilit\u00e4t zu erzielen.<\/p>\n<p>Erschlie\u00dfen Sie Ihr Marketing-Potenzial mit Afiliabet! Als Affiliate haben Sie unbegrenzte M\u00f6glichkeiten, Kampagnen f\u00fcr Ihre Online-Kan\u00e4le zu erstellen und anzupassen. Au\u00dferdem haben Sie Zugang zu unserem Team von erfahrenen Managern, die Sie mit allen Ressourcen versorgen, die Sie ben\u00f6tigen, einschlie\u00dflich t\u00e4glich aktualisierter Auszahlungszahlen und analytischer Berichte. Z\u00f6gern Sie nicht l\u00e4nger: Werden Sie Mitglied bei Afiliabet und steigern Sie Ihre Einnahmen aus dem Affiliate-Marketing!<\/p>\n<p style=\"text-align: left; padding-left: 40px;\"><em><strong>Warten Sie nicht l\u00e4nger und beginnen Sie, mit effektiven Affiliate-Kampagnen Geld zu verdienen! <span style=\"color: #ffcc00;\"><a style=\"color: #ffcc00;\" href=\"https:\/\/app.affiliabet.com\/register\">Werden Sie jetzt Mitglied bei Afiliabet<\/a><\/span> und nutzen Sie alle M\u00f6glichkeiten, die wir Ihnen bieten, um Ihre Broadcasting-Kan\u00e4le zu monetarisieren.<\/strong><\/em><\/p>\n<\/div>\n\t\t\t\t<\/div>\n\t\t\t\t<\/div>\n\t\t\t\t\t\t<\/div>\n\t\t\t\t\t<\/div>\n\t\t<\/div>\n\t\t\t\t\t\t\t\t<\/div>\n\t\t\t\t\t<\/div>\n\t\t<\/section>\n\t\t\t\t\t\t<\/div>\n\t\t\t\t\t\t<\/div>\n\t\t\t\t\t<\/div>\n\t\t","protected":false},"excerpt":{"rendered":"<p>Geld verdienen Affiliate\/Referral-Programm Poker, Casino, Online-Spiele Affiliabet &#8211; Verdienen Sie Geld mit den besten Affiliate-Marketing-Kampagnen und -Programmen f\u00fcr Online-Spiele (Poker, Casino). Was ist eine Affiliate-Marketing-Kampagne und wof\u00fcr ist sie gut? Affiliate-Marketing-Kampagnen sind eine Art der erfolgsabh\u00e4ngigen Werbung, bei der der Werbende einen Partner daf\u00fcr belohnt, dass er Besucher, Leads oder Verk\u00e4ufe auf seine Website bringt. [&hellip;]<\/p>\n","protected":false},"author":2,"featured_media":0,"parent":0,"menu_order":0,"comment_status":"closed","ping_status":"closed","template":"","meta":[],"yoast_head":"<!-- This site is optimized with the Yoast SEO plugin v15.6.2 - https:\/\/yoast.com\/wordpress\/plugins\/seo\/ -->\n<title>Geld verdienen affiliates\/referrals forex, bin\u00e4re Optionen, Handel<\/title>\n<meta name=\"description\" content=\"Erfahren Sie, wie Sie mit Affiliates\/Referrals in den Bereichen Forex, Bin\u00e4re Optionen, Trading und den besten B\u00f6rsen der Welt Geld verdienen k\u00f6nnen.\" \/>\n<meta name=\"robots\" content=\"index, follow, max-snippet:-1, max-image-preview:large, max-video-preview:-1\" \/>\n<link rel=\"canonical\" href=\"https:\/\/www.affiliabet.com\/de\/afiliados-juego-online-colombia\/\" \/>\n<meta property=\"og:locale\" content=\"de_DE\" \/>\n<meta property=\"og:type\" content=\"article\" \/>\n<meta property=\"og:title\" content=\"Geld verdienen affiliates\/referrals forex, bin\u00e4re Optionen, Handel\" \/>\n<meta property=\"og:description\" content=\"Erfahren Sie, wie Sie mit Affiliates\/Referrals in den Bereichen Forex, Bin\u00e4re Optionen, Trading und den besten B\u00f6rsen der Welt Geld verdienen k\u00f6nnen.\" \/>\n<meta property=\"og:url\" content=\"https:\/\/www.affiliabet.com\/afiliados-juego-online-colombia\/\" \/>\n<meta property=\"og:site_name\" content=\"Affiliabet\" \/>\n<meta property=\"article:modified_time\" content=\"2024-01-18T11:31:46+00:00\" \/>\n<meta property=\"og:image\" content=\"https:\/\/www.affiliabet.com\/wp-content\/uploads\/2021\/04\/affiliabet_logo_juegoresponsable.png\" \/>\n\t<meta property=\"og:image:width\" content=\"550\" \/>\n\t<meta property=\"og:image:height\" content=\"189\" \/>\n<meta name=\"twitter:card\" content=\"summary_large_image\" \/>\n<meta name=\"twitter:label1\" content=\"Gesch\u00e4tzte Lesezeit\">\n\t<meta name=\"twitter:data1\" content=\"4\u00a0Minuten\">\n<script type=\"application\/ld+json\" class=\"yoast-schema-graph\">{\"@context\":\"https:\/\/schema.org\",\"@graph\":[{\"@type\":\"Organization\",\"@id\":\"https:\/\/www.affiliabet.com\/#organization\",\"name\":\"Affiliabet\",\"url\":\"https:\/\/www.affiliabet.com\/\",\"sameAs\":[],\"logo\":{\"@type\":\"ImageObject\",\"@id\":\"https:\/\/www.affiliabet.com\/#logo\",\"inLanguage\":\"de\",\"url\":\"https:\/\/www.affiliabet.com\/wp-content\/uploads\/2021\/01\/logo.jpg\",\"width\":387,\"height\":101,\"caption\":\"Affiliabet\"},\"image\":{\"@id\":\"https:\/\/www.affiliabet.com\/#logo\"}},{\"@type\":\"WebSite\",\"@id\":\"https:\/\/www.affiliabet.com\/#website\",\"url\":\"https:\/\/www.affiliabet.com\/\",\"name\":\"Affiliabet\",\"description\":\"Gestor N\\u00ba1 en campa\\u00f1as de afiliaci\\u00f3n de apuestas deportivas y juego online\",\"publisher\":{\"@id\":\"https:\/\/www.affiliabet.com\/#organization\"},\"potentialAction\":[{\"@type\":\"SearchAction\",\"target\":\"https:\/\/www.affiliabet.com\/?s={search_term_string}\",\"query-input\":\"required name=search_term_string\"}],\"inLanguage\":\"de\"},{\"@type\":\"WebPage\",\"@id\":\"https:\/\/www.affiliabet.com\/afiliados-juego-online-colombia\/#webpage\",\"url\":\"https:\/\/www.affiliabet.com\/afiliados-juego-online-colombia\/\",\"name\":\"Geld verdienen affiliates\/referrals forex, bin\\u00e4re Optionen, Handel\",\"isPartOf\":{\"@id\":\"https:\/\/www.affiliabet.com\/#website\"},\"datePublished\":\"2024-01-03T18:06:37+00:00\",\"dateModified\":\"2024-01-18T11:31:46+00:00\",\"description\":\"Erfahren Sie, wie Sie mit Affiliates\/Referrals in den Bereichen Forex, Bin\\u00e4re Optionen, Trading und den besten B\\u00f6rsen der Welt Geld verdienen k\\u00f6nnen.\",\"inLanguage\":\"de\",\"potentialAction\":[{\"@type\":\"ReadAction\",\"target\":[\"https:\/\/www.affiliabet.com\/afiliados-juego-online-colombia\/\"]}]}]}<\/script>\n<!-- \/ Yoast SEO plugin. -->","_links":{"self":[{"href":"https:\/\/www.affiliabet.com\/de\/wp-json\/wp\/v2\/pages\/7222"}],"collection":[{"href":"https:\/\/www.affiliabet.com\/de\/wp-json\/wp\/v2\/pages"}],"about":[{"href":"https:\/\/www.affiliabet.com\/de\/wp-json\/wp\/v2\/types\/page"}],"author":[{"embeddable":true,"href":"https:\/\/www.affiliabet.com\/de\/wp-json\/wp\/v2\/users\/2"}],"replies":[{"embeddable":true,"href":"https:\/\/www.affiliabet.com\/de\/wp-json\/wp\/v2\/comments?post=7222"}],"version-history":[{"count":5,"href":"https:\/\/www.affiliabet.com\/de\/wp-json\/wp\/v2\/pages\/7222\/revisions"}],"predecessor-version":[{"id":7961,"href":"https:\/\/www.affiliabet.com\/de\/wp-json\/wp\/v2\/pages\/7222\/revisions\/7961"}],"wp:attachment":[{"href":"https:\/\/www.affiliabet.com\/de\/wp-json\/wp\/v2\/media?parent=7222"}],"curies":[{"name":"wp","href":"https:\/\/api.w.org\/{rel}","templated":true}]}}