{"id":7236,"date":"2024-01-09T17:12:40","date_gmt":"2024-01-09T17:12:40","guid":{"rendered":"https:\/\/www.affiliabet.com\/?page_id=7236"},"modified":"2024-01-09T17:12:41","modified_gmt":"2024-01-09T17:12:41","slug":"affiliates-fuer-sportwetten-kolumbien","status":"publish","type":"page","link":"https:\/\/www.affiliabet.com\/de\/affiliates-fuer-sportwetten-kolumbien\/","title":{"rendered":"Affiliates f\u00fcr Sportwetten Kolumbien"},"content":{"rendered":"\t\t<div data-elementor-type=\"wp-page\" data-elementor-id=\"7236\" class=\"elementor elementor-7236 elementor-7235\" data-elementor-settings=\"[]\">\n\t\t\t\t\t\t<div class=\"elementor-inner\">\n\t\t\t\t\t\t\t<div class=\"elementor-section-wrap\">\n\t\t\t\t\t\t\t<section class=\"elementor-section elementor-top-section elementor-element elementor-element-c185c06 elementor-section-boxed elementor-section-height-default elementor-section-height-default\" data-id=\"c185c06\" data-element_type=\"section\" data-settings=\"{&quot;background_background&quot;:&quot;classic&quot;}\">\n\t\t\t\t\t\t<div class=\"elementor-container elementor-column-gap-no\">\n\t\t\t\t\t\t\t<div class=\"elementor-row\">\n\t\t\t\t\t<div class=\"elementor-column elementor-col-100 elementor-top-column elementor-element elementor-element-6e910c6\" data-id=\"6e910c6\" data-element_type=\"column\">\n\t\t\t<div class=\"elementor-column-wrap elementor-element-populated\">\n\t\t\t\t\t\t\t<div class=\"elementor-widget-wrap\">\n\t\t\t\t\t\t<div class=\"elementor-element elementor-element-da8716e elementor-widget elementor-widget-heading\" data-id=\"da8716e\" data-element_type=\"widget\" data-widget_type=\"heading.default\">\n\t\t\t\t<div class=\"elementor-widget-container\">\n\t\t\t<h1 class=\"elementor-heading-title elementor-size-large\"><b>Geld verdienen mit Affiliates\/Referrals bei Sportbuchmachern<\/b>.<\/h1>\t\t<\/div>\n\t\t\t\t<\/div>\n\t\t\t\t<div class=\"elementor-element elementor-element-ca9dab7 elementor-widget elementor-widget-heading\" data-id=\"ca9dab7\" data-element_type=\"widget\" data-widget_type=\"heading.default\">\n\t\t\t\t<div class=\"elementor-widget-container\">\n\t\t\t<h2 class=\"elementor-heading-title elementor-size-medium\">Affiliabet - Verdienen Sie Geld mit Affiliate-Marketing-Kampagnen bei den besten Buchmachern der Welt.<\/h2>\t\t<\/div>\n\t\t\t\t<\/div>\n\t\t\t\t<div class=\"elementor-element elementor-element-4d471db elementor-widget elementor-widget-spacer\" data-id=\"4d471db\" data-element_type=\"widget\" data-widget_type=\"spacer.default\">\n\t\t\t\t<div class=\"elementor-widget-container\">\n\t\t\t\t\t<div class=\"elementor-spacer\">\n\t\t\t<div class=\"elementor-spacer-inner\"><\/div>\n\t\t<\/div>\n\t\t\t\t<\/div>\n\t\t\t\t<\/div>\n\t\t\t\t\t\t<\/div>\n\t\t\t\t\t<\/div>\n\t\t<\/div>\n\t\t\t\t\t\t\t\t<\/div>\n\t\t\t\t\t<\/div>\n\t\t<\/section>\n\t\t\t\t<section class=\"elementor-section elementor-top-section elementor-element elementor-element-d1b552e elementor-section-boxed elementor-section-height-default elementor-section-height-default\" data-id=\"d1b552e\" data-element_type=\"section\">\n\t\t\t\t\t\t<div class=\"elementor-container elementor-column-gap-no\">\n\t\t\t\t\t\t\t<div class=\"elementor-row\">\n\t\t\t\t\t<div class=\"elementor-column elementor-col-100 elementor-top-column elementor-element elementor-element-3858219\" data-id=\"3858219\" data-element_type=\"column\">\n\t\t\t<div class=\"elementor-column-wrap elementor-element-populated\">\n\t\t\t\t\t\t\t<div class=\"elementor-widget-wrap\">\n\t\t\t\t\t\t<div class=\"elementor-element elementor-element-f047e63 elementor-widget elementor-widget-heading\" data-id=\"f047e63\" data-element_type=\"widget\" data-widget_type=\"heading.default\">\n\t\t\t\t<div class=\"elementor-widget-container\">\n\t\t\t<h2 class=\"elementor-heading-title elementor-size-default\"><b>Was ist eine Affiliate-Marketing-Kampagne und wof\u00fcr ist sie gut?<\/b><\/h2>\t\t<\/div>\n\t\t\t\t<\/div>\n\t\t\t\t<div class=\"elementor-element elementor-element-14ade18 elementor-widget elementor-widget-spacer\" data-id=\"14ade18\" data-element_type=\"widget\" data-widget_type=\"spacer.default\">\n\t\t\t\t<div class=\"elementor-widget-container\">\n\t\t\t\t\t<div class=\"elementor-spacer\">\n\t\t\t<div class=\"elementor-spacer-inner\"><\/div>\n\t\t<\/div>\n\t\t\t\t<\/div>\n\t\t\t\t<\/div>\n\t\t\t\t<div class=\"elementor-element elementor-element-e2d0188 elementor-widget elementor-widget-text-editor\" data-id=\"e2d0188\" data-element_type=\"widget\" data-widget_type=\"text-editor.default\">\n\t\t\t\t<div class=\"elementor-widget-container\">\n\t\t\t\t\t<div class=\"elementor-text-editor elementor-clearfix\"><p>Eine Affiliate-Marketing-Kampagne ist eine Marketingstrategie, bei der ein Unternehmen (Advertiser) mit Einzelpersonen oder Unternehmen (Affiliates) zusammenarbeitet, um seine <strong>Produkte oder Dienstleistungen zu bewerben.<\/strong><\/p>\n<p>Der Werbetreibende stellt den Partnern einen eindeutigen Tracking-Link zur Verf\u00fcgung, den diese auf ihren Websites, Blogs oder sozialen Medien verwenden k\u00f6nnen, um Besucher auf die Website des Werbetreibenden zu leiten. Wenn ein Nutzer auf diesen Link klickt und einen Kauf t\u00e4tigt, <strong>erh\u00e4lt der Partner eine Provision f\u00fcr den Verkauf.<\/strong><\/p>\n<p>Die Affiliate-Marketing-Kampagne kann sowohl f\u00fcr den Werbetreibenden als auch f\u00fcr die Affiliates von Vorteil sein. F\u00fcr den Werbetreibenden kann sie die Bekanntheit seines Produkts oder seiner Dienstleistung bei einem gr\u00f6\u00dferen Publikum erh\u00f6hen, zus\u00e4tzlichen <strong>Verkehr und Verk\u00e4ufe generieren<\/strong> und seinen ROI (Return on Investment) verbessern.<\/p>\n<p>F\u00fcr die Partner wiederum <strong>kann es eine kosteng\u00fcnstige M\u00f6glichkeit sein, ihre Website oder ihren Blog zu monetarisieren und zus\u00e4tzliche Einnahmen zu erzielen.<\/strong><\/p>\n<\/div>\n\t\t\t\t<\/div>\n\t\t\t\t<\/div>\n\t\t\t\t<div class=\"elementor-element elementor-element-ca351b2 elementor-align-center animated-slow elementor-invisible elementor-widget elementor-widget-button\" data-id=\"ca351b2\" data-element_type=\"widget\" data-settings=\"{&quot;_animation&quot;:&quot;slideInLeft&quot;}\" data-widget_type=\"button.default\">\n\t\t\t\t<div class=\"elementor-widget-container\">\n\t\t\t\t\t<div class=\"elementor-button-wrapper\">\n\t\t\t<a href=\"https:\/\/app.affiliabet.com\/register\" class=\"elementor-button-link elementor-button elementor-size-sm elementor-animation-wobble-to-bottom-right\" role=\"button\">\n\t\t\t\t\t\t<span class=\"elementor-button-content-wrapper\">\n\t\t\t\t\t\t<span class=\"elementor-button-text\">ICH M\u00d6CHTE ZUGANG ZU DEN KAMPAGNEN!<\/span>\n\t\t<\/span>\n\t\t\t\t\t<\/a>\n\t\t<\/div>\n\t\t\t\t<\/div>\n\t\t\t\t<\/div>\n\t\t\t\t<div class=\"elementor-element elementor-element-98c2fde elementor-widget elementor-widget-spacer\" data-id=\"98c2fde\" data-element_type=\"widget\" data-widget_type=\"spacer.default\">\n\t\t\t\t<div class=\"elementor-widget-container\">\n\t\t\t\t\t<div class=\"elementor-spacer\">\n\t\t\t<div class=\"elementor-spacer-inner\"><\/div>\n\t\t<\/div>\n\t\t\t\t<\/div>\n\t\t\t\t<\/div>\n\t\t\t\t\t\t<\/div>\n\t\t\t\t\t<\/div>\n\t\t<\/div>\n\t\t\t\t\t\t\t\t<\/div>\n\t\t\t\t\t<\/div>\n\t\t<\/section>\n\t\t\t\t<section class=\"elementor-section elementor-top-section elementor-element elementor-element-7771020 elementor-section-boxed elementor-section-height-default elementor-section-height-default\" data-id=\"7771020\" data-element_type=\"section\">\n\t\t\t\t\t\t<div class=\"elementor-container elementor-column-gap-no\">\n\t\t\t\t\t\t\t<div class=\"elementor-row\">\n\t\t\t\t\t<div class=\"elementor-column elementor-col-100 elementor-top-column elementor-element elementor-element-3ca1273\" data-id=\"3ca1273\" data-element_type=\"column\">\n\t\t\t<div class=\"elementor-column-wrap elementor-element-populated\">\n\t\t\t\t\t\t\t<div class=\"elementor-widget-wrap\">\n\t\t\t\t\t\t<div class=\"elementor-element elementor-element-33aea64 elementor-view-stacked elementor-shape-circle elementor-invisible elementor-widget elementor-widget-icon\" data-id=\"33aea64\" data-element_type=\"widget\" data-settings=\"{&quot;_animation&quot;:&quot;zoomIn&quot;}\" data-widget_type=\"icon.default\">\n\t\t\t\t<div class=\"elementor-widget-container\">\n\t\t\t\t\t<div class=\"elementor-icon-wrapper\">\n\t\t\t<div class=\"elementor-icon\">\n\t\t\t<i aria-hidden=\"true\" class=\"far fa-futbol\"><\/i>\t\t\t<\/div>\n\t\t<\/div>\n\t\t\t\t<\/div>\n\t\t\t\t<\/div>\n\t\t\t\t<div class=\"elementor-element elementor-element-4105e40 elementor-widget elementor-widget-heading\" data-id=\"4105e40\" data-element_type=\"widget\" data-widget_type=\"heading.default\">\n\t\t\t\t<div class=\"elementor-widget-container\">\n\t\t\t<h2 class=\"elementor-heading-title elementor-size-default\"><b>Wie k\u00f6nnen Sie Geld verdienen, indem Sie Leute an Buchmacher verweisen oder ihnen Partnerschaften vermitteln?<\/b><\/h2>\t\t<\/div>\n\t\t\t\t<\/div>\n\t\t\t\t<div class=\"elementor-element elementor-element-c902585 elementor-widget elementor-widget-text-editor\" data-id=\"c902585\" data-element_type=\"widget\" data-widget_type=\"text-editor.default\">\n\t\t\t\t<div class=\"elementor-widget-container\">\n\t\t\t\t\t<div class=\"elementor-text-editor elementor-clearfix\"><p>In der Buchmacherbranche gibt es verschiedene M\u00f6glichkeiten, als Partner Geld zu verdienen. Einige der gebr\u00e4uchlichsten M\u00f6glichkeiten werden im Folgenden beschrieben:<\/p>\n<ul>\n<li><strong>Provisionen pro Registrierung (CPA):<\/strong> Buchmacher bieten ihren Partnern Provisionen f\u00fcr jeden neuen Spieler, der sich \u00fcber ihren Partnerlink registriert. Die H\u00f6he der Provision variiert von Buchmacher zu Buchmacher und kann ein fester Betrag oder ein Prozentsatz des Gewinns des Spielers sein.<\/li>\n<li><strong>Umsatzbeteiligungsprovisionen:<\/strong> Einige Buchmacher bieten zus\u00e4tzliche Provisionen f\u00fcr Affiliates an, wenn Spieler Geld auf ihr Wettkonto einzahlen, nachdem sie sich \u00fcber ihren Affiliate-Link registriert haben.<\/li>\n<li><strong>Provisionen f\u00fcr Nettoeinnahmen:<\/strong> Affiliates k\u00f6nnen eine Provision f\u00fcr die Nettoeinnahmen erhalten, die von Spielern erzielt werden, die sich \u00fcber ihren Affiliate-Link registriert haben. Die Nettoeinnahmen werden berechnet, indem die Verluste der Spieler von ihren Einnahmen abgezogen werden.<\/li>\n<li><strong>Sub-Affiliate-Programme:<\/strong> Einige Buchmacher bieten Provisionen f\u00fcr Affiliates an, die andere Affiliates an das Programm verweisen. Der Partner erh\u00e4lt eine Provision auf die Gewinne der geworbenen Unterpartner.<\/li>\n<li><strong>Sonderangebote:<\/strong> Affiliates k\u00f6nnen Zugang zu Sonderangeboten haben, wie z. B. exklusive Boni, die sie den von ihnen geworbenen Spielern anbieten k\u00f6nnen. Diese Angebote k\u00f6nnen mehr Spieler \u00fcber den Affiliate-Link anlocken.<\/li>\n<\/ul>\n<\/div>\n\t\t\t\t<\/div>\n\t\t\t\t<\/div>\n\t\t\t\t\t\t<\/div>\n\t\t\t\t\t<\/div>\n\t\t<\/div>\n\t\t\t\t\t\t\t\t<\/div>\n\t\t\t\t\t<\/div>\n\t\t<\/section>\n\t\t\t\t<section class=\"elementor-section elementor-top-section elementor-element elementor-element-06b831f elementor-section-height-min-height elementor-section-boxed elementor-section-height-default elementor-section-items-middle\" data-id=\"06b831f\" data-element_type=\"section\">\n\t\t\t\t\t\t<div class=\"elementor-container elementor-column-gap-no\">\n\t\t\t\t\t\t\t<div class=\"elementor-row\">\n\t\t\t\t\t<div class=\"elementor-column elementor-col-100 elementor-top-column elementor-element elementor-element-72dd86a\" data-id=\"72dd86a\" data-element_type=\"column\">\n\t\t\t<div class=\"elementor-column-wrap elementor-element-populated\">\n\t\t\t\t\t\t\t<div class=\"elementor-widget-wrap\">\n\t\t\t\t\t\t<div class=\"elementor-element elementor-element-b8183ed elementor-widget elementor-widget-spacer\" data-id=\"b8183ed\" data-element_type=\"widget\" data-widget_type=\"spacer.default\">\n\t\t\t\t<div class=\"elementor-widget-container\">\n\t\t\t\t\t<div class=\"elementor-spacer\">\n\t\t\t<div class=\"elementor-spacer-inner\"><\/div>\n\t\t<\/div>\n\t\t\t\t<\/div>\n\t\t\t\t<\/div>\n\t\t\t\t<div class=\"elementor-element elementor-element-89111df elementor-widget elementor-widget-heading\" data-id=\"89111df\" data-element_type=\"widget\" data-widget_type=\"heading.default\">\n\t\t\t\t<div class=\"elementor-widget-container\">\n\t\t\t<h2 class=\"elementor-heading-title elementor-size-default\"><b>Die besten Buchmacher, die f\u00fcr Affiliates weltweit zahlen<\/b><b>(CPA, Revenue Share)<\/b>.<\/h2>\t\t<\/div>\n\t\t\t\t<\/div>\n\t\t\t\t<div class=\"elementor-element elementor-element-63acda1 elementor-widget elementor-widget-text-editor\" data-id=\"63acda1\" data-element_type=\"widget\" data-widget_type=\"text-editor.default\">\n\t\t\t\t<div class=\"elementor-widget-container\">\n\t\t\t\t\t<div class=\"elementor-text-editor elementor-clearfix\"><p>Hier sind einige der Buchmacher, die Sie bei Ihrer Suche gefunden haben:<\/p>\n<ul>\n<li><strong>Betfair:<\/strong> <a href=\"https:\/\/www.affiliabet.com\/de\/?page_id=4583\"><span style=\"color: #0000ff;\">Betfair<\/span><\/a> ist einer der innovativsten und beliebtesten Buchmacher auf dem Markt. Er ist bekannt f\u00fcr seine Wettb\u00f6rse und bietet eine breite Palette an Sportarten und M\u00e4rkten. Es bietet auch ein Partnerprogramm mit CPA und Revenue Share.<\/li>\n<li><strong>BWin:<\/strong> BWin ist ein weiterer der beliebtesten Buchmacher weltweit. Er bietet eine gro\u00dfe Auswahl an Sportarten und M\u00e4rkten sowie eine Live-Wettplattform und einen ausgezeichneten Kundensupport. Sein Partnerprogramm ist bekannt f\u00fcr hohe Provisionen und guten Support.<\/li>\n<li><strong>WilliamHill:<\/strong> WilliamHill ist einer der \u00e4ltesten und angesehensten Buchmacher auf dem Markt. Er bietet eine breite Palette an Sportarten und M\u00e4rkten sowie eine Live-Wettplattform. Ihr Partnerprogramm ist bekannt f\u00fcr hohe Provisionen und eine gute Beziehung zu ihren Partnern.<\/li>\n<\/ul>\n<p>Sie k\u00f6nnen sich auch \u00fcber die Partnerprogramme anderer Buchmacher informieren, indem Sie auf deren <strong>Namen tippen: <a href=\"https:\/\/www.affiliabet.com\/de\/?page_id=4583\"><span style=\"color: #0000ff;\">Betfair<\/span><\/a>, BWin, <a href=\"https:\/\/www.affiliabet.com\/de\/?page_id=4670\"><span style=\"color: #0000ff;\">Codere<\/span><\/a>, <a href=\"https:\/\/www.affiliabet.com\/de\/?page_id=4707\"><span style=\"color: #0000ff;\">Luckia<\/span><\/a>, <a href=\"https:\/\/www.affiliabet.com\/de\/?page_id=4726\"><span style=\"color: #333399;\">Sportium,<\/span><\/a> Wplay, Betplay, Zamba, Rushbet, Rivalo, Yajuego&#8230; und viele mehr!<\/strong><\/p>\n<\/div>\n\t\t\t\t<\/div>\n\t\t\t\t<\/div>\n\t\t\t\t<div class=\"elementor-element elementor-element-9280a39 elementor-widget elementor-widget-spacer\" data-id=\"9280a39\" data-element_type=\"widget\" data-widget_type=\"spacer.default\">\n\t\t\t\t<div class=\"elementor-widget-container\">\n\t\t\t\t\t<div class=\"elementor-spacer\">\n\t\t\t<div class=\"elementor-spacer-inner\"><\/div>\n\t\t<\/div>\n\t\t\t\t<\/div>\n\t\t\t\t<\/div>\n\t\t\t\t\t\t<\/div>\n\t\t\t\t\t<\/div>\n\t\t<\/div>\n\t\t\t\t\t\t\t\t<\/div>\n\t\t\t\t\t<\/div>\n\t\t<\/section>\n\t\t\t\t<section class=\"elementor-section elementor-top-section elementor-element elementor-element-260a026 elementor-section-boxed elementor-section-height-default elementor-section-height-default\" data-id=\"260a026\" data-element_type=\"section\" data-settings=\"{&quot;background_background&quot;:&quot;classic&quot;}\">\n\t\t\t\t\t\t<div class=\"elementor-container elementor-column-gap-default\">\n\t\t\t\t\t\t\t<div class=\"elementor-row\">\n\t\t\t\t\t<div class=\"elementor-column elementor-col-100 elementor-top-column elementor-element elementor-element-8d6a713\" data-id=\"8d6a713\" data-element_type=\"column\">\n\t\t\t<div class=\"elementor-column-wrap elementor-element-populated\">\n\t\t\t\t\t\t\t<div class=\"elementor-widget-wrap\">\n\t\t\t\t\t\t<div class=\"elementor-element elementor-element-537095f elementor-widget elementor-widget-heading\" data-id=\"537095f\" data-element_type=\"widget\" data-widget_type=\"heading.default\">\n\t\t\t\t<div class=\"elementor-widget-container\">\n\t\t\t<h3 class=\"elementor-heading-title elementor-size-default\">Melden Sie sich noch heute an und erhalten Sie<br><strong>10\u20ac Willkommensbonus<\/strong>.<\/h3>\t\t<\/div>\n\t\t\t\t<\/div>\n\t\t\t\t<div class=\"elementor-element elementor-element-b5cefad elementor-align-center elementor-widget elementor-widget-button\" data-id=\"b5cefad\" data-element_type=\"widget\" data-widget_type=\"button.default\">\n\t\t\t\t<div class=\"elementor-widget-container\">\n\t\t\t\t\t<div class=\"elementor-button-wrapper\">\n\t\t\t<a href=\"https:\/\/app.affiliabet.com\/register\" class=\"elementor-button-link elementor-button elementor-size-md elementor-animation-bounce-in\" role=\"button\">\n\t\t\t\t\t\t<span class=\"elementor-button-content-wrapper\">\n\t\t\t\t\t\t<span class=\"elementor-button-text\">10 \u20ac ERHALTEN<\/span>\n\t\t<\/span>\n\t\t\t\t\t<\/a>\n\t\t<\/div>\n\t\t\t\t<\/div>\n\t\t\t\t<\/div>\n\t\t\t\t\t\t<\/div>\n\t\t\t\t\t<\/div>\n\t\t<\/div>\n\t\t\t\t\t\t\t\t<\/div>\n\t\t\t\t\t<\/div>\n\t\t<\/section>\n\t\t\t\t<section class=\"elementor-section elementor-top-section elementor-element elementor-element-fc640e0 elementor-section-height-min-height elementor-section-boxed elementor-section-height-default elementor-section-items-middle\" data-id=\"fc640e0\" data-element_type=\"section\">\n\t\t\t\t\t\t<div class=\"elementor-container elementor-column-gap-default\">\n\t\t\t\t\t\t\t<div class=\"elementor-row\">\n\t\t\t\t\t<div class=\"elementor-column elementor-col-100 elementor-top-column elementor-element elementor-element-6be2305\" data-id=\"6be2305\" data-element_type=\"column\">\n\t\t\t<div class=\"elementor-column-wrap elementor-element-populated\">\n\t\t\t\t\t\t\t<div class=\"elementor-widget-wrap\">\n\t\t\t\t\t\t<div class=\"elementor-element elementor-element-4fb0efd elementor-widget elementor-widget-heading\" data-id=\"4fb0efd\" data-element_type=\"widget\" data-widget_type=\"heading.default\">\n\t\t\t\t<div class=\"elementor-widget-container\">\n\t\t\t<h2 class=\"elementor-heading-title elementor-size-default\"><b>Welches ist die beste Website f\u00fcr mich, um die volle Kontrolle \u00fcber meine Empfehlungsmarketing-Kampagnen bei Buchmachern zu haben und damit mehr Geld zu verdienen?<\/b><\/h2>\t\t<\/div>\n\t\t\t\t<\/div>\n\t\t\t\t<div class=\"elementor-element elementor-element-920b9cf elementor-widget elementor-widget-text-editor\" data-id=\"920b9cf\" data-element_type=\"widget\" data-widget_type=\"text-editor.default\">\n\t\t\t\t<div class=\"elementor-widget-container\">\n\t\t\t\t\t<div class=\"elementor-text-editor elementor-clearfix\"><p>Die Afiliabet-Plattform bietet ihren Mitgliedern verschiedene Werbem\u00f6glichkeiten auf dem spanischen, italienischen, deutschen und lateinamerikanischen (LATAM) Markt durch verschiedene Affiliate-Kampagnen.<\/p>\n<p>Afiliabet hat Handelsvereinbarungen mit Unternehmen aus den Bereichen Sportwetten, Poker, Casino, Bingo, Forex und bin\u00e4re Optionen abgeschlossen. Diese wettbewerbsf\u00e4higen Vereinbarungen erm\u00f6glichen es ihnen, 100 % Gewinn aus ihren Vertriebskan\u00e4len zu ziehen.<\/p>\n<p>Affiliates haben die M\u00f6glichkeit, alle ihre Kampagnen zu verwalten und Marketing-Ressourcen zu erhalten, um sie effektiv in ihren Online-Kan\u00e4len zu bewerben. Dar\u00fcber hinaus stehen ihnen t\u00e4glich aktualisierte Zahlungen und Kampagnenmetriken sowie ein Affiliate-Manager zur Verf\u00fcgung.<\/p>\n<p><em><strong>\u00a0 \u00a0Wenn Sie mit effektiven Affiliate-Kampagnen Geld\u00a0 \u00a0 \u00a0verdienen m\u00f6chten, werden <span style=\"color: #ffcc00;\">Sie jetzt Mitglied bei\u00a0 \u00a0 \u00a0 \u00a0 \u00a0Afiliabet!<\/span><\/strong><\/em><\/p>\n<\/div>\n\t\t\t\t<\/div>\n\t\t\t\t<\/div>\n\t\t\t\t<div class=\"elementor-element elementor-element-352e265 elementor-widget elementor-widget-spacer\" data-id=\"352e265\" data-element_type=\"widget\" data-widget_type=\"spacer.default\">\n\t\t\t\t<div class=\"elementor-widget-container\">\n\t\t\t\t\t<div class=\"elementor-spacer\">\n\t\t\t<div class=\"elementor-spacer-inner\"><\/div>\n\t\t<\/div>\n\t\t\t\t<\/div>\n\t\t\t\t<\/div>\n\t\t\t\t\t\t<\/div>\n\t\t\t\t\t<\/div>\n\t\t<\/div>\n\t\t\t\t\t\t\t\t<\/div>\n\t\t\t\t\t<\/div>\n\t\t<\/section>\n\t\t\t\t\t\t<\/div>\n\t\t\t\t\t\t<\/div>\n\t\t\t\t\t<\/div>\n\t\t","protected":false},"excerpt":{"rendered":"<p>Geld verdienen mit Affiliates\/Referrals bei Sportbuchmachern. Affiliabet &#8211; Verdienen Sie Geld mit Affiliate-Marketing-Kampagnen bei den besten Buchmachern der Welt. Was ist eine Affiliate-Marketing-Kampagne und wof\u00fcr ist sie gut? Eine Affiliate-Marketing-Kampagne ist eine Marketingstrategie, bei der ein Unternehmen (Advertiser) mit Einzelpersonen oder Unternehmen (Affiliates) zusammenarbeitet, um seine Produkte oder Dienstleistungen zu bewerben. Der Werbetreibende stellt den [&hellip;]<\/p>\n","protected":false},"author":2,"featured_media":0,"parent":0,"menu_order":0,"comment_status":"closed","ping_status":"closed","template":"","meta":[],"yoast_head":"<!-- This site is optimized with the Yoast SEO plugin v15.6.2 - https:\/\/yoast.com\/wordpress\/plugins\/seo\/ -->\n<title>Geld verdienen bei angeschlossenen\/empfohlenen Sportwettenanbietern<\/title>\n<meta name=\"description\" content=\"Verdienen Sie Geld mit Affiliate-Marketing-Kampagnen bei den besten Buchmachern der Welt. 1xBet, 888, Betfair, Bethard und viele andere.\" \/>\n<meta name=\"robots\" content=\"index, follow, max-snippet:-1, max-image-preview:large, max-video-preview:-1\" \/>\n<link rel=\"canonical\" href=\"https:\/\/www.affiliabet.com\/de\/afiliados-para-apuestas-deportivas-colombia\/\" \/>\n<meta property=\"og:locale\" content=\"de_DE\" \/>\n<meta property=\"og:type\" content=\"article\" \/>\n<meta property=\"og:title\" content=\"Geld verdienen bei angeschlossenen\/empfohlenen Sportwettenanbietern\" \/>\n<meta property=\"og:description\" content=\"Verdienen Sie Geld mit Affiliate-Marketing-Kampagnen bei den besten Buchmachern der Welt. 1xBet, 888, Betfair, Bethard und viele andere.\" \/>\n<meta property=\"og:url\" content=\"https:\/\/www.affiliabet.com\/afiliados-para-apuestas-deportivas-colombia\/\" \/>\n<meta property=\"og:site_name\" content=\"Affiliabet\" \/>\n<meta property=\"article:modified_time\" content=\"2024-01-09T17:12:41+00:00\" \/>\n<meta property=\"og:image\" content=\"https:\/\/www.affiliabet.com\/wp-content\/uploads\/2021\/04\/affiliabet_logo_juegoresponsable.png\" \/>\n\t<meta property=\"og:image:width\" content=\"550\" \/>\n\t<meta property=\"og:image:height\" content=\"189\" \/>\n<meta name=\"twitter:card\" content=\"summary_large_image\" \/>\n<meta name=\"twitter:label1\" content=\"Gesch\u00e4tzte Lesezeit\">\n\t<meta name=\"twitter:data1\" content=\"4\u00a0Minuten\">\n<script type=\"application\/ld+json\" class=\"yoast-schema-graph\">{\"@context\":\"https:\/\/schema.org\",\"@graph\":[{\"@type\":\"Organization\",\"@id\":\"https:\/\/www.affiliabet.com\/#organization\",\"name\":\"Affiliabet\",\"url\":\"https:\/\/www.affiliabet.com\/\",\"sameAs\":[],\"logo\":{\"@type\":\"ImageObject\",\"@id\":\"https:\/\/www.affiliabet.com\/#logo\",\"inLanguage\":\"de\",\"url\":\"https:\/\/www.affiliabet.com\/wp-content\/uploads\/2021\/01\/logo.jpg\",\"width\":387,\"height\":101,\"caption\":\"Affiliabet\"},\"image\":{\"@id\":\"https:\/\/www.affiliabet.com\/#logo\"}},{\"@type\":\"WebSite\",\"@id\":\"https:\/\/www.affiliabet.com\/#website\",\"url\":\"https:\/\/www.affiliabet.com\/\",\"name\":\"Affiliabet\",\"description\":\"Gestor N\\u00ba1 en campa\\u00f1as de afiliaci\\u00f3n de apuestas deportivas y juego online\",\"publisher\":{\"@id\":\"https:\/\/www.affiliabet.com\/#organization\"},\"potentialAction\":[{\"@type\":\"SearchAction\",\"target\":\"https:\/\/www.affiliabet.com\/?s={search_term_string}\",\"query-input\":\"required name=search_term_string\"}],\"inLanguage\":\"de\"},{\"@type\":\"WebPage\",\"@id\":\"https:\/\/www.affiliabet.com\/afiliados-para-apuestas-deportivas-colombia\/#webpage\",\"url\":\"https:\/\/www.affiliabet.com\/afiliados-para-apuestas-deportivas-colombia\/\",\"name\":\"Geld verdienen bei angeschlossenen\/empfohlenen Sportwettenanbietern\",\"isPartOf\":{\"@id\":\"https:\/\/www.affiliabet.com\/#website\"},\"datePublished\":\"2024-01-09T17:12:40+00:00\",\"dateModified\":\"2024-01-09T17:12:41+00:00\",\"description\":\"Verdienen Sie Geld mit Affiliate-Marketing-Kampagnen bei den besten Buchmachern der Welt. 1xBet, 888, Betfair, Bethard und viele andere.\",\"inLanguage\":\"de\",\"potentialAction\":[{\"@type\":\"ReadAction\",\"target\":[\"https:\/\/www.affiliabet.com\/afiliados-para-apuestas-deportivas-colombia\/\"]}]}]}<\/script>\n<!-- \/ Yoast SEO plugin. -->","_links":{"self":[{"href":"https:\/\/www.affiliabet.com\/de\/wp-json\/wp\/v2\/pages\/7236"}],"collection":[{"href":"https:\/\/www.affiliabet.com\/de\/wp-json\/wp\/v2\/pages"}],"about":[{"href":"https:\/\/www.affiliabet.com\/de\/wp-json\/wp\/v2\/types\/page"}],"author":[{"embeddable":true,"href":"https:\/\/www.affiliabet.com\/de\/wp-json\/wp\/v2\/users\/2"}],"replies":[{"embeddable":true,"href":"https:\/\/www.affiliabet.com\/de\/wp-json\/wp\/v2\/comments?post=7236"}],"version-history":[{"count":3,"href":"https:\/\/www.affiliabet.com\/de\/wp-json\/wp\/v2\/pages\/7236\/revisions"}],"predecessor-version":[{"id":7707,"href":"https:\/\/www.affiliabet.com\/de\/wp-json\/wp\/v2\/pages\/7236\/revisions\/7707"}],"wp:attachment":[{"href":"https:\/\/www.affiliabet.com\/de\/wp-json\/wp\/v2\/media?parent=7236"}],"curies":[{"name":"wp","href":"https:\/\/api.w.org\/{rel}","templated":true}]}}