{"id":4699,"date":"2024-01-16T17:15:23","date_gmt":"2024-01-16T17:15:23","guid":{"rendered":"https:\/\/www.affiliabet.com\/?page_id=4699"},"modified":"2024-01-16T17:27:55","modified_gmt":"2024-01-16T17:27:55","slug":"leovegas-chile-and-peru-and-its-affiliate-campaigns","status":"publish","type":"page","link":"https:\/\/www.affiliabet.com\/en\/leovegas-chile-and-peru-and-its-affiliate-campaigns\/","title":{"rendered":"Leovegas Chil\u00e9 and Peru and its affiliate campaigns"},"content":{"rendered":"\t\t<div data-elementor-type=\"wp-page\" data-elementor-id=\"4699\" class=\"elementor elementor-4699 elementor-4697\" data-elementor-settings=\"[]\">\n\t\t\t\t\t\t<div class=\"elementor-inner\">\n\t\t\t\t\t\t\t<div class=\"elementor-section-wrap\">\n\t\t\t\t\t\t\t<section class=\"elementor-section elementor-top-section elementor-element elementor-element-c185c06 elementor-section-boxed elementor-section-height-default elementor-section-height-default\" data-id=\"c185c06\" data-element_type=\"section\" data-settings=\"{&quot;background_background&quot;:&quot;classic&quot;}\">\n\t\t\t\t\t\t<div class=\"elementor-container elementor-column-gap-no\">\n\t\t\t\t\t\t\t<div class=\"elementor-row\">\n\t\t\t\t\t<div class=\"elementor-column elementor-col-100 elementor-top-column elementor-element elementor-element-6e910c6\" data-id=\"6e910c6\" data-element_type=\"column\">\n\t\t\t<div class=\"elementor-column-wrap elementor-element-populated\">\n\t\t\t\t\t\t\t<div class=\"elementor-widget-wrap\">\n\t\t\t\t\t\t<div class=\"elementor-element elementor-element-da8716e elementor-widget elementor-widget-heading\" data-id=\"da8716e\" data-element_type=\"widget\" data-widget_type=\"heading.default\">\n\t\t\t\t<div class=\"elementor-widget-container\">\n\t\t\t<h1 class=\"elementor-heading-title elementor-size-large\">Leovegas Chil\u00e9 and Peru and its affiliate campaigns<\/h1>\t\t<\/div>\n\t\t\t\t<\/div>\n\t\t\t\t<div class=\"elementor-element elementor-element-ca9dab7 elementor-widget elementor-widget-heading\" data-id=\"ca9dab7\" data-element_type=\"widget\" data-widget_type=\"heading.default\">\n\t\t\t\t<div class=\"elementor-widget-container\">\n\t\t\t<h2 class=\"elementor-heading-title elementor-size-medium\">Leovegas Chil\u00e9 and Peru Presentation<\/h2>\t\t<\/div>\n\t\t\t\t<\/div>\n\t\t\t\t<div class=\"elementor-element elementor-element-4d471db elementor-widget elementor-widget-spacer\" data-id=\"4d471db\" data-element_type=\"widget\" data-widget_type=\"spacer.default\">\n\t\t\t\t<div class=\"elementor-widget-container\">\n\t\t\t\t\t<div class=\"elementor-spacer\">\n\t\t\t<div class=\"elementor-spacer-inner\"><\/div>\n\t\t<\/div>\n\t\t\t\t<\/div>\n\t\t\t\t<\/div>\n\t\t\t\t\t\t<\/div>\n\t\t\t\t\t<\/div>\n\t\t<\/div>\n\t\t\t\t\t\t\t\t<\/div>\n\t\t\t\t\t<\/div>\n\t\t<\/section>\n\t\t\t\t<section class=\"elementor-section elementor-top-section elementor-element elementor-element-d1b552e elementor-section-boxed elementor-section-height-default elementor-section-height-default\" data-id=\"d1b552e\" data-element_type=\"section\">\n\t\t\t\t\t\t<div class=\"elementor-container elementor-column-gap-no\">\n\t\t\t\t\t\t\t<div class=\"elementor-row\">\n\t\t\t\t\t<div class=\"elementor-column elementor-col-100 elementor-top-column elementor-element elementor-element-3858219\" data-id=\"3858219\" data-element_type=\"column\">\n\t\t\t<div class=\"elementor-column-wrap elementor-element-populated\">\n\t\t\t\t\t\t\t<div class=\"elementor-widget-wrap\">\n\t\t\t\t\t\t<div class=\"elementor-element elementor-element-d640c48 elementor-widget elementor-widget-image\" data-id=\"d640c48\" data-element_type=\"widget\" data-widget_type=\"image.default\">\n\t\t\t\t<div class=\"elementor-widget-container\">\n\t\t\t\t\t<div class=\"elementor-image\">\n\t\t\t\t\t\t\t\t\t\t<img width=\"300\" height=\"81\" src=\"https:\/\/www.affiliabet.com\/wp-content\/uploads\/2022\/01\/LEOVEGAS-300x81.png\" class=\"attachment-medium size-medium\" alt=\"LEOVEGAS\" loading=\"lazy\" srcset=\"https:\/\/www.affiliabet.com\/wp-content\/uploads\/2022\/01\/LEOVEGAS-300x81.png 300w, https:\/\/www.affiliabet.com\/wp-content\/uploads\/2022\/01\/LEOVEGAS.png 520w\" sizes=\"(max-width: 300px) 100vw, 300px\" \/>\t\t\t\t\t\t\t\t\t\t\t<\/div>\n\t\t\t\t<\/div>\n\t\t\t\t<\/div>\n\t\t\t\t<div class=\"elementor-element elementor-element-f047e63 elementor-widget elementor-widget-heading\" data-id=\"f047e63\" data-element_type=\"widget\" data-widget_type=\"heading.default\">\n\t\t\t\t<div class=\"elementor-widget-container\">\n\t\t\t<h3 class=\"elementor-heading-title elementor-size-default\"><b>Leovegas Chil\u00e9 and Peru affiliate campaigns<\/b><\/h3>\t\t<\/div>\n\t\t\t\t<\/div>\n\t\t\t\t<div class=\"elementor-element elementor-element-14ade18 elementor-widget elementor-widget-spacer\" data-id=\"14ade18\" data-element_type=\"widget\" data-widget_type=\"spacer.default\">\n\t\t\t\t<div class=\"elementor-widget-container\">\n\t\t\t\t\t<div class=\"elementor-spacer\">\n\t\t\t<div class=\"elementor-spacer-inner\"><\/div>\n\t\t<\/div>\n\t\t\t\t<\/div>\n\t\t\t\t<\/div>\n\t\t\t\t<div class=\"elementor-element elementor-element-e2d0188 elementor-widget elementor-widget-text-editor\" data-id=\"e2d0188\" data-element_type=\"widget\" data-widget_type=\"text-editor.default\">\n\t\t\t\t<div class=\"elementor-widget-container\">\n\t\t\t\t\t<div class=\"elementor-text-editor elementor-clearfix\"><p>Leovegas Chile and Peru is one of the last bookmakers to break into the sports betting and online casino sector. After several years operating in other countries, it was not until just a few years ago when it began its landing in Spain in the first place and, subsequently, in different Spanish-speaking countries. It was founded in 2012 and is currently considered one of the most internationally recognized bookmakers. Among the different ingredients that we find to be able to value the wide coverage of all its needs, we find the excellent playability that the platform presents. Together with the security measures that we can enjoy when we make any type of economic transaction and the ease that emerges when we have to withdraw our funds. The result is a <strong>center specialized<\/strong> in online betting and almost sporting us that help us to squeeze our fun.<\/p>\n<p>At<strong> Affiliabet,<\/strong> as you know, we are committed to quality. For this reason, we only trust the leading<strong> brands in the industry<\/strong> that will help our audience to be able to offer and enjoy an experience impossible to achieve in any other scenario. Aware of the leaf tha<span style=\"color: #000080;\"><span style=\"color: #000000;\">t<\/span><a href=\"https:\/\/www.affiliabet.com\/en\/\"><strong> affiliate marketing<\/strong><\/a><\/span> is currently reaching internationally, our brands are all you need to be able to raise your income to a new level thanks to the <strong>quality and security<\/strong> that we provide.<\/p>\n<\/div>\n\t\t\t\t<\/div>\n\t\t\t\t<\/div>\n\t\t\t\t<div class=\"elementor-element elementor-element-ca351b2 elementor-align-center animated-slow elementor-invisible elementor-widget elementor-widget-button\" data-id=\"ca351b2\" data-element_type=\"widget\" data-settings=\"{&quot;_animation&quot;:&quot;slideInLeft&quot;}\" data-widget_type=\"button.default\">\n\t\t\t\t<div class=\"elementor-widget-container\">\n\t\t\t\t\t<div class=\"elementor-button-wrapper\">\n\t\t\t<a href=\"https:\/\/app.affiliabet.com\/register\" class=\"elementor-button-link elementor-button elementor-size-sm elementor-animation-wobble-to-bottom-right\" role=\"button\">\n\t\t\t\t\t\t<span class=\"elementor-button-content-wrapper\">\n\t\t\t\t\t\t<span class=\"elementor-button-text\">I WANT ACCESS TO THE CAMPAIGNS!<\/span>\n\t\t<\/span>\n\t\t\t\t\t<\/a>\n\t\t<\/div>\n\t\t\t\t<\/div>\n\t\t\t\t<\/div>\n\t\t\t\t<div class=\"elementor-element elementor-element-98c2fde elementor-widget elementor-widget-spacer\" data-id=\"98c2fde\" data-element_type=\"widget\" data-widget_type=\"spacer.default\">\n\t\t\t\t<div class=\"elementor-widget-container\">\n\t\t\t\t\t<div class=\"elementor-spacer\">\n\t\t\t<div class=\"elementor-spacer-inner\"><\/div>\n\t\t<\/div>\n\t\t\t\t<\/div>\n\t\t\t\t<\/div>\n\t\t\t\t\t\t<\/div>\n\t\t\t\t\t<\/div>\n\t\t<\/div>\n\t\t\t\t\t\t\t\t<\/div>\n\t\t\t\t\t<\/div>\n\t\t<\/section>\n\t\t\t\t<section class=\"elementor-section elementor-top-section elementor-element elementor-element-2864f8e elementor-section-boxed elementor-section-height-default elementor-section-height-default\" data-id=\"2864f8e\" data-element_type=\"section\">\n\t\t\t\t\t\t<div class=\"elementor-container elementor-column-gap-no\">\n\t\t\t\t\t\t\t<div class=\"elementor-row\">\n\t\t\t\t\t<div class=\"elementor-column elementor-col-100 elementor-top-column elementor-element elementor-element-f882aaf\" data-id=\"f882aaf\" data-element_type=\"column\">\n\t\t\t<div class=\"elementor-column-wrap elementor-element-populated\">\n\t\t\t\t\t\t\t<div class=\"elementor-widget-wrap\">\n\t\t\t\t\t\t<div class=\"elementor-element elementor-element-8251d4a elementor-widget elementor-widget-heading\" data-id=\"8251d4a\" data-element_type=\"widget\" data-widget_type=\"heading.default\">\n\t\t\t\t<div class=\"elementor-widget-container\">\n\t\t\t<h4 class=\"elementor-heading-title elementor-size-default\"><b>A wide range of markets<\/b><\/h4>\t\t<\/div>\n\t\t\t\t<\/div>\n\t\t\t\t<div class=\"elementor-element elementor-element-a15f4c5 elementor-widget elementor-widget-text-editor\" data-id=\"a15f4c5\" data-element_type=\"widget\" data-widget_type=\"text-editor.default\">\n\t\t\t\t<div class=\"elementor-widget-container\">\n\t\t\t\t\t<div class=\"elementor-text-editor elementor-clearfix\"><p>Currently, we are facing one of the <strong>platforms<\/strong> with the largest number of markets in which to carry out all our transactions. The team behind the development and search for new markets is constantly exploring new <strong>formulas<\/strong> that allow both players to enjoy all the advantages of a leading platform in the sector. Therefore, we can ensure at all times a coverage capable of offering <strong>excellent gameplay<\/strong> without sacrificing any feature.<\/p>\n<p>Contrary to what happens in<strong> other types of markets,<\/strong> we can currently enjoy a variety of options. Moreover, in each of these markets we find different options to bet on. Beyond the final result, being this the most classic one, we can also bet on a specific result, on a number of goals or on the number of fouls that <strong>our favorite team<\/strong> receives. In this way, not only can we get money from our bets, but we can also add an extra competitive edge thanks to the wide variety of options we have.<\/p>\n<p><span style=\"color: #ff9900;\"><strong>Above-average odds<\/strong><\/span><\/p>\n<p>In <a href=\"https:\/\/www.affiliabet.com\/en\/\"><span style=\"color: #333399;\"><strong>affiliate marketing,<\/strong><\/span><\/a> the odds we go for are important in order to get the maximum profit. For this reason, we should only trust those boxes that provide us with all the necessary information regarding the fees. In the case of Leovegas Chile and Peru, we have above average odds. Therefore, they can offer us an excellent return compared to the rest of the existing options.<\/p>\n<p>As we have been able to verify, Leovegas Chile and Peru is one of the main casinos that we can currently find in the market. Thanks to the wide variety of options it has, getting the maximum return is easier than ever.<\/p>\n<\/div>\n\t\t\t\t<\/div>\n\t\t\t\t<\/div>\n\t\t\t\t<div class=\"elementor-element elementor-element-de57975 elementor-hidden-desktop elementor-hidden-tablet elementor-hidden-phone elementor-skin-carousel elementor-pagination-type-bullets elementor-pagination-position-outside elementor-widget elementor-widget-media-carousel\" data-id=\"de57975\" data-element_type=\"widget\" data-settings=\"{&quot;slides_per_view&quot;:&quot;6&quot;,&quot;space_between&quot;:{&quot;unit&quot;:&quot;px&quot;,&quot;size&quot;:29,&quot;sizes&quot;:[]},&quot;skin&quot;:&quot;carousel&quot;,&quot;effect&quot;:&quot;slide&quot;,&quot;pagination&quot;:&quot;bullets&quot;,&quot;speed&quot;:500,&quot;space_between_tablet&quot;:{&quot;unit&quot;:&quot;px&quot;,&quot;size&quot;:10,&quot;sizes&quot;:[]},&quot;space_between_mobile&quot;:{&quot;unit&quot;:&quot;px&quot;,&quot;size&quot;:10,&quot;sizes&quot;:[]}}\" data-widget_type=\"media-carousel.default\">\n\t\t\t\t<div class=\"elementor-widget-container\">\n\t\t\t\t\t<div class=\"elementor-swiper\">\n\t\t\t<div class=\"elementor-main-swiper swiper-container\">\n\t\t\t\t<div class=\"swiper-wrapper\">\n\t\t\t\t\t\t\t\t\t\t\t<div class=\"swiper-slide\">\n\t\t\t\t\t\t\t\t\t<div class=\"elementor-carousel-image\" style=\"background-image: url(https:\/\/www.affiliabet.com\/wp-content\/uploads\/2020\/08\/sportium-affiliabet-marketing-de-afiliacion-online-de-casinos.jpg)\">\n\t\t\t\t\t<\/div>\n\t\t\t\t\t\t\t\t<\/div>\n\t\t\t\t\t\t\t\t\t\t\t<div class=\"swiper-slide\">\n\t\t\t\t\t\t\t\t\t<div class=\"elementor-carousel-image\" style=\"background-image: url(https:\/\/www.affiliabet.com\/wp-content\/uploads\/2021\/10\/Party-Casino-Logo.jpg)\">\n\t\t\t\t\t<\/div>\n\t\t\t\t\t\t\t\t<\/div>\n\t\t\t\t\t\t\t\t\t\t\t<div class=\"swiper-slide\">\n\t\t\t\t\t\t\t\t\t<div class=\"elementor-carousel-image\" style=\"background-image: url(https:\/\/www.affiliabet.com\/wp-content\/uploads\/2020\/08\/luckia-affiliabet-marketing-de-afiliacion-online-de-casinos.jpg)\">\n\t\t\t\t\t<\/div>\n\t\t\t\t\t\t\t\t<\/div>\n\t\t\t\t\t\t\t\t\t\t\t<div class=\"swiper-slide\">\n\t\t\t\t\t\t\t\t\t<div class=\"elementor-carousel-image\" style=\"background-image: url(https:\/\/www.affiliabet.com\/wp-content\/uploads\/2020\/08\/codere-affiliabet-marketing-de-afiliacion-online-de-casinos.jpg)\">\n\t\t\t\t\t<\/div>\n\t\t\t\t\t\t\t\t<\/div>\n\t\t\t\t\t\t\t\t\t\t\t<div class=\"swiper-slide\">\n\t\t\t\t\t\t\t\t\t<div class=\"elementor-carousel-image\" style=\"background-image: url(https:\/\/www.affiliabet.com\/wp-content\/uploads\/2020\/08\/888-casino-affiliabet-marketing-de-afiliacion-online-de-casinos-y-juegos-de-azar.jpg)\">\n\t\t\t\t\t<\/div>\n\t\t\t\t\t\t\t\t<\/div>\n\t\t\t\t\t\t\t\t\t\t\t<div class=\"swiper-slide\">\n\t\t\t\t\t\t\t\t\t<div class=\"elementor-carousel-image\" style=\"background-image: url(https:\/\/www.affiliabet.com\/wp-content\/uploads\/2020\/08\/777-casino-affiliabet-marketing-de-afiliacion-online-de-casinos-y-juegos-de-azar.jpg)\">\n\t\t\t\t\t<\/div>\n\t\t\t\t\t\t\t\t<\/div>\n\t\t\t\t\t\t\t\t\t\t\t<div class=\"swiper-slide\">\n\t\t\t\t\t\t\t\t\t<div class=\"elementor-carousel-image\" style=\"background-image: url(https:\/\/www.affiliabet.com\/wp-content\/uploads\/2020\/08\/winamax-poker-affiliabet-marketing-de-afiliacion-online-de-casinos.jpg)\">\n\t\t\t\t\t<\/div>\n\t\t\t\t\t\t\t\t<\/div>\n\t\t\t\t\t\t\t\t\t\t\t<div class=\"swiper-slide\">\n\t\t\t\t\t\t\t\t\t<div class=\"elementor-carousel-image\" style=\"background-image: url(https:\/\/www.affiliabet.com\/wp-content\/uploads\/2020\/08\/888-poker-affiliabet-marketing-de-afiliacion-online-de-casinos.jpg)\">\n\t\t\t\t\t<\/div>\n\t\t\t\t\t\t\t\t<\/div>\n\t\t\t\t\t\t\t\t\t\t\t<div class=\"swiper-slide\">\n\t\t\t\t\t\t\t\t\t<div class=\"elementor-carousel-image\" style=\"background-image: url(https:\/\/www.affiliabet.com\/wp-content\/uploads\/2020\/08\/casino-barcelona-affiliabet-marketing-de-afiliacion-online-de-apuestas-deportivas-1.jpg)\">\n\t\t\t\t\t<\/div>\n\t\t\t\t\t\t\t\t<\/div>\n\t\t\t\t\t\t\t\t\t<\/div>\n\t\t\t\t\t\t\t\t\t\t\t\t\t\t\t<div class=\"swiper-pagination\"><\/div>\n\t\t\t\t\t\t\t\t\t\t\t\t\t\t\t\t\t<\/div>\n\t\t<\/div>\n\t\t\t\t<\/div>\n\t\t\t\t<\/div>\n\t\t\t\t\t\t<\/div>\n\t\t\t\t\t<\/div>\n\t\t<\/div>\n\t\t\t\t\t\t\t\t<\/div>\n\t\t\t\t\t<\/div>\n\t\t<\/section>\n\t\t\t\t<section class=\"elementor-section elementor-top-section elementor-element elementor-element-260a026 elementor-section-boxed elementor-section-height-default elementor-section-height-default\" data-id=\"260a026\" data-element_type=\"section\" data-settings=\"{&quot;background_background&quot;:&quot;classic&quot;}\">\n\t\t\t\t\t\t<div class=\"elementor-container elementor-column-gap-default\">\n\t\t\t\t\t\t\t<div class=\"elementor-row\">\n\t\t\t\t\t<div class=\"elementor-column elementor-col-100 elementor-top-column elementor-element elementor-element-8d6a713\" data-id=\"8d6a713\" data-element_type=\"column\">\n\t\t\t<div class=\"elementor-column-wrap elementor-element-populated\">\n\t\t\t\t\t\t\t<div class=\"elementor-widget-wrap\">\n\t\t\t\t\t\t<div class=\"elementor-element elementor-element-537095f elementor-widget elementor-widget-heading\" data-id=\"537095f\" data-element_type=\"widget\" data-widget_type=\"heading.default\">\n\t\t\t\t<div class=\"elementor-widget-container\">\n\t\t\t<h3 class=\"elementor-heading-title elementor-size-default\">REGISTER HOY Y RECIBE<br><strong>10\u20ac DE BONO DE BIENVENIDA<\/strong><\/h3>\t\t<\/div>\n\t\t\t\t<\/div>\n\t\t\t\t<div class=\"elementor-element elementor-element-b5cefad elementor-align-center elementor-widget elementor-widget-button\" data-id=\"b5cefad\" data-element_type=\"widget\" data-widget_type=\"button.default\">\n\t\t\t\t<div class=\"elementor-widget-container\">\n\t\t\t\t\t<div class=\"elementor-button-wrapper\">\n\t\t\t<a href=\"https:\/\/app.affiliabet.com\/register\" class=\"elementor-button-link elementor-button elementor-size-md elementor-animation-bounce-in\" role=\"button\">\n\t\t\t\t\t\t<span class=\"elementor-button-content-wrapper\">\n\t\t\t\t\t\t<span class=\"elementor-button-text\">Register for FREE<\/span>\n\t\t<\/span>\n\t\t\t\t\t<\/a>\n\t\t<\/div>\n\t\t\t\t<\/div>\n\t\t\t\t<\/div>\n\t\t\t\t\t\t<\/div>\n\t\t\t\t\t<\/div>\n\t\t<\/div>\n\t\t\t\t\t\t\t\t<\/div>\n\t\t\t\t\t<\/div>\n\t\t<\/section>\n\t\t\t\t\t\t<\/div>\n\t\t\t\t\t\t<\/div>\n\t\t\t\t\t<\/div>\n\t\t","protected":false},"excerpt":{"rendered":"<p>Leovegas Chil\u00e9 and Peru and its affiliate campaigns Leovegas Chil\u00e9 and Peru Presentation Leovegas Chil\u00e9 and Peru affiliate campaigns Leovegas Chile and Peru is one of the last bookmakers to break into the sports betting and online casino sector. After several years operating in other countries, it was not until just a few years ago [&hellip;]<\/p>\n","protected":false},"author":1,"featured_media":0,"parent":0,"menu_order":0,"comment_status":"closed","ping_status":"closed","template":"","meta":[],"yoast_head":"<!-- This site is optimized with the Yoast SEO plugin v15.6.2 - https:\/\/yoast.com\/wordpress\/plugins\/seo\/ -->\n<title>Leovegas Chile and Peru and their affiliate campaigns - Affiliabet<\/title>\n<meta name=\"description\" content=\"Leovegas Chil\u00e9 and Peru and its affiliate campaigns Leovegas Chil\u00e9 and Peru Presentation Leovegas Chil\u00e9 and Peru affiliate campaigns Leovegas Chile and\" \/>\n<meta name=\"robots\" content=\"index, follow, max-snippet:-1, max-image-preview:large, max-video-preview:-1\" \/>\n<link rel=\"canonical\" href=\"https:\/\/www.affiliabet.com\/en\/leovegas-chile-y-peru\/\" \/>\n<meta property=\"og:locale\" content=\"en_US\" \/>\n<meta property=\"og:type\" content=\"article\" \/>\n<meta property=\"og:title\" content=\"Leovegas Chile and Peru and their affiliate campaigns - Affiliabet\" \/>\n<meta property=\"og:description\" content=\"Leovegas Chil\u00e9 and Peru and its affiliate campaigns Leovegas Chil\u00e9 and Peru Presentation Leovegas Chil\u00e9 and Peru affiliate campaigns Leovegas Chile and\" \/>\n<meta property=\"og:url\" content=\"https:\/\/www.affiliabet.com\/leovegas-chile-y-peru\/\" \/>\n<meta property=\"og:site_name\" content=\"Affiliabet\" \/>\n<meta property=\"article:modified_time\" content=\"2024-01-16T17:27:55+00:00\" \/>\n<meta property=\"og:image\" content=\"https:\/\/www.affiliabet.com\/wp-content\/uploads\/2022\/01\/LEOVEGAS-300x81.png\" \/>\n<meta name=\"twitter:card\" content=\"summary_large_image\" \/>\n<meta name=\"twitter:label1\" content=\"Est. reading time\">\n\t<meta name=\"twitter:data1\" content=\"3 minutes\">\n<script type=\"application\/ld+json\" class=\"yoast-schema-graph\">{\"@context\":\"https:\/\/schema.org\",\"@graph\":[{\"@type\":\"Organization\",\"@id\":\"https:\/\/www.affiliabet.com\/#organization\",\"name\":\"Affiliabet\",\"url\":\"https:\/\/www.affiliabet.com\/\",\"sameAs\":[],\"logo\":{\"@type\":\"ImageObject\",\"@id\":\"https:\/\/www.affiliabet.com\/#logo\",\"inLanguage\":\"en-US\",\"url\":\"https:\/\/www.affiliabet.com\/wp-content\/uploads\/2021\/01\/logo.jpg\",\"width\":387,\"height\":101,\"caption\":\"Affiliabet\"},\"image\":{\"@id\":\"https:\/\/www.affiliabet.com\/#logo\"}},{\"@type\":\"WebSite\",\"@id\":\"https:\/\/www.affiliabet.com\/#website\",\"url\":\"https:\/\/www.affiliabet.com\/\",\"name\":\"Affiliabet\",\"description\":\"Gestor N\\u00ba1 en campa\\u00f1as de afiliaci\\u00f3n de apuestas deportivas y juego online\",\"publisher\":{\"@id\":\"https:\/\/www.affiliabet.com\/#organization\"},\"potentialAction\":[{\"@type\":\"SearchAction\",\"target\":\"https:\/\/www.affiliabet.com\/?s={search_term_string}\",\"query-input\":\"required name=search_term_string\"}],\"inLanguage\":\"en-US\"},{\"@type\":\"ImageObject\",\"@id\":\"https:\/\/www.affiliabet.com\/leovegas-chile-y-peru\/#primaryimage\",\"inLanguage\":\"en-US\",\"url\":\"https:\/\/www.affiliabet.com\/wp-content\/uploads\/2022\/01\/LEOVEGAS.png\",\"width\":520,\"height\":140,\"caption\":\"LEOVEGAS\"},{\"@type\":\"WebPage\",\"@id\":\"https:\/\/www.affiliabet.com\/leovegas-chile-y-peru\/#webpage\",\"url\":\"https:\/\/www.affiliabet.com\/leovegas-chile-y-peru\/\",\"name\":\"Leovegas Chile and Peru and their affiliate campaigns - Affiliabet\",\"isPartOf\":{\"@id\":\"https:\/\/www.affiliabet.com\/#website\"},\"primaryImageOfPage\":{\"@id\":\"https:\/\/www.affiliabet.com\/leovegas-chile-y-peru\/#primaryimage\"},\"datePublished\":\"2024-01-16T17:15:23+00:00\",\"dateModified\":\"2024-01-16T17:27:55+00:00\",\"description\":\"Leovegas Chil\\u00e9 and Peru and its affiliate campaigns Leovegas Chil\\u00e9 and Peru Presentation Leovegas Chil\\u00e9 and Peru affiliate campaigns Leovegas Chile and\",\"inLanguage\":\"en-US\",\"potentialAction\":[{\"@type\":\"ReadAction\",\"target\":[\"https:\/\/www.affiliabet.com\/leovegas-chile-y-peru\/\"]}]}]}<\/script>\n<!-- \/ Yoast SEO plugin. -->","_links":{"self":[{"href":"https:\/\/www.affiliabet.com\/en\/wp-json\/wp\/v2\/pages\/4699"}],"collection":[{"href":"https:\/\/www.affiliabet.com\/en\/wp-json\/wp\/v2\/pages"}],"about":[{"href":"https:\/\/www.affiliabet.com\/en\/wp-json\/wp\/v2\/types\/page"}],"author":[{"embeddable":true,"href":"https:\/\/www.affiliabet.com\/en\/wp-json\/wp\/v2\/users\/1"}],"replies":[{"embeddable":true,"href":"https:\/\/www.affiliabet.com\/en\/wp-json\/wp\/v2\/comments?post=4699"}],"version-history":[{"count":4,"href":"https:\/\/www.affiliabet.com\/en\/wp-json\/wp\/v2\/pages\/4699\/revisions"}],"predecessor-version":[{"id":7872,"href":"https:\/\/www.affiliabet.com\/en\/wp-json\/wp\/v2\/pages\/4699\/revisions\/7872"}],"wp:attachment":[{"href":"https:\/\/www.affiliabet.com\/en\/wp-json\/wp\/v2\/media?parent=4699"}],"curies":[{"name":"wp","href":"https:\/\/api.w.org\/{rel}","templated":true}]}}