{"id":3315,"date":"2023-04-07T20:14:56","date_gmt":"2023-04-07T20:14:56","guid":{"rendered":"https:\/\/www.affiliabet.com\/?page_id=3315"},"modified":"2024-01-18T11:39:14","modified_gmt":"2024-01-18T11:39:14","slug":"affiliati-alle-scommesse-sportive","status":"publish","type":"page","link":"https:\/\/www.affiliabet.com\/it\/affiliati-alle-scommesse-sportive\/","title":{"rendered":"Affiliati alle scommesse sportive"},"content":{"rendered":"\t\t<div data-elementor-type=\"wp-page\" data-elementor-id=\"3315\" class=\"elementor elementor-3315 elementor-3312\" data-elementor-settings=\"[]\">\n\t\t\t\t\t\t<div class=\"elementor-inner\">\n\t\t\t\t\t\t\t<div class=\"elementor-section-wrap\">\n\t\t\t\t\t\t\t<section class=\"elementor-section elementor-top-section elementor-element elementor-element-c185c06 elementor-section-boxed elementor-section-height-default elementor-section-height-default\" data-id=\"c185c06\" data-element_type=\"section\" data-settings=\"{&quot;background_background&quot;:&quot;classic&quot;}\">\n\t\t\t\t\t\t<div class=\"elementor-container elementor-column-gap-no\">\n\t\t\t\t\t\t\t<div class=\"elementor-row\">\n\t\t\t\t\t<div class=\"elementor-column elementor-col-100 elementor-top-column elementor-element elementor-element-6e910c6\" data-id=\"6e910c6\" data-element_type=\"column\">\n\t\t\t<div class=\"elementor-column-wrap elementor-element-populated\">\n\t\t\t\t\t\t\t<div class=\"elementor-widget-wrap\">\n\t\t\t\t\t\t<div class=\"elementor-element elementor-element-da8716e elementor-widget elementor-widget-heading\" data-id=\"da8716e\" data-element_type=\"widget\" data-widget_type=\"heading.default\">\n\t\t\t\t<div class=\"elementor-widget-container\">\n\t\t\t<h1 class=\"elementor-heading-title elementor-size-large\"><b>Magari affiliati\/referenti bookmakers sportivi<\/b>.<\/h1>\t\t<\/div>\n\t\t\t\t<\/div>\n\t\t\t\t<div class=\"elementor-element elementor-element-ca9dab7 elementor-widget elementor-widget-heading\" data-id=\"ca9dab7\" data-element_type=\"widget\" data-widget_type=\"heading.default\">\n\t\t\t\t<div class=\"elementor-widget-container\">\n\t\t\t<h2 class=\"elementor-heading-title elementor-size-medium\">Affiliabet - Guadagna con campagne di marketing di affiliazione con i migliori bookmaker del mondo.<\/h2>\t\t<\/div>\n\t\t\t\t<\/div>\n\t\t\t\t<div class=\"elementor-element elementor-element-4d471db elementor-widget elementor-widget-spacer\" data-id=\"4d471db\" data-element_type=\"widget\" data-widget_type=\"spacer.default\">\n\t\t\t\t<div class=\"elementor-widget-container\">\n\t\t\t\t\t<div class=\"elementor-spacer\">\n\t\t\t<div class=\"elementor-spacer-inner\"><\/div>\n\t\t<\/div>\n\t\t\t\t<\/div>\n\t\t\t\t<\/div>\n\t\t\t\t\t\t<\/div>\n\t\t\t\t\t<\/div>\n\t\t<\/div>\n\t\t\t\t\t\t\t\t<\/div>\n\t\t\t\t\t<\/div>\n\t\t<\/section>\n\t\t\t\t<section class=\"elementor-section elementor-top-section elementor-element elementor-element-d1b552e elementor-section-boxed elementor-section-height-default elementor-section-height-default\" data-id=\"d1b552e\" data-element_type=\"section\">\n\t\t\t\t\t\t<div class=\"elementor-container elementor-column-gap-no\">\n\t\t\t\t\t\t\t<div class=\"elementor-row\">\n\t\t\t\t\t<div class=\"elementor-column elementor-col-100 elementor-top-column elementor-element elementor-element-3858219\" data-id=\"3858219\" data-element_type=\"column\">\n\t\t\t<div class=\"elementor-column-wrap elementor-element-populated\">\n\t\t\t\t\t\t\t<div class=\"elementor-widget-wrap\">\n\t\t\t\t\t\t<div class=\"elementor-element elementor-element-f047e63 elementor-widget elementor-widget-heading\" data-id=\"f047e63\" data-element_type=\"widget\" data-widget_type=\"heading.default\">\n\t\t\t\t<div class=\"elementor-widget-container\">\n\t\t\t<h2 class=\"elementor-heading-title elementor-size-default\"><b>Che cos'\u00e8 una campagna di marketing di affiliazione e a cosa serve?<\/b><\/h2>\t\t<\/div>\n\t\t\t\t<\/div>\n\t\t\t\t<div class=\"elementor-element elementor-element-14ade18 elementor-widget elementor-widget-spacer\" data-id=\"14ade18\" data-element_type=\"widget\" data-widget_type=\"spacer.default\">\n\t\t\t\t<div class=\"elementor-widget-container\">\n\t\t\t\t\t<div class=\"elementor-spacer\">\n\t\t\t<div class=\"elementor-spacer-inner\"><\/div>\n\t\t<\/div>\n\t\t\t\t<\/div>\n\t\t\t\t<\/div>\n\t\t\t\t<div class=\"elementor-element elementor-element-e2d0188 elementor-widget elementor-widget-text-editor\" data-id=\"e2d0188\" data-element_type=\"widget\" data-widget_type=\"text-editor.default\">\n\t\t\t\t<div class=\"elementor-widget-container\">\n\t\t\t\t\t<div class=\"elementor-text-editor elementor-clearfix\"><p>Una campagna di marketing di affiliazione \u00e8 una strategia di marketing in cui un&#8217;azienda (inserzionista) collabora con individui o aziende (affiliati) per <strong>promuovere i propri prodotti o servizi.<\/strong><\/p>\n<p>L&#8217;inserzionista fornisce un link di tracciamento unico agli affiliati, che possono utilizzarlo sui loro siti web, blog o social media per inviare traffico al sito dell&#8217;inserzionista. Se un utente clicca su quel link ed effettua un acquisto, <strong>l&#8217;affiliato guadagna una commissione sulla vendita.<\/strong><\/p>\n<p>La campagna di marketing di affiliazione pu\u00f2 essere vantaggiosa sia per l&#8217;inserzionista che per gli affiliati. Per l&#8217;inserzionista, pu\u00f2 aumentare l&#8217;esposizione del suo prodotto o servizio a un pubblico pi\u00f9 vasto, <strong>generare traffico e vendite supplementari<\/strong> e migliorare il ROI (ritorno sull&#8217;investimento).<\/p>\n<p>Per gli affiliati, invece, <strong>pu\u00f2 essere un modo conveniente per monetizzare il proprio sito web o blog e guadagnare ulteriori entrate.<\/strong><\/p>\n<\/div>\n\t\t\t\t<\/div>\n\t\t\t\t<\/div>\n\t\t\t\t<div class=\"elementor-element elementor-element-ca351b2 elementor-align-center animated-slow elementor-invisible elementor-widget elementor-widget-button\" data-id=\"ca351b2\" data-element_type=\"widget\" data-settings=\"{&quot;_animation&quot;:&quot;slideInLeft&quot;}\" data-widget_type=\"button.default\">\n\t\t\t\t<div class=\"elementor-widget-container\">\n\t\t\t\t\t<div class=\"elementor-button-wrapper\">\n\t\t\t<a href=\"https:\/\/app.affiliabet.com\/register\" class=\"elementor-button-link elementor-button elementor-size-sm elementor-animation-wobble-to-bottom-right\" role=\"button\">\n\t\t\t\t\t\t<span class=\"elementor-button-content-wrapper\">\n\t\t\t\t\t\t<span class=\"elementor-button-text\">VOGLIO ACCEDERE ALLE CAMPAGNE!<\/span>\n\t\t<\/span>\n\t\t\t\t\t<\/a>\n\t\t<\/div>\n\t\t\t\t<\/div>\n\t\t\t\t<\/div>\n\t\t\t\t<div class=\"elementor-element elementor-element-98c2fde elementor-widget elementor-widget-spacer\" data-id=\"98c2fde\" data-element_type=\"widget\" data-widget_type=\"spacer.default\">\n\t\t\t\t<div class=\"elementor-widget-container\">\n\t\t\t\t\t<div class=\"elementor-spacer\">\n\t\t\t<div class=\"elementor-spacer-inner\"><\/div>\n\t\t<\/div>\n\t\t\t\t<\/div>\n\t\t\t\t<\/div>\n\t\t\t\t\t\t<\/div>\n\t\t\t\t\t<\/div>\n\t\t<\/div>\n\t\t\t\t\t\t\t\t<\/div>\n\t\t\t\t\t<\/div>\n\t\t<\/section>\n\t\t\t\t<section class=\"elementor-section elementor-top-section elementor-element elementor-element-7771020 elementor-section-boxed elementor-section-height-default elementor-section-height-default\" data-id=\"7771020\" data-element_type=\"section\">\n\t\t\t\t\t\t<div class=\"elementor-container elementor-column-gap-no\">\n\t\t\t\t\t\t\t<div class=\"elementor-row\">\n\t\t\t\t\t<div class=\"elementor-column elementor-col-100 elementor-top-column elementor-element elementor-element-3ca1273\" data-id=\"3ca1273\" data-element_type=\"column\">\n\t\t\t<div class=\"elementor-column-wrap elementor-element-populated\">\n\t\t\t\t\t\t\t<div class=\"elementor-widget-wrap\">\n\t\t\t\t\t\t<div class=\"elementor-element elementor-element-33aea64 elementor-view-stacked elementor-shape-circle elementor-invisible elementor-widget elementor-widget-icon\" data-id=\"33aea64\" data-element_type=\"widget\" data-settings=\"{&quot;_animation&quot;:&quot;zoomIn&quot;}\" data-widget_type=\"icon.default\">\n\t\t\t\t<div class=\"elementor-widget-container\">\n\t\t\t\t\t<div class=\"elementor-icon-wrapper\">\n\t\t\t<div class=\"elementor-icon\">\n\t\t\t<i aria-hidden=\"true\" class=\"far fa-futbol\"><\/i>\t\t\t<\/div>\n\t\t<\/div>\n\t\t\t\t<\/div>\n\t\t\t\t<\/div>\n\t\t\t\t<div class=\"elementor-element elementor-element-4105e40 elementor-widget elementor-widget-heading\" data-id=\"4105e40\" data-element_type=\"widget\" data-widget_type=\"heading.default\">\n\t\t\t\t<div class=\"elementor-widget-container\">\n\t\t\t<h2 class=\"elementor-heading-title elementor-size-default\"><b>Come si pu\u00f2 guadagnare riferendo o affiliando persone ai bookmaker?<\/b><\/h2>\t\t<\/div>\n\t\t\t\t<\/div>\n\t\t\t\t<div class=\"elementor-element elementor-element-c902585 elementor-widget elementor-widget-text-editor\" data-id=\"c902585\" data-element_type=\"widget\" data-widget_type=\"text-editor.default\">\n\t\t\t\t<div class=\"elementor-widget-container\">\n\t\t\t\t\t<div class=\"elementor-text-editor elementor-clearfix\"><p>Esistono diversi modi per guadagnare come affiliato nel settore dei bookmaker. Alcuni dei modi pi\u00f9 comuni sono descritti di seguito:<\/p>\n<ul>\n<li><strong>Commissioni per registrazione (CPA):<\/strong> i bookmaker offrono commissioni agli affiliati per ogni nuovo giocatore che si registra attraverso il loro link di affiliazione. L&#8217;importo della commissione varia da bookmaker a bookmaker e pu\u00f2 essere un pagamento fisso o una percentuale delle vincite del giocatore.<\/li>\n<li><strong>Commissioni Revenue Share:<\/strong> alcuni bookmaker offrono commissioni aggiuntive agli affiliati quando i giocatori depositano denaro sul loro conto scommesse dopo essersi registrati attraverso il loro link di affiliazione.<\/li>\n<li><strong>Commissioni sul ricavo netto:<\/strong> gli affiliati possono guadagnare una commissione sul ricavo netto generato dai giocatori che si sono registrati attraverso il loro link di affiliazione. Le entrate nette vengono calcolate sottraendo le perdite dei giocatori dai loro guadagni.<\/li>\n<li><strong>Programmi di sub-affiliazione:<\/strong> alcuni bookmaker offrono commissioni agli affiliati per aver indirizzato altri affiliati al programma. L&#8217;affiliato riceve una commissione sui guadagni dei sub-affiliati segnalati.<\/li>\n<li><strong>Offerte speciali:<\/strong> gli affiliati possono avere accesso a offerte speciali, come bonus esclusivi, che possono offrire ai giocatori da loro segnalati. Queste offerte possono attirare pi\u00f9 giocatori attraverso il link di affiliazione.<\/li>\n<\/ul>\n<\/div>\n\t\t\t\t<\/div>\n\t\t\t\t<\/div>\n\t\t\t\t\t\t<\/div>\n\t\t\t\t\t<\/div>\n\t\t<\/div>\n\t\t\t\t\t\t\t\t<\/div>\n\t\t\t\t\t<\/div>\n\t\t<\/section>\n\t\t\t\t<section class=\"elementor-section elementor-top-section elementor-element elementor-element-06b831f elementor-section-height-min-height elementor-section-boxed elementor-section-height-default elementor-section-items-middle\" data-id=\"06b831f\" data-element_type=\"section\">\n\t\t\t\t\t\t<div class=\"elementor-container elementor-column-gap-no\">\n\t\t\t\t\t\t\t<div class=\"elementor-row\">\n\t\t\t\t\t<div class=\"elementor-column elementor-col-100 elementor-top-column elementor-element elementor-element-72dd86a\" data-id=\"72dd86a\" data-element_type=\"column\">\n\t\t\t<div class=\"elementor-column-wrap elementor-element-populated\">\n\t\t\t\t\t\t\t<div class=\"elementor-widget-wrap\">\n\t\t\t\t\t\t<div class=\"elementor-element elementor-element-9dd3107 elementor-widget elementor-widget-spacer\" data-id=\"9dd3107\" data-element_type=\"widget\" data-widget_type=\"spacer.default\">\n\t\t\t\t<div class=\"elementor-widget-container\">\n\t\t\t\t\t<div class=\"elementor-spacer\">\n\t\t\t<div class=\"elementor-spacer-inner\"><\/div>\n\t\t<\/div>\n\t\t\t\t<\/div>\n\t\t\t\t<\/div>\n\t\t\t\t<div class=\"elementor-element elementor-element-89111df elementor-widget elementor-widget-heading\" data-id=\"89111df\" data-element_type=\"widget\" data-widget_type=\"heading.default\">\n\t\t\t\t<div class=\"elementor-widget-container\">\n\t\t\t<h2 class=\"elementor-heading-title elementor-size-default\"><b>I migliori bookmaker che pagano gli affiliati in tutto il mondo<\/b><b> (CPA, Revenue Share)<\/b>.<\/h2>\t\t<\/div>\n\t\t\t\t<\/div>\n\t\t\t\t<div class=\"elementor-element elementor-element-63acda1 elementor-widget elementor-widget-text-editor\" data-id=\"63acda1\" data-element_type=\"widget\" data-widget_type=\"text-editor.default\">\n\t\t\t\t<div class=\"elementor-widget-container\">\n\t\t\t\t\t<div class=\"elementor-text-editor elementor-clearfix\"><p>Ecco alcuni dei bookmaker che sono stati menzionati nella vostra ricerca:<\/p>\n<ul>\n<li><strong>Betfair:<\/strong><a href=\"https:\/\/www.affiliabet.com\/it\/betfair-colombia\/\"><span style=\"color: #0000ff;\"> Betfair<\/span><\/a> \u00e8 uno dei bookmaker pi\u00f9 innovativi e popolari del mercato. \u00c8 noto per il suo betting exchange e per l&#8217;offerta di una vasta gamma di sport e mercati. Offre anche un programma di affiliazione con CPA e Revenue Share.<\/li>\n<li><strong>BWin:<\/strong> BWin \u00e8 un altro dei bookmaker pi\u00f9 popolari al mondo. Offre un&#8217;ampia gamma di sport e mercati, oltre a una piattaforma di scommesse live e a un&#8217;eccellente assistenza clienti. Il suo programma di affiliazione \u00e8 noto per offrire commissioni elevate e un buon supporto.<\/li>\n<li><strong>WilliamHill:<\/strong> WilliamHill \u00e8 uno dei bookmaker pi\u00f9 antichi e rispettati del mercato. Offre un&#8217;ampia gamma di sport e mercati, oltre a una piattaforma di scommesse live. Il suo programma di affiliazione \u00e8 noto per offrire commissioni elevate e un buon rapporto con i suoi affiliati.<\/li>\n<\/ul>\n<p>Potete anche controllare i programmi di affiliazione degli altri bookmaker <strong>cliccando sul loro nome: 1xBet,<a href=\"https:\/\/www.affiliabet.com\/it\/betfair-colombia\/\"><span style=\"color: #0000ff;\"> Betfair,<\/span><\/a> <a href=\"https:\/\/www.affiliabet.com\/it\/betsson-e-le-sue-campagne-di-affiliazione\/\"><span style=\"color: #0000ff;\">Betsson,<\/span><\/a> BetWay, BWin, Casino Barcelona, Circus, <a href=\"https:\/\/www.affiliabet.com\/it\/codere-espana-e-le-sue-campagne-affiliate\/\"><span style=\"color: #0000ff;\">Codere,<\/span><\/a> <a href=\"https:\/\/www.affiliabet.com\/it\/leovegas-spagna-e-le-sue-campagne-di-affiliazione\/\"><span style=\"color: #0000ff;\">LeoVegas,<\/span> <\/a>InterWetten, <a href=\"https:\/\/www.affiliabet.com\/it\/luckia-colombia-e-le-sue-campagne-affiliate\/\"><span style=\"color: #0000ff;\">Luckia,<\/span><\/a> Sisal, MarahonBet, Marca Apuestas, Paston, PockerStars Sports, <a href=\"https:\/\/www.affiliabet.com\/it\/sportium-e-le-sue-campagne-affiliate\/\"><span style=\"color: #0000ff;\">Sportium,<\/span><\/a> <span style=\"color: #0000ff;\">Winamax,<\/span> RetaBet, <a href=\"https:\/\/www.affiliabet.com\/it\/?page_id=4755\"><span style=\"color: #0000ff;\">Zebet<\/span><\/a>&#8230; e molti altri!<\/strong><\/p>\n<\/div>\n\t\t\t\t<\/div>\n\t\t\t\t<\/div>\n\t\t\t\t<div class=\"elementor-element elementor-element-9280a39 elementor-widget elementor-widget-spacer\" data-id=\"9280a39\" data-element_type=\"widget\" data-widget_type=\"spacer.default\">\n\t\t\t\t<div class=\"elementor-widget-container\">\n\t\t\t\t\t<div class=\"elementor-spacer\">\n\t\t\t<div class=\"elementor-spacer-inner\"><\/div>\n\t\t<\/div>\n\t\t\t\t<\/div>\n\t\t\t\t<\/div>\n\t\t\t\t\t\t<\/div>\n\t\t\t\t\t<\/div>\n\t\t<\/div>\n\t\t\t\t\t\t\t\t<\/div>\n\t\t\t\t\t<\/div>\n\t\t<\/section>\n\t\t\t\t<section class=\"elementor-section elementor-top-section elementor-element elementor-element-260a026 elementor-section-boxed elementor-section-height-default elementor-section-height-default\" data-id=\"260a026\" data-element_type=\"section\" data-settings=\"{&quot;background_background&quot;:&quot;classic&quot;}\">\n\t\t\t\t\t\t<div class=\"elementor-container elementor-column-gap-default\">\n\t\t\t\t\t\t\t<div class=\"elementor-row\">\n\t\t\t\t\t<div class=\"elementor-column elementor-col-100 elementor-top-column elementor-element elementor-element-8d6a713\" data-id=\"8d6a713\" data-element_type=\"column\">\n\t\t\t<div class=\"elementor-column-wrap elementor-element-populated\">\n\t\t\t\t\t\t\t<div class=\"elementor-widget-wrap\">\n\t\t\t\t\t\t<div class=\"elementor-element elementor-element-537095f elementor-widget elementor-widget-heading\" data-id=\"537095f\" data-element_type=\"widget\" data-widget_type=\"heading.default\">\n\t\t\t\t<div class=\"elementor-widget-container\">\n\t\t\t<h3 class=\"elementor-heading-title elementor-size-default\">REGISTRATI E RICEVI<br><strong>10\u20ac DE BONO DE BIENVENIDA<\/strong><\/h3>\t\t<\/div>\n\t\t\t\t<\/div>\n\t\t\t\t<div class=\"elementor-element elementor-element-b5cefad elementor-align-center elementor-widget elementor-widget-button\" data-id=\"b5cefad\" data-element_type=\"widget\" data-widget_type=\"button.default\">\n\t\t\t\t<div class=\"elementor-widget-container\">\n\t\t\t\t\t<div class=\"elementor-button-wrapper\">\n\t\t\t<a href=\"https:\/\/app.affiliabet.com\/register\" class=\"elementor-button-link elementor-button elementor-size-md elementor-animation-bounce-in\" role=\"button\">\n\t\t\t\t\t\t<span class=\"elementor-button-content-wrapper\">\n\t\t\t\t\t\t<span class=\"elementor-button-text\">RICEVETE 10 \u20ac<\/span>\n\t\t<\/span>\n\t\t\t\t\t<\/a>\n\t\t<\/div>\n\t\t\t\t<\/div>\n\t\t\t\t<\/div>\n\t\t\t\t\t\t<\/div>\n\t\t\t\t\t<\/div>\n\t\t<\/div>\n\t\t\t\t\t\t\t\t<\/div>\n\t\t\t\t\t<\/div>\n\t\t<\/section>\n\t\t\t\t<section class=\"elementor-section elementor-top-section elementor-element elementor-element-fc640e0 elementor-section-height-min-height elementor-section-boxed elementor-section-height-default elementor-section-items-middle\" data-id=\"fc640e0\" data-element_type=\"section\">\n\t\t\t\t\t\t<div class=\"elementor-container elementor-column-gap-default\">\n\t\t\t\t\t\t\t<div class=\"elementor-row\">\n\t\t\t\t\t<div class=\"elementor-column elementor-col-100 elementor-top-column elementor-element elementor-element-6be2305\" data-id=\"6be2305\" data-element_type=\"column\">\n\t\t\t<div class=\"elementor-column-wrap elementor-element-populated\">\n\t\t\t\t\t\t\t<div class=\"elementor-widget-wrap\">\n\t\t\t\t\t\t<div class=\"elementor-element elementor-element-4fb0efd elementor-widget elementor-widget-heading\" data-id=\"4fb0efd\" data-element_type=\"widget\" data-widget_type=\"heading.default\">\n\t\t\t\t<div class=\"elementor-widget-container\">\n\t\t\t<h2 class=\"elementor-heading-title elementor-size-default\"><b>Qual \u00e8 il miglior sito web per avere il pieno controllo sulle mie campagne di referral marketing del bookmaker e guadagnare di pi\u00f9 con esse?<\/b><\/h2>\t\t<\/div>\n\t\t\t\t<\/div>\n\t\t\t\t<div class=\"elementor-element elementor-element-920b9cf elementor-widget elementor-widget-text-editor\" data-id=\"920b9cf\" data-element_type=\"widget\" data-widget_type=\"text-editor.default\">\n\t\t\t\t<div class=\"elementor-widget-container\">\n\t\t\t\t\t<div class=\"elementor-text-editor elementor-clearfix\"><p>La piattaforma Afiliabet offre ai suoi membri diverse opportunit\u00e0 promozionali nei mercati spagnolo, italiano, tedesco e latinoamericano (LATAM), attraverso varie campagne di affiliazione.<\/p>\n<p>Afiliabet ha stretto accordi commerciali con societ\u00e0 di scommesse sportive, poker, casin\u00f2, bingo, forex e opzioni binarie. Questi accordi competitivi consentono di ottenere il 100% dei profitti dai loro canali di distribuzione.<\/p>\n<p>Gli affiliati hanno la possibilit\u00e0 di gestire tutte le loro campagne e di ottenere risorse di marketing per promuoverle efficacemente sui loro canali online. Inoltre, hanno a disposizione pagamenti e metriche delle campagne aggiornati quotidianamente e un affiliate manager.<\/p>\n<p style=\"padding-left: 40px;\"><em><strong>\u00a0Se volete iniziare a guadagnare con campagne di\u00a0 \u00a0 \u00a0 affiliazione efficaci, <span style=\"color: #ffcc00;\"><a style=\"color: #ffcc00;\" href=\"https:\/\/app.affiliabet.com\/register\">iscrivetevi subito ad Afiliabet!<\/a><\/span><\/strong><\/em><\/p>\n<\/div>\n\t\t\t\t<\/div>\n\t\t\t\t<\/div>\n\t\t\t\t<div class=\"elementor-element elementor-element-352e265 elementor-widget elementor-widget-spacer\" data-id=\"352e265\" data-element_type=\"widget\" data-widget_type=\"spacer.default\">\n\t\t\t\t<div class=\"elementor-widget-container\">\n\t\t\t\t\t<div class=\"elementor-spacer\">\n\t\t\t<div class=\"elementor-spacer-inner\"><\/div>\n\t\t<\/div>\n\t\t\t\t<\/div>\n\t\t\t\t<\/div>\n\t\t\t\t\t\t<\/div>\n\t\t\t\t\t<\/div>\n\t\t<\/div>\n\t\t\t\t\t\t\t\t<\/div>\n\t\t\t\t\t<\/div>\n\t\t<\/section>\n\t\t\t\t\t\t<\/div>\n\t\t\t\t\t\t<\/div>\n\t\t\t\t\t<\/div>\n\t\t","protected":false},"excerpt":{"rendered":"<p>Magari affiliati\/referenti bookmakers sportivi. Affiliabet &#8211; Guadagna con campagne di marketing di affiliazione con i migliori bookmaker del mondo. Che cos&#8217;\u00e8 una campagna di marketing di affiliazione e a cosa serve? Una campagna di marketing di affiliazione \u00e8 una strategia di marketing in cui un&#8217;azienda (inserzionista) collabora con individui o aziende (affiliati) per promuovere i [&hellip;]<\/p>\n","protected":false},"author":1,"featured_media":0,"parent":0,"menu_order":0,"comment_status":"closed","ping_status":"closed","template":"","meta":[],"yoast_head":"<!-- This site is optimized with the Yoast SEO plugin v15.6.2 - https:\/\/yoast.com\/wordpress\/plugins\/seo\/ -->\n<title>Guadagnare soldi affiliati\/referenziati ai bookmaker sportivi<\/title>\n<meta name=\"description\" content=\"Guadagna con campagne di marketing di affiliazione con i migliori bookmaker del mondo. 1xBet, 888, Betfair, Bethard, tra gli altri.\" \/>\n<meta name=\"robots\" content=\"index, follow, max-snippet:-1, max-image-preview:large, max-video-preview:-1\" \/>\n<link rel=\"canonical\" href=\"https:\/\/www.affiliabet.com\/it\/afiliados-apuestas-deportivas\/\" \/>\n<meta property=\"og:locale\" content=\"it_IT\" \/>\n<meta property=\"og:type\" content=\"article\" \/>\n<meta property=\"og:title\" content=\"Guadagnare soldi affiliati\/referenziati ai bookmaker sportivi\" \/>\n<meta property=\"og:description\" content=\"Guadagna con campagne di marketing di affiliazione con i migliori bookmaker del mondo. 1xBet, 888, Betfair, Bethard, tra gli altri.\" \/>\n<meta property=\"og:url\" content=\"https:\/\/www.affiliabet.com\/afiliados-apuestas-deportivas\/\" \/>\n<meta property=\"og:site_name\" content=\"Affiliabet\" \/>\n<meta property=\"article:modified_time\" content=\"2024-01-18T11:39:14+00:00\" \/>\n<meta property=\"og:image\" content=\"https:\/\/www.affiliabet.com\/wp-content\/uploads\/2021\/04\/affiliabet_logo_juegoresponsable.png\" \/>\n\t<meta property=\"og:image:width\" content=\"550\" \/>\n\t<meta property=\"og:image:height\" content=\"189\" \/>\n<meta name=\"twitter:card\" content=\"summary_large_image\" \/>\n<meta name=\"twitter:label1\" content=\"Tempo di lettura stimato\">\n\t<meta name=\"twitter:data1\" content=\"3 minuti\">\n<script type=\"application\/ld+json\" class=\"yoast-schema-graph\">{\"@context\":\"https:\/\/schema.org\",\"@graph\":[{\"@type\":\"Organization\",\"@id\":\"https:\/\/www.affiliabet.com\/#organization\",\"name\":\"Affiliabet\",\"url\":\"https:\/\/www.affiliabet.com\/\",\"sameAs\":[],\"logo\":{\"@type\":\"ImageObject\",\"@id\":\"https:\/\/www.affiliabet.com\/#logo\",\"inLanguage\":\"it-IT\",\"url\":\"https:\/\/www.affiliabet.com\/wp-content\/uploads\/2021\/01\/logo.jpg\",\"width\":387,\"height\":101,\"caption\":\"Affiliabet\"},\"image\":{\"@id\":\"https:\/\/www.affiliabet.com\/#logo\"}},{\"@type\":\"WebSite\",\"@id\":\"https:\/\/www.affiliabet.com\/#website\",\"url\":\"https:\/\/www.affiliabet.com\/\",\"name\":\"Affiliabet\",\"description\":\"Gestor N\\u00ba1 en campa\\u00f1as de afiliaci\\u00f3n de apuestas deportivas y juego online\",\"publisher\":{\"@id\":\"https:\/\/www.affiliabet.com\/#organization\"},\"potentialAction\":[{\"@type\":\"SearchAction\",\"target\":\"https:\/\/www.affiliabet.com\/?s={search_term_string}\",\"query-input\":\"required name=search_term_string\"}],\"inLanguage\":\"it-IT\"},{\"@type\":\"WebPage\",\"@id\":\"https:\/\/www.affiliabet.com\/afiliados-apuestas-deportivas\/#webpage\",\"url\":\"https:\/\/www.affiliabet.com\/afiliados-apuestas-deportivas\/\",\"name\":\"Guadagnare soldi affiliati\/referenziati ai bookmaker sportivi\",\"isPartOf\":{\"@id\":\"https:\/\/www.affiliabet.com\/#website\"},\"datePublished\":\"2023-04-07T20:14:56+00:00\",\"dateModified\":\"2024-01-18T11:39:14+00:00\",\"description\":\"Guadagna con campagne di marketing di affiliazione con i migliori bookmaker del mondo. 1xBet, 888, Betfair, Bethard, tra gli altri.\",\"inLanguage\":\"it-IT\",\"potentialAction\":[{\"@type\":\"ReadAction\",\"target\":[\"https:\/\/www.affiliabet.com\/afiliados-apuestas-deportivas\/\"]}]}]}<\/script>\n<!-- \/ Yoast SEO plugin. -->","_links":{"self":[{"href":"https:\/\/www.affiliabet.com\/it\/wp-json\/wp\/v2\/pages\/3315"}],"collection":[{"href":"https:\/\/www.affiliabet.com\/it\/wp-json\/wp\/v2\/pages"}],"about":[{"href":"https:\/\/www.affiliabet.com\/it\/wp-json\/wp\/v2\/types\/page"}],"author":[{"embeddable":true,"href":"https:\/\/www.affiliabet.com\/it\/wp-json\/wp\/v2\/users\/1"}],"replies":[{"embeddable":true,"href":"https:\/\/www.affiliabet.com\/it\/wp-json\/wp\/v2\/comments?post=3315"}],"version-history":[{"count":8,"href":"https:\/\/www.affiliabet.com\/it\/wp-json\/wp\/v2\/pages\/3315\/revisions"}],"predecessor-version":[{"id":7981,"href":"https:\/\/www.affiliabet.com\/it\/wp-json\/wp\/v2\/pages\/3315\/revisions\/7981"}],"wp:attachment":[{"href":"https:\/\/www.affiliabet.com\/it\/wp-json\/wp\/v2\/media?parent=3315"}],"curies":[{"name":"wp","href":"https:\/\/api.w.org\/{rel}","templated":true}]}}