{"id":3350,"date":"2023-04-07T22:16:53","date_gmt":"2023-04-07T22:16:53","guid":{"rendered":"https:\/\/www.affiliabet.com\/?page_id=3350"},"modified":"2024-01-18T11:35:05","modified_gmt":"2024-01-18T11:35:05","slug":"affiliati-al-casino","status":"publish","type":"page","link":"https:\/\/www.affiliabet.com\/it\/affiliati-al-casino\/","title":{"rendered":"Affiliati al casin\u00f2"},"content":{"rendered":"\t\t<div data-elementor-type=\"wp-page\" data-elementor-id=\"3350\" class=\"elementor elementor-3350 elementor-3347\" data-elementor-settings=\"[]\">\n\t\t\t\t\t\t<div class=\"elementor-inner\">\n\t\t\t\t\t\t\t<div class=\"elementor-section-wrap\">\n\t\t\t\t\t\t\t<section class=\"elementor-section elementor-top-section elementor-element elementor-element-c185c06 elementor-section-boxed elementor-section-height-default elementor-section-height-default\" data-id=\"c185c06\" data-element_type=\"section\" data-settings=\"{&quot;background_background&quot;:&quot;classic&quot;}\">\n\t\t\t\t\t\t<div class=\"elementor-container elementor-column-gap-no\">\n\t\t\t\t\t\t\t<div class=\"elementor-row\">\n\t\t\t\t\t<div class=\"elementor-column elementor-col-100 elementor-top-column elementor-element elementor-element-6e910c6\" data-id=\"6e910c6\" data-element_type=\"column\">\n\t\t\t<div class=\"elementor-column-wrap elementor-element-populated\">\n\t\t\t\t\t\t\t<div class=\"elementor-widget-wrap\">\n\t\t\t\t\t\t<div class=\"elementor-element elementor-element-da8716e elementor-widget elementor-widget-heading\" data-id=\"da8716e\" data-element_type=\"widget\" data-widget_type=\"heading.default\">\n\t\t\t\t<div class=\"elementor-widget-container\">\n\t\t\t<h1 class=\"elementor-heading-title elementor-size-large\"><b>Programma di affiliazione\/riferimento per guadagnare denaro con poker, casin\u00f2, giochi online<\/b>.<\/h1>\t\t<\/div>\n\t\t\t\t<\/div>\n\t\t\t\t<div class=\"elementor-element elementor-element-ca9dab7 elementor-widget elementor-widget-heading\" data-id=\"ca9dab7\" data-element_type=\"widget\" data-widget_type=\"heading.default\">\n\t\t\t\t<div class=\"elementor-widget-container\">\n\t\t\t<h2 class=\"elementor-heading-title elementor-size-medium\">Affiliabet - Guadagna con le migliori campagne e programmi di marketing di affiliazione di giochi online (poker, casin\u00f2).<\/h2>\t\t<\/div>\n\t\t\t\t<\/div>\n\t\t\t\t<div class=\"elementor-element elementor-element-4d471db elementor-widget elementor-widget-spacer\" data-id=\"4d471db\" data-element_type=\"widget\" data-widget_type=\"spacer.default\">\n\t\t\t\t<div class=\"elementor-widget-container\">\n\t\t\t\t\t<div class=\"elementor-spacer\">\n\t\t\t<div class=\"elementor-spacer-inner\"><\/div>\n\t\t<\/div>\n\t\t\t\t<\/div>\n\t\t\t\t<\/div>\n\t\t\t\t\t\t<\/div>\n\t\t\t\t\t<\/div>\n\t\t<\/div>\n\t\t\t\t\t\t\t\t<\/div>\n\t\t\t\t\t<\/div>\n\t\t<\/section>\n\t\t\t\t<section class=\"elementor-section elementor-top-section elementor-element elementor-element-d1b552e elementor-section-boxed elementor-section-height-default elementor-section-height-default\" data-id=\"d1b552e\" data-element_type=\"section\">\n\t\t\t\t\t\t<div class=\"elementor-container elementor-column-gap-no\">\n\t\t\t\t\t\t\t<div class=\"elementor-row\">\n\t\t\t\t\t<div class=\"elementor-column elementor-col-100 elementor-top-column elementor-element elementor-element-3858219\" data-id=\"3858219\" data-element_type=\"column\">\n\t\t\t<div class=\"elementor-column-wrap elementor-element-populated\">\n\t\t\t\t\t\t\t<div class=\"elementor-widget-wrap\">\n\t\t\t\t\t\t<div class=\"elementor-element elementor-element-f047e63 elementor-widget elementor-widget-heading\" data-id=\"f047e63\" data-element_type=\"widget\" data-widget_type=\"heading.default\">\n\t\t\t\t<div class=\"elementor-widget-container\">\n\t\t\t<h2 class=\"elementor-heading-title elementor-size-default\"><b>\u00bfQu\u00e9 es una campa\u00f1a de marketing de afiliados? \u00bfpara qu\u00e9 sirve?<\/b><\/h2>\t\t<\/div>\n\t\t\t\t<\/div>\n\t\t\t\t<div class=\"elementor-element elementor-element-14ade18 elementor-widget elementor-widget-spacer\" data-id=\"14ade18\" data-element_type=\"widget\" data-widget_type=\"spacer.default\">\n\t\t\t\t<div class=\"elementor-widget-container\">\n\t\t\t\t\t<div class=\"elementor-spacer\">\n\t\t\t<div class=\"elementor-spacer-inner\"><\/div>\n\t\t<\/div>\n\t\t\t\t<\/div>\n\t\t\t\t<\/div>\n\t\t\t\t<div class=\"elementor-element elementor-element-e2d0188 elementor-widget elementor-widget-text-editor\" data-id=\"e2d0188\" data-element_type=\"widget\" data-widget_type=\"text-editor.default\">\n\t\t\t\t<div class=\"elementor-widget-container\">\n\t\t\t\t\t<div class=\"elementor-text-editor elementor-clearfix\"><p>Le campagne di marketing di affiliazione sono un tipo di pubblicit\u00e0 basata sulle prestazioni, in cui l&#8217;inserzionista <strong>ricompensa un affiliato per aver portato traffico, contatti o vendite al suo sito web.<\/strong><\/p>\n<p>Si tratta di un modo efficace per le aziende di<strong> espandere la propria portata e aumentare le vendite da parte di nuovi clienti.<\/strong> Con il marketing di affiliazione, le aziende possono raggiungere un pubblico pi\u00f9 ampio e creare relazioni pi\u00f9 significative con i potenziali clienti.<\/p>\n<p>\u00c8 anche<strong> un modo efficace per guadagnare denaro,<\/strong> poich\u00e9 gli inserzionisti pagano solo per i lead o le vendite generate dai loro affiliati.<\/p>\n<\/div>\n\t\t\t\t<\/div>\n\t\t\t\t<\/div>\n\t\t\t\t<div class=\"elementor-element elementor-element-ca351b2 elementor-align-center animated-slow elementor-invisible elementor-widget elementor-widget-button\" data-id=\"ca351b2\" data-element_type=\"widget\" data-settings=\"{&quot;_animation&quot;:&quot;slideInLeft&quot;}\" data-widget_type=\"button.default\">\n\t\t\t\t<div class=\"elementor-widget-container\">\n\t\t\t\t\t<div class=\"elementor-button-wrapper\">\n\t\t\t<a href=\"https:\/\/app.affiliabet.com\/register\" class=\"elementor-button-link elementor-button elementor-size-sm elementor-animation-wobble-to-bottom-right\" role=\"button\">\n\t\t\t\t\t\t<span class=\"elementor-button-content-wrapper\">\n\t\t\t\t\t\t<span class=\"elementor-button-text\">VOGLIO GUADAGNARE CON LE AFFILIAZIONI!<\/span>\n\t\t<\/span>\n\t\t\t\t\t<\/a>\n\t\t<\/div>\n\t\t\t\t<\/div>\n\t\t\t\t<\/div>\n\t\t\t\t<div class=\"elementor-element elementor-element-98c2fde elementor-widget elementor-widget-spacer\" data-id=\"98c2fde\" data-element_type=\"widget\" data-widget_type=\"spacer.default\">\n\t\t\t\t<div class=\"elementor-widget-container\">\n\t\t\t\t\t<div class=\"elementor-spacer\">\n\t\t\t<div class=\"elementor-spacer-inner\"><\/div>\n\t\t<\/div>\n\t\t\t\t<\/div>\n\t\t\t\t<\/div>\n\t\t\t\t\t\t<\/div>\n\t\t\t\t\t<\/div>\n\t\t<\/div>\n\t\t\t\t\t\t\t\t<\/div>\n\t\t\t\t\t<\/div>\n\t\t<\/section>\n\t\t\t\t<section class=\"elementor-section elementor-top-section elementor-element elementor-element-2864f8e elementor-section-boxed elementor-section-height-default elementor-section-height-default\" data-id=\"2864f8e\" data-element_type=\"section\">\n\t\t\t\t\t\t<div class=\"elementor-container elementor-column-gap-no\">\n\t\t\t\t\t\t\t<div class=\"elementor-row\">\n\t\t\t\t\t<div class=\"elementor-column elementor-col-100 elementor-top-column elementor-element elementor-element-f882aaf\" data-id=\"f882aaf\" data-element_type=\"column\">\n\t\t\t<div class=\"elementor-column-wrap elementor-element-populated\">\n\t\t\t\t\t\t\t<div class=\"elementor-widget-wrap\">\n\t\t\t\t\t\t<div class=\"elementor-element elementor-element-2483ea0 elementor-view-stacked elementor-shape-circle elementor-invisible elementor-widget elementor-widget-icon\" data-id=\"2483ea0\" data-element_type=\"widget\" data-settings=\"{&quot;_animation&quot;:&quot;zoomIn&quot;}\" data-widget_type=\"icon.default\">\n\t\t\t\t<div class=\"elementor-widget-container\">\n\t\t\t\t\t<div class=\"elementor-icon-wrapper\">\n\t\t\t<div class=\"elementor-icon\">\n\t\t\t<i aria-hidden=\"true\" class=\"fas fa-dice\"><\/i>\t\t\t<\/div>\n\t\t<\/div>\n\t\t\t\t<\/div>\n\t\t\t\t<\/div>\n\t\t\t\t<div class=\"elementor-element elementor-element-8251d4a elementor-widget elementor-widget-heading\" data-id=\"8251d4a\" data-element_type=\"widget\" data-widget_type=\"heading.default\">\n\t\t\t\t<div class=\"elementor-widget-container\">\n\t\t\t<h2 class=\"elementor-heading-title elementor-size-default\"><b>Come si pu\u00f2 guadagnare con i programmi di referral o di affiliazione nelle case da gioco online (poker, casin\u00f2)? CPA, Revenue Share<\/b><\/h2>\t\t<\/div>\n\t\t\t\t<\/div>\n\t\t\t\t<div class=\"elementor-element elementor-element-a15f4c5 elementor-widget elementor-widget-text-editor\" data-id=\"a15f4c5\" data-element_type=\"widget\" data-widget_type=\"text-editor.default\">\n\t\t\t\t<div class=\"elementor-widget-container\">\n\t\t\t\t\t<div class=\"elementor-text-editor elementor-clearfix\"><p>Per guadagnare con i programmi di referral o di affiliazione delle case da gioco online, esistono due opzioni principali per i modelli di pagamento: <strong>il Costo per Acquisizione (CPA) e il Revenue Share.<\/strong><\/p>\n<ul>\n<li>Il CPA \u00e8 un tipo di modello di pagamento in base alle prestazioni, in cui <strong>l&#8217;affiliato riceve una commissione fissa<\/strong> <strong>una tantum quando segnala un nuovo giocatore che si iscrive ed effettua un deposito.<\/strong> Questo metodo \u00e8 ideale per gli affiliati che vogliono essere ricompensati rapidamente e non vogliono preoccuparsi della performance a lungo termine dei giocatori da loro segnalati.<\/li>\n<li>La Revenue Share \u00e8 un tipo di modello di pagamento a lungo termine in cui <strong>l&#8217;affiliato riceve una percentuale delle entrate generate dall&#8217;attivit\u00e0 del giocatore.<\/strong> Questo metodo \u00e8 ideale per gli affiliati che cercano un reddito residuo a lungo termine. \u00c8 anche vantaggioso per le poker room e i casin\u00f2, in quanto d\u00e0 loro la certezza che i giocatori segnalati rimarranno attivi sui loro siti.<\/li>\n<\/ul>\n<p>Per massimizzare i vostri guadagni, dovreste considerare la possibilit\u00e0 di <strong>combinare entrambi i modelli,<\/strong> in quanto possono lavorare insieme per fornire un flusso costante di pagamenti. Ad esempio, potete offrire un CPA per la registrazione iniziale e poi passare a un modello di revenue share quando il giocatore gioca attivamente.<\/p>\n<\/div>\n\t\t\t\t<\/div>\n\t\t\t\t<\/div>\n\t\t\t\t\t\t<\/div>\n\t\t\t\t\t<\/div>\n\t\t<\/div>\n\t\t\t\t\t\t\t\t<\/div>\n\t\t\t\t\t<\/div>\n\t\t<\/section>\n\t\t\t\t<section class=\"elementor-section elementor-top-section elementor-element elementor-element-06b831f elementor-section-boxed elementor-section-height-default elementor-section-height-default\" data-id=\"06b831f\" data-element_type=\"section\">\n\t\t\t\t\t\t<div class=\"elementor-container elementor-column-gap-no\">\n\t\t\t\t\t\t\t<div class=\"elementor-row\">\n\t\t\t\t\t<div class=\"elementor-column elementor-col-100 elementor-top-column elementor-element elementor-element-72dd86a\" data-id=\"72dd86a\" data-element_type=\"column\">\n\t\t\t<div class=\"elementor-column-wrap elementor-element-populated\">\n\t\t\t\t\t\t\t<div class=\"elementor-widget-wrap\">\n\t\t\t\t\t\t<div class=\"elementor-element elementor-element-89111df elementor-widget elementor-widget-heading\" data-id=\"89111df\" data-element_type=\"widget\" data-widget_type=\"heading.default\">\n\t\t\t\t<div class=\"elementor-widget-container\">\n\t\t\t<h2 class=\"elementor-heading-title elementor-size-default\"><br><b>Le migliori case da gioco online che pagano gli affiliati e il sistema di referral in tutto il mondo (Sportium, Luckia, Codere, 888 Casino, 777.es, WinaMax, 888)<\/b>.<\/h2>\t\t<\/div>\n\t\t\t\t<\/div>\n\t\t\t\t<div class=\"elementor-element elementor-element-63acda1 elementor-widget elementor-widget-text-editor\" data-id=\"63acda1\" data-element_type=\"widget\" data-widget_type=\"text-editor.default\">\n\t\t\t\t<div class=\"elementor-widget-container\">\n\t\t\t\t\t<div class=\"elementor-text-editor elementor-clearfix\"><p>Queste case da gioco online offrono bonus e pagamenti ai loro affiliati in tutto il mondo.<\/p>\n<p>Attraverso questo sistema di referral, i giocatori, gli sponsor e gli affiliati <strong>possono guadagnare denaro attraverso le commissioni<\/strong> quando indirizzano altre persone a giocare presso queste case da gioco.<\/p>\n<p>\u00c8 un ottimo modo per guadagnare denaro extra sia per i nuovi giocatori che per quelli pi\u00f9 esperti.<\/p>\n<ul>\n<li><a href=\"https:\/\/www.affiliabet.com\/it\/sportium-e-le-sue-campagne-affiliate\/\"><span style=\"color: #0000ff;\"><strong>Sportium:<\/strong><\/span><\/a> Sportium \u00e8 una delle case da gioco online pi\u00f9 popolari in Europa e in America Latina. Esiste dal 2004 e offre ai giocatori un&#8217;ampia selezione di giochi con ottimi bonus, promozioni e pagamenti. Il sistema di referral aiuta anche gli affiliati a guadagnare denaro riferendo ad altri di giocare in questo casin\u00f2.<\/li>\n<li><strong>Luckia:<\/strong> Luckia \u00e8 un operatore spagnolo di giochi d&#8217;azzardo online con una forte presenza in America Latina. I giocatori possono godere di fantastici bonus, promozioni e pagamenti sia in questo casin\u00f2 che nei suoi siti affiliati. Il loro sistema di referral offre anche agli affiliati denaro extra per aver indirizzato altri giocatori a giocare qui.<\/li>\n<li><a href=\"https:\/\/www.affiliabet.com\/it\/codere-espana-e-le-sue-campagne-affiliate\/\"><span style=\"color: #0000ff;\"><strong>Codere:<\/strong><\/span><\/a> Codere \u00e8 un altro popolare fornitore di giochi d&#8217;azzardo online che opera in Europa e in America Latina. Questo casin\u00f2 offre ai giocatori ottimi bonus, promozioni e pagamenti, oltre al suo programma di affiliazione. Attraverso questo programma, gli affiliati possono guadagnare denaro aggiuntivo per aver indirizzato altri giocatori a giocare in questo casin\u00f2.<\/li>\n<li><a href=\"https:\/\/ic.aff-handler.com\/c\/46290?sr=1746366\"><span style=\"color: #0000ff;\"><strong>888 Casino:<\/strong><\/span><\/a> 888 Casino \u00e8 una nota casa da gioco online che esiste dal 1997. Offre ai giocatori un&#8217;ampia selezione di giochi.<\/li>\n<li><a href=\"https:\/\/www.affiliabet.com\/it\/bet-777-e-le-sue-campagne-di-affiliazione\/\"><span style=\"color: #333399;\"><strong>777.es:<\/strong><\/span><\/a> 777.es \u00e8 una delle pi\u00f9 grandi case da gioco online in Europa e America Latina, con un gran numero di giochi diversi e fantastici bonus, promozioni e pagamenti. Il loro sistema di referral aiuta gli affiliati a guadagnare denaro riferendo ad altre persone di giocare in questo casin\u00f2.<\/li>\n<li><strong>Winamax:<\/strong> Winamax \u00e8 un operatore internazionale di gioco d&#8217;azzardo online che opera in Europa e in America Latina. Questo casin\u00f2 offre ai giocatori un&#8217;ampia selezione di giochi di alta qualit\u00e0, con ottimi bonus, promozioni e pagamenti. Il sistema di referral aiuta anche gli affiliati a guadagnare denaro extra riferendo ad altri di giocare qui.<\/li>\n<li><a href=\"https:\/\/ic.aff-handler.com\/c\/46290?sr=1746366\"><span style=\"color: #0000ff;\"><strong>888:<\/strong><\/span><\/a> 888 \u00e8 uno dei maggiori operatori di gioco d&#8217;azzardo online in Europa e America Latina e sta crescendo molto come marchio in molti mercati.<\/li>\n<\/ul>\n<\/div>\n\t\t\t\t<\/div>\n\t\t\t\t<\/div>\n\t\t\t\t<div class=\"elementor-element elementor-element-9280a39 elementor-widget elementor-widget-spacer\" data-id=\"9280a39\" data-element_type=\"widget\" data-widget_type=\"spacer.default\">\n\t\t\t\t<div class=\"elementor-widget-container\">\n\t\t\t\t\t<div class=\"elementor-spacer\">\n\t\t\t<div class=\"elementor-spacer-inner\"><\/div>\n\t\t<\/div>\n\t\t\t\t<\/div>\n\t\t\t\t<\/div>\n\t\t\t\t\t\t<\/div>\n\t\t\t\t\t<\/div>\n\t\t<\/div>\n\t\t\t\t\t\t\t\t<\/div>\n\t\t\t\t\t<\/div>\n\t\t<\/section>\n\t\t\t\t<section class=\"elementor-section elementor-top-section elementor-element elementor-element-260a026 elementor-section-boxed elementor-section-height-default elementor-section-height-default\" data-id=\"260a026\" data-element_type=\"section\" data-settings=\"{&quot;background_background&quot;:&quot;classic&quot;}\">\n\t\t\t\t\t\t<div class=\"elementor-container elementor-column-gap-default\">\n\t\t\t\t\t\t\t<div class=\"elementor-row\">\n\t\t\t\t\t<div class=\"elementor-column elementor-col-100 elementor-top-column elementor-element elementor-element-8d6a713\" data-id=\"8d6a713\" data-element_type=\"column\">\n\t\t\t<div class=\"elementor-column-wrap elementor-element-populated\">\n\t\t\t\t\t\t\t<div class=\"elementor-widget-wrap\">\n\t\t\t\t\t\t<div class=\"elementor-element elementor-element-537095f elementor-widget elementor-widget-heading\" data-id=\"537095f\" data-element_type=\"widget\" data-widget_type=\"heading.default\">\n\t\t\t\t<div class=\"elementor-widget-container\">\n\t\t\t<h3 class=\"elementor-heading-title elementor-size-default\">INIZIA A FARE SOLDI<br><br><b>Con i POKER AFFILIATI<\/b><\/h3>\t\t<\/div>\n\t\t\t\t<\/div>\n\t\t\t\t<div class=\"elementor-element elementor-element-b5cefad elementor-align-center elementor-widget elementor-widget-button\" data-id=\"b5cefad\" data-element_type=\"widget\" data-widget_type=\"button.default\">\n\t\t\t\t<div class=\"elementor-widget-container\">\n\t\t\t\t\t<div class=\"elementor-button-wrapper\">\n\t\t\t<a href=\"https:\/\/app.affiliabet.com\/register\" class=\"elementor-button-link elementor-button elementor-size-md elementor-animation-bounce-in\" role=\"button\">\n\t\t\t\t\t\t<span class=\"elementor-button-content-wrapper\">\n\t\t\t\t\t\t<span class=\"elementor-button-text\">Registrati GRATUITAMENTE<\/span>\n\t\t<\/span>\n\t\t\t\t\t<\/a>\n\t\t<\/div>\n\t\t\t\t<\/div>\n\t\t\t\t<\/div>\n\t\t\t\t\t\t<\/div>\n\t\t\t\t\t<\/div>\n\t\t<\/div>\n\t\t\t\t\t\t\t\t<\/div>\n\t\t\t\t\t<\/div>\n\t\t<\/section>\n\t\t\t\t<section class=\"elementor-section elementor-top-section elementor-element elementor-element-773f8b8 elementor-section-height-min-height elementor-section-boxed elementor-section-height-default elementor-section-items-middle\" data-id=\"773f8b8\" data-element_type=\"section\">\n\t\t\t\t\t\t<div class=\"elementor-container elementor-column-gap-default\">\n\t\t\t\t\t\t\t<div class=\"elementor-row\">\n\t\t\t\t\t<div class=\"elementor-column elementor-col-100 elementor-top-column elementor-element elementor-element-df5415b\" data-id=\"df5415b\" data-element_type=\"column\">\n\t\t\t<div class=\"elementor-column-wrap elementor-element-populated\">\n\t\t\t\t\t\t\t<div class=\"elementor-widget-wrap\">\n\t\t\t\t\t\t<div class=\"elementor-element elementor-element-7bc4aba elementor-widget elementor-widget-heading\" data-id=\"7bc4aba\" data-element_type=\"widget\" data-widget_type=\"heading.default\">\n\t\t\t\t<div class=\"elementor-widget-container\">\n\t\t\t<h2 class=\"elementor-heading-title elementor-size-default\"><b>Stai cercando una soluzione all-in-one per massimizzare i tuoi guadagni con le campagne di referral marketing del gioco online? Allora non cercate oltre, Afiliabet vi copre!<\/h2>\t\t<\/div>\n\t\t\t\t<\/div>\n\t\t\t\t\t\t<\/div>\n\t\t\t\t\t<\/div>\n\t\t<\/div>\n\t\t\t\t\t\t\t\t<\/div>\n\t\t\t\t\t<\/div>\n\t\t<\/section>\n\t\t\t\t<section class=\"elementor-section elementor-top-section elementor-element elementor-element-1dfb897 elementor-section-boxed elementor-section-height-default elementor-section-height-default\" data-id=\"1dfb897\" data-element_type=\"section\">\n\t\t\t\t\t\t<div class=\"elementor-container elementor-column-gap-default\">\n\t\t\t\t\t\t\t<div class=\"elementor-row\">\n\t\t\t\t\t<div class=\"elementor-column elementor-col-100 elementor-top-column elementor-element elementor-element-ea70971\" data-id=\"ea70971\" data-element_type=\"column\">\n\t\t\t<div class=\"elementor-column-wrap elementor-element-populated\">\n\t\t\t\t\t\t\t<div class=\"elementor-widget-wrap\">\n\t\t\t\t\t\t<div class=\"elementor-element elementor-element-1074b1c elementor-widget elementor-widget-text-editor\" data-id=\"1074b1c\" data-element_type=\"widget\" data-widget_type=\"text-editor.default\">\n\t\t\t\t<div class=\"elementor-widget-container\">\n\t\t\t\t\t<div class=\"elementor-text-editor elementor-clearfix\"><p>Afiliabet offre opportunit\u00e0 promozionali nei mercati spagnolo, italiano, tedesco e latinoamericano (LATAM) attraverso molteplici campagne di affiliazione. La sua piattaforma ha stretto una partnership con societ\u00e0 di scommesse sportive, poker, casin\u00f2, bingo, forex e opzioni binarie per offrire loro il pieno controllo dei canali di diffusione per ottenere la massima redditivit\u00e0.<\/p>\n<p>Liberate il vostro potenziale di marketing con Afiliabet! In qualit\u00e0 di affiliato, potrete creare e personalizzare le campagne in base ai vostri canali online. Inoltre, avrai accesso al nostro team di manager esperti, pronti a fornirti tutte le risorse di cui hai bisogno, compresi i dati di payout aggiornati quotidianamente e i report analitici. Non esitare pi\u00f9: unisciti a noi di Afiliabet e aumenta i tuoi guadagni nel marketing di affiliazione!<\/p>\n<p style=\"text-align: left; padding-left: 40px;\"><em><strong>Non aspettare oltre per iniziare a guadagnare con campagne di affiliazione efficaci! <span style=\"color: #ffcc00;\"><a style=\"color: #ffcc00;\" href=\"https:\/\/app.affiliabet.com\/register\">Unisciti subito ad Afiliabet<\/a><\/span> e inizia a sfruttare tutte le opportunit\u00e0 che ti offriamo per monetizzare i tuoi canali di trasmissione.<\/strong><\/em><\/p>\n<\/div>\n\t\t\t\t<\/div>\n\t\t\t\t<\/div>\n\t\t\t\t\t\t<\/div>\n\t\t\t\t\t<\/div>\n\t\t<\/div>\n\t\t\t\t\t\t\t\t<\/div>\n\t\t\t\t\t<\/div>\n\t\t<\/section>\n\t\t\t\t\t\t<\/div>\n\t\t\t\t\t\t<\/div>\n\t\t\t\t\t<\/div>\n\t\t","protected":false},"excerpt":{"rendered":"<p>Programma di affiliazione\/riferimento per guadagnare denaro con poker, casin\u00f2, giochi online. Affiliabet &#8211; Guadagna con le migliori campagne e programmi di marketing di affiliazione di giochi online (poker, casin\u00f2). \u00bfQu\u00e9 es una campa\u00f1a de marketing de afiliados? \u00bfpara qu\u00e9 sirve? Le campagne di marketing di affiliazione sono un tipo di pubblicit\u00e0 basata sulle prestazioni, in [&hellip;]<\/p>\n","protected":false},"author":1,"featured_media":0,"parent":0,"menu_order":0,"comment_status":"closed","ping_status":"closed","template":"","meta":[],"yoast_head":"<!-- This site is optimized with the Yoast SEO plugin v15.6.2 - https:\/\/yoast.com\/wordpress\/plugins\/seo\/ -->\n<title>Guadagnare soldi affiliati\/referenti forex, opzioni binarie, trading<\/title>\n<meta name=\"description\" content=\"IImparate a guadagnare con le affiliazioni\/referenze nel forex, nelle opzioni binarie, nel trading, con le migliori borse del mondo.\" \/>\n<meta name=\"robots\" content=\"index, follow, max-snippet:-1, max-image-preview:large, max-video-preview:-1\" \/>\n<link rel=\"canonical\" href=\"https:\/\/www.affiliabet.com\/it\/afiliados-juego-online\/\" \/>\n<meta property=\"og:locale\" content=\"it_IT\" \/>\n<meta property=\"og:type\" content=\"article\" \/>\n<meta property=\"og:title\" content=\"Guadagnare soldi affiliati\/referenti forex, opzioni binarie, trading\" \/>\n<meta property=\"og:description\" content=\"IImparate a guadagnare con le affiliazioni\/referenze nel forex, nelle opzioni binarie, nel trading, con le migliori borse del mondo.\" \/>\n<meta property=\"og:url\" content=\"https:\/\/www.affiliabet.com\/afiliados-juego-online\/\" \/>\n<meta property=\"og:site_name\" content=\"Affiliabet\" \/>\n<meta property=\"article:modified_time\" content=\"2024-01-18T11:35:05+00:00\" \/>\n<meta property=\"og:image\" content=\"https:\/\/www.affiliabet.com\/wp-content\/uploads\/2021\/04\/affiliabet_logo_juegoresponsable.png\" \/>\n\t<meta property=\"og:image:width\" content=\"550\" \/>\n\t<meta property=\"og:image:height\" content=\"189\" \/>\n<meta name=\"twitter:card\" content=\"summary_large_image\" \/>\n<meta name=\"twitter:label1\" content=\"Tempo di lettura stimato\">\n\t<meta name=\"twitter:data1\" content=\"5 minuti\">\n<script type=\"application\/ld+json\" class=\"yoast-schema-graph\">{\"@context\":\"https:\/\/schema.org\",\"@graph\":[{\"@type\":\"Organization\",\"@id\":\"https:\/\/www.affiliabet.com\/#organization\",\"name\":\"Affiliabet\",\"url\":\"https:\/\/www.affiliabet.com\/\",\"sameAs\":[],\"logo\":{\"@type\":\"ImageObject\",\"@id\":\"https:\/\/www.affiliabet.com\/#logo\",\"inLanguage\":\"it-IT\",\"url\":\"https:\/\/www.affiliabet.com\/wp-content\/uploads\/2021\/01\/logo.jpg\",\"width\":387,\"height\":101,\"caption\":\"Affiliabet\"},\"image\":{\"@id\":\"https:\/\/www.affiliabet.com\/#logo\"}},{\"@type\":\"WebSite\",\"@id\":\"https:\/\/www.affiliabet.com\/#website\",\"url\":\"https:\/\/www.affiliabet.com\/\",\"name\":\"Affiliabet\",\"description\":\"Gestor N\\u00ba1 en campa\\u00f1as de afiliaci\\u00f3n de apuestas deportivas y juego online\",\"publisher\":{\"@id\":\"https:\/\/www.affiliabet.com\/#organization\"},\"potentialAction\":[{\"@type\":\"SearchAction\",\"target\":\"https:\/\/www.affiliabet.com\/?s={search_term_string}\",\"query-input\":\"required name=search_term_string\"}],\"inLanguage\":\"it-IT\"},{\"@type\":\"WebPage\",\"@id\":\"https:\/\/www.affiliabet.com\/afiliados-juego-online\/#webpage\",\"url\":\"https:\/\/www.affiliabet.com\/afiliados-juego-online\/\",\"name\":\"Guadagnare soldi affiliati\/referenti forex, opzioni binarie, trading\",\"isPartOf\":{\"@id\":\"https:\/\/www.affiliabet.com\/#website\"},\"datePublished\":\"2023-04-07T22:16:53+00:00\",\"dateModified\":\"2024-01-18T11:35:05+00:00\",\"description\":\"IImparate a guadagnare con le affiliazioni\/referenze nel forex, nelle opzioni binarie, nel trading, con le migliori borse del mondo.\",\"inLanguage\":\"it-IT\",\"potentialAction\":[{\"@type\":\"ReadAction\",\"target\":[\"https:\/\/www.affiliabet.com\/afiliados-juego-online\/\"]}]}]}<\/script>\n<!-- \/ Yoast SEO plugin. -->","_links":{"self":[{"href":"https:\/\/www.affiliabet.com\/it\/wp-json\/wp\/v2\/pages\/3350"}],"collection":[{"href":"https:\/\/www.affiliabet.com\/it\/wp-json\/wp\/v2\/pages"}],"about":[{"href":"https:\/\/www.affiliabet.com\/it\/wp-json\/wp\/v2\/types\/page"}],"author":[{"embeddable":true,"href":"https:\/\/www.affiliabet.com\/it\/wp-json\/wp\/v2\/users\/1"}],"replies":[{"embeddable":true,"href":"https:\/\/www.affiliabet.com\/it\/wp-json\/wp\/v2\/comments?post=3350"}],"version-history":[{"count":6,"href":"https:\/\/www.affiliabet.com\/it\/wp-json\/wp\/v2\/pages\/3350\/revisions"}],"predecessor-version":[{"id":7971,"href":"https:\/\/www.affiliabet.com\/it\/wp-json\/wp\/v2\/pages\/3350\/revisions\/7971"}],"wp:attachment":[{"href":"https:\/\/www.affiliabet.com\/it\/wp-json\/wp\/v2\/media?parent=3350"}],"curies":[{"name":"wp","href":"https:\/\/api.w.org\/{rel}","templated":true}]}}