{"id":6644,"date":"2023-04-07T20:39:43","date_gmt":"2023-04-07T20:39:43","guid":{"rendered":"https:\/\/www.affiliabet.com\/afiliados-para-apuestas-deportivas\/"},"modified":"2024-01-18T11:40:41","modified_gmt":"2024-01-18T11:40:41","slug":"afiliados-para-apuestas-deportivas","status":"publish","type":"page","link":"https:\/\/www.affiliabet.com\/pt-br\/afiliados-para-apuestas-deportivas\/","title":{"rendered":"Afiliados de apostas esportivas"},"content":{"rendered":"\t\t<div data-elementor-type=\"wp-page\" data-elementor-id=\"6644\" class=\"elementor elementor-6644 elementor-3312\" data-elementor-settings=\"[]\">\n\t\t\t\t\t\t<div class=\"elementor-inner\">\n\t\t\t\t\t\t\t<div class=\"elementor-section-wrap\">\n\t\t\t\t\t\t\t<section class=\"elementor-section elementor-top-section elementor-element elementor-element-c185c06 elementor-section-boxed elementor-section-height-default elementor-section-height-default\" data-id=\"c185c06\" data-element_type=\"section\" data-settings=\"{&quot;background_background&quot;:&quot;classic&quot;}\">\n\t\t\t\t\t\t<div class=\"elementor-container elementor-column-gap-no\">\n\t\t\t\t\t\t\t<div class=\"elementor-row\">\n\t\t\t\t\t<div class=\"elementor-column elementor-col-100 elementor-top-column elementor-element elementor-element-6e910c6\" data-id=\"6e910c6\" data-element_type=\"column\">\n\t\t\t<div class=\"elementor-column-wrap elementor-element-populated\">\n\t\t\t\t\t\t\t<div class=\"elementor-widget-wrap\">\n\t\t\t\t\t\t<div class=\"elementor-element elementor-element-da8716e elementor-widget elementor-widget-heading\" data-id=\"da8716e\" data-element_type=\"widget\" data-widget_type=\"heading.default\">\n\t\t\t\t<div class=\"elementor-widget-container\">\n\t\t\t<h1 class=\"elementor-heading-title elementor-size-large\"><b>Ganhe dinheiro com afiliados\/refer\u00eancias de casas de apostas esportivas<\/b>.<\/h1>\t\t<\/div>\n\t\t\t\t<\/div>\n\t\t\t\t<div class=\"elementor-element elementor-element-ca9dab7 elementor-widget elementor-widget-heading\" data-id=\"ca9dab7\" data-element_type=\"widget\" data-widget_type=\"heading.default\">\n\t\t\t\t<div class=\"elementor-widget-container\">\n\t\t\t<h2 class=\"elementor-heading-title elementor-size-medium\">Affiliabet - Ganhe dinheiro com campanhas de marketing de afiliados com as melhores casas de apostas do mundo.<\/h2>\t\t<\/div>\n\t\t\t\t<\/div>\n\t\t\t\t<div class=\"elementor-element elementor-element-4d471db elementor-widget elementor-widget-spacer\" data-id=\"4d471db\" data-element_type=\"widget\" data-widget_type=\"spacer.default\">\n\t\t\t\t<div class=\"elementor-widget-container\">\n\t\t\t\t\t<div class=\"elementor-spacer\">\n\t\t\t<div class=\"elementor-spacer-inner\"><\/div>\n\t\t<\/div>\n\t\t\t\t<\/div>\n\t\t\t\t<\/div>\n\t\t\t\t\t\t<\/div>\n\t\t\t\t\t<\/div>\n\t\t<\/div>\n\t\t\t\t\t\t\t\t<\/div>\n\t\t\t\t\t<\/div>\n\t\t<\/section>\n\t\t\t\t<section class=\"elementor-section elementor-top-section elementor-element elementor-element-d1b552e elementor-section-boxed elementor-section-height-default elementor-section-height-default\" data-id=\"d1b552e\" data-element_type=\"section\">\n\t\t\t\t\t\t<div class=\"elementor-container elementor-column-gap-no\">\n\t\t\t\t\t\t\t<div class=\"elementor-row\">\n\t\t\t\t\t<div class=\"elementor-column elementor-col-100 elementor-top-column elementor-element elementor-element-3858219\" data-id=\"3858219\" data-element_type=\"column\">\n\t\t\t<div class=\"elementor-column-wrap elementor-element-populated\">\n\t\t\t\t\t\t\t<div class=\"elementor-widget-wrap\">\n\t\t\t\t\t\t<div class=\"elementor-element elementor-element-f047e63 elementor-widget elementor-widget-heading\" data-id=\"f047e63\" data-element_type=\"widget\" data-widget_type=\"heading.default\">\n\t\t\t\t<div class=\"elementor-widget-container\">\n\t\t\t<h2 class=\"elementor-heading-title elementor-size-default\"><b>O que \u00e9 uma campanha de marketing de afiliados e para que ela serve?<\/b><\/h2>\t\t<\/div>\n\t\t\t\t<\/div>\n\t\t\t\t<div class=\"elementor-element elementor-element-14ade18 elementor-widget elementor-widget-spacer\" data-id=\"14ade18\" data-element_type=\"widget\" data-widget_type=\"spacer.default\">\n\t\t\t\t<div class=\"elementor-widget-container\">\n\t\t\t\t\t<div class=\"elementor-spacer\">\n\t\t\t<div class=\"elementor-spacer-inner\"><\/div>\n\t\t<\/div>\n\t\t\t\t<\/div>\n\t\t\t\t<\/div>\n\t\t\t\t<div class=\"elementor-element elementor-element-e2d0188 elementor-widget elementor-widget-text-editor\" data-id=\"e2d0188\" data-element_type=\"widget\" data-widget_type=\"text-editor.default\">\n\t\t\t\t<div class=\"elementor-widget-container\">\n\t\t\t\t\t<div class=\"elementor-text-editor elementor-clearfix\"><p>Uma campanha de marketing de afiliados \u00e9 uma estrat\u00e9gia de marketing na qual uma empresa (anunciante) colabora com indiv\u00edduos ou empresas (afiliados) para <strong>promover seus produtos ou servi\u00e7os.<\/strong><\/p>\n<p>O anunciante fornece um link de rastreamento exclusivo aos afiliados que eles podem usar em seus sites, blogs ou m\u00eddias sociais para enviar tr\u00e1fego para o site do anunciante. Se um usu\u00e1rio clicar nesse link e fizer uma compra,<strong> o afiliado receber\u00e1 uma comiss\u00e3o sobre a venda.<\/strong><\/p>\n<p>A campanha de marketing de afiliados pode ser ben\u00e9fica tanto para o anunciante quanto para os afiliados. Para o anunciante, ela pode aumentar a exposi\u00e7\u00e3o de seu produto ou servi\u00e7o a um p\u00fablico mais amplo, <strong>gerar tr\u00e1fego e vendas<\/strong> adicionais e melhorar seu ROI (retorno sobre o investimento).<\/p>\n<p>Para os afiliados, por outro lado, <strong>pode ser uma maneira econ\u00f4mica de monetizar seu site ou blog e obter receita adicional.<\/strong><\/p>\n<\/div>\n\t\t\t\t<\/div>\n\t\t\t\t<\/div>\n\t\t\t\t<div class=\"elementor-element elementor-element-ca351b2 elementor-align-center animated-slow elementor-invisible elementor-widget elementor-widget-button\" data-id=\"ca351b2\" data-element_type=\"widget\" data-settings=\"{&quot;_animation&quot;:&quot;slideInLeft&quot;}\" data-widget_type=\"button.default\">\n\t\t\t\t<div class=\"elementor-widget-container\">\n\t\t\t\t\t<div class=\"elementor-button-wrapper\">\n\t\t\t<a href=\"https:\/\/app.affiliabet.com\/register\" class=\"elementor-button-link elementor-button elementor-size-sm elementor-animation-wobble-to-bottom-right\" role=\"button\">\n\t\t\t\t\t\t<span class=\"elementor-button-content-wrapper\">\n\t\t\t\t\t\t<span class=\"elementor-button-text\">QUERO TER ACESSO \u00c0S CAMPANHAS!<\/span>\n\t\t<\/span>\n\t\t\t\t\t<\/a>\n\t\t<\/div>\n\t\t\t\t<\/div>\n\t\t\t\t<\/div>\n\t\t\t\t<div class=\"elementor-element elementor-element-98c2fde elementor-widget elementor-widget-spacer\" data-id=\"98c2fde\" data-element_type=\"widget\" data-widget_type=\"spacer.default\">\n\t\t\t\t<div class=\"elementor-widget-container\">\n\t\t\t\t\t<div class=\"elementor-spacer\">\n\t\t\t<div class=\"elementor-spacer-inner\"><\/div>\n\t\t<\/div>\n\t\t\t\t<\/div>\n\t\t\t\t<\/div>\n\t\t\t\t\t\t<\/div>\n\t\t\t\t\t<\/div>\n\t\t<\/div>\n\t\t\t\t\t\t\t\t<\/div>\n\t\t\t\t\t<\/div>\n\t\t<\/section>\n\t\t\t\t<section class=\"elementor-section elementor-top-section elementor-element elementor-element-7771020 elementor-section-boxed elementor-section-height-default elementor-section-height-default\" data-id=\"7771020\" data-element_type=\"section\">\n\t\t\t\t\t\t<div class=\"elementor-container elementor-column-gap-no\">\n\t\t\t\t\t\t\t<div class=\"elementor-row\">\n\t\t\t\t\t<div class=\"elementor-column elementor-col-100 elementor-top-column elementor-element elementor-element-3ca1273\" data-id=\"3ca1273\" data-element_type=\"column\">\n\t\t\t<div class=\"elementor-column-wrap elementor-element-populated\">\n\t\t\t\t\t\t\t<div class=\"elementor-widget-wrap\">\n\t\t\t\t\t\t<div class=\"elementor-element elementor-element-33aea64 elementor-view-stacked elementor-shape-circle elementor-invisible elementor-widget elementor-widget-icon\" data-id=\"33aea64\" data-element_type=\"widget\" data-settings=\"{&quot;_animation&quot;:&quot;zoomIn&quot;}\" data-widget_type=\"icon.default\">\n\t\t\t\t<div class=\"elementor-widget-container\">\n\t\t\t\t\t<div class=\"elementor-icon-wrapper\">\n\t\t\t<div class=\"elementor-icon\">\n\t\t\t<i aria-hidden=\"true\" class=\"far fa-futbol\"><\/i>\t\t\t<\/div>\n\t\t<\/div>\n\t\t\t\t<\/div>\n\t\t\t\t<\/div>\n\t\t\t\t<div class=\"elementor-element elementor-element-4105e40 elementor-widget elementor-widget-heading\" data-id=\"4105e40\" data-element_type=\"widget\" data-widget_type=\"heading.default\">\n\t\t\t\t<div class=\"elementor-widget-container\">\n\t\t\t<h2 class=\"elementor-heading-title elementor-size-default\"><b>Como voc\u00ea pode ganhar dinheiro indicando ou afiliando pessoas a casas de apostas?<\/b><\/h2>\t\t<\/div>\n\t\t\t\t<\/div>\n\t\t\t\t<div class=\"elementor-element elementor-element-c902585 elementor-widget elementor-widget-text-editor\" data-id=\"c902585\" data-element_type=\"widget\" data-widget_type=\"text-editor.default\">\n\t\t\t\t<div class=\"elementor-widget-container\">\n\t\t\t\t\t<div class=\"elementor-text-editor elementor-clearfix\"><p>H\u00e1 v\u00e1rias maneiras de ganhar dinheiro como afiliado no setor de casas de apostas. Algumas das formas mais comuns est\u00e3o descritas abaixo:<\/p>\n<ul>\n<li><strong>Comiss\u00f5es por registro (CPA):<\/strong> as casas de apostas oferecem comiss\u00f5es aos afiliados para cada novo jogador que se registrar por meio de seu link de afiliado. O valor da comiss\u00e3o varia de casa de apostas para casa de apostas e pode ser um pagamento fixo ou uma porcentagem dos ganhos do jogador.<\/li>\n<li><strong>Comiss\u00f5es de compartilhamento de receita:<\/strong> algumas casas de apostas oferecem comiss\u00f5es adicionais aos afiliados quando os jogadores depositam dinheiro em suas contas de apostas ap\u00f3s se registrarem por meio do link de afiliado.<\/li>\n<li><strong>Comiss\u00f5es de receita l\u00edquida:<\/strong> os afiliados podem ganhar uma comiss\u00e3o sobre a receita l\u00edquida gerada pelos jogadores que se registraram por meio de seu link de afiliado. A receita l\u00edquida \u00e9 calculada subtraindo-se as perdas dos jogadores de seus ganhos.<\/li>\n<li><strong>Programas de subafiliados:<\/strong> algumas casas de apostas oferecem comiss\u00f5es aos afiliados por indicarem outros afiliados ao programa. O afiliado recebe uma comiss\u00e3o sobre os ganhos dos subafiliados indicados.<\/li>\n<li><strong>Ofertas especiais:<\/strong> os afiliados podem ter acesso a ofertas especiais, como b\u00f4nus exclusivos, que podem ser oferecidos aos jogadores indicados. Essas ofertas podem atrair mais jogadores por meio do link de afiliado.<\/li>\n<\/ul>\n<\/div>\n\t\t\t\t<\/div>\n\t\t\t\t<\/div>\n\t\t\t\t\t\t<\/div>\n\t\t\t\t\t<\/div>\n\t\t<\/div>\n\t\t\t\t\t\t\t\t<\/div>\n\t\t\t\t\t<\/div>\n\t\t<\/section>\n\t\t\t\t<section class=\"elementor-section elementor-top-section elementor-element elementor-element-06b831f elementor-section-height-min-height elementor-section-boxed elementor-section-height-default elementor-section-items-middle\" data-id=\"06b831f\" data-element_type=\"section\">\n\t\t\t\t\t\t<div class=\"elementor-container elementor-column-gap-no\">\n\t\t\t\t\t\t\t<div class=\"elementor-row\">\n\t\t\t\t\t<div class=\"elementor-column elementor-col-100 elementor-top-column elementor-element elementor-element-72dd86a\" data-id=\"72dd86a\" data-element_type=\"column\">\n\t\t\t<div class=\"elementor-column-wrap elementor-element-populated\">\n\t\t\t\t\t\t\t<div class=\"elementor-widget-wrap\">\n\t\t\t\t\t\t<div class=\"elementor-element elementor-element-9dd3107 elementor-widget elementor-widget-spacer\" data-id=\"9dd3107\" data-element_type=\"widget\" data-widget_type=\"spacer.default\">\n\t\t\t\t<div class=\"elementor-widget-container\">\n\t\t\t\t\t<div class=\"elementor-spacer\">\n\t\t\t<div class=\"elementor-spacer-inner\"><\/div>\n\t\t<\/div>\n\t\t\t\t<\/div>\n\t\t\t\t<\/div>\n\t\t\t\t<div class=\"elementor-element elementor-element-89111df elementor-widget elementor-widget-heading\" data-id=\"89111df\" data-element_type=\"widget\" data-widget_type=\"heading.default\">\n\t\t\t\t<div class=\"elementor-widget-container\">\n\t\t\t<h2 class=\"elementor-heading-title elementor-size-default\"><b>As melhores casas de apostas que pagam para afiliados em todo o mundo<\/b><b>(CPA, Revenue Share)<\/b>.<\/h2>\t\t<\/div>\n\t\t\t\t<\/div>\n\t\t\t\t<div class=\"elementor-element elementor-element-63acda1 elementor-widget elementor-widget-text-editor\" data-id=\"63acda1\" data-element_type=\"widget\" data-widget_type=\"text-editor.default\">\n\t\t\t\t<div class=\"elementor-widget-container\">\n\t\t\t\t\t<div class=\"elementor-text-editor elementor-clearfix\"><p>Aqui est\u00e3o algumas das casas de apostas que foram mencionadas em sua pesquisa:<\/p>\n<ul>\n<li><strong>Betfair:<\/strong> <a href=\"https:\/\/www.affiliabet.com\/pt-br\/betfair-colombia\/\"><span style=\"color: #0000ff;\">A Betfair<\/span><\/a> \u00e9 uma das casas de apostas mais inovadoras e populares do mercado. Ela \u00e9 conhecida por sua bolsa de apostas, al\u00e9m de oferecer uma ampla variedade de esportes e mercados. Ela tamb\u00e9m oferece um programa de afiliados com CPA e compartilhamento de receita.<\/li>\n<li><strong>BWin:<\/strong> a BWin \u00e9 outra das casas de apostas mais populares do mundo. Oferece uma ampla variedade de esportes e mercados, bem como uma plataforma de apostas ao vivo e excelente suporte ao cliente. Seu programa de afiliados \u00e9 conhecido por oferecer altas comiss\u00f5es e bom suporte.<\/li>\n<li><strong>WilliamHill:<\/strong> A WilliamHill \u00e9 uma das casas de apostas mais antigas e respeitadas do mercado. Ela oferece uma ampla variedade de esportes e mercados, al\u00e9m de uma plataforma de apostas ao vivo. Seu programa de afiliados \u00e9 conhecido por oferecer altas comiss\u00f5es e um bom relacionamento com seus afiliados.<\/li>\n<\/ul>\n<p>Voc\u00ea tamb\u00e9m pode conferir os programas de afiliados de outras casas de apostas <strong>clicando no nome delas: 1xBet, <a href=\"https:\/\/www.affiliabet.com\/pt-br\/betfair-colombia\/\"><span style=\"color: #0000ff;\">Betfair,<\/span><\/a> <a href=\"https:\/\/www.affiliabet.com\/pt-br\/betsson-e-suas-campanhas-de-afiliados\/\"><span style=\"color: #0000ff;\">Betsson,<\/span><\/a> BetWay, BWin, Casino Barcelona, Circus, <a href=\"https:\/\/www.affiliabet.com\/pt-br\/codere-espana-e-suas-campanhas-de-afiliados\/\"><span style=\"color: #0000ff;\">Codere,<\/span><\/a> <a href=\"https:\/\/www.affiliabet.com\/pt-br\/leovegas-espanha-e-suas-campanhas-de-afiliacao\/\"><span style=\"color: #0000ff;\">LeoVegas,<\/span><\/a> InterWetten,<a href=\"https:\/\/www.affiliabet.com\/pt-br\/luckia-colombia-e-suas-campanhas-afiliadas\/\"><span style=\"color: #0000ff;\"> Luckia,<\/span><\/a> Sisal, MarahonBet, Marca Apuestas, Paston, PockerStars Sports, <a href=\"https:\/\/www.affiliabet.com\/pt-br\/sportium-e-suas-campanhas-afiliadas\/\"><span style=\"color: #0000ff;\">Sportium,<\/span> <\/a><a href=\"https:\/\/www.affiliabet.com\/winamax\/\"><span style=\"color: #0000ff;\">Winamax,<\/span><\/a> RetaBet, <a href=\"https:\/\/www.affiliabet.com\/zebet\/\"><span style=\"color: #0000ff;\">Zebet<\/span><\/a>&#8230; e muitas outras!<\/strong><\/p>\n<\/div>\n\t\t\t\t<\/div>\n\t\t\t\t<\/div>\n\t\t\t\t<div class=\"elementor-element elementor-element-9280a39 elementor-widget elementor-widget-spacer\" data-id=\"9280a39\" data-element_type=\"widget\" data-widget_type=\"spacer.default\">\n\t\t\t\t<div class=\"elementor-widget-container\">\n\t\t\t\t\t<div class=\"elementor-spacer\">\n\t\t\t<div class=\"elementor-spacer-inner\"><\/div>\n\t\t<\/div>\n\t\t\t\t<\/div>\n\t\t\t\t<\/div>\n\t\t\t\t\t\t<\/div>\n\t\t\t\t\t<\/div>\n\t\t<\/div>\n\t\t\t\t\t\t\t\t<\/div>\n\t\t\t\t\t<\/div>\n\t\t<\/section>\n\t\t\t\t<section class=\"elementor-section elementor-top-section elementor-element elementor-element-260a026 elementor-section-boxed elementor-section-height-default elementor-section-height-default\" data-id=\"260a026\" data-element_type=\"section\" data-settings=\"{&quot;background_background&quot;:&quot;classic&quot;}\">\n\t\t\t\t\t\t<div class=\"elementor-container elementor-column-gap-default\">\n\t\t\t\t\t\t\t<div class=\"elementor-row\">\n\t\t\t\t\t<div class=\"elementor-column elementor-col-100 elementor-top-column elementor-element elementor-element-8d6a713\" data-id=\"8d6a713\" data-element_type=\"column\">\n\t\t\t<div class=\"elementor-column-wrap elementor-element-populated\">\n\t\t\t\t\t\t\t<div class=\"elementor-widget-wrap\">\n\t\t\t\t\t\t<div class=\"elementor-element elementor-element-537095f elementor-widget elementor-widget-heading\" data-id=\"537095f\" data-element_type=\"widget\" data-widget_type=\"heading.default\">\n\t\t\t\t<div class=\"elementor-widget-container\">\n\t\t\t<h3 class=\"elementor-heading-title elementor-size-default\">REGISTRE-SE HOJE E RECEBA<br><strong>10\u20ac DE BONO DE BIENVENIDA<\/strong><\/h3>\t\t<\/div>\n\t\t\t\t<\/div>\n\t\t\t\t<div class=\"elementor-element elementor-element-b5cefad elementor-align-center elementor-widget elementor-widget-button\" data-id=\"b5cefad\" data-element_type=\"widget\" data-widget_type=\"button.default\">\n\t\t\t\t<div class=\"elementor-widget-container\">\n\t\t\t\t\t<div class=\"elementor-button-wrapper\">\n\t\t\t<a href=\"https:\/\/app.affiliabet.com\/register\" class=\"elementor-button-link elementor-button elementor-size-md elementor-animation-bounce-in\" role=\"button\">\n\t\t\t\t\t\t<span class=\"elementor-button-content-wrapper\">\n\t\t\t\t\t\t<span class=\"elementor-button-text\">RECEBER \u20ac10<\/span>\n\t\t<\/span>\n\t\t\t\t\t<\/a>\n\t\t<\/div>\n\t\t\t\t<\/div>\n\t\t\t\t<\/div>\n\t\t\t\t\t\t<\/div>\n\t\t\t\t\t<\/div>\n\t\t<\/div>\n\t\t\t\t\t\t\t\t<\/div>\n\t\t\t\t\t<\/div>\n\t\t<\/section>\n\t\t\t\t<section class=\"elementor-section elementor-top-section elementor-element elementor-element-fc640e0 elementor-section-height-min-height elementor-section-boxed elementor-section-height-default elementor-section-items-middle\" data-id=\"fc640e0\" data-element_type=\"section\">\n\t\t\t\t\t\t<div class=\"elementor-container elementor-column-gap-default\">\n\t\t\t\t\t\t\t<div class=\"elementor-row\">\n\t\t\t\t\t<div class=\"elementor-column elementor-col-100 elementor-top-column elementor-element elementor-element-6be2305\" data-id=\"6be2305\" data-element_type=\"column\">\n\t\t\t<div class=\"elementor-column-wrap elementor-element-populated\">\n\t\t\t\t\t\t\t<div class=\"elementor-widget-wrap\">\n\t\t\t\t\t\t<div class=\"elementor-element elementor-element-4fb0efd elementor-widget elementor-widget-heading\" data-id=\"4fb0efd\" data-element_type=\"widget\" data-widget_type=\"heading.default\">\n\t\t\t\t<div class=\"elementor-widget-container\">\n\t\t\t<h2 class=\"elementor-heading-title elementor-size-default\"><b>Qual \u00e9 o melhor site para que eu tenha controle total sobre minhas campanhas de marketing de indica\u00e7\u00e3o de casas de apostas e ganhe mais dinheiro com elas?<\/b><\/h2>\t\t<\/div>\n\t\t\t\t<\/div>\n\t\t\t\t<div class=\"elementor-element elementor-element-920b9cf elementor-widget elementor-widget-text-editor\" data-id=\"920b9cf\" data-element_type=\"widget\" data-widget_type=\"text-editor.default\">\n\t\t\t\t<div class=\"elementor-widget-container\">\n\t\t\t\t\t<div class=\"elementor-text-editor elementor-clearfix\"><p>A plataforma Afiliabet oferece a seus membros v\u00e1rias oportunidades promocionais nos mercados espanhol, italiano, alem\u00e3o e latino-americano (LATAM), por meio de v\u00e1rias campanhas de afiliados.<\/p>\n<p>A Afiliabet estabeleceu acordos comerciais com empresas de apostas esportivas, p\u00f4quer, cassino, bingo, forex e op\u00e7\u00f5es bin\u00e1rias. Esses acordos competitivos permitem que eles obtenham 100% de lucro de seus canais de distribui\u00e7\u00e3o.<\/p>\n<p>Os afiliados t\u00eam a capacidade de gerenciar todas as suas campanhas e obter recursos de marketing para promov\u00ea-las de forma eficaz em seus canais on-line. Al\u00e9m disso, eles t\u00eam pagamentos e m\u00e9tricas de campanha atualizados diariamente e um gerente de afiliados \u00e0 sua disposi\u00e7\u00e3o.<\/p>\n<p style=\"text-align: left; padding-left: 40px;\"><em><strong>Se voc\u00ea quiser come\u00e7ar a ganhar dinheiro com\u00a0 \u00a0 campanhas eficazes de afiliados, <span style=\"color: #ffcc00;\">junte-se \u00e0\u00a0 \u00a0 \u00a0 \u00a0 \u00a0 Afiliabet agora mesmo!<\/span><\/strong><\/em><\/p>\n<\/div>\n\t\t\t\t<\/div>\n\t\t\t\t<\/div>\n\t\t\t\t<div class=\"elementor-element elementor-element-352e265 elementor-widget elementor-widget-spacer\" data-id=\"352e265\" data-element_type=\"widget\" data-widget_type=\"spacer.default\">\n\t\t\t\t<div class=\"elementor-widget-container\">\n\t\t\t\t\t<div class=\"elementor-spacer\">\n\t\t\t<div class=\"elementor-spacer-inner\"><\/div>\n\t\t<\/div>\n\t\t\t\t<\/div>\n\t\t\t\t<\/div>\n\t\t\t\t\t\t<\/div>\n\t\t\t\t\t<\/div>\n\t\t<\/div>\n\t\t\t\t\t\t\t\t<\/div>\n\t\t\t\t\t<\/div>\n\t\t<\/section>\n\t\t\t\t\t\t<\/div>\n\t\t\t\t\t\t<\/div>\n\t\t\t\t\t<\/div>\n\t\t","protected":false},"excerpt":{"rendered":"<p>Ganhe dinheiro com afiliados\/refer\u00eancias de casas de apostas esportivas. Affiliabet &#8211; Ganhe dinheiro com campanhas de marketing de afiliados com as melhores casas de apostas do mundo. O que \u00e9 uma campanha de marketing de afiliados e para que ela serve? Uma campanha de marketing de afiliados \u00e9 uma estrat\u00e9gia de marketing na qual uma [&hellip;]<\/p>\n","protected":false},"author":1,"featured_media":0,"parent":0,"menu_order":0,"comment_status":"closed","ping_status":"closed","template":"","meta":[],"yoast_head":"<!-- This site is optimized with the Yoast SEO plugin v15.6.2 - https:\/\/yoast.com\/wordpress\/plugins\/seo\/ -->\n<title>Ganhe dinheiro com casas de apostas esportivas afiliadas\/referenciadas<\/title>\n<meta name=\"description\" content=\"Ganhe dinheiro com campanhas de marketing de afiliados com as melhores casas de apostas do mundo. 1xBet, 888, Betfair, Bethard, entre outras.\" \/>\n<meta name=\"robots\" content=\"index, follow, max-snippet:-1, max-image-preview:large, max-video-preview:-1\" \/>\n<link rel=\"canonical\" href=\"https:\/\/www.affiliabet.com\/pt-br\/afiliados-apuestas-deportivas\/\" \/>\n<meta property=\"og:locale\" content=\"pt_BR\" \/>\n<meta property=\"og:type\" content=\"article\" \/>\n<meta property=\"og:title\" content=\"Ganhe dinheiro com casas de apostas esportivas afiliadas\/referenciadas\" \/>\n<meta property=\"og:description\" content=\"Ganhe dinheiro com campanhas de marketing de afiliados com as melhores casas de apostas do mundo. 1xBet, 888, Betfair, Bethard, entre outras.\" \/>\n<meta property=\"og:url\" content=\"https:\/\/www.affiliabet.com\/afiliados-apuestas-deportivas\/\" \/>\n<meta property=\"og:site_name\" content=\"Affiliabet\" \/>\n<meta property=\"article:modified_time\" content=\"2024-01-18T11:40:41+00:00\" \/>\n<meta property=\"og:image\" content=\"https:\/\/www.affiliabet.com\/wp-content\/uploads\/2021\/04\/affiliabet_logo_juegoresponsable.png\" \/>\n\t<meta property=\"og:image:width\" content=\"550\" \/>\n\t<meta property=\"og:image:height\" content=\"189\" \/>\n<meta name=\"twitter:card\" content=\"summary_large_image\" \/>\n<meta name=\"twitter:label1\" content=\"Est. reading time\">\n\t<meta name=\"twitter:data1\" content=\"4 minutos\">\n<script type=\"application\/ld+json\" class=\"yoast-schema-graph\">{\"@context\":\"https:\/\/schema.org\",\"@graph\":[{\"@type\":\"Organization\",\"@id\":\"https:\/\/www.affiliabet.com\/#organization\",\"name\":\"Affiliabet\",\"url\":\"https:\/\/www.affiliabet.com\/\",\"sameAs\":[],\"logo\":{\"@type\":\"ImageObject\",\"@id\":\"https:\/\/www.affiliabet.com\/#logo\",\"inLanguage\":\"pt-BR\",\"url\":\"https:\/\/www.affiliabet.com\/wp-content\/uploads\/2021\/01\/logo.jpg\",\"width\":387,\"height\":101,\"caption\":\"Affiliabet\"},\"image\":{\"@id\":\"https:\/\/www.affiliabet.com\/#logo\"}},{\"@type\":\"WebSite\",\"@id\":\"https:\/\/www.affiliabet.com\/#website\",\"url\":\"https:\/\/www.affiliabet.com\/\",\"name\":\"Affiliabet\",\"description\":\"Gestor N\\u00ba1 en campa\\u00f1as de afiliaci\\u00f3n de apuestas deportivas y juego online\",\"publisher\":{\"@id\":\"https:\/\/www.affiliabet.com\/#organization\"},\"potentialAction\":[{\"@type\":\"SearchAction\",\"target\":\"https:\/\/www.affiliabet.com\/?s={search_term_string}\",\"query-input\":\"required name=search_term_string\"}],\"inLanguage\":\"pt-BR\"},{\"@type\":\"WebPage\",\"@id\":\"https:\/\/www.affiliabet.com\/afiliados-apuestas-deportivas\/#webpage\",\"url\":\"https:\/\/www.affiliabet.com\/afiliados-apuestas-deportivas\/\",\"name\":\"Ganhe dinheiro com casas de apostas esportivas afiliadas\/referenciadas\",\"isPartOf\":{\"@id\":\"https:\/\/www.affiliabet.com\/#website\"},\"datePublished\":\"2023-04-07T20:39:43+00:00\",\"dateModified\":\"2024-01-18T11:40:41+00:00\",\"description\":\"Ganhe dinheiro com campanhas de marketing de afiliados com as melhores casas de apostas do mundo. 1xBet, 888, Betfair, Bethard, entre outras.\",\"inLanguage\":\"pt-BR\",\"potentialAction\":[{\"@type\":\"ReadAction\",\"target\":[\"https:\/\/www.affiliabet.com\/afiliados-apuestas-deportivas\/\"]}]}]}<\/script>\n<!-- \/ Yoast SEO plugin. -->","_links":{"self":[{"href":"https:\/\/www.affiliabet.com\/pt-br\/wp-json\/wp\/v2\/pages\/6644"}],"collection":[{"href":"https:\/\/www.affiliabet.com\/pt-br\/wp-json\/wp\/v2\/pages"}],"about":[{"href":"https:\/\/www.affiliabet.com\/pt-br\/wp-json\/wp\/v2\/types\/page"}],"author":[{"embeddable":true,"href":"https:\/\/www.affiliabet.com\/pt-br\/wp-json\/wp\/v2\/users\/1"}],"replies":[{"embeddable":true,"href":"https:\/\/www.affiliabet.com\/pt-br\/wp-json\/wp\/v2\/comments?post=6644"}],"version-history":[{"count":7,"href":"https:\/\/www.affiliabet.com\/pt-br\/wp-json\/wp\/v2\/pages\/6644\/revisions"}],"predecessor-version":[{"id":7983,"href":"https:\/\/www.affiliabet.com\/pt-br\/wp-json\/wp\/v2\/pages\/6644\/revisions\/7983"}],"wp:attachment":[{"href":"https:\/\/www.affiliabet.com\/pt-br\/wp-json\/wp\/v2\/media?parent=6644"}],"curies":[{"name":"wp","href":"https:\/\/api.w.org\/{rel}","templated":true}]}}