{"id":6681,"date":"2023-04-07T22:47:27","date_gmt":"2023-04-07T22:47:27","guid":{"rendered":"https:\/\/www.affiliabet.com\/afiliados-do-casino\/"},"modified":"2024-01-18T11:35:37","modified_gmt":"2024-01-18T11:35:37","slug":"afiliados-do-casino","status":"publish","type":"page","link":"https:\/\/www.affiliabet.com\/pt-br\/afiliados-do-casino\/","title":{"rendered":"Afiliados do Casino"},"content":{"rendered":"\t\t<div data-elementor-type=\"wp-page\" data-elementor-id=\"6681\" class=\"elementor elementor-6681 elementor-3347\" data-elementor-settings=\"[]\">\n\t\t\t\t\t\t<div class=\"elementor-inner\">\n\t\t\t\t\t\t\t<div class=\"elementor-section-wrap\">\n\t\t\t\t\t\t\t<section class=\"elementor-section elementor-top-section elementor-element elementor-element-c185c06 elementor-section-boxed elementor-section-height-default elementor-section-height-default\" data-id=\"c185c06\" data-element_type=\"section\" data-settings=\"{&quot;background_background&quot;:&quot;classic&quot;}\">\n\t\t\t\t\t\t<div class=\"elementor-container elementor-column-gap-no\">\n\t\t\t\t\t\t\t<div class=\"elementor-row\">\n\t\t\t\t\t<div class=\"elementor-column elementor-col-100 elementor-top-column elementor-element elementor-element-6e910c6\" data-id=\"6e910c6\" data-element_type=\"column\">\n\t\t\t<div class=\"elementor-column-wrap elementor-element-populated\">\n\t\t\t\t\t\t\t<div class=\"elementor-widget-wrap\">\n\t\t\t\t\t\t<div class=\"elementor-element elementor-element-da8716e elementor-widget elementor-widget-heading\" data-id=\"da8716e\" data-element_type=\"widget\" data-widget_type=\"heading.default\">\n\t\t\t\t<div class=\"elementor-widget-container\">\n\t\t\t<h1 class=\"elementor-heading-title elementor-size-large\"><b>Ganhe dinheiro com o programa de afiliados\/refer\u00eancia de p\u00f4quer, cassino e jogos on-line<\/b>.<\/h1>\t\t<\/div>\n\t\t\t\t<\/div>\n\t\t\t\t<div class=\"elementor-element elementor-element-ca9dab7 elementor-widget elementor-widget-heading\" data-id=\"ca9dab7\" data-element_type=\"widget\" data-widget_type=\"heading.default\">\n\t\t\t\t<div class=\"elementor-widget-container\">\n\t\t\t<h2 class=\"elementor-heading-title elementor-size-medium\">Affiliabet - Ganhe dinheiro com as melhores campanhas e programas de marketing de afiliados de jogos on-line (p\u00f4quer, cassino).<\/h2>\t\t<\/div>\n\t\t\t\t<\/div>\n\t\t\t\t<div class=\"elementor-element elementor-element-4d471db elementor-widget elementor-widget-spacer\" data-id=\"4d471db\" data-element_type=\"widget\" data-widget_type=\"spacer.default\">\n\t\t\t\t<div class=\"elementor-widget-container\">\n\t\t\t\t\t<div class=\"elementor-spacer\">\n\t\t\t<div class=\"elementor-spacer-inner\"><\/div>\n\t\t<\/div>\n\t\t\t\t<\/div>\n\t\t\t\t<\/div>\n\t\t\t\t\t\t<\/div>\n\t\t\t\t\t<\/div>\n\t\t<\/div>\n\t\t\t\t\t\t\t\t<\/div>\n\t\t\t\t\t<\/div>\n\t\t<\/section>\n\t\t\t\t<section class=\"elementor-section elementor-top-section elementor-element elementor-element-d1b552e elementor-section-boxed elementor-section-height-default elementor-section-height-default\" data-id=\"d1b552e\" data-element_type=\"section\">\n\t\t\t\t\t\t<div class=\"elementor-container elementor-column-gap-no\">\n\t\t\t\t\t\t\t<div class=\"elementor-row\">\n\t\t\t\t\t<div class=\"elementor-column elementor-col-100 elementor-top-column elementor-element elementor-element-3858219\" data-id=\"3858219\" data-element_type=\"column\">\n\t\t\t<div class=\"elementor-column-wrap elementor-element-populated\">\n\t\t\t\t\t\t\t<div class=\"elementor-widget-wrap\">\n\t\t\t\t\t\t<div class=\"elementor-element elementor-element-f047e63 elementor-widget elementor-widget-heading\" data-id=\"f047e63\" data-element_type=\"widget\" data-widget_type=\"heading.default\">\n\t\t\t\t<div class=\"elementor-widget-container\">\n\t\t\t<h2 class=\"elementor-heading-title elementor-size-default\"><b>O que \u00e9 uma campanha de marketing de afiliados e para que ela serve?<\/h2>\t\t<\/div>\n\t\t\t\t<\/div>\n\t\t\t\t<div class=\"elementor-element elementor-element-14ade18 elementor-widget elementor-widget-spacer\" data-id=\"14ade18\" data-element_type=\"widget\" data-widget_type=\"spacer.default\">\n\t\t\t\t<div class=\"elementor-widget-container\">\n\t\t\t\t\t<div class=\"elementor-spacer\">\n\t\t\t<div class=\"elementor-spacer-inner\"><\/div>\n\t\t<\/div>\n\t\t\t\t<\/div>\n\t\t\t\t<\/div>\n\t\t\t\t<div class=\"elementor-element elementor-element-e2d0188 elementor-widget elementor-widget-text-editor\" data-id=\"e2d0188\" data-element_type=\"widget\" data-widget_type=\"text-editor.default\">\n\t\t\t\t<div class=\"elementor-widget-container\">\n\t\t\t\t\t<div class=\"elementor-text-editor elementor-clearfix\"><p>As campanhas de marketing de afiliados s\u00e3o um tipo de publicidade baseada em desempenho em que o anunciante <strong>recompensa um afiliado por direcionar tr\u00e1fego, leads ou vendas para seu site.<\/strong><\/p>\n<p>\u00c9 uma maneira eficaz de as empresas <strong>expandirem seu alcance e aumentarem as vendas de novos clientes.<\/strong> Com o marketing de afiliados, as empresas podem atingir um p\u00fablico mais amplo e criar relacionamentos mais significativos com clientes em potencial.<\/p>\n<p>Tamb\u00e9m<strong> \u00e9 uma forma eficaz de ganhar dinheiro,<\/strong> pois os anunciantes pagam apenas pelos leads ou vendas gerados por seus afiliados.<\/p>\n<\/div>\n\t\t\t\t<\/div>\n\t\t\t\t<\/div>\n\t\t\t\t<div class=\"elementor-element elementor-element-ca351b2 elementor-align-center animated-slow elementor-invisible elementor-widget elementor-widget-button\" data-id=\"ca351b2\" data-element_type=\"widget\" data-settings=\"{&quot;_animation&quot;:&quot;slideInLeft&quot;}\" data-widget_type=\"button.default\">\n\t\t\t\t<div class=\"elementor-widget-container\">\n\t\t\t\t\t<div class=\"elementor-button-wrapper\">\n\t\t\t<a href=\"https:\/\/app.affiliabet.com\/register\" class=\"elementor-button-link elementor-button elementor-size-sm elementor-animation-wobble-to-bottom-right\" role=\"button\">\n\t\t\t\t\t\t<span class=\"elementor-button-content-wrapper\">\n\t\t\t\t\t\t<span class=\"elementor-button-text\">QUERO GANHAR DINHEIRO COM AFILIADOS!<\/span>\n\t\t<\/span>\n\t\t\t\t\t<\/a>\n\t\t<\/div>\n\t\t\t\t<\/div>\n\t\t\t\t<\/div>\n\t\t\t\t<div class=\"elementor-element elementor-element-98c2fde elementor-widget elementor-widget-spacer\" data-id=\"98c2fde\" data-element_type=\"widget\" data-widget_type=\"spacer.default\">\n\t\t\t\t<div class=\"elementor-widget-container\">\n\t\t\t\t\t<div class=\"elementor-spacer\">\n\t\t\t<div class=\"elementor-spacer-inner\"><\/div>\n\t\t<\/div>\n\t\t\t\t<\/div>\n\t\t\t\t<\/div>\n\t\t\t\t\t\t<\/div>\n\t\t\t\t\t<\/div>\n\t\t<\/div>\n\t\t\t\t\t\t\t\t<\/div>\n\t\t\t\t\t<\/div>\n\t\t<\/section>\n\t\t\t\t<section class=\"elementor-section elementor-top-section elementor-element elementor-element-2864f8e elementor-section-boxed elementor-section-height-default elementor-section-height-default\" data-id=\"2864f8e\" data-element_type=\"section\">\n\t\t\t\t\t\t<div class=\"elementor-container elementor-column-gap-no\">\n\t\t\t\t\t\t\t<div class=\"elementor-row\">\n\t\t\t\t\t<div class=\"elementor-column elementor-col-100 elementor-top-column elementor-element elementor-element-f882aaf\" data-id=\"f882aaf\" data-element_type=\"column\">\n\t\t\t<div class=\"elementor-column-wrap elementor-element-populated\">\n\t\t\t\t\t\t\t<div class=\"elementor-widget-wrap\">\n\t\t\t\t\t\t<div class=\"elementor-element elementor-element-2483ea0 elementor-view-stacked elementor-shape-circle elementor-invisible elementor-widget elementor-widget-icon\" data-id=\"2483ea0\" data-element_type=\"widget\" data-settings=\"{&quot;_animation&quot;:&quot;zoomIn&quot;}\" data-widget_type=\"icon.default\">\n\t\t\t\t<div class=\"elementor-widget-container\">\n\t\t\t\t\t<div class=\"elementor-icon-wrapper\">\n\t\t\t<div class=\"elementor-icon\">\n\t\t\t<i aria-hidden=\"true\" class=\"fas fa-dice\"><\/i>\t\t\t<\/div>\n\t\t<\/div>\n\t\t\t\t<\/div>\n\t\t\t\t<\/div>\n\t\t\t\t<div class=\"elementor-element elementor-element-8251d4a elementor-widget elementor-widget-heading\" data-id=\"8251d4a\" data-element_type=\"widget\" data-widget_type=\"heading.default\">\n\t\t\t\t<div class=\"elementor-widget-container\">\n\t\t\t<h2 class=\"elementor-heading-title elementor-size-default\"><b>Como ganhar dinheiro com programas de indica\u00e7\u00e3o ou de afiliados em casas de jogos on-line (p\u00f4quer, cassino)? CPA, compartilhamento de receita<\/b><\/h2>\t\t<\/div>\n\t\t\t\t<\/div>\n\t\t\t\t<div class=\"elementor-element elementor-element-a15f4c5 elementor-widget elementor-widget-text-editor\" data-id=\"a15f4c5\" data-element_type=\"widget\" data-widget_type=\"text-editor.default\">\n\t\t\t\t<div class=\"elementor-widget-container\">\n\t\t\t\t\t<div class=\"elementor-text-editor elementor-clearfix\"><p>Para ganhar dinheiro com programas de indica\u00e7\u00e3o ou de afiliados em casas de jogos on-line, voc\u00ea tem duas op\u00e7\u00f5es principais de modelos de pagamento: <strong>Custo por Aquisi\u00e7\u00e3o (CPA) e Revenue Share.<\/strong><\/p>\n<ul>\n<li>O CPA \u00e9 um tipo de modelo de pagamento por desempenho em que <strong>o afiliado recebe uma comiss\u00e3o fixa \u00fanica<\/strong> <strong>quando indica um novo jogador que se inscreve e faz um dep\u00f3sito.<\/strong> Esse m\u00e9todo \u00e9 ideal para afiliados que desejam ser recompensados rapidamente e n\u00e3o querem se preocupar com o desempenho de longo prazo dos jogadores indicados.<\/li>\n<li>Revenue Share \u00e9 um tipo de modelo de pagamento de longo prazo em que o<strong> afiliado recebe uma porcentagem da receita gerada pela atividade do jogador.<\/strong> Esse m\u00e9todo \u00e9 ideal para afiliados que buscam uma renda residual de longo prazo. Tamb\u00e9m \u00e9 ben\u00e9fico para salas de p\u00f4quer e cassinos, pois lhes d\u00e1 a garantia de que os jogadores indicados permanecer\u00e3o ativos em seus sites.<\/li>\n<\/ul>\n<p>Para maximizar seus ganhos, voc\u00ea deve considerar a <strong>combina\u00e7\u00e3o de ambos os modelos,<\/strong> pois eles podem trabalhar juntos para proporcionar um fluxo constante de pagamentos. Por exemplo, voc\u00ea pode oferecer um CPA para o registro inicial e depois passar para um modelo de compartilhamento de receita quando o jogador estiver jogando ativamente.<\/p>\n<\/div>\n\t\t\t\t<\/div>\n\t\t\t\t<\/div>\n\t\t\t\t\t\t<\/div>\n\t\t\t\t\t<\/div>\n\t\t<\/div>\n\t\t\t\t\t\t\t\t<\/div>\n\t\t\t\t\t<\/div>\n\t\t<\/section>\n\t\t\t\t<section class=\"elementor-section elementor-top-section elementor-element elementor-element-06b831f elementor-section-boxed elementor-section-height-default elementor-section-height-default\" data-id=\"06b831f\" data-element_type=\"section\">\n\t\t\t\t\t\t<div class=\"elementor-container elementor-column-gap-no\">\n\t\t\t\t\t\t\t<div class=\"elementor-row\">\n\t\t\t\t\t<div class=\"elementor-column elementor-col-100 elementor-top-column elementor-element elementor-element-72dd86a\" data-id=\"72dd86a\" data-element_type=\"column\">\n\t\t\t<div class=\"elementor-column-wrap elementor-element-populated\">\n\t\t\t\t\t\t\t<div class=\"elementor-widget-wrap\">\n\t\t\t\t\t\t<div class=\"elementor-element elementor-element-89111df elementor-widget elementor-widget-heading\" data-id=\"89111df\" data-element_type=\"widget\" data-widget_type=\"heading.default\">\n\t\t\t\t<div class=\"elementor-widget-container\">\n\t\t\t<h2 class=\"elementor-heading-title elementor-size-default\"><br><b>As melhores casas de jogos de azar on-line que pagam afiliados e sistema de indica\u00e7\u00e3o em todo o mundo (Sportium, Luckia, Codere, 888 Casino, 777.es, WinaMax, 888)<\/b>.<\/h2>\t\t<\/div>\n\t\t\t\t<\/div>\n\t\t\t\t<div class=\"elementor-element elementor-element-63acda1 elementor-widget elementor-widget-text-editor\" data-id=\"63acda1\" data-element_type=\"widget\" data-widget_type=\"text-editor.default\">\n\t\t\t\t<div class=\"elementor-widget-container\">\n\t\t\t\t\t<div class=\"elementor-text-editor elementor-clearfix\"><p>Essas casas de jogos on-line oferecem b\u00f4nus e pagamentos aos seus afiliados em todo o mundo.<\/p>\n<p>Por meio desse sistema de indica\u00e7\u00e3o, jogadores, patrocinadores e afiliados<strong> podem ganhar dinheiro por meio de comiss\u00f5es<\/strong> quando indicam outras pessoas para jogar nessas casas de jogos.<\/p>\n<p>\u00c9 uma \u00f3tima maneira de os jogadores novos e experientes ganharem dinheiro extra.<\/p>\n<ul>\n<li><a href=\"https:\/\/www.affiliabet.com\/pt-br\/sportium-e-suas-campanhas-afiliadas\/\"><span style=\"color: #0000ff;\"><strong>Sportium:<\/strong><\/span><\/a> A Sportium \u00e9 uma das casas de jogos de azar on-line mais populares da Europa e da Am\u00e9rica Latina. Ela existe desde 2004 e oferece aos jogadores uma ampla sele\u00e7\u00e3o de jogos com \u00f3timos b\u00f4nus, promo\u00e7\u00f5es e pagamentos. O sistema de indica\u00e7\u00e3o tamb\u00e9m ajuda os afiliados a ganhar dinheiro ao indicar outros jogadores para jogar nesse cassino.<\/li>\n<li><strong>Luckia:<\/strong> Luckia \u00e9 uma operadora espanhola de jogos de azar on-line com forte presen\u00e7a na Am\u00e9rica Latina. Os jogadores podem desfrutar de b\u00f4nus, promo\u00e7\u00f5es e pagamentos fant\u00e1sticos nesse cassino e em seus sites afiliados. Seu sistema de indica\u00e7\u00e3o tamb\u00e9m oferece aos afiliados dinheiro extra por indicarem outros jogadores para jogar aqui.<\/li>\n<li><a href=\"https:\/\/www.affiliabet.com\/pt-br\/codere-espana-e-suas-campanhas-de-afiliados\/\"><span style=\"color: #0000ff;\"><strong>Codere:<\/strong><\/span><\/a> O Codere \u00e9 outro provedor popular de jogos de azar on-line que opera na Europa e na Am\u00e9rica Latina. Esse cassino oferece aos jogadores \u00f3timos b\u00f4nus, promo\u00e7\u00f5es e pagamentos, al\u00e9m de seu programa de afiliados. Por meio desse programa, os afiliados podem ganhar dinheiro adicional por indicar outros jogadores para jogar nesse cassino.<\/li>\n<li><a href=\"https:\/\/ic.aff-handler.com\/c\/46290?sr=1746366\"><span style=\"color: #0000ff;\"><strong>888 Casino:<\/strong><\/span><\/a> O 888 Casino \u00e9 uma conhecida casa de jogos on-line que existe desde 1997. Ele oferece aos jogadores uma ampla sele\u00e7\u00e3o de jogos.<\/li>\n<li><a href=\"https:\/\/www.affiliabet.com\/pt-br\/bet-777-e-suas-campanhas-de-afiliados\/\"><strong><span style=\"color: #333399;\">777.es:<\/span><\/strong><\/a> O 777.es \u00e9 uma das maiores casas de jogos on-line da Europa e da Am\u00e9rica Latina, com um grande n\u00famero de jogos diferentes e b\u00f4nus, promo\u00e7\u00f5es e pagamentos fant\u00e1sticos. Seu sistema de indica\u00e7\u00e3o ajuda os afiliados a ganhar dinheiro ao indicar outras pessoas para jogar nesse cassino.<\/li>\n<li><strong>Winamax:<\/strong> O Winamax \u00e9 um operador internacional de jogos de azar on-line que opera na Europa e na Am\u00e9rica Latina. Esse cassino oferece aos jogadores uma ampla sele\u00e7\u00e3o de jogos de alta qualidade, com \u00f3timos b\u00f4nus, promo\u00e7\u00f5es e pagamentos. O sistema de indica\u00e7\u00e3o tamb\u00e9m ajuda os afiliados a ganhar dinheiro extra ao indicar outros jogadores para jogar aqui.<\/li>\n<li><a href=\"https:\/\/ic.aff-handler.com\/c\/46290?sr=1746366\"><span style=\"color: #0000ff;\"><strong>888:<\/strong><\/span><\/a> O 888 \u00e9 um dos maiores operadores de jogos de azar on-line na Europa e na Am\u00e9rica Latina e est\u00e1 crescendo muito fortemente como marca em muitos mercados atualmente.<\/li>\n<\/ul>\n<\/div>\n\t\t\t\t<\/div>\n\t\t\t\t<\/div>\n\t\t\t\t<div class=\"elementor-element elementor-element-9280a39 elementor-widget elementor-widget-spacer\" data-id=\"9280a39\" data-element_type=\"widget\" data-widget_type=\"spacer.default\">\n\t\t\t\t<div class=\"elementor-widget-container\">\n\t\t\t\t\t<div class=\"elementor-spacer\">\n\t\t\t<div class=\"elementor-spacer-inner\"><\/div>\n\t\t<\/div>\n\t\t\t\t<\/div>\n\t\t\t\t<\/div>\n\t\t\t\t\t\t<\/div>\n\t\t\t\t\t<\/div>\n\t\t<\/div>\n\t\t\t\t\t\t\t\t<\/div>\n\t\t\t\t\t<\/div>\n\t\t<\/section>\n\t\t\t\t<section class=\"elementor-section elementor-top-section elementor-element elementor-element-260a026 elementor-section-boxed elementor-section-height-default elementor-section-height-default\" data-id=\"260a026\" data-element_type=\"section\" data-settings=\"{&quot;background_background&quot;:&quot;classic&quot;}\">\n\t\t\t\t\t\t<div class=\"elementor-container elementor-column-gap-default\">\n\t\t\t\t\t\t\t<div class=\"elementor-row\">\n\t\t\t\t\t<div class=\"elementor-column elementor-col-100 elementor-top-column elementor-element elementor-element-8d6a713\" data-id=\"8d6a713\" data-element_type=\"column\">\n\t\t\t<div class=\"elementor-column-wrap elementor-element-populated\">\n\t\t\t\t\t\t\t<div class=\"elementor-widget-wrap\">\n\t\t\t\t\t\t<div class=\"elementor-element elementor-element-537095f elementor-widget elementor-widget-heading\" data-id=\"537095f\" data-element_type=\"widget\" data-widget_type=\"heading.default\">\n\t\t\t\t<div class=\"elementor-widget-container\">\n\t\t\t<h3 class=\"elementor-heading-title elementor-size-default\">COMECE A GANHAR DINHEIRO<br><br><b>Com os AFILIADOS DO POKER<\/b><\/h3>\t\t<\/div>\n\t\t\t\t<\/div>\n\t\t\t\t<div class=\"elementor-element elementor-element-b5cefad elementor-align-center elementor-widget elementor-widget-button\" data-id=\"b5cefad\" data-element_type=\"widget\" data-widget_type=\"button.default\">\n\t\t\t\t<div class=\"elementor-widget-container\">\n\t\t\t\t\t<div class=\"elementor-button-wrapper\">\n\t\t\t<a href=\"https:\/\/app.affiliabet.com\/register\" class=\"elementor-button-link elementor-button elementor-size-md elementor-animation-bounce-in\" role=\"button\">\n\t\t\t\t\t\t<span class=\"elementor-button-content-wrapper\">\n\t\t\t\t\t\t<span class=\"elementor-button-text\">Registe-se GRATUITAMENTE<\/span>\n\t\t<\/span>\n\t\t\t\t\t<\/a>\n\t\t<\/div>\n\t\t\t\t<\/div>\n\t\t\t\t<\/div>\n\t\t\t\t\t\t<\/div>\n\t\t\t\t\t<\/div>\n\t\t<\/div>\n\t\t\t\t\t\t\t\t<\/div>\n\t\t\t\t\t<\/div>\n\t\t<\/section>\n\t\t\t\t<section class=\"elementor-section elementor-top-section elementor-element elementor-element-773f8b8 elementor-section-height-min-height elementor-section-boxed elementor-section-height-default elementor-section-items-middle\" data-id=\"773f8b8\" data-element_type=\"section\">\n\t\t\t\t\t\t<div class=\"elementor-container elementor-column-gap-default\">\n\t\t\t\t\t\t\t<div class=\"elementor-row\">\n\t\t\t\t\t<div class=\"elementor-column elementor-col-100 elementor-top-column elementor-element elementor-element-df5415b\" data-id=\"df5415b\" data-element_type=\"column\">\n\t\t\t<div class=\"elementor-column-wrap elementor-element-populated\">\n\t\t\t\t\t\t\t<div class=\"elementor-widget-wrap\">\n\t\t\t\t\t\t<div class=\"elementor-element elementor-element-7bc4aba elementor-widget elementor-widget-heading\" data-id=\"7bc4aba\" data-element_type=\"widget\" data-widget_type=\"heading.default\">\n\t\t\t\t<div class=\"elementor-widget-container\">\n\t\t\t<h2 class=\"elementor-heading-title elementor-size-default\"><b>Voc\u00ea est\u00e1 procurando uma solu\u00e7\u00e3o completa para maximizar seus ganhos com campanhas de marketing de indica\u00e7\u00e3o de jogos on-line? Ent\u00e3o n\u00e3o procure mais, a Afiliabet tem tudo o que voc\u00ea precisa!<\/h2>\t\t<\/div>\n\t\t\t\t<\/div>\n\t\t\t\t\t\t<\/div>\n\t\t\t\t\t<\/div>\n\t\t<\/div>\n\t\t\t\t\t\t\t\t<\/div>\n\t\t\t\t\t<\/div>\n\t\t<\/section>\n\t\t\t\t<section class=\"elementor-section elementor-top-section elementor-element elementor-element-1dfb897 elementor-section-boxed elementor-section-height-default elementor-section-height-default\" data-id=\"1dfb897\" data-element_type=\"section\">\n\t\t\t\t\t\t<div class=\"elementor-container elementor-column-gap-default\">\n\t\t\t\t\t\t\t<div class=\"elementor-row\">\n\t\t\t\t\t<div class=\"elementor-column elementor-col-100 elementor-top-column elementor-element elementor-element-ea70971\" data-id=\"ea70971\" data-element_type=\"column\">\n\t\t\t<div class=\"elementor-column-wrap elementor-element-populated\">\n\t\t\t\t\t\t\t<div class=\"elementor-widget-wrap\">\n\t\t\t\t\t\t<div class=\"elementor-element elementor-element-1074b1c elementor-widget elementor-widget-text-editor\" data-id=\"1074b1c\" data-element_type=\"widget\" data-widget_type=\"text-editor.default\">\n\t\t\t\t<div class=\"elementor-widget-container\">\n\t\t\t\t\t<div class=\"elementor-text-editor elementor-clearfix\"><p>A Afiliabet oferece oportunidades promocionais nos mercados espanhol, italiano, alem\u00e3o e latino-americano (LATAM) por meio de v\u00e1rias campanhas de afiliados. Sua plataforma tem parceria com empresas de apostas esportivas, p\u00f4quer, cassino, bingo, forex e op\u00e7\u00f5es bin\u00e1rias para oferecer a elas controle total sobre seus canais de divulga\u00e7\u00e3o para obter o m\u00e1ximo de lucratividade.<\/p>\n<p>Libere seu potencial de marketing com a Afiliabet! Como afiliado, voc\u00ea desfrutar\u00e1 do poder ilimitado de criar e personalizar campanhas para se adequar aos seus canais on-line. Al\u00e9m disso, ter\u00e1 acesso \u00e0 nossa equipe de gerentes experientes que est\u00e3o prontos para lhe fornecer todos os recursos de que voc\u00ea precisa, incluindo n\u00fameros de pagamentos atualizados diariamente e relat\u00f3rios anal\u00edticos. N\u00e3o hesite mais: junte-se a n\u00f3s na Afiliabet e aumente seus ganhos com marketing de afiliados!<\/p>\n<p style=\"text-align: left; padding-left: 40px;\"><em><strong>N\u00e3o espere mais para come\u00e7ar a ganhar dinheiro com campanhas eficazes de afiliados! <span style=\"color: #ffcc00;\"><a style=\"color: #ffcc00;\" href=\"https:\/\/app.affiliabet.com\/register\">Junte-se \u00e0 Afiliabet agora<\/a> <\/span>mesmo e comece a aproveitar todas as oportunidades que oferecemos para monetizar seus canais de transmiss\u00e3o.<\/strong><\/em><\/p>\n<\/div>\n\t\t\t\t<\/div>\n\t\t\t\t<\/div>\n\t\t\t\t\t\t<\/div>\n\t\t\t\t\t<\/div>\n\t\t<\/div>\n\t\t\t\t\t\t\t\t<\/div>\n\t\t\t\t\t<\/div>\n\t\t<\/section>\n\t\t\t\t\t\t<\/div>\n\t\t\t\t\t\t<\/div>\n\t\t\t\t\t<\/div>\n\t\t","protected":false},"excerpt":{"rendered":"<p>Ganhe dinheiro com o programa de afiliados\/refer\u00eancia de p\u00f4quer, cassino e jogos on-line. Affiliabet &#8211; Ganhe dinheiro com as melhores campanhas e programas de marketing de afiliados de jogos on-line (p\u00f4quer, cassino). O que \u00e9 uma campanha de marketing de afiliados e para que ela serve? As campanhas de marketing de afiliados s\u00e3o um tipo [&hellip;]<\/p>\n","protected":false},"author":1,"featured_media":0,"parent":0,"menu_order":0,"comment_status":"closed","ping_status":"closed","template":"","meta":[],"yoast_head":"<!-- This site is optimized with the Yoast SEO plugin v15.6.2 - https:\/\/yoast.com\/wordpress\/plugins\/seo\/ -->\n<title>Ganhe dinheiro com afiliados\/refer\u00eancias forex, op\u00e7\u00f5es bin\u00e1rias, negocia\u00e7\u00e3o<\/title>\n<meta name=\"description\" content=\"Saiba como ganhar dinheiro com afiliados\/refer\u00eancias em forex, op\u00e7\u00f5es bin\u00e1rias, negocia\u00e7\u00e3o, com as melhores bolsas do mundo.\" \/>\n<meta name=\"robots\" content=\"index, follow, max-snippet:-1, max-image-preview:large, max-video-preview:-1\" \/>\n<link rel=\"canonical\" href=\"https:\/\/www.affiliabet.com\/pt-br\/afiliados-juego-online\/\" \/>\n<meta property=\"og:locale\" content=\"pt_BR\" \/>\n<meta property=\"og:type\" content=\"article\" \/>\n<meta property=\"og:title\" content=\"Ganhe dinheiro com afiliados\/refer\u00eancias forex, op\u00e7\u00f5es bin\u00e1rias, negocia\u00e7\u00e3o\" \/>\n<meta property=\"og:description\" content=\"Saiba como ganhar dinheiro com afiliados\/refer\u00eancias em forex, op\u00e7\u00f5es bin\u00e1rias, negocia\u00e7\u00e3o, com as melhores bolsas do mundo.\" \/>\n<meta property=\"og:url\" content=\"https:\/\/www.affiliabet.com\/afiliados-juego-online\/\" \/>\n<meta property=\"og:site_name\" content=\"Affiliabet\" \/>\n<meta property=\"article:modified_time\" content=\"2024-01-18T11:35:37+00:00\" \/>\n<meta property=\"og:image\" content=\"https:\/\/www.affiliabet.com\/wp-content\/uploads\/2021\/04\/affiliabet_logo_juegoresponsable.png\" \/>\n\t<meta property=\"og:image:width\" content=\"550\" \/>\n\t<meta property=\"og:image:height\" content=\"189\" \/>\n<meta name=\"twitter:card\" content=\"summary_large_image\" \/>\n<meta name=\"twitter:label1\" content=\"Est. reading time\">\n\t<meta name=\"twitter:data1\" content=\"5 minutos\">\n<script type=\"application\/ld+json\" class=\"yoast-schema-graph\">{\"@context\":\"https:\/\/schema.org\",\"@graph\":[{\"@type\":\"Organization\",\"@id\":\"https:\/\/www.affiliabet.com\/#organization\",\"name\":\"Affiliabet\",\"url\":\"https:\/\/www.affiliabet.com\/\",\"sameAs\":[],\"logo\":{\"@type\":\"ImageObject\",\"@id\":\"https:\/\/www.affiliabet.com\/#logo\",\"inLanguage\":\"pt-BR\",\"url\":\"https:\/\/www.affiliabet.com\/wp-content\/uploads\/2021\/01\/logo.jpg\",\"width\":387,\"height\":101,\"caption\":\"Affiliabet\"},\"image\":{\"@id\":\"https:\/\/www.affiliabet.com\/#logo\"}},{\"@type\":\"WebSite\",\"@id\":\"https:\/\/www.affiliabet.com\/#website\",\"url\":\"https:\/\/www.affiliabet.com\/\",\"name\":\"Affiliabet\",\"description\":\"Gestor N\\u00ba1 en campa\\u00f1as de afiliaci\\u00f3n de apuestas deportivas y juego online\",\"publisher\":{\"@id\":\"https:\/\/www.affiliabet.com\/#organization\"},\"potentialAction\":[{\"@type\":\"SearchAction\",\"target\":\"https:\/\/www.affiliabet.com\/?s={search_term_string}\",\"query-input\":\"required name=search_term_string\"}],\"inLanguage\":\"pt-BR\"},{\"@type\":\"WebPage\",\"@id\":\"https:\/\/www.affiliabet.com\/afiliados-juego-online\/#webpage\",\"url\":\"https:\/\/www.affiliabet.com\/afiliados-juego-online\/\",\"name\":\"Ganhe dinheiro com afiliados\/refer\\u00eancias forex, op\\u00e7\\u00f5es bin\\u00e1rias, negocia\\u00e7\\u00e3o\",\"isPartOf\":{\"@id\":\"https:\/\/www.affiliabet.com\/#website\"},\"datePublished\":\"2023-04-07T22:47:27+00:00\",\"dateModified\":\"2024-01-18T11:35:37+00:00\",\"description\":\"Saiba como ganhar dinheiro com afiliados\/refer\\u00eancias em forex, op\\u00e7\\u00f5es bin\\u00e1rias, negocia\\u00e7\\u00e3o, com as melhores bolsas do mundo.\",\"inLanguage\":\"pt-BR\",\"potentialAction\":[{\"@type\":\"ReadAction\",\"target\":[\"https:\/\/www.affiliabet.com\/afiliados-juego-online\/\"]}]}]}<\/script>\n<!-- \/ Yoast SEO plugin. -->","_links":{"self":[{"href":"https:\/\/www.affiliabet.com\/pt-br\/wp-json\/wp\/v2\/pages\/6681"}],"collection":[{"href":"https:\/\/www.affiliabet.com\/pt-br\/wp-json\/wp\/v2\/pages"}],"about":[{"href":"https:\/\/www.affiliabet.com\/pt-br\/wp-json\/wp\/v2\/types\/page"}],"author":[{"embeddable":true,"href":"https:\/\/www.affiliabet.com\/pt-br\/wp-json\/wp\/v2\/users\/1"}],"replies":[{"embeddable":true,"href":"https:\/\/www.affiliabet.com\/pt-br\/wp-json\/wp\/v2\/comments?post=6681"}],"version-history":[{"count":4,"href":"https:\/\/www.affiliabet.com\/pt-br\/wp-json\/wp\/v2\/pages\/6681\/revisions"}],"predecessor-version":[{"id":7973,"href":"https:\/\/www.affiliabet.com\/pt-br\/wp-json\/wp\/v2\/pages\/6681\/revisions\/7973"}],"wp:attachment":[{"href":"https:\/\/www.affiliabet.com\/pt-br\/wp-json\/wp\/v2\/media?parent=6681"}],"curies":[{"name":"wp","href":"https:\/\/api.w.org\/{rel}","templated":true}]}}