{"id":6835,"date":"2023-06-20T00:33:08","date_gmt":"2023-06-20T00:33:08","guid":{"rendered":"https:\/\/www.affiliabet.com\/888-sports-e-suas-campanhas-de-afiliados\/"},"modified":"2024-01-19T15:56:55","modified_gmt":"2024-01-19T15:56:55","slug":"888-sports-e-suas-campanhas-de-afiliados","status":"publish","type":"page","link":"https:\/\/www.affiliabet.com\/pt-br\/888-sports-e-suas-campanhas-de-afiliados\/","title":{"rendered":"888 Sports e suas campanhas de afiliados"},"content":{"rendered":"\t\t<div data-elementor-type=\"wp-page\" data-elementor-id=\"6835\" class=\"elementor elementor-6835 elementor-4560\" data-elementor-settings=\"[]\">\n\t\t\t\t\t\t<div class=\"elementor-inner\">\n\t\t\t\t\t\t\t<div class=\"elementor-section-wrap\">\n\t\t\t\t\t\t\t<section class=\"elementor-section elementor-top-section elementor-element elementor-element-c185c06 elementor-section-boxed elementor-section-height-default elementor-section-height-default\" data-id=\"c185c06\" data-element_type=\"section\" data-settings=\"{&quot;background_background&quot;:&quot;classic&quot;}\">\n\t\t\t\t\t\t<div class=\"elementor-container elementor-column-gap-no\">\n\t\t\t\t\t\t\t<div class=\"elementor-row\">\n\t\t\t\t\t<div class=\"elementor-column elementor-col-100 elementor-top-column elementor-element elementor-element-6e910c6\" data-id=\"6e910c6\" data-element_type=\"column\">\n\t\t\t<div class=\"elementor-column-wrap elementor-element-populated\">\n\t\t\t\t\t\t\t<div class=\"elementor-widget-wrap\">\n\t\t\t\t\t\t<div class=\"elementor-element elementor-element-da8716e elementor-widget elementor-widget-heading\" data-id=\"da8716e\" data-element_type=\"widget\" data-widget_type=\"heading.default\">\n\t\t\t\t<div class=\"elementor-widget-container\">\n\t\t\t<h1 class=\"elementor-heading-title elementor-size-large\">Afiliados do 888sport Espanha: Ganhe dinheiro com os Afiliados do 888sport<\/h1>\t\t<\/div>\n\t\t\t\t<\/div>\n\t\t\t\t<div class=\"elementor-element elementor-element-ca9dab7 elementor-widget elementor-widget-heading\" data-id=\"ca9dab7\" data-element_type=\"widget\" data-widget_type=\"heading.default\">\n\t\t\t\t<div class=\"elementor-widget-container\">\n\t\t\t<h2 class=\"elementor-heading-title elementor-size-medium\">Campanhas de afiliados do 888sport Espanha: Ganhe dinheiro on-line com o 888sport Espanha<\/h2>\t\t<\/div>\n\t\t\t\t<\/div>\n\t\t\t\t<div class=\"elementor-element elementor-element-4d471db elementor-widget elementor-widget-spacer\" data-id=\"4d471db\" data-element_type=\"widget\" data-widget_type=\"spacer.default\">\n\t\t\t\t<div class=\"elementor-widget-container\">\n\t\t\t\t\t<div class=\"elementor-spacer\">\n\t\t\t<div class=\"elementor-spacer-inner\"><\/div>\n\t\t<\/div>\n\t\t\t\t<\/div>\n\t\t\t\t<\/div>\n\t\t\t\t\t\t<\/div>\n\t\t\t\t\t<\/div>\n\t\t<\/div>\n\t\t\t\t\t\t\t\t<\/div>\n\t\t\t\t\t<\/div>\n\t\t<\/section>\n\t\t\t\t<section class=\"elementor-section elementor-top-section elementor-element elementor-element-d1b552e elementor-section-boxed elementor-section-height-default elementor-section-height-default\" data-id=\"d1b552e\" data-element_type=\"section\">\n\t\t\t\t\t\t<div class=\"elementor-container elementor-column-gap-no\">\n\t\t\t\t\t\t\t<div class=\"elementor-row\">\n\t\t\t\t\t<div class=\"elementor-column elementor-col-100 elementor-top-column elementor-element elementor-element-3858219\" data-id=\"3858219\" data-element_type=\"column\">\n\t\t\t<div class=\"elementor-column-wrap elementor-element-populated\">\n\t\t\t\t\t\t\t<div class=\"elementor-widget-wrap\">\n\t\t\t\t\t\t<div class=\"elementor-element elementor-element-a25dfd6 elementor-widget elementor-widget-image\" data-id=\"a25dfd6\" data-element_type=\"widget\" data-widget_type=\"image.default\">\n\t\t\t\t<div class=\"elementor-widget-container\">\n\t\t\t\t\t<div class=\"elementor-image\">\n\t\t\t\t\t\t\t\t\t\t\t<a href=\"https:\/\/ic.aff-handler.com\/c\/46290?sr=1746366\" target=\"_blank\">\n\t\t\t\t\t\t\t<img width=\"150\" height=\"150\" src=\"https:\/\/www.affiliabet.com\/wp-content\/uploads\/2022\/01\/888sport-logo-150x150.png\" class=\"attachment-thumbnail size-thumbnail\" alt=\"888sport-logo\" loading=\"lazy\" srcset=\"https:\/\/www.affiliabet.com\/wp-content\/uploads\/2022\/01\/888sport-logo-150x150.png 150w, https:\/\/www.affiliabet.com\/wp-content\/uploads\/2022\/01\/888sport-logo-300x300.png 300w, https:\/\/www.affiliabet.com\/wp-content\/uploads\/2022\/01\/888sport-logo-e1695077157987.png 320w\" sizes=\"(max-width: 150px) 100vw, 150px\" \/>\t\t\t\t\t\t\t\t<\/a>\n\t\t\t\t\t\t\t\t\t\t\t<\/div>\n\t\t\t\t<\/div>\n\t\t\t\t<\/div>\n\t\t\t\t<div class=\"elementor-element elementor-element-f047e63 elementor-widget elementor-widget-heading\" data-id=\"f047e63\" data-element_type=\"widget\" data-widget_type=\"heading.default\">\n\t\t\t\t<div class=\"elementor-widget-container\">\n\t\t\t<h3 class=\"elementor-heading-title elementor-size-default\"><b>O que \u00e9 o 888sport?<\/b><\/h3>\t\t<\/div>\n\t\t\t\t<\/div>\n\t\t\t\t<div class=\"elementor-element elementor-element-14ade18 elementor-widget elementor-widget-spacer\" data-id=\"14ade18\" data-element_type=\"widget\" data-widget_type=\"spacer.default\">\n\t\t\t\t<div class=\"elementor-widget-container\">\n\t\t\t\t\t<div class=\"elementor-spacer\">\n\t\t\t<div class=\"elementor-spacer-inner\"><\/div>\n\t\t<\/div>\n\t\t\t\t<\/div>\n\t\t\t\t<\/div>\n\t\t\t\t<div class=\"elementor-element elementor-element-e2d0188 elementor-widget elementor-widget-text-editor\" data-id=\"e2d0188\" data-element_type=\"widget\" data-widget_type=\"text-editor.default\">\n\t\t\t\t<div class=\"elementor-widget-container\">\n\t\t\t\t\t<div class=\"elementor-text-editor elementor-clearfix\"><p>Se voc\u00ea \u00e9 um entusiasta de jogos de azar on-line, provavelmente j\u00e1 ouviu falar do 888sport.<\/p>\n<p>Essa plataforma abrangente oferece uma experi\u00eancia empolgante no mundo do p\u00f4quer, cassino e apostas esportivas.<\/p>\n<p>Fundado em 1997, o 888sport se tornou uma refer\u00eancia de confian\u00e7a e qualidade no setor de jogos on-line. Ele tamb\u00e9m oferece um programa de afiliados que lhe permite obter benef\u00edcios adicionais ao promover seus servi\u00e7os.<\/p>\n<p>Neste artigo, exploraremos o que \u00e9 o 888sport e como voc\u00ea pode aproveitar ao m\u00e1ximo seu programa de afiliados.<\/p>\n<\/div>\n\t\t\t\t<\/div>\n\t\t\t\t<\/div>\n\t\t\t\t<div class=\"elementor-element elementor-element-ca351b2 elementor-align-center animated-slow elementor-invisible elementor-widget elementor-widget-button\" data-id=\"ca351b2\" data-element_type=\"widget\" data-settings=\"{&quot;_animation&quot;:&quot;slideInLeft&quot;}\" data-widget_type=\"button.default\">\n\t\t\t\t<div class=\"elementor-widget-container\">\n\t\t\t\t\t<div class=\"elementor-button-wrapper\">\n\t\t\t<a href=\"https:\/\/app.affiliabet.com\/register\" class=\"elementor-button-link elementor-button elementor-size-sm elementor-animation-wobble-to-bottom-right\" role=\"button\">\n\t\t\t\t\t\t<span class=\"elementor-button-content-wrapper\">\n\t\t\t\t\t\t<span class=\"elementor-button-text\">QUERO TER ACESSO \u00c0S CAMPANHAS DE AFILIADOS DO 888SPORT!<\/span>\n\t\t<\/span>\n\t\t\t\t\t<\/a>\n\t\t<\/div>\n\t\t\t\t<\/div>\n\t\t\t\t<\/div>\n\t\t\t\t<div class=\"elementor-element elementor-element-98c2fde elementor-widget elementor-widget-spacer\" data-id=\"98c2fde\" data-element_type=\"widget\" data-widget_type=\"spacer.default\">\n\t\t\t\t<div class=\"elementor-widget-container\">\n\t\t\t\t\t<div class=\"elementor-spacer\">\n\t\t\t<div class=\"elementor-spacer-inner\"><\/div>\n\t\t<\/div>\n\t\t\t\t<\/div>\n\t\t\t\t<\/div>\n\t\t\t\t\t\t<\/div>\n\t\t\t\t\t<\/div>\n\t\t<\/div>\n\t\t\t\t\t\t\t\t<\/div>\n\t\t\t\t\t<\/div>\n\t\t<\/section>\n\t\t\t\t<section class=\"elementor-section elementor-top-section elementor-element elementor-element-e31b396 elementor-section-boxed elementor-section-height-default elementor-section-height-default\" data-id=\"e31b396\" data-element_type=\"section\">\n\t\t\t\t\t\t<div class=\"elementor-container elementor-column-gap-default\">\n\t\t\t\t\t\t\t<div class=\"elementor-row\">\n\t\t\t\t\t<div class=\"elementor-column elementor-col-100 elementor-top-column elementor-element elementor-element-d2112eb\" data-id=\"d2112eb\" data-element_type=\"column\">\n\t\t\t<div class=\"elementor-column-wrap\">\n\t\t\t\t\t\t\t<div class=\"elementor-widget-wrap\">\n\t\t\t\t\t\t\t\t<\/div>\n\t\t\t\t\t<\/div>\n\t\t<\/div>\n\t\t\t\t\t\t\t\t<\/div>\n\t\t\t\t\t<\/div>\n\t\t<\/section>\n\t\t\t\t<section class=\"elementor-section elementor-top-section elementor-element elementor-element-2864f8e elementor-section-boxed elementor-section-height-default elementor-section-height-default\" data-id=\"2864f8e\" data-element_type=\"section\">\n\t\t\t\t\t\t<div class=\"elementor-container elementor-column-gap-no\">\n\t\t\t\t\t\t\t<div class=\"elementor-row\">\n\t\t\t\t\t<div class=\"elementor-column elementor-col-100 elementor-top-column elementor-element elementor-element-f882aaf\" data-id=\"f882aaf\" data-element_type=\"column\">\n\t\t\t<div class=\"elementor-column-wrap elementor-element-populated\">\n\t\t\t\t\t\t\t<div class=\"elementor-widget-wrap\">\n\t\t\t\t\t\t<div class=\"elementor-element elementor-element-8251d4a elementor-widget elementor-widget-heading\" data-id=\"8251d4a\" data-element_type=\"widget\" data-widget_type=\"heading.default\">\n\t\t\t\t<div class=\"elementor-widget-container\">\n\t\t\t<h4 class=\"elementor-heading-title elementor-size-default\"><b>O que \u00e9 o programa de afiliados do 888sport?<\/b><\/h4>\t\t<\/div>\n\t\t\t\t<\/div>\n\t\t\t\t<div class=\"elementor-element elementor-element-a15f4c5 elementor-widget elementor-widget-text-editor\" data-id=\"a15f4c5\" data-element_type=\"widget\" data-widget_type=\"text-editor.default\">\n\t\t\t\t<div class=\"elementor-widget-container\">\n\t\t\t\t\t<div class=\"elementor-text-editor elementor-clearfix\"><p>O programa de afiliados do 888sport \u00e9 uma oportunidade para que os afiliados promovam a plataforma de apostas esportivas, p\u00f4quer e cassino on-line e ganhem comiss\u00f5es por indicar jogadores para a plataforma.<\/p>\n<p>Esse programa est\u00e1 dispon\u00edvel tanto para propriet\u00e1rios de sites quanto para propriet\u00e1rios de m\u00eddia que desejam promover o 888sport por meio de v\u00e1rios recursos de marketing, como banners, links e outros materiais promocionais.<\/p>\n<p>Os afiliados que participam do programa de afiliados do 888sport t\u00eam acesso a ferramentas e recursos de marketing para promover a plataforma para seu p\u00fablico. Esses recursos incluem banners, links de texto e criativos personalizados que s\u00e3o adaptados \u00e0s necessidades espec\u00edficas de cada afiliado.<\/p>\n<h3>Como posso maximizar meus ganhos como afiliado do 888sport por meio do seu programa de indica\u00e7\u00f5es?<\/h3>\n<p>Para aumentar seus ganhos como afiliado do 888sport, voc\u00ea pode tirar proveito do sistema de indica\u00e7\u00f5es.<\/p>\n<p>Toda vez que os jogadores se registrarem no 888sport por meio do seu link de afiliado e fizerem um dep\u00f3sito, voc\u00ea, como afiliado, receber\u00e1 uma comiss\u00e3o, dependendo do modelo de pagamento escolhido.<\/p>\n<p>O 888sport oferece diferentes modelos de pagamento para seus afiliados, como <strong>Revenue Share e CPA (custo por aquisi\u00e7\u00e3o),<\/strong> para atender \u00e0s prefer\u00eancias e necessidades individuais de cada afiliado.<\/p>\n<p>O programa de afiliados do 888sport se destaca por oferecer comiss\u00f5es atraentes e um forte suporte aos afiliados. Al\u00e9m disso, os afiliados t\u00eam acesso a relat\u00f3rios e estat\u00edsticas em tempo real, o que lhes permite monitorar o desempenho de suas campanhas de marketing e otimizar seus esfor\u00e7os promocionais para maximizar seus ganhos.<\/p>\n<\/div>\n\t\t\t\t<\/div>\n\t\t\t\t<\/div>\n\t\t\t\t\t\t<\/div>\n\t\t\t\t\t<\/div>\n\t\t<\/div>\n\t\t\t\t\t\t\t\t<\/div>\n\t\t\t\t\t<\/div>\n\t\t<\/section>\n\t\t\t\t<section class=\"elementor-section elementor-top-section elementor-element elementor-element-260a026 elementor-section-boxed elementor-section-height-default elementor-section-height-default\" data-id=\"260a026\" data-element_type=\"section\" data-settings=\"{&quot;background_background&quot;:&quot;classic&quot;}\">\n\t\t\t\t\t\t<div class=\"elementor-container elementor-column-gap-default\">\n\t\t\t\t\t\t\t<div class=\"elementor-row\">\n\t\t\t\t\t<div class=\"elementor-column elementor-col-100 elementor-top-column elementor-element elementor-element-8d6a713\" data-id=\"8d6a713\" data-element_type=\"column\">\n\t\t\t<div class=\"elementor-column-wrap elementor-element-populated\">\n\t\t\t\t\t\t\t<div class=\"elementor-widget-wrap\">\n\t\t\t\t\t\t<div class=\"elementor-element elementor-element-537095f elementor-widget elementor-widget-heading\" data-id=\"537095f\" data-element_type=\"widget\" data-widget_type=\"heading.default\">\n\t\t\t\t<div class=\"elementor-widget-container\">\n\t\t\t<h3 class=\"elementor-heading-title elementor-size-default\">REGISTRE-SE HOJE NA AFILIABET<br><strong>RECIBE 10\u20ac DE BIENVENIDA<\/strong><\/h3>\t\t<\/div>\n\t\t\t\t<\/div>\n\t\t\t\t<div class=\"elementor-element elementor-element-b5cefad elementor-align-center elementor-widget elementor-widget-button\" data-id=\"b5cefad\" data-element_type=\"widget\" data-widget_type=\"button.default\">\n\t\t\t\t<div class=\"elementor-widget-container\">\n\t\t\t\t\t<div class=\"elementor-button-wrapper\">\n\t\t\t<a href=\"https:\/\/app.affiliabet.com\/register\" class=\"elementor-button-link elementor-button elementor-size-md elementor-animation-bounce-in\" role=\"button\">\n\t\t\t\t\t\t<span class=\"elementor-button-content-wrapper\">\n\t\t\t\t\t\t<span class=\"elementor-button-text\">Registre-se agora<\/span>\n\t\t<\/span>\n\t\t\t\t\t<\/a>\n\t\t<\/div>\n\t\t\t\t<\/div>\n\t\t\t\t<\/div>\n\t\t\t\t\t\t<\/div>\n\t\t\t\t\t<\/div>\n\t\t<\/div>\n\t\t\t\t\t\t\t\t<\/div>\n\t\t\t\t\t<\/div>\n\t\t<\/section>\n\t\t\t\t<section class=\"elementor-section elementor-top-section elementor-element elementor-element-98f5743 elementor-section-boxed elementor-section-height-default elementor-section-height-default\" data-id=\"98f5743\" data-element_type=\"section\">\n\t\t\t\t\t\t<div class=\"elementor-container elementor-column-gap-default\">\n\t\t\t\t\t\t\t<div class=\"elementor-row\">\n\t\t\t\t\t<div class=\"elementor-column elementor-col-100 elementor-top-column elementor-element elementor-element-bb5b8e0\" data-id=\"bb5b8e0\" data-element_type=\"column\">\n\t\t\t<div class=\"elementor-column-wrap elementor-element-populated\">\n\t\t\t\t\t\t\t<div class=\"elementor-widget-wrap\">\n\t\t\t\t\t\t<div class=\"elementor-element elementor-element-349f762 elementor-widget elementor-widget-text-editor\" data-id=\"349f762\" data-element_type=\"widget\" data-widget_type=\"text-editor.default\">\n\t\t\t\t<div class=\"elementor-widget-container\">\n\t\t\t\t\t<div class=\"elementor-text-editor elementor-clearfix\"><h2>Torne-se um afiliado do 888sport com a Affiliabet e suas campanhas<\/h2>\n<p>Se voc\u00ea \u00e9 um afiliado do 888sport e deseja aumentar seus ganhos, a Affiliabet \u00e9 a solu\u00e7\u00e3o ideal para voc\u00ea. Veja como a Affiliabet pode lhe ajudar:<\/p>\n<ul>\n<li><strong>Acesso a an\u00e1lises e dados:<\/strong> A Affiliabet lhe fornece relat\u00f3rios detalhados e dados em tempo real para que voc\u00ea possa monitorar o desempenho de sua conta e analisar quais t\u00e1ticas de marketing s\u00e3o mais eficazes. Use essas informa\u00e7\u00f5es para otimizar sua estrat\u00e9gia e maximizar sua receita.<\/li>\n<li><strong>Ferramentas de marketing personalizadas:<\/strong> a Affiliabet fornece a voc\u00ea ferramentas de marketing personalizadas, como banners, links de texto e outros materiais promocionais. Essas ferramentas podem ser adaptadas ao seu site e ao seu p\u00fablico-alvo, ajudando voc\u00ea a melhorar a convers\u00e3o de indica\u00e7\u00f5es.<\/li>\n<li><strong>Marketing e suporte t\u00e9cnico:<\/strong> na Affiliabet, voc\u00ea ter\u00e1 uma equipe de profissionais de marketing e suporte t\u00e9cnico \u00e0 disposi\u00e7\u00e3o para ajud\u00e1-lo a otimizar suas estrat\u00e9gias e resolver quaisquer problemas t\u00e9cnicos que surjam.<\/li>\n<li><strong>Programa de recompensas:<\/strong> a Affiliabet oferece um programa de recompensas no qual voc\u00ea pode ganhar pontos para cada cliente que se inscrever por meio de seu link de afiliado e fizer apostas. Esses pontos podem ser trocados por pr\u00eamios e recompensas adicionais, o que aumentar\u00e1 seus ganhos como afiliado.<\/li>\n<\/ul>\n<p>Com a <a href=\"https:\/\/www.affiliabet.com\/pt-br\/\"><span style=\"color: #333399;\">Affiliabet<\/span><\/a>, voc\u00ea tem a liberdade de criar e personalizar campanhas de acordo com seus canais on-line. Al\u00e9m disso, voc\u00ea pode contar com nossa equipe de gerentes experientes para fornecer os recursos de que voc\u00ea precisa, incluindo informa\u00e7\u00f5es de pagamento atualizadas e an\u00e1lises detalhadas.<\/p>\n<p style=\"padding-left: 40px;\"><em><strong>N\u00e3o perca mais tempo e <a href=\"https:\/\/app.affiliabet.com\/register\"><span style=\"color: #00ff00;\">junte-se a n\u00f3s no Affiliabet<\/span><\/a> para aumentar seus ganhos como afiliado do 888sport! Libere todo o seu potencial de marketing com a Affiliabet e comece a ganhar mais hoje mesmo.<\/strong><\/em><\/p>\n<\/div>\n\t\t\t\t<\/div>\n\t\t\t\t<\/div>\n\t\t\t\t\t\t<\/div>\n\t\t\t\t\t<\/div>\n\t\t<\/div>\n\t\t\t\t\t\t\t\t<\/div>\n\t\t\t\t\t<\/div>\n\t\t<\/section>\n\t\t\t\t\t\t<\/div>\n\t\t\t\t\t\t<\/div>\n\t\t\t\t\t<\/div>\n\t\t","protected":false},"excerpt":{"rendered":"<p>Afiliados do 888sport Espanha: Ganhe dinheiro com os Afiliados do 888sport Campanhas de afiliados do 888sport Espanha: Ganhe dinheiro on-line com o 888sport Espanha O que \u00e9 o 888sport? Se voc\u00ea \u00e9 um entusiasta de jogos de azar on-line, provavelmente j\u00e1 ouviu falar do 888sport. Essa plataforma abrangente oferece uma experi\u00eancia empolgante no mundo do [&hellip;]<\/p>\n","protected":false},"author":1,"featured_media":0,"parent":0,"menu_order":0,"comment_status":"closed","ping_status":"closed","template":"","meta":[],"yoast_head":"<!-- This site is optimized with the Yoast SEO plugin v15.6.2 - https:\/\/yoast.com\/wordpress\/plugins\/seo\/ -->\n<title>Afiliados do 888sport: Ganhe dinheiro com os Afiliados do 888sport em todo o mundo<\/title>\n<meta name=\"description\" content=\"Campanhas de Afiliados do 888sport: Ganhe dinheiro online com as campanhas do 888sport. Afiliados de casas de apostas, cassino, p\u00f4quer e muito mais.\" \/>\n<meta name=\"robots\" content=\"index, follow, max-snippet:-1, max-image-preview:large, max-video-preview:-1\" \/>\n<link rel=\"canonical\" href=\"https:\/\/www.affiliabet.com\/pt-br\/888-sports\/\" \/>\n<meta property=\"og:locale\" content=\"pt_BR\" \/>\n<meta property=\"og:type\" content=\"article\" \/>\n<meta property=\"og:title\" content=\"Afiliados do 888sport: Ganhe dinheiro com os Afiliados do 888sport em todo o mundo\" \/>\n<meta property=\"og:description\" content=\"Campanhas de Afiliados do 888sport: Ganhe dinheiro online com as campanhas do 888sport. Afiliados de casas de apostas, cassino, p\u00f4quer e muito mais.\" \/>\n<meta property=\"og:url\" content=\"https:\/\/www.affiliabet.com\/888-sports\/\" \/>\n<meta property=\"og:site_name\" content=\"Affiliabet\" \/>\n<meta property=\"article:modified_time\" content=\"2024-01-19T15:56:55+00:00\" \/>\n<meta property=\"og:image\" content=\"https:\/\/www.affiliabet.com\/wp-content\/uploads\/2022\/01\/888sport-logo-150x150.png\" \/>\n<meta name=\"twitter:card\" content=\"summary_large_image\" \/>\n<meta name=\"twitter:label1\" content=\"Est. reading time\">\n\t<meta name=\"twitter:data1\" content=\"4 minutos\">\n<script type=\"application\/ld+json\" class=\"yoast-schema-graph\">{\"@context\":\"https:\/\/schema.org\",\"@graph\":[{\"@type\":\"Organization\",\"@id\":\"https:\/\/www.affiliabet.com\/#organization\",\"name\":\"Affiliabet\",\"url\":\"https:\/\/www.affiliabet.com\/\",\"sameAs\":[],\"logo\":{\"@type\":\"ImageObject\",\"@id\":\"https:\/\/www.affiliabet.com\/#logo\",\"inLanguage\":\"pt-BR\",\"url\":\"https:\/\/www.affiliabet.com\/wp-content\/uploads\/2021\/01\/logo.jpg\",\"width\":387,\"height\":101,\"caption\":\"Affiliabet\"},\"image\":{\"@id\":\"https:\/\/www.affiliabet.com\/#logo\"}},{\"@type\":\"WebSite\",\"@id\":\"https:\/\/www.affiliabet.com\/#website\",\"url\":\"https:\/\/www.affiliabet.com\/\",\"name\":\"Affiliabet\",\"description\":\"Gestor N\\u00ba1 en campa\\u00f1as de afiliaci\\u00f3n de apuestas deportivas y juego online\",\"publisher\":{\"@id\":\"https:\/\/www.affiliabet.com\/#organization\"},\"potentialAction\":[{\"@type\":\"SearchAction\",\"target\":\"https:\/\/www.affiliabet.com\/?s={search_term_string}\",\"query-input\":\"required name=search_term_string\"}],\"inLanguage\":\"pt-BR\"},{\"@type\":\"ImageObject\",\"@id\":\"https:\/\/www.affiliabet.com\/888-sports\/#primaryimage\",\"inLanguage\":\"pt-BR\",\"url\":\"https:\/\/www.affiliabet.com\/wp-content\/uploads\/2022\/01\/888sport-logo-e1695077157987.png\",\"width\":320,\"height\":320,\"caption\":\"888sport-logo\"},{\"@type\":\"WebPage\",\"@id\":\"https:\/\/www.affiliabet.com\/888-sports\/#webpage\",\"url\":\"https:\/\/www.affiliabet.com\/888-sports\/\",\"name\":\"Afiliados do 888sport: Ganhe dinheiro com os Afiliados do 888sport em todo o mundo\",\"isPartOf\":{\"@id\":\"https:\/\/www.affiliabet.com\/#website\"},\"primaryImageOfPage\":{\"@id\":\"https:\/\/www.affiliabet.com\/888-sports\/#primaryimage\"},\"datePublished\":\"2023-06-20T00:33:08+00:00\",\"dateModified\":\"2024-01-19T15:56:55+00:00\",\"description\":\"Campanhas de Afiliados do 888sport: Ganhe dinheiro online com as campanhas do 888sport. Afiliados de casas de apostas, cassino, p\\u00f4quer e muito mais.\",\"inLanguage\":\"pt-BR\",\"potentialAction\":[{\"@type\":\"ReadAction\",\"target\":[\"https:\/\/www.affiliabet.com\/888-sports\/\"]}]}]}<\/script>\n<!-- \/ Yoast SEO plugin. -->","_links":{"self":[{"href":"https:\/\/www.affiliabet.com\/pt-br\/wp-json\/wp\/v2\/pages\/6835"}],"collection":[{"href":"https:\/\/www.affiliabet.com\/pt-br\/wp-json\/wp\/v2\/pages"}],"about":[{"href":"https:\/\/www.affiliabet.com\/pt-br\/wp-json\/wp\/v2\/types\/page"}],"author":[{"embeddable":true,"href":"https:\/\/www.affiliabet.com\/pt-br\/wp-json\/wp\/v2\/users\/1"}],"replies":[{"embeddable":true,"href":"https:\/\/www.affiliabet.com\/pt-br\/wp-json\/wp\/v2\/comments?post=6835"}],"version-history":[{"count":4,"href":"https:\/\/www.affiliabet.com\/pt-br\/wp-json\/wp\/v2\/pages\/6835\/revisions"}],"predecessor-version":[{"id":8092,"href":"https:\/\/www.affiliabet.com\/pt-br\/wp-json\/wp\/v2\/pages\/6835\/revisions\/8092"}],"wp:attachment":[{"href":"https:\/\/www.affiliabet.com\/pt-br\/wp-json\/wp\/v2\/media?parent=6835"}],"curies":[{"name":"wp","href":"https:\/\/api.w.org\/{rel}","templated":true}]}}