{"id":3316,"date":"2024-01-09T12:00:37","date_gmt":"2024-01-09T12:00:37","guid":{"rendered":"https:\/\/www.affiliabet.com\/?page_id=3316"},"modified":"2024-01-18T11:41:43","modified_gmt":"2024-01-18T11:41:43","slug":"afiliados-de-apostas-desportivas","status":"publish","type":"page","link":"https:\/\/www.affiliabet.com\/pt-pt\/afiliados-de-apostas-desportivas\/","title":{"rendered":"Afiliados de apostas desportivas"},"content":{"rendered":"\t\t<div data-elementor-type=\"wp-page\" data-elementor-id=\"3316\" class=\"elementor elementor-3316 elementor-3312\" data-elementor-settings=\"[]\">\n\t\t\t\t\t\t<div class=\"elementor-inner\">\n\t\t\t\t\t\t\t<div class=\"elementor-section-wrap\">\n\t\t\t\t\t\t\t<section class=\"elementor-section elementor-top-section elementor-element elementor-element-c185c06 elementor-section-boxed elementor-section-height-default elementor-section-height-default\" data-id=\"c185c06\" data-element_type=\"section\" data-settings=\"{&quot;background_background&quot;:&quot;classic&quot;}\">\n\t\t\t\t\t\t<div class=\"elementor-container elementor-column-gap-no\">\n\t\t\t\t\t\t\t<div class=\"elementor-row\">\n\t\t\t\t\t<div class=\"elementor-column elementor-col-100 elementor-top-column elementor-element elementor-element-6e910c6\" data-id=\"6e910c6\" data-element_type=\"column\">\n\t\t\t<div class=\"elementor-column-wrap elementor-element-populated\">\n\t\t\t\t\t\t\t<div class=\"elementor-widget-wrap\">\n\t\t\t\t\t\t<div class=\"elementor-element elementor-element-da8716e elementor-widget elementor-widget-heading\" data-id=\"da8716e\" data-element_type=\"widget\" data-widget_type=\"heading.default\">\n\t\t\t\t<div class=\"elementor-widget-container\">\n\t\t\t<h1 class=\"elementor-heading-title elementor-size-large\"><b>Ganhar dinheiro com afiliados\/refer\u00eancias casas de apostas desportivas<\/b>.<\/h1>\t\t<\/div>\n\t\t\t\t<\/div>\n\t\t\t\t<div class=\"elementor-element elementor-element-ca9dab7 elementor-widget elementor-widget-heading\" data-id=\"ca9dab7\" data-element_type=\"widget\" data-widget_type=\"heading.default\">\n\t\t\t\t<div class=\"elementor-widget-container\">\n\t\t\t<h2 class=\"elementor-heading-title elementor-size-medium\">Affiliabet - Ganhe dinheiro com campanhas de marketing de afiliados com as melhores casas de apostas do mundo.<\/h2>\t\t<\/div>\n\t\t\t\t<\/div>\n\t\t\t\t<div class=\"elementor-element elementor-element-4d471db elementor-widget elementor-widget-spacer\" data-id=\"4d471db\" data-element_type=\"widget\" data-widget_type=\"spacer.default\">\n\t\t\t\t<div class=\"elementor-widget-container\">\n\t\t\t\t\t<div class=\"elementor-spacer\">\n\t\t\t<div class=\"elementor-spacer-inner\"><\/div>\n\t\t<\/div>\n\t\t\t\t<\/div>\n\t\t\t\t<\/div>\n\t\t\t\t\t\t<\/div>\n\t\t\t\t\t<\/div>\n\t\t<\/div>\n\t\t\t\t\t\t\t\t<\/div>\n\t\t\t\t\t<\/div>\n\t\t<\/section>\n\t\t\t\t<section class=\"elementor-section elementor-top-section elementor-element elementor-element-d1b552e elementor-section-boxed elementor-section-height-default elementor-section-height-default\" data-id=\"d1b552e\" data-element_type=\"section\">\n\t\t\t\t\t\t<div class=\"elementor-container elementor-column-gap-no\">\n\t\t\t\t\t\t\t<div class=\"elementor-row\">\n\t\t\t\t\t<div class=\"elementor-column elementor-col-100 elementor-top-column elementor-element elementor-element-3858219\" data-id=\"3858219\" data-element_type=\"column\">\n\t\t\t<div class=\"elementor-column-wrap elementor-element-populated\">\n\t\t\t\t\t\t\t<div class=\"elementor-widget-wrap\">\n\t\t\t\t\t\t<div class=\"elementor-element elementor-element-f047e63 elementor-widget elementor-widget-heading\" data-id=\"f047e63\" data-element_type=\"widget\" data-widget_type=\"heading.default\">\n\t\t\t\t<div class=\"elementor-widget-container\">\n\t\t\t<h2 class=\"elementor-heading-title elementor-size-default\"><b>O que \u00e9 uma campanha de marketing de afiliados e para que serve?<\/b><\/h2>\t\t<\/div>\n\t\t\t\t<\/div>\n\t\t\t\t<div class=\"elementor-element elementor-element-14ade18 elementor-widget elementor-widget-spacer\" data-id=\"14ade18\" data-element_type=\"widget\" data-widget_type=\"spacer.default\">\n\t\t\t\t<div class=\"elementor-widget-container\">\n\t\t\t\t\t<div class=\"elementor-spacer\">\n\t\t\t<div class=\"elementor-spacer-inner\"><\/div>\n\t\t<\/div>\n\t\t\t\t<\/div>\n\t\t\t\t<\/div>\n\t\t\t\t<div class=\"elementor-element elementor-element-e2d0188 elementor-widget elementor-widget-text-editor\" data-id=\"e2d0188\" data-element_type=\"widget\" data-widget_type=\"text-editor.default\">\n\t\t\t\t<div class=\"elementor-widget-container\">\n\t\t\t\t\t<div class=\"elementor-text-editor elementor-clearfix\"><p>Uma campanha de marketing de afiliados \u00e9 uma estrat\u00e9gia de marketing em que uma empresa (anunciante) colabora com indiv\u00edduos ou empresas (afiliados) para <strong>promover os seus produtos ou servi\u00e7os.<\/strong><\/p>\n<p>O anunciante fornece uma liga\u00e7\u00e3o de rastreio \u00fanica aos afiliados que estes podem utilizar nos seus s\u00edtios Web, blogues ou redes sociais para enviar tr\u00e1fego para o s\u00edtio Web do anunciante. Se um utilizador clicar nessa hiperliga\u00e7\u00e3o e fizer uma compra,<strong> o afiliado recebe uma comiss\u00e3o sobre a venda.<\/strong><\/p>\n<p>A campanha de marketing de afilia\u00e7\u00e3o pode ser ben\u00e9fica tanto para o anunciante como para os afiliados. Para o anunciante, pode aumentar a exposi\u00e7\u00e3o do seu produto ou servi\u00e7o a um p\u00fablico mais vasto,<strong> gerar tr\u00e1fego<\/strong> <strong>e vendas<\/strong> adicionais e melhorar o seu ROI (retorno do investimento).<\/p>\n<p>Para os afiliados, por outro lado, <strong>pode ser uma forma rent\u00e1vel de rentabilizar o seu s\u00edtio Web ou blogue e obter receitas adicionais.<\/strong><\/p>\n<\/div>\n\t\t\t\t<\/div>\n\t\t\t\t<\/div>\n\t\t\t\t<div class=\"elementor-element elementor-element-ca351b2 elementor-align-center animated-slow elementor-invisible elementor-widget elementor-widget-button\" data-id=\"ca351b2\" data-element_type=\"widget\" data-settings=\"{&quot;_animation&quot;:&quot;slideInLeft&quot;}\" data-widget_type=\"button.default\">\n\t\t\t\t<div class=\"elementor-widget-container\">\n\t\t\t\t\t<div class=\"elementor-button-wrapper\">\n\t\t\t<a href=\"https:\/\/app.affiliabet.com\/register\" class=\"elementor-button-link elementor-button elementor-size-sm elementor-animation-wobble-to-bottom-right\" role=\"button\">\n\t\t\t\t\t\t<span class=\"elementor-button-content-wrapper\">\n\t\t\t\t\t\t<span class=\"elementor-button-text\">QUERO TER ACESSO \u00c0S CAMPANHAS!<\/span>\n\t\t<\/span>\n\t\t\t\t\t<\/a>\n\t\t<\/div>\n\t\t\t\t<\/div>\n\t\t\t\t<\/div>\n\t\t\t\t<div class=\"elementor-element elementor-element-98c2fde elementor-widget elementor-widget-spacer\" data-id=\"98c2fde\" data-element_type=\"widget\" data-widget_type=\"spacer.default\">\n\t\t\t\t<div class=\"elementor-widget-container\">\n\t\t\t\t\t<div class=\"elementor-spacer\">\n\t\t\t<div class=\"elementor-spacer-inner\"><\/div>\n\t\t<\/div>\n\t\t\t\t<\/div>\n\t\t\t\t<\/div>\n\t\t\t\t\t\t<\/div>\n\t\t\t\t\t<\/div>\n\t\t<\/div>\n\t\t\t\t\t\t\t\t<\/div>\n\t\t\t\t\t<\/div>\n\t\t<\/section>\n\t\t\t\t<section class=\"elementor-section elementor-top-section elementor-element elementor-element-7771020 elementor-section-boxed elementor-section-height-default elementor-section-height-default\" data-id=\"7771020\" data-element_type=\"section\">\n\t\t\t\t\t\t<div class=\"elementor-container elementor-column-gap-no\">\n\t\t\t\t\t\t\t<div class=\"elementor-row\">\n\t\t\t\t\t<div class=\"elementor-column elementor-col-100 elementor-top-column elementor-element elementor-element-3ca1273\" data-id=\"3ca1273\" data-element_type=\"column\">\n\t\t\t<div class=\"elementor-column-wrap elementor-element-populated\">\n\t\t\t\t\t\t\t<div class=\"elementor-widget-wrap\">\n\t\t\t\t\t\t<div class=\"elementor-element elementor-element-33aea64 elementor-view-stacked elementor-shape-circle elementor-invisible elementor-widget elementor-widget-icon\" data-id=\"33aea64\" data-element_type=\"widget\" data-settings=\"{&quot;_animation&quot;:&quot;zoomIn&quot;}\" data-widget_type=\"icon.default\">\n\t\t\t\t<div class=\"elementor-widget-container\">\n\t\t\t\t\t<div class=\"elementor-icon-wrapper\">\n\t\t\t<div class=\"elementor-icon\">\n\t\t\t<i aria-hidden=\"true\" class=\"far fa-futbol\"><\/i>\t\t\t<\/div>\n\t\t<\/div>\n\t\t\t\t<\/div>\n\t\t\t\t<\/div>\n\t\t\t\t<div class=\"elementor-element elementor-element-4105e40 elementor-widget elementor-widget-heading\" data-id=\"4105e40\" data-element_type=\"widget\" data-widget_type=\"heading.default\">\n\t\t\t\t<div class=\"elementor-widget-container\">\n\t\t\t<h2 class=\"elementor-heading-title elementor-size-default\"><b>Como \u00e9 que se pode ganhar dinheiro indicando ou afiliando pessoas a casas de apostas?<\/b><\/h2>\t\t<\/div>\n\t\t\t\t<\/div>\n\t\t\t\t<div class=\"elementor-element elementor-element-c902585 elementor-widget elementor-widget-text-editor\" data-id=\"c902585\" data-element_type=\"widget\" data-widget_type=\"text-editor.default\">\n\t\t\t\t<div class=\"elementor-widget-container\">\n\t\t\t\t\t<div class=\"elementor-text-editor elementor-clearfix\"><p>Existem v\u00e1rias formas de ganhar dinheiro como afiliado no sector das casas de apostas. Algumas das formas mais comuns s\u00e3o descritas abaixo:<\/p>\n<ul>\n<li><strong>Comiss\u00f5es por registo (CPA):<\/strong> As casas de apostas oferecem comiss\u00f5es aos afiliados por cada novo jogador que se registe atrav\u00e9s do seu link de afiliado. O montante da comiss\u00e3o varia de casa de apostas para casa de apostas e pode ser um pagamento fixo ou uma percentagem dos ganhos do jogador.<\/li>\n<li><strong>Comiss\u00f5es de partilha de receitas:<\/strong> Algumas casas de apostas oferecem comiss\u00f5es adicionais aos afiliados quando os jogadores depositam dinheiro na sua conta de apostas depois de se registarem atrav\u00e9s do seu link de afiliado.<\/li>\n<li><strong>Comiss\u00f5es de receita l\u00edquida:<\/strong> Os afiliados podem ganhar uma comiss\u00e3o sobre a receita l\u00edquida gerada pelos jogadores que se registaram atrav\u00e9s do seu link de afiliado. A receita l\u00edquida \u00e9 calculada subtraindo as perdas dos jogadores dos seus ganhos.<\/li>\n<li><strong>Programas de sub-afiliados:<\/strong> algumas casas de apostas oferecem comiss\u00f5es aos afiliados por referirem outros afiliados ao programa. O afiliado recebe uma comiss\u00e3o sobre os ganhos dos sub-afiliados referidos.<\/li>\n<li><strong>Ofertas especiais:<\/strong> os afiliados podem ter acesso a ofertas especiais, tais como b\u00f3nus exclusivos, que podem oferecer aos jogadores referidos. Estas ofertas podem atrair mais jogadores atrav\u00e9s da liga\u00e7\u00e3o de afiliado.<\/li>\n<\/ul>\n<\/div>\n\t\t\t\t<\/div>\n\t\t\t\t<\/div>\n\t\t\t\t\t\t<\/div>\n\t\t\t\t\t<\/div>\n\t\t<\/div>\n\t\t\t\t\t\t\t\t<\/div>\n\t\t\t\t\t<\/div>\n\t\t<\/section>\n\t\t\t\t<section class=\"elementor-section elementor-top-section elementor-element elementor-element-06b831f elementor-section-height-min-height elementor-section-boxed elementor-section-height-default elementor-section-items-middle\" data-id=\"06b831f\" data-element_type=\"section\">\n\t\t\t\t\t\t<div class=\"elementor-container elementor-column-gap-no\">\n\t\t\t\t\t\t\t<div class=\"elementor-row\">\n\t\t\t\t\t<div class=\"elementor-column elementor-col-100 elementor-top-column elementor-element elementor-element-72dd86a\" data-id=\"72dd86a\" data-element_type=\"column\">\n\t\t\t<div class=\"elementor-column-wrap elementor-element-populated\">\n\t\t\t\t\t\t\t<div class=\"elementor-widget-wrap\">\n\t\t\t\t\t\t<div class=\"elementor-element elementor-element-9dd3107 elementor-widget elementor-widget-spacer\" data-id=\"9dd3107\" data-element_type=\"widget\" data-widget_type=\"spacer.default\">\n\t\t\t\t<div class=\"elementor-widget-container\">\n\t\t\t\t\t<div class=\"elementor-spacer\">\n\t\t\t<div class=\"elementor-spacer-inner\"><\/div>\n\t\t<\/div>\n\t\t\t\t<\/div>\n\t\t\t\t<\/div>\n\t\t\t\t<div class=\"elementor-element elementor-element-89111df elementor-widget elementor-widget-heading\" data-id=\"89111df\" data-element_type=\"widget\" data-widget_type=\"heading.default\">\n\t\t\t\t<div class=\"elementor-widget-container\">\n\t\t\t<h2 class=\"elementor-heading-title elementor-size-default\"><b>As melhores casas de apostas que pagam aos afiliados em todo o mundo<\/b><b>(CPA, Revenue Share)<\/b>.<\/h2>\t\t<\/div>\n\t\t\t\t<\/div>\n\t\t\t\t<div class=\"elementor-element elementor-element-63acda1 elementor-widget elementor-widget-text-editor\" data-id=\"63acda1\" data-element_type=\"widget\" data-widget_type=\"text-editor.default\">\n\t\t\t\t<div class=\"elementor-widget-container\">\n\t\t\t\t\t<div class=\"elementor-text-editor elementor-clearfix\"><p>Aqui est\u00e3o algumas das casas de apostas que foram mencionadas na sua pesquisa:<\/p>\n<ul>\n<li><strong>Betfair:<\/strong> <a href=\"https:\/\/www.affiliabet.com\/pt-pt\/betfair-colombia\/\"><span style=\"color: #0000ff;\">A Betfair<\/span><\/a> \u00e9 uma das casas de apostas mais inovadoras e populares do mercado. \u00c9 conhecida pela sua bolsa de apostas, bem como por oferecer uma vasta gama de desportos e mercados. Tamb\u00e9m oferece um programa de afiliados com CPA e Partilha de Receitas.<\/li>\n<li><strong>BWin:<\/strong> BWin \u00e9 outra das casas de apostas mais populares em todo o mundo. Oferece uma vasta gama de desportos e mercados, bem como uma plataforma de apostas ao vivo e um excelente apoio ao cliente. O seu programa de afiliados \u00e9 conhecido por oferecer comiss\u00f5es elevadas e um bom apoio.<\/li>\n<li><strong>WilliamHill:<\/strong> WilliamHill \u00e9 uma das casas de apostas mais antigas e respeitadas do mercado. Oferece uma vasta gama de desportos e mercados, bem como uma plataforma de apostas ao vivo. O seu programa de afiliados \u00e9 conhecido por oferecer comiss\u00f5es elevadas e uma boa rela\u00e7\u00e3o com os seus afiliados.<\/li>\n<\/ul>\n<p>Tamb\u00e9m pode consultar os programas de afiliados das outras casas de apostas <strong>clicando no seu nome: 1xBet, <a href=\"https:\/\/www.affiliabet.com\/pt-pt\/betfair-colombia\/\"><span style=\"color: #0000ff;\">Betfair,<\/span><\/a> <a href=\"https:\/\/www.affiliabet.com\/pt-pt\/a-betsson-e-as-suas-campanhas-de-afiliacao\/\"><span style=\"color: #0000ff;\">Betsson,<\/span><\/a> BetWay, BWin, Casino Barcelona, Circus, <a href=\"https:\/\/www.affiliabet.com\/pt-pt\/codere-espana-e-as-suas-campanhas-afiliadas\/\"><span style=\"color: #0000ff;\">Codere,<\/span><\/a> <span style=\"color: #0000ff;\"><a href=\"https:\/\/www.affiliabet.com\/pt-pt\/leovegas-espanha-e-as-suas-campanhas-de-afiliacao\/\">LeoVegas<\/a>,<\/span> InterWetten, <a href=\"https:\/\/www.affiliabet.com\/pt-pt\/luckia-colombia-e-as-suas-campanhas-afiliadas\/\"><span style=\"color: #0000ff;\">Luckia,<\/span><\/a> Sisal, MarahonBet, Marca Apuestas, Paston, PockerStars Sports, <a href=\"https:\/\/www.affiliabet.com\/pt-pt\/sportium-e-as-suas-campanhas-afiliadas\/\"><span style=\"color: #0000ff;\">Sportium,<\/span><\/a> <span style=\"color: #0000ff;\">Winamax,<\/span> RetaBet, <span style=\"color: #0000ff;\">Zebet<\/span>&#8230; e muitas mais!<\/strong><\/p>\n<\/div>\n\t\t\t\t<\/div>\n\t\t\t\t<\/div>\n\t\t\t\t<div class=\"elementor-element elementor-element-9280a39 elementor-widget elementor-widget-spacer\" data-id=\"9280a39\" data-element_type=\"widget\" data-widget_type=\"spacer.default\">\n\t\t\t\t<div class=\"elementor-widget-container\">\n\t\t\t\t\t<div class=\"elementor-spacer\">\n\t\t\t<div class=\"elementor-spacer-inner\"><\/div>\n\t\t<\/div>\n\t\t\t\t<\/div>\n\t\t\t\t<\/div>\n\t\t\t\t\t\t<\/div>\n\t\t\t\t\t<\/div>\n\t\t<\/div>\n\t\t\t\t\t\t\t\t<\/div>\n\t\t\t\t\t<\/div>\n\t\t<\/section>\n\t\t\t\t<section class=\"elementor-section elementor-top-section elementor-element elementor-element-260a026 elementor-section-boxed elementor-section-height-default elementor-section-height-default\" data-id=\"260a026\" data-element_type=\"section\" data-settings=\"{&quot;background_background&quot;:&quot;classic&quot;}\">\n\t\t\t\t\t\t<div class=\"elementor-container elementor-column-gap-default\">\n\t\t\t\t\t\t\t<div class=\"elementor-row\">\n\t\t\t\t\t<div class=\"elementor-column elementor-col-100 elementor-top-column elementor-element elementor-element-8d6a713\" data-id=\"8d6a713\" data-element_type=\"column\">\n\t\t\t<div class=\"elementor-column-wrap elementor-element-populated\">\n\t\t\t\t\t\t\t<div class=\"elementor-widget-wrap\">\n\t\t\t\t\t\t<div class=\"elementor-element elementor-element-537095f elementor-widget elementor-widget-heading\" data-id=\"537095f\" data-element_type=\"widget\" data-widget_type=\"heading.default\">\n\t\t\t\t<div class=\"elementor-widget-container\">\n\t\t\t<h3 class=\"elementor-heading-title elementor-size-default\">REGISTO HOJE E RECEBE<br><strong>10\u20ac DE BONO DE BIENVENIDA<\/strong><\/h3>\t\t<\/div>\n\t\t\t\t<\/div>\n\t\t\t\t<div class=\"elementor-element elementor-element-b5cefad elementor-align-center elementor-widget elementor-widget-button\" data-id=\"b5cefad\" data-element_type=\"widget\" data-widget_type=\"button.default\">\n\t\t\t\t<div class=\"elementor-widget-container\">\n\t\t\t\t\t<div class=\"elementor-button-wrapper\">\n\t\t\t<a href=\"https:\/\/app.affiliabet.com\/register\" class=\"elementor-button-link elementor-button elementor-size-md elementor-animation-bounce-in\" role=\"button\">\n\t\t\t\t\t\t<span class=\"elementor-button-content-wrapper\">\n\t\t\t\t\t\t<span class=\"elementor-button-text\">RECEBER 10\u20ac<\/span>\n\t\t<\/span>\n\t\t\t\t\t<\/a>\n\t\t<\/div>\n\t\t\t\t<\/div>\n\t\t\t\t<\/div>\n\t\t\t\t\t\t<\/div>\n\t\t\t\t\t<\/div>\n\t\t<\/div>\n\t\t\t\t\t\t\t\t<\/div>\n\t\t\t\t\t<\/div>\n\t\t<\/section>\n\t\t\t\t<section class=\"elementor-section elementor-top-section elementor-element elementor-element-fc640e0 elementor-section-height-min-height elementor-section-boxed elementor-section-height-default elementor-section-items-middle\" data-id=\"fc640e0\" data-element_type=\"section\">\n\t\t\t\t\t\t<div class=\"elementor-container elementor-column-gap-default\">\n\t\t\t\t\t\t\t<div class=\"elementor-row\">\n\t\t\t\t\t<div class=\"elementor-column elementor-col-100 elementor-top-column elementor-element elementor-element-6be2305\" data-id=\"6be2305\" data-element_type=\"column\">\n\t\t\t<div class=\"elementor-column-wrap elementor-element-populated\">\n\t\t\t\t\t\t\t<div class=\"elementor-widget-wrap\">\n\t\t\t\t\t\t<div class=\"elementor-element elementor-element-4fb0efd elementor-widget elementor-widget-heading\" data-id=\"4fb0efd\" data-element_type=\"widget\" data-widget_type=\"heading.default\">\n\t\t\t\t<div class=\"elementor-widget-container\">\n\t\t\t<h2 class=\"elementor-heading-title elementor-size-default\"><b>Qual \u00e9 o melhor site para eu ter controlo total sobre as minhas campanhas de marketing de refer\u00eancia de casas de apostas e ganhar mais dinheiro com elas?<\/b><\/h2>\t\t<\/div>\n\t\t\t\t<\/div>\n\t\t\t\t<div class=\"elementor-element elementor-element-920b9cf elementor-widget elementor-widget-text-editor\" data-id=\"920b9cf\" data-element_type=\"widget\" data-widget_type=\"text-editor.default\">\n\t\t\t\t<div class=\"elementor-widget-container\">\n\t\t\t\t\t<div class=\"elementor-text-editor elementor-clearfix\"><p>A plataforma Afiliabet oferece aos seus membros v\u00e1rias oportunidades de promo\u00e7\u00e3o nos mercados espanhol, italiano, alem\u00e3o e latino-americano (LATAM), atrav\u00e9s de v\u00e1rias campanhas de afilia\u00e7\u00e3o.<\/p>\n<p>A Afiliabet estabeleceu acordos comerciais com empresas de apostas desportivas, p\u00f3quer, casino, bingo, forex e op\u00e7\u00f5es bin\u00e1rias. Estes acordos competitivos permitem-lhes obter 100% de lucro dos seus canais de distribui\u00e7\u00e3o.<\/p>\n<p>Os afiliados t\u00eam a possibilidade de gerir todas as suas campanhas e obter recursos de marketing para as promover eficazmente nos seus canais online. Al\u00e9m disso, disp\u00f5em de pagamentos e m\u00e9tricas de campanha actualizados diariamente e de um gestor de afiliados \u00e0 sua disposi\u00e7\u00e3o.<\/p>\n<p style=\"text-align: left; padding-left: 40px;\"><em><strong>Se quer come\u00e7ar a ganhar dinheiro com\u00a0 \u00a0 \u00a0 \u00a0 \u00a0 \u00a0 \u00a0 \u00a0 \u00a0 <\/strong><\/em><em><strong>campanhas de afilia\u00e7\u00e3o eficazes, <a href=\"https:\/\/app.affiliabet.com\/register\"><span style=\"color: #ffcc00;\">junte-se j\u00e1 \u00e0\u00a0 \u00a0 \u00a0 Afiliabet!<\/span><\/a><\/strong><\/em><\/p>\n<\/div>\n\t\t\t\t<\/div>\n\t\t\t\t<\/div>\n\t\t\t\t<div class=\"elementor-element elementor-element-352e265 elementor-widget elementor-widget-spacer\" data-id=\"352e265\" data-element_type=\"widget\" data-widget_type=\"spacer.default\">\n\t\t\t\t<div class=\"elementor-widget-container\">\n\t\t\t\t\t<div class=\"elementor-spacer\">\n\t\t\t<div class=\"elementor-spacer-inner\"><\/div>\n\t\t<\/div>\n\t\t\t\t<\/div>\n\t\t\t\t<\/div>\n\t\t\t\t\t\t<\/div>\n\t\t\t\t\t<\/div>\n\t\t<\/div>\n\t\t\t\t\t\t\t\t<\/div>\n\t\t\t\t\t<\/div>\n\t\t<\/section>\n\t\t\t\t\t\t<\/div>\n\t\t\t\t\t\t<\/div>\n\t\t\t\t\t<\/div>\n\t\t","protected":false},"excerpt":{"rendered":"<p>Ganhar dinheiro com afiliados\/refer\u00eancias casas de apostas desportivas. Affiliabet &#8211; Ganhe dinheiro com campanhas de marketing de afiliados com as melhores casas de apostas do mundo. O que \u00e9 uma campanha de marketing de afiliados e para que serve? Uma campanha de marketing de afiliados \u00e9 uma estrat\u00e9gia de marketing em que uma empresa (anunciante) [&hellip;]<\/p>\n","protected":false},"author":1,"featured_media":0,"parent":0,"menu_order":0,"comment_status":"closed","ping_status":"closed","template":"","meta":[],"yoast_head":"<!-- This site is optimized with the Yoast SEO plugin v15.6.2 - https:\/\/yoast.com\/wordpress\/plugins\/seo\/ -->\n<title>Ganhar dinheiro em casas de apostas desportivas afiliadas\/referenciadas<\/title>\n<meta name=\"description\" content=\"Ganhe dinheiro com campanhas de marketing de afiliados com as melhores casas de apostas do mundo. 1xBet, 888, Betfair, Bethard, entre outras.\" \/>\n<meta name=\"robots\" content=\"index, follow, max-snippet:-1, max-image-preview:large, max-video-preview:-1\" \/>\n<link rel=\"canonical\" href=\"https:\/\/www.affiliabet.com\/pt-pt\/afiliados-apuestas-deportivas\/\" \/>\n<meta property=\"og:locale\" content=\"pt_PT\" \/>\n<meta property=\"og:type\" content=\"article\" \/>\n<meta property=\"og:title\" content=\"Ganhar dinheiro em casas de apostas desportivas afiliadas\/referenciadas\" \/>\n<meta property=\"og:description\" content=\"Ganhe dinheiro com campanhas de marketing de afiliados com as melhores casas de apostas do mundo. 1xBet, 888, Betfair, Bethard, entre outras.\" \/>\n<meta property=\"og:url\" content=\"https:\/\/www.affiliabet.com\/afiliados-apuestas-deportivas\/\" \/>\n<meta property=\"og:site_name\" content=\"Affiliabet\" \/>\n<meta property=\"article:modified_time\" content=\"2024-01-18T11:41:43+00:00\" \/>\n<meta property=\"og:image\" content=\"https:\/\/www.affiliabet.com\/wp-content\/uploads\/2021\/04\/affiliabet_logo_juegoresponsable.png\" \/>\n\t<meta property=\"og:image:width\" content=\"550\" \/>\n\t<meta property=\"og:image:height\" content=\"189\" \/>\n<meta name=\"twitter:card\" content=\"summary_large_image\" \/>\n<meta name=\"twitter:label1\" content=\"Est. reading time\">\n\t<meta name=\"twitter:data1\" content=\"4 minutos\">\n<script type=\"application\/ld+json\" class=\"yoast-schema-graph\">{\"@context\":\"https:\/\/schema.org\",\"@graph\":[{\"@type\":\"Organization\",\"@id\":\"https:\/\/www.affiliabet.com\/#organization\",\"name\":\"Affiliabet\",\"url\":\"https:\/\/www.affiliabet.com\/\",\"sameAs\":[],\"logo\":{\"@type\":\"ImageObject\",\"@id\":\"https:\/\/www.affiliabet.com\/#logo\",\"inLanguage\":\"pt-PT\",\"url\":\"https:\/\/www.affiliabet.com\/wp-content\/uploads\/2021\/01\/logo.jpg\",\"width\":387,\"height\":101,\"caption\":\"Affiliabet\"},\"image\":{\"@id\":\"https:\/\/www.affiliabet.com\/#logo\"}},{\"@type\":\"WebSite\",\"@id\":\"https:\/\/www.affiliabet.com\/#website\",\"url\":\"https:\/\/www.affiliabet.com\/\",\"name\":\"Affiliabet\",\"description\":\"Gestor N\\u00ba1 en campa\\u00f1as de afiliaci\\u00f3n de apuestas deportivas y juego online\",\"publisher\":{\"@id\":\"https:\/\/www.affiliabet.com\/#organization\"},\"potentialAction\":[{\"@type\":\"SearchAction\",\"target\":\"https:\/\/www.affiliabet.com\/?s={search_term_string}\",\"query-input\":\"required name=search_term_string\"}],\"inLanguage\":\"pt-PT\"},{\"@type\":\"WebPage\",\"@id\":\"https:\/\/www.affiliabet.com\/afiliados-apuestas-deportivas\/#webpage\",\"url\":\"https:\/\/www.affiliabet.com\/afiliados-apuestas-deportivas\/\",\"name\":\"Ganhar dinheiro em casas de apostas desportivas afiliadas\/referenciadas\",\"isPartOf\":{\"@id\":\"https:\/\/www.affiliabet.com\/#website\"},\"datePublished\":\"2024-01-09T12:00:37+00:00\",\"dateModified\":\"2024-01-18T11:41:43+00:00\",\"description\":\"Ganhe dinheiro com campanhas de marketing de afiliados com as melhores casas de apostas do mundo. 1xBet, 888, Betfair, Bethard, entre outras.\",\"inLanguage\":\"pt-PT\",\"potentialAction\":[{\"@type\":\"ReadAction\",\"target\":[\"https:\/\/www.affiliabet.com\/afiliados-apuestas-deportivas\/\"]}]}]}<\/script>\n<!-- \/ Yoast SEO plugin. -->","_links":{"self":[{"href":"https:\/\/www.affiliabet.com\/pt-pt\/wp-json\/wp\/v2\/pages\/3316"}],"collection":[{"href":"https:\/\/www.affiliabet.com\/pt-pt\/wp-json\/wp\/v2\/pages"}],"about":[{"href":"https:\/\/www.affiliabet.com\/pt-pt\/wp-json\/wp\/v2\/types\/page"}],"author":[{"embeddable":true,"href":"https:\/\/www.affiliabet.com\/pt-pt\/wp-json\/wp\/v2\/users\/1"}],"replies":[{"embeddable":true,"href":"https:\/\/www.affiliabet.com\/pt-pt\/wp-json\/wp\/v2\/comments?post=3316"}],"version-history":[{"count":7,"href":"https:\/\/www.affiliabet.com\/pt-pt\/wp-json\/wp\/v2\/pages\/3316\/revisions"}],"predecessor-version":[{"id":7985,"href":"https:\/\/www.affiliabet.com\/pt-pt\/wp-json\/wp\/v2\/pages\/3316\/revisions\/7985"}],"wp:attachment":[{"href":"https:\/\/www.affiliabet.com\/pt-pt\/wp-json\/wp\/v2\/media?parent=3316"}],"curies":[{"name":"wp","href":"https:\/\/api.w.org\/{rel}","templated":true}]}}