{"id":7226,"date":"2024-01-09T09:37:42","date_gmt":"2024-01-09T09:37:42","guid":{"rendered":"https:\/\/www.affiliabet.com\/?page_id=7226"},"modified":"2024-01-18T11:33:25","modified_gmt":"2024-01-18T11:33:25","slug":"afiliados-do-casino-colombia","status":"publish","type":"page","link":"https:\/\/www.affiliabet.com\/pt-pt\/afiliados-do-casino-colombia\/","title":{"rendered":"Afiliados do Casino Col\u00f4mbia"},"content":{"rendered":"\t\t<div data-elementor-type=\"wp-page\" data-elementor-id=\"7226\" class=\"elementor elementor-7226 elementor-7221\" data-elementor-settings=\"[]\">\n\t\t\t\t\t\t<div class=\"elementor-inner\">\n\t\t\t\t\t\t\t<div class=\"elementor-section-wrap\">\n\t\t\t\t\t\t\t<section class=\"elementor-section elementor-top-section elementor-element elementor-element-c185c06 elementor-section-boxed elementor-section-height-default elementor-section-height-default\" data-id=\"c185c06\" data-element_type=\"section\" data-settings=\"{&quot;background_background&quot;:&quot;classic&quot;}\">\n\t\t\t\t\t\t<div class=\"elementor-container elementor-column-gap-no\">\n\t\t\t\t\t\t\t<div class=\"elementor-row\">\n\t\t\t\t\t<div class=\"elementor-column elementor-col-100 elementor-top-column elementor-element elementor-element-6e910c6\" data-id=\"6e910c6\" data-element_type=\"column\">\n\t\t\t<div class=\"elementor-column-wrap elementor-element-populated\">\n\t\t\t\t\t\t\t<div class=\"elementor-widget-wrap\">\n\t\t\t\t\t\t<div class=\"elementor-element elementor-element-da8716e elementor-widget elementor-widget-heading\" data-id=\"da8716e\" data-element_type=\"widget\" data-widget_type=\"heading.default\">\n\t\t\t\t<div class=\"elementor-widget-container\">\n\t\t\t<h1 class=\"elementor-heading-title elementor-size-large\"><b>Ganhe dinheiro com o programa de afiliados\/refer\u00eancia de poker, casino, jogos online<\/b>.<\/h1>\t\t<\/div>\n\t\t\t\t<\/div>\n\t\t\t\t<div class=\"elementor-element elementor-element-ca9dab7 elementor-widget elementor-widget-heading\" data-id=\"ca9dab7\" data-element_type=\"widget\" data-widget_type=\"heading.default\">\n\t\t\t\t<div class=\"elementor-widget-container\">\n\t\t\t<h2 class=\"elementor-heading-title elementor-size-medium\">Affiliabet - Ganhe dinheiro com as melhores campanhas e programas de marketing de afiliados de jogos em linha (p\u00f3quer, casino).<\/h2>\t\t<\/div>\n\t\t\t\t<\/div>\n\t\t\t\t<div class=\"elementor-element elementor-element-4d471db elementor-widget elementor-widget-spacer\" data-id=\"4d471db\" data-element_type=\"widget\" data-widget_type=\"spacer.default\">\n\t\t\t\t<div class=\"elementor-widget-container\">\n\t\t\t\t\t<div class=\"elementor-spacer\">\n\t\t\t<div class=\"elementor-spacer-inner\"><\/div>\n\t\t<\/div>\n\t\t\t\t<\/div>\n\t\t\t\t<\/div>\n\t\t\t\t\t\t<\/div>\n\t\t\t\t\t<\/div>\n\t\t<\/div>\n\t\t\t\t\t\t\t\t<\/div>\n\t\t\t\t\t<\/div>\n\t\t<\/section>\n\t\t\t\t<section class=\"elementor-section elementor-top-section elementor-element elementor-element-d1b552e elementor-section-boxed elementor-section-height-default elementor-section-height-default\" data-id=\"d1b552e\" data-element_type=\"section\">\n\t\t\t\t\t\t<div class=\"elementor-container elementor-column-gap-no\">\n\t\t\t\t\t\t\t<div class=\"elementor-row\">\n\t\t\t\t\t<div class=\"elementor-column elementor-col-100 elementor-top-column elementor-element elementor-element-3858219\" data-id=\"3858219\" data-element_type=\"column\">\n\t\t\t<div class=\"elementor-column-wrap elementor-element-populated\">\n\t\t\t\t\t\t\t<div class=\"elementor-widget-wrap\">\n\t\t\t\t\t\t<div class=\"elementor-element elementor-element-f047e63 elementor-widget elementor-widget-heading\" data-id=\"f047e63\" data-element_type=\"widget\" data-widget_type=\"heading.default\">\n\t\t\t\t<div class=\"elementor-widget-container\">\n\t\t\t<h2 class=\"elementor-heading-title elementor-size-default\"><b>O que \u00e9 uma campanha de marketing de afiliados e para que serve?<\/b><\/h2>\t\t<\/div>\n\t\t\t\t<\/div>\n\t\t\t\t<div class=\"elementor-element elementor-element-14ade18 elementor-widget elementor-widget-spacer\" data-id=\"14ade18\" data-element_type=\"widget\" data-widget_type=\"spacer.default\">\n\t\t\t\t<div class=\"elementor-widget-container\">\n\t\t\t\t\t<div class=\"elementor-spacer\">\n\t\t\t<div class=\"elementor-spacer-inner\"><\/div>\n\t\t<\/div>\n\t\t\t\t<\/div>\n\t\t\t\t<\/div>\n\t\t\t\t<div class=\"elementor-element elementor-element-e2d0188 elementor-widget elementor-widget-text-editor\" data-id=\"e2d0188\" data-element_type=\"widget\" data-widget_type=\"text-editor.default\">\n\t\t\t\t<div class=\"elementor-widget-container\">\n\t\t\t\t\t<div class=\"elementor-text-editor elementor-clearfix\"><p>As campanhas de marketing de afiliados s\u00e3o um tipo de publicidade baseada no desempenho, em que o anunciante <strong>recompensa um afiliado por conduzir tr\u00e1fego, contactos ou vendas para o seu s\u00edtio Web.<\/strong><\/p>\n<p>Trata-se de uma forma eficaz de as empresas <strong>expandirem o seu alcance e aumentarem as vendas de novos clientes.<\/strong> Com o marketing de afilia\u00e7\u00e3o, as empresas podem chegar a um p\u00fablico mais vasto e criar rela\u00e7\u00f5es mais significativas com potenciais clientes.<\/p>\n<p>\u00c9 tamb\u00e9m <strong>uma forma eficaz de ganhar dinheiro,<\/strong> uma vez que os anunciantes apenas pagam pelos contactos ou vendas gerados pelos seus afiliados.<\/p>\n<\/div>\n\t\t\t\t<\/div>\n\t\t\t\t<\/div>\n\t\t\t\t<div class=\"elementor-element elementor-element-ca351b2 elementor-align-center animated-slow elementor-invisible elementor-widget elementor-widget-button\" data-id=\"ca351b2\" data-element_type=\"widget\" data-settings=\"{&quot;_animation&quot;:&quot;slideInLeft&quot;}\" data-widget_type=\"button.default\">\n\t\t\t\t<div class=\"elementor-widget-container\">\n\t\t\t\t\t<div class=\"elementor-button-wrapper\">\n\t\t\t<a href=\"https:\/\/app.affiliabet.com\/register\" class=\"elementor-button-link elementor-button elementor-size-sm elementor-animation-wobble-to-bottom-right\" role=\"button\">\n\t\t\t\t\t\t<span class=\"elementor-button-content-wrapper\">\n\t\t\t\t\t\t<span class=\"elementor-button-text\">QUERO GANHAR DINHEIRO COM AFILIADOS!<\/span>\n\t\t<\/span>\n\t\t\t\t\t<\/a>\n\t\t<\/div>\n\t\t\t\t<\/div>\n\t\t\t\t<\/div>\n\t\t\t\t<div class=\"elementor-element elementor-element-98c2fde elementor-widget elementor-widget-spacer\" data-id=\"98c2fde\" data-element_type=\"widget\" data-widget_type=\"spacer.default\">\n\t\t\t\t<div class=\"elementor-widget-container\">\n\t\t\t\t\t<div class=\"elementor-spacer\">\n\t\t\t<div class=\"elementor-spacer-inner\"><\/div>\n\t\t<\/div>\n\t\t\t\t<\/div>\n\t\t\t\t<\/div>\n\t\t\t\t\t\t<\/div>\n\t\t\t\t\t<\/div>\n\t\t<\/div>\n\t\t\t\t\t\t\t\t<\/div>\n\t\t\t\t\t<\/div>\n\t\t<\/section>\n\t\t\t\t<section class=\"elementor-section elementor-top-section elementor-element elementor-element-2864f8e elementor-section-boxed elementor-section-height-default elementor-section-height-default\" data-id=\"2864f8e\" data-element_type=\"section\">\n\t\t\t\t\t\t<div class=\"elementor-container elementor-column-gap-no\">\n\t\t\t\t\t\t\t<div class=\"elementor-row\">\n\t\t\t\t\t<div class=\"elementor-column elementor-col-100 elementor-top-column elementor-element elementor-element-f882aaf\" data-id=\"f882aaf\" data-element_type=\"column\">\n\t\t\t<div class=\"elementor-column-wrap elementor-element-populated\">\n\t\t\t\t\t\t\t<div class=\"elementor-widget-wrap\">\n\t\t\t\t\t\t<div class=\"elementor-element elementor-element-2483ea0 elementor-view-stacked elementor-shape-circle elementor-invisible elementor-widget elementor-widget-icon\" data-id=\"2483ea0\" data-element_type=\"widget\" data-settings=\"{&quot;_animation&quot;:&quot;zoomIn&quot;}\" data-widget_type=\"icon.default\">\n\t\t\t\t<div class=\"elementor-widget-container\">\n\t\t\t\t\t<div class=\"elementor-icon-wrapper\">\n\t\t\t<div class=\"elementor-icon\">\n\t\t\t<i aria-hidden=\"true\" class=\"fas fa-dice\"><\/i>\t\t\t<\/div>\n\t\t<\/div>\n\t\t\t\t<\/div>\n\t\t\t\t<\/div>\n\t\t\t\t<div class=\"elementor-element elementor-element-8251d4a elementor-widget elementor-widget-heading\" data-id=\"8251d4a\" data-element_type=\"widget\" data-widget_type=\"heading.default\">\n\t\t\t\t<div class=\"elementor-widget-container\">\n\t\t\t<h2 class=\"elementor-heading-title elementor-size-default\"><b>Como \u00e9 que se pode ganhar dinheiro com programas de refer\u00eancia ou de afiliados em casas de jogo online (p\u00f3quer, casino)? CPA, Partilha de Receitas<\/b><\/h2>\t\t<\/div>\n\t\t\t\t<\/div>\n\t\t\t\t<div class=\"elementor-element elementor-element-a15f4c5 elementor-widget elementor-widget-text-editor\" data-id=\"a15f4c5\" data-element_type=\"widget\" data-widget_type=\"text-editor.default\">\n\t\t\t\t<div class=\"elementor-widget-container\">\n\t\t\t\t\t<div class=\"elementor-text-editor elementor-clearfix\"><p>Para ganhar dinheiro com programas de refer\u00eancia ou de afiliados em casas de jogo online, existem duas op\u00e7\u00f5es principais de modelos de pagamento:<strong> Custo por Aquisi\u00e7\u00e3o (CPA) e Partilha de Receitas.<\/strong><\/p>\n<ul>\n<li>O CPA \u00e9 um tipo de modelo de pagamento por desempenho em que <strong>o afiliado recebe uma comiss\u00e3o fixa \u00fanica quando indica um novo jogador que se regista e faz um dep\u00f3sito.<\/strong> Este m\u00e9todo \u00e9 ideal para afiliados que querem ser recompensados rapidamente e n\u00e3o querem preocupar-se com o desempenho a longo prazo dos seus jogadores referidos.<\/li>\n<li>A Revenue Share \u00e9 um tipo de modelo de pagamento a longo prazo em que<strong> o afiliado recebe uma percentagem das receitas geradas pela atividade do jogador.<\/strong> Este m\u00e9todo \u00e9 ideal para afiliados que procuram um rendimento residual a longo prazo. \u00c9 tamb\u00e9m ben\u00e9fico para as salas de p\u00f3quer e casinos, uma vez que lhes d\u00e1 a garantia de que os jogadores referidos permanecer\u00e3o activos nos seus sites.<\/li>\n<\/ul>\n<p>Para maximizar os seus ganhos, deve considerar a <strong>combina\u00e7\u00e3o de ambos os modelos,<\/strong> uma vez que podem trabalhar em conjunto para proporcionar um fluxo constante de pagamentos. Por exemplo, pode oferecer um CPA para o registo inicial e depois passar para um modelo de partilha de receitas quando o jogador estiver a jogar ativamente.<\/p>\n<\/div>\n\t\t\t\t<\/div>\n\t\t\t\t<\/div>\n\t\t\t\t\t\t<\/div>\n\t\t\t\t\t<\/div>\n\t\t<\/div>\n\t\t\t\t\t\t\t\t<\/div>\n\t\t\t\t\t<\/div>\n\t\t<\/section>\n\t\t\t\t<section class=\"elementor-section elementor-top-section elementor-element elementor-element-06b831f elementor-section-boxed elementor-section-height-default elementor-section-height-default\" data-id=\"06b831f\" data-element_type=\"section\">\n\t\t\t\t\t\t<div class=\"elementor-container elementor-column-gap-no\">\n\t\t\t\t\t\t\t<div class=\"elementor-row\">\n\t\t\t\t\t<div class=\"elementor-column elementor-col-100 elementor-top-column elementor-element elementor-element-72dd86a\" data-id=\"72dd86a\" data-element_type=\"column\">\n\t\t\t<div class=\"elementor-column-wrap elementor-element-populated\">\n\t\t\t\t\t\t\t<div class=\"elementor-widget-wrap\">\n\t\t\t\t\t\t<div class=\"elementor-element elementor-element-89111df elementor-widget elementor-widget-heading\" data-id=\"89111df\" data-element_type=\"widget\" data-widget_type=\"heading.default\">\n\t\t\t\t<div class=\"elementor-widget-container\">\n\t\t\t<h2 class=\"elementor-heading-title elementor-size-default\"><br><b>As melhores casas de jogo online que pagam afiliados e <\/b><b>sistema de refer\u00eancia a n\u00edvel mundial (Sportium, Luckia, Codere, Wplay, Betplay, Zamba, Rushbet, William Hill, Rivalo, Yajuego, Bwin)<\/b>.<\/h2>\t\t<\/div>\n\t\t\t\t<\/div>\n\t\t\t\t<div class=\"elementor-element elementor-element-63acda1 elementor-widget elementor-widget-text-editor\" data-id=\"63acda1\" data-element_type=\"widget\" data-widget_type=\"text-editor.default\">\n\t\t\t\t<div class=\"elementor-widget-container\">\n\t\t\t\t\t<div class=\"elementor-text-editor elementor-clearfix\"><p>Estas casas de jogo online oferecem b\u00f3nus e pagamentos aos seus afiliados em todo o mundo.<\/p>\n<p>Atrav\u00e9s deste sistema de refer\u00eancia, os jogadores, patrocinadores e afiliados <strong>podem ganhar dinheiro atrav\u00e9s de comiss\u00f5es<\/strong> quando indicam outras pessoas para jogar nestas casas de jogo.<\/p>\n<p>\u00c9 uma \u00f3ptima forma de os jogadores novos e experientes ganharem dinheiro extra.<\/p>\n<ul>\n<li><a href=\"https:\/\/www.affiliabet.com\/pt-pt\/sportium-e-as-suas-campanhas-afiliadas\/\"><span style=\"color: #0000ff;\"><strong>Sportium:<\/strong><\/span><\/a> Sportium \u00e9 uma das casas de jogo online mais populares da Europa e da Am\u00e9rica Latina. Existe desde 2004 e oferece aos jogadores uma vasta sele\u00e7\u00e3o de jogos com excelentes b\u00f3nus, promo\u00e7\u00f5es e pagamentos. O sistema de refer\u00eancia tamb\u00e9m ajuda os afiliados a ganhar dinheiro ao indicar outros para jogar neste casino.<\/li>\n<li><strong>Luckia:<\/strong> Luckia \u00e9 um operador espanhol de jogos de azar online com uma forte presen\u00e7a na Am\u00e9rica Latina. Os jogadores podem desfrutar de fant\u00e1sticos b\u00f3nus, promo\u00e7\u00f5es e pagamentos tanto neste casino como nos seus sites afiliados. O seu sistema de refer\u00eancia tamb\u00e9m oferece aos afiliados dinheiro extra por indicarem outros jogadores para jogar neste casino.<\/li>\n<li><a href=\"https:\/\/www.affiliabet.com\/pt-pt\/codere-espana-e-as-suas-campanhas-afiliadas\/\"><strong><span style=\"color: #0000ff;\">Codere:<\/span><\/strong><\/a> Codere \u00e9 outro popular fornecedor de jogos de azar online que opera na Europa e na Am\u00e9rica Latina. Este casino oferece aos jogadores grandes b\u00f3nus, promo\u00e7\u00f5es e pagamentos, juntamente com o seu programa de afiliados. Atrav\u00e9s deste programa, os afiliados podem ganhar dinheiro adicional por indicarem outros jogadores para jogar neste casino.<\/li>\n<\/ul>\n<\/div>\n\t\t\t\t<\/div>\n\t\t\t\t<\/div>\n\t\t\t\t<div class=\"elementor-element elementor-element-9280a39 elementor-widget elementor-widget-spacer\" data-id=\"9280a39\" data-element_type=\"widget\" data-widget_type=\"spacer.default\">\n\t\t\t\t<div class=\"elementor-widget-container\">\n\t\t\t\t\t<div class=\"elementor-spacer\">\n\t\t\t<div class=\"elementor-spacer-inner\"><\/div>\n\t\t<\/div>\n\t\t\t\t<\/div>\n\t\t\t\t<\/div>\n\t\t\t\t\t\t<\/div>\n\t\t\t\t\t<\/div>\n\t\t<\/div>\n\t\t\t\t\t\t\t\t<\/div>\n\t\t\t\t\t<\/div>\n\t\t<\/section>\n\t\t\t\t<section class=\"elementor-section elementor-top-section elementor-element elementor-element-260a026 elementor-section-boxed elementor-section-height-default elementor-section-height-default\" data-id=\"260a026\" data-element_type=\"section\" data-settings=\"{&quot;background_background&quot;:&quot;classic&quot;}\">\n\t\t\t\t\t\t<div class=\"elementor-container elementor-column-gap-default\">\n\t\t\t\t\t\t\t<div class=\"elementor-row\">\n\t\t\t\t\t<div class=\"elementor-column elementor-col-100 elementor-top-column elementor-element elementor-element-8d6a713\" data-id=\"8d6a713\" data-element_type=\"column\">\n\t\t\t<div class=\"elementor-column-wrap elementor-element-populated\">\n\t\t\t\t\t\t\t<div class=\"elementor-widget-wrap\">\n\t\t\t\t\t\t<div class=\"elementor-element elementor-element-537095f elementor-widget elementor-widget-heading\" data-id=\"537095f\" data-element_type=\"widget\" data-widget_type=\"heading.default\">\n\t\t\t\t<div class=\"elementor-widget-container\">\n\t\t\t<h3 class=\"elementor-heading-title elementor-size-default\">EMPIEZA A GANAR DINERO<br><b>CON AFILIADOS DE POKER<\/b><\/h3>\t\t<\/div>\n\t\t\t\t<\/div>\n\t\t\t\t<div class=\"elementor-element elementor-element-b5cefad elementor-align-center elementor-widget elementor-widget-button\" data-id=\"b5cefad\" data-element_type=\"widget\" data-widget_type=\"button.default\">\n\t\t\t\t<div class=\"elementor-widget-container\">\n\t\t\t\t\t<div class=\"elementor-button-wrapper\">\n\t\t\t<a href=\"https:\/\/app.affiliabet.com\/register\" class=\"elementor-button-link elementor-button elementor-size-md elementor-animation-bounce-in\" role=\"button\">\n\t\t\t\t\t\t<span class=\"elementor-button-content-wrapper\">\n\t\t\t\t\t\t<span class=\"elementor-button-text\">Registar-se GRATUITAMENTE<\/span>\n\t\t<\/span>\n\t\t\t\t\t<\/a>\n\t\t<\/div>\n\t\t\t\t<\/div>\n\t\t\t\t<\/div>\n\t\t\t\t\t\t<\/div>\n\t\t\t\t\t<\/div>\n\t\t<\/div>\n\t\t\t\t\t\t\t\t<\/div>\n\t\t\t\t\t<\/div>\n\t\t<\/section>\n\t\t\t\t<section class=\"elementor-section elementor-top-section elementor-element elementor-element-773f8b8 elementor-section-height-min-height elementor-section-boxed elementor-section-height-default elementor-section-items-middle\" data-id=\"773f8b8\" data-element_type=\"section\">\n\t\t\t\t\t\t<div class=\"elementor-container elementor-column-gap-default\">\n\t\t\t\t\t\t\t<div class=\"elementor-row\">\n\t\t\t\t\t<div class=\"elementor-column elementor-col-100 elementor-top-column elementor-element elementor-element-df5415b\" data-id=\"df5415b\" data-element_type=\"column\">\n\t\t\t<div class=\"elementor-column-wrap elementor-element-populated\">\n\t\t\t\t\t\t\t<div class=\"elementor-widget-wrap\">\n\t\t\t\t\t\t<div class=\"elementor-element elementor-element-7bc4aba elementor-widget elementor-widget-heading\" data-id=\"7bc4aba\" data-element_type=\"widget\" data-widget_type=\"heading.default\">\n\t\t\t\t<div class=\"elementor-widget-container\">\n\t\t\t<h2 class=\"elementor-heading-title elementor-size-default\"><b>Est\u00e1 \u00e0 procura de uma solu\u00e7\u00e3o tudo-em-um para maximizar os seus ganhos com as campanhas de marketing de refer\u00eancia de jogos online? Ent\u00e3o n\u00e3o procure mais, Afiliabet tem tudo o que precisa!<\/b><\/h2>\t\t<\/div>\n\t\t\t\t<\/div>\n\t\t\t\t\t\t<\/div>\n\t\t\t\t\t<\/div>\n\t\t<\/div>\n\t\t\t\t\t\t\t\t<\/div>\n\t\t\t\t\t<\/div>\n\t\t<\/section>\n\t\t\t\t<section class=\"elementor-section elementor-top-section elementor-element elementor-element-1dfb897 elementor-section-boxed elementor-section-height-default elementor-section-height-default\" data-id=\"1dfb897\" data-element_type=\"section\">\n\t\t\t\t\t\t<div class=\"elementor-container elementor-column-gap-default\">\n\t\t\t\t\t\t\t<div class=\"elementor-row\">\n\t\t\t\t\t<div class=\"elementor-column elementor-col-100 elementor-top-column elementor-element elementor-element-ea70971\" data-id=\"ea70971\" data-element_type=\"column\">\n\t\t\t<div class=\"elementor-column-wrap elementor-element-populated\">\n\t\t\t\t\t\t\t<div class=\"elementor-widget-wrap\">\n\t\t\t\t\t\t<div class=\"elementor-element elementor-element-1074b1c elementor-widget elementor-widget-text-editor\" data-id=\"1074b1c\" data-element_type=\"widget\" data-widget_type=\"text-editor.default\">\n\t\t\t\t<div class=\"elementor-widget-container\">\n\t\t\t\t\t<div class=\"elementor-text-editor elementor-clearfix\"><p>A Afiliabet oferece oportunidades de promo\u00e7\u00e3o nos mercados espanhol, italiano, alem\u00e3o e latino-americano (LATAM) atrav\u00e9s de m\u00faltiplas campanhas de afilia\u00e7\u00e3o. A sua plataforma estabeleceu parcerias com empresas de apostas desportivas, p\u00f3quer, casino, bingo, forex e op\u00e7\u00f5es bin\u00e1rias para lhes oferecer um controlo total sobre os seus canais de divulga\u00e7\u00e3o para uma rentabilidade m\u00e1xima.<\/p>\n<p>Liberte o seu potencial de marketing com a Afiliabet! Como afiliado, desfrutar\u00e1 do poder ilimitado de criar e personalizar campanhas para se adaptarem aos seus canais online. Al\u00e9m disso, ter\u00e1 acesso \u00e0 nossa equipa de gestores experientes que est\u00e3o prontos a fornecer-lhe todos os recursos de que necessita, incluindo n\u00fameros de pagamentos actualizados diariamente e relat\u00f3rios anal\u00edticos. N\u00e3o hesite mais: junte-se a n\u00f3s na Afiliabet e aumente os seus ganhos em marketing de afilia\u00e7\u00e3o!<\/p>\n<p style=\"text-align: left; padding-left: 40px;\"><em><strong>N\u00e3o espere mais para come\u00e7ar a ganhar dinheiro\u00a0 \u00a0 \u00a0com campanhas de afiliados eficazes! <a href=\"https:\/\/app.affiliabet.com\/register\"><span style=\"color: #ffcc00;\">Junte-se agora mesmo \u00e0 Afiliabet<\/span> <\/a>e comece a tirar partido de todas as oportunidades que lhe oferecemos para rentabilizar os seus canais de difus\u00e3o.<\/strong><\/em><\/p>\n<\/div>\n\t\t\t\t<\/div>\n\t\t\t\t<\/div>\n\t\t\t\t\t\t<\/div>\n\t\t\t\t\t<\/div>\n\t\t<\/div>\n\t\t\t\t\t\t\t\t<\/div>\n\t\t\t\t\t<\/div>\n\t\t<\/section>\n\t\t\t\t\t\t<\/div>\n\t\t\t\t\t\t<\/div>\n\t\t\t\t\t<\/div>\n\t\t","protected":false},"excerpt":{"rendered":"<p>Ganhe dinheiro com o programa de afiliados\/refer\u00eancia de poker, casino, jogos online. Affiliabet &#8211; Ganhe dinheiro com as melhores campanhas e programas de marketing de afiliados de jogos em linha (p\u00f3quer, casino). O que \u00e9 uma campanha de marketing de afiliados e para que serve? As campanhas de marketing de afiliados s\u00e3o um tipo de [&hellip;]<\/p>\n","protected":false},"author":2,"featured_media":0,"parent":0,"menu_order":0,"comment_status":"closed","ping_status":"closed","template":"","meta":[],"yoast_head":"<!-- This site is optimized with the Yoast SEO plugin v15.6.2 - https:\/\/yoast.com\/wordpress\/plugins\/seo\/ -->\n<title>Ganhar dinheiro com afiliados\/refer\u00eancias forex, op\u00e7\u00f5es bin\u00e1rias, negocia\u00e7\u00e3o<\/title>\n<meta name=\"description\" content=\"Aprenda a ganhar dinheiro com afiliados\/refer\u00eancias em forex, op\u00e7\u00f5es bin\u00e1rias, negocia\u00e7\u00e3o, com as melhores bolsas do mundo.\" \/>\n<meta name=\"robots\" content=\"index, follow, max-snippet:-1, max-image-preview:large, max-video-preview:-1\" \/>\n<link rel=\"canonical\" href=\"https:\/\/www.affiliabet.com\/pt-pt\/afiliados-juego-online-colombia\/\" \/>\n<meta property=\"og:locale\" content=\"pt_PT\" \/>\n<meta property=\"og:type\" content=\"article\" \/>\n<meta property=\"og:title\" content=\"Ganhar dinheiro com afiliados\/refer\u00eancias forex, op\u00e7\u00f5es bin\u00e1rias, negocia\u00e7\u00e3o\" \/>\n<meta property=\"og:description\" content=\"Aprenda a ganhar dinheiro com afiliados\/refer\u00eancias em forex, op\u00e7\u00f5es bin\u00e1rias, negocia\u00e7\u00e3o, com as melhores bolsas do mundo.\" \/>\n<meta property=\"og:url\" content=\"https:\/\/www.affiliabet.com\/afiliados-juego-online-colombia\/\" \/>\n<meta property=\"og:site_name\" content=\"Affiliabet\" \/>\n<meta property=\"article:modified_time\" content=\"2024-01-18T11:33:25+00:00\" \/>\n<meta property=\"og:image\" content=\"https:\/\/www.affiliabet.com\/wp-content\/uploads\/2021\/04\/affiliabet_logo_juegoresponsable.png\" \/>\n\t<meta property=\"og:image:width\" content=\"550\" \/>\n\t<meta property=\"og:image:height\" content=\"189\" \/>\n<meta name=\"twitter:card\" content=\"summary_large_image\" \/>\n<meta name=\"twitter:label1\" content=\"Est. reading time\">\n\t<meta name=\"twitter:data1\" content=\"4 minutos\">\n<script type=\"application\/ld+json\" class=\"yoast-schema-graph\">{\"@context\":\"https:\/\/schema.org\",\"@graph\":[{\"@type\":\"Organization\",\"@id\":\"https:\/\/www.affiliabet.com\/#organization\",\"name\":\"Affiliabet\",\"url\":\"https:\/\/www.affiliabet.com\/\",\"sameAs\":[],\"logo\":{\"@type\":\"ImageObject\",\"@id\":\"https:\/\/www.affiliabet.com\/#logo\",\"inLanguage\":\"pt-PT\",\"url\":\"https:\/\/www.affiliabet.com\/wp-content\/uploads\/2021\/01\/logo.jpg\",\"width\":387,\"height\":101,\"caption\":\"Affiliabet\"},\"image\":{\"@id\":\"https:\/\/www.affiliabet.com\/#logo\"}},{\"@type\":\"WebSite\",\"@id\":\"https:\/\/www.affiliabet.com\/#website\",\"url\":\"https:\/\/www.affiliabet.com\/\",\"name\":\"Affiliabet\",\"description\":\"Gestor N\\u00ba1 en campa\\u00f1as de afiliaci\\u00f3n de apuestas deportivas y juego online\",\"publisher\":{\"@id\":\"https:\/\/www.affiliabet.com\/#organization\"},\"potentialAction\":[{\"@type\":\"SearchAction\",\"target\":\"https:\/\/www.affiliabet.com\/?s={search_term_string}\",\"query-input\":\"required name=search_term_string\"}],\"inLanguage\":\"pt-PT\"},{\"@type\":\"WebPage\",\"@id\":\"https:\/\/www.affiliabet.com\/afiliados-juego-online-colombia\/#webpage\",\"url\":\"https:\/\/www.affiliabet.com\/afiliados-juego-online-colombia\/\",\"name\":\"Ganhar dinheiro com afiliados\/refer\\u00eancias forex, op\\u00e7\\u00f5es bin\\u00e1rias, negocia\\u00e7\\u00e3o\",\"isPartOf\":{\"@id\":\"https:\/\/www.affiliabet.com\/#website\"},\"datePublished\":\"2024-01-09T09:37:42+00:00\",\"dateModified\":\"2024-01-18T11:33:25+00:00\",\"description\":\"Aprenda a ganhar dinheiro com afiliados\/refer\\u00eancias em forex, op\\u00e7\\u00f5es bin\\u00e1rias, negocia\\u00e7\\u00e3o, com as melhores bolsas do mundo.\",\"inLanguage\":\"pt-PT\",\"potentialAction\":[{\"@type\":\"ReadAction\",\"target\":[\"https:\/\/www.affiliabet.com\/afiliados-juego-online-colombia\/\"]}]}]}<\/script>\n<!-- \/ Yoast SEO plugin. -->","_links":{"self":[{"href":"https:\/\/www.affiliabet.com\/pt-pt\/wp-json\/wp\/v2\/pages\/7226"}],"collection":[{"href":"https:\/\/www.affiliabet.com\/pt-pt\/wp-json\/wp\/v2\/pages"}],"about":[{"href":"https:\/\/www.affiliabet.com\/pt-pt\/wp-json\/wp\/v2\/types\/page"}],"author":[{"embeddable":true,"href":"https:\/\/www.affiliabet.com\/pt-pt\/wp-json\/wp\/v2\/users\/2"}],"replies":[{"embeddable":true,"href":"https:\/\/www.affiliabet.com\/pt-pt\/wp-json\/wp\/v2\/comments?post=7226"}],"version-history":[{"count":6,"href":"https:\/\/www.affiliabet.com\/pt-pt\/wp-json\/wp\/v2\/pages\/7226\/revisions"}],"predecessor-version":[{"id":7967,"href":"https:\/\/www.affiliabet.com\/pt-pt\/wp-json\/wp\/v2\/pages\/7226\/revisions\/7967"}],"wp:attachment":[{"href":"https:\/\/www.affiliabet.com\/pt-pt\/wp-json\/wp\/v2\/media?parent=7226"}],"curies":[{"name":"wp","href":"https:\/\/api.w.org\/{rel}","templated":true}]}}